{"id":730,"date":"2017-02-09T11:39:46","date_gmt":"2017-02-09T13:39:46","guid":{"rendered":"http:\/\/sites.usp.br\/construinova\/?page_id=730"},"modified":"2026-02-06T09:18:35","modified_gmt":"2026-02-06T12:18:35","slug":"trancamento-de-matricula","status":"publish","type":"page","link":"https:\/\/sites.usp.br\/construinova\/trancamento-de-matricula\/","title":{"rendered":"Trancamento de matr\u00edcula"},"content":{"rendered":"<p><strong><u>Trancamento de matr\u00edcula<\/u><\/strong><\/p>\n<p>Alunas e alunos do mestrado t\u00eam direito a solicitar trancamento de matr\u00edcula por licen\u00e7a maternidade e licen\u00e7a paternidade.\u00a0 \u00c9 necess\u00e1rio encaminhar \u00e0 secretaria do Programa o <a href=\"https:\/\/sites.usp.br\/construinova\/wp-content\/uploads\/sites\/97\/2025\/06\/Solicitacao-de-trancamento.doc\">formul\u00e1rio de Solicita\u00e7\u00e3o de trancamento de matr\u00edcula<\/a> e a c\u00f3pia da certid\u00e3o de nascimento.<\/p>\n<p>A licen\u00e7a ser\u00e1 concedida a partir da data do nascimento ou da ado\u00e7\u00e3o registrada na certid\u00e3o, n\u00e3o sendo aceitos pedidos posteriores ao per\u00edodo aquisitivo. Os(as) alunos(as) que j\u00e1 obtiveram os cr\u00e9ditos m\u00ednimos para o dep\u00f3sito, que neste caso poder\u00e3o usufruir de, no m\u00e1ximo, cento e oitenta (180) dias de licen\u00e7a, a contar da data de nascimento ou ado\u00e7\u00e3o. J\u00e1 nos casos em que os alunos(as) ainda n\u00e3o conclu\u00edram os cr\u00e9ditos m\u00ednimos para o dep\u00f3sito, poder\u00e3o usufruir de, no m\u00e1ximo, trezentos e sessenta (360) dias de licen\u00e7a.<\/p>\n<p>Pedidos de trancamento de matr\u00edcula por motivos de doen\u00e7a, doen\u00e7a na fam\u00edlia ou raz\u00f5es profissionais devem ser encaminhados \u00e0 secretaria do Programa atrav\u00e9s do\u00a0<a href=\"https:\/\/sites.usp.br\/construinova\/wp-content\/uploads\/sites\/97\/2025\/06\/Solicitacao-de-trancamento.doc\">formul\u00e1rio de\u00a0Solicita\u00e7\u00e3o de trancamento de matr\u00edcula<\/a> junto com toda a documenta\u00e7\u00e3o que comprove os argumentos da solicita\u00e7\u00e3o.<\/p>\n<p>Os pedidos ser\u00e3o avaliados pelas inst\u00e2ncias da CCP, CPG e Pr\u00f3-reitoria de P\u00f3s-gradua\u00e7\u00e3o. A entrega da documenta\u00e7\u00e3o deve estar dentro do <a href=\"http:\/\/sites.usp.br\/construinova\/reunioes-ccp-e-cpg\/\">prazo de fechamento de pauta<\/a> da reuni\u00e3o da CCP do m\u00eas vigente, caso contr\u00e1rio ser\u00e1 avaliada na reuni\u00e3o seguinte.<\/p>\n<p>N\u00e3o ser\u00e1 concedido trancamento de matr\u00edcula durante a vig\u00eancia de prorroga\u00e7\u00e3o de prazo, com exce\u00e7\u00e3o de casos de doen\u00e7a, que ser\u00e3o julgados pela CaN do CoPGr.<\/p>\n<p>&nbsp;<\/p>\n","protected":false},"excerpt":{"rendered":"<p>Trancamento de matr\u00edcula Alunas e alunos do mestrado t\u00eam direito a solicitar trancamento de matr\u00edcula [&hellip;]<\/p>\n","protected":false},"author":259,"featured_media":0,"parent":0,"menu_order":0,"comment_status":"closed","ping_status":"closed","template":"","meta":{"footnotes":"","_links_to":"","_links_to_target":""},"class_list":["post-730","page","type-page","status-publish","hentry"],"_links":{"self":[{"href":"https:\/\/sites.usp.br\/construinova\/wp-json\/wp\/v2\/pages\/730","targetHints":{"allow":["GET"]}}],"collection":[{"href":"https:\/\/sites.usp.br\/construinova\/wp-json\/wp\/v2\/pages"}],"about":[{"href":"https:\/\/sites.usp.br\/construinova\/wp-json\/wp\/v2\/types\/page"}],"author":[{"embeddable":true,"href":"https:\/\/sites.usp.br\/construinova\/wp-json\/wp\/v2\/users\/259"}],"replies":[{"embeddable":true,"href":"https:\/\/sites.usp.br\/construinova\/wp-json\/wp\/v2\/comments?post=730"}],"version-history":[{"count":4,"href":"https:\/\/sites.usp.br\/construinova\/wp-json\/wp\/v2\/pages\/730\/revisions"}],"predecessor-version":[{"id":3170,"href":"https:\/\/sites.usp.br\/construinova\/wp-json\/wp\/v2\/pages\/730\/revisions\/3170"}],"wp:attachment":[{"href":"https:\/\/sites.usp.br\/construinova\/wp-json\/wp\/v2\/media?parent=730"}],"curies":[{"name":"wp","href":"https:\/\/api.w.org\/{rel}","templated":true}]}}