{"id":733,"date":"2017-02-09T12:08:36","date_gmt":"2017-02-09T14:08:36","guid":{"rendered":"http:\/\/sites.usp.br\/construinova\/?page_id=733"},"modified":"2026-01-27T11:10:27","modified_gmt":"2026-01-27T14:10:27","slug":"pedido-de-creditos-especiais","status":"publish","type":"page","link":"https:\/\/sites.usp.br\/construinova\/pedido-de-creditos-especiais\/","title":{"rendered":"Cr\u00e9ditos especiais"},"content":{"rendered":"<p><span style=\"text-decoration: underline;\"><strong>Cr\u00e9ditos especiais<\/strong><\/span><\/p>\n<p>O item IV.2 do <a href=\"https:\/\/leginf.usp.br\/?resolucao=resolucao-copgr-no-8329-de-28-de-setembro-de-2022\">Regulamento<\/a> do Programa prev\u00ea a concess\u00e3o de at\u00e9 16 cr\u00e9ditos especiais em substitui\u00e7\u00e3o a cr\u00e9ditos obrigat\u00f3rios em disciplinas por determinadas atividades ao longo do curso, mediante solicita\u00e7\u00e3o formal do aluno e aprova\u00e7\u00e3o da CCP e CPG.<\/p>\n<p>As atividades que d\u00e3o direito a solicitar cr\u00e9ditos especiais est\u00e3o listadas no formul\u00e1rio de <a href=\"https:\/\/sites.usp.br\/construinova\/wp-content\/uploads\/sites\/97\/2022\/09\/Formulario-creditos_especiais-ConstruINOVA-novo-regimento.doc\">Pedido de cr\u00e9ditos especiais<\/a>, que deve ser entregue na secretaria do Programa junto com a documenta\u00e7\u00e3o comprobat\u00f3ria da atividade declarada (certificados, c\u00f3pia de artigo etc).<\/p>\n<p>A entrega da documenta\u00e7\u00e3o deve estar dentro do <a href=\"http:\/\/sites.usp.br\/construinova\/reunioes-ccp-e-cpg\/\">prazo de fechamento de pauta<\/a> da reuni\u00e3o da CCP do m\u00eas vigente, caso contr\u00e1rio ser\u00e1 avaliada na reuni\u00e3o seguinte.<\/p>\n<p>Recomenda-se que alunos ingressantes regularizem sua matr\u00edcula antes de publicar artigos em peri\u00f3dicos ou congressos, pois artigos publicados ou aceitos antes do in\u00edcio do prazo regular n\u00e3o s\u00e3o considerados para atribui\u00e7\u00e3o de cr\u00e9ditos especiais e tampouco para cumprir requisito de dep\u00f3sito final da disserta\u00e7\u00e3o.<\/p>\n","protected":false},"excerpt":{"rendered":"<p>Cr\u00e9ditos especiais O item IV.2 do Regulamento do Programa prev\u00ea a concess\u00e3o de at\u00e9 16 [&hellip;]<\/p>\n","protected":false},"author":259,"featured_media":0,"parent":0,"menu_order":0,"comment_status":"closed","ping_status":"closed","template":"","meta":{"footnotes":"","_links_to":"","_links_to_target":""},"class_list":["post-733","page","type-page","status-publish","hentry"],"_links":{"self":[{"href":"https:\/\/sites.usp.br\/construinova\/wp-json\/wp\/v2\/pages\/733","targetHints":{"allow":["GET"]}}],"collection":[{"href":"https:\/\/sites.usp.br\/construinova\/wp-json\/wp\/v2\/pages"}],"about":[{"href":"https:\/\/sites.usp.br\/construinova\/wp-json\/wp\/v2\/types\/page"}],"author":[{"embeddable":true,"href":"https:\/\/sites.usp.br\/construinova\/wp-json\/wp\/v2\/users\/259"}],"replies":[{"embeddable":true,"href":"https:\/\/sites.usp.br\/construinova\/wp-json\/wp\/v2\/comments?post=733"}],"version-history":[{"count":4,"href":"https:\/\/sites.usp.br\/construinova\/wp-json\/wp\/v2\/pages\/733\/revisions"}],"predecessor-version":[{"id":3164,"href":"https:\/\/sites.usp.br\/construinova\/wp-json\/wp\/v2\/pages\/733\/revisions\/3164"}],"wp:attachment":[{"href":"https:\/\/sites.usp.br\/construinova\/wp-json\/wp\/v2\/media?parent=733"}],"curies":[{"name":"wp","href":"https:\/\/api.w.org\/{rel}","templated":true}]}}