{"id":739,"date":"2017-02-09T12:30:21","date_gmt":"2017-02-09T14:30:21","guid":{"rendered":"http:\/\/sites.usp.br\/construinova\/?page_id=739"},"modified":"2025-07-31T10:49:33","modified_gmt":"2025-07-31T13:49:33","slug":"aluno-especial","status":"publish","type":"page","link":"https:\/\/sites.usp.br\/construinova\/aluno-especial\/","title":{"rendered":"Aluno especial"},"content":{"rendered":"<p><strong>Aluno(a) especial:<\/strong><\/p>\n<div class=\"sixteen columns\">\n<section class=\"page-content\">\n<div class=\"region region-content\">\n<div id=\"block-system-main\" class=\"block block-system\">\n<div class=\"content\">\n<div id=\"node-112\" class=\"node node-page node-page clearfix\">\n<div class=\"content\">\n<div class=\"field field-name-body field-type-text-with-summary field-label-hidden\">\n<div class=\"field-items\">\n<div class=\"field-item even\">\n<p>Os alunos e alunas especiais do ConstruInova s\u00e3o estudantes de p\u00f3s-gradua\u00e7\u00e3o de outras institui\u00e7\u00f5es que solicitam matr\u00edcula em alguma disciplina espec\u00edfica do curso ou alunos(as) do quinto ano da Escola Polit\u00e9cnica.<\/p>\n<p>A matr\u00edcula como aluno ou aluna especial nas disciplinas do Programa \u00e9 permitida somente a estudantes regularmente matriculados em cursos de p\u00f3s-gradua\u00e7\u00e3o de outras institui\u00e7\u00f5es (stricto sensu, logo especializa\u00e7\u00e3o e MBA n\u00e3o s\u00e3o aceitos) ou alunos(as) do quinto ano de gradua\u00e7\u00e3o da Escola Polit\u00e9cnica da Universidade de S\u00e3o Paulo. A matr\u00edcula poder\u00e1 ser efetuada nas datas especificadas no <a href=\"http:\/\/sites.usp.br\/construinova\/calendario-escolar\/\">calend\u00e1rio escolar.\u00a0<\/a><\/p>\n<\/div>\n<\/div>\n<p>&nbsp;<\/p>\n<p><strong>Para alunos(as) de outras institui\u00e7\u00f5es:<\/strong><\/p>\n<p>Os pedidos de matr\u00edcula dever\u00e3o ser enviados para inovacao.construinova@usp.br, com o t\u00edtulo \u201cMatr\u00edcula como aluno especial \u2013 outras institui\u00e7\u00f5es\u201d indicado no campo \u201cassunto\u201d, onde dever\u00e3o ser anexados os seguintes documentos:<\/p>\n<div class=\"field-items\">\n<div class=\"field-item even\">\n<ol>\n<li><span style=\"color: #333333;\"><a href=\"http:\/\/sites.usp.br\/construinova\/wp-content\/uploads\/sites\/97\/2016\/07\/requerimento_matricula-1.doc\">Requerimento de matr\u00edcula<\/a><\/span><\/li>\n<li><span style=\"color: #333333;\">C\u00f3pia do RG e CPF<\/span><\/li>\n<li><span style=\"color: #333333;\">Declara\u00e7\u00e3o da institui\u00e7\u00e3o de origem atestando a matr\u00edcula regular do interessado em curso de p\u00f3s-gradua\u00e7\u00e3o stricto sensu.\u00a0 *Alunos rec\u00e9m aprovados em Programas de P\u00f3s-gradua\u00e7\u00e3o da USP que ainda estejam sem v\u00ednculo regular com a Universidade devem apresentar comprovante de aprova\u00e7\u00e3o no processo seletivo.<\/span><\/li>\n<li><span style=\"color: #333333;\">Anu\u00eancia do ministrante da disciplina pretendida (poder\u00e1 ser aceito como anu\u00eancia um email do ministrante autorizando a matr\u00edcula).<\/span><\/li>\n<\/ol>\n<p>&nbsp;<\/p>\n<p><strong>Para alunos(as) de gradua\u00e7\u00e3o USP e pr\u00e9-mestrado:<\/strong><\/p>\n<p>Os pedidos de matr\u00edcula dever\u00e3o ser enviados para inovacao.construinova@usp.br, com o t\u00edtulo \u201cMatr\u00edcula como aluno especial \u2013 gradua\u00e7\u00e3o\u201d indicado no campo \u201cassunto\u201d, onde dever\u00e3o ser anexados os seguintes documentos:<\/p>\n<ol>\n<li><a href=\"http:\/\/sites.usp.br\/construinova\/wp-content\/uploads\/sites\/97\/2016\/07\/requerimento_matricula-1.doc\">Requerimento de matr\u00edcula<\/a><\/li>\n<li><span style=\"color: #333333;\">C\u00f3pia do RG e CPF<\/span><\/li>\n<li><span style=\"color: #333333;\">Anu\u00eancia do ministrante da disciplina pretendida (poder\u00e1 ser aceito como anu\u00eancia um email do ministrante autorizando a matr\u00edcula).<\/span><\/li>\n<\/ol>\n<p>&nbsp;<\/p>\n<p>A efetiva\u00e7\u00e3o da matr\u00edcula dos alunos de gradua\u00e7\u00e3o inscritos depender\u00e1 da autoriza\u00e7\u00e3o da CoC, que ser\u00e1 solicitada pela secretaria do ConstruInova ap\u00f3s o encerramento das inscri\u00e7\u00f5es.<\/p>\n<\/div>\n<\/div>\n<\/div>\n<\/div>\n<\/div>\n<\/div>\n<\/div>\n<\/div>\n<\/section>\n<\/div>\n","protected":false},"excerpt":{"rendered":"<p>Aluno(a) especial: Os alunos e alunas especiais do ConstruInova s\u00e3o estudantes de p\u00f3s-gradua\u00e7\u00e3o de outras [&hellip;]<\/p>\n","protected":false},"author":259,"featured_media":0,"parent":0,"menu_order":0,"comment_status":"closed","ping_status":"closed","template":"","meta":{"footnotes":"","_links_to":"","_links_to_target":""},"class_list":["post-739","page","type-page","status-publish","hentry"],"_links":{"self":[{"href":"https:\/\/sites.usp.br\/construinova\/wp-json\/wp\/v2\/pages\/739","targetHints":{"allow":["GET"]}}],"collection":[{"href":"https:\/\/sites.usp.br\/construinova\/wp-json\/wp\/v2\/pages"}],"about":[{"href":"https:\/\/sites.usp.br\/construinova\/wp-json\/wp\/v2\/types\/page"}],"author":[{"embeddable":true,"href":"https:\/\/sites.usp.br\/construinova\/wp-json\/wp\/v2\/users\/259"}],"replies":[{"embeddable":true,"href":"https:\/\/sites.usp.br\/construinova\/wp-json\/wp\/v2\/comments?post=739"}],"version-history":[{"count":5,"href":"https:\/\/sites.usp.br\/construinova\/wp-json\/wp\/v2\/pages\/739\/revisions"}],"predecessor-version":[{"id":3056,"href":"https:\/\/sites.usp.br\/construinova\/wp-json\/wp\/v2\/pages\/739\/revisions\/3056"}],"wp:attachment":[{"href":"https:\/\/sites.usp.br\/construinova\/wp-json\/wp\/v2\/media?parent=739"}],"curies":[{"name":"wp","href":"https:\/\/api.w.org\/{rel}","templated":true}]}}