{"id":747,"date":"2017-02-09T13:34:29","date_gmt":"2017-02-09T15:34:29","guid":{"rendered":"http:\/\/sites.usp.br\/construinova\/?page_id=747"},"modified":"2025-03-31T12:39:38","modified_gmt":"2025-03-31T15:39:38","slug":"defesa-de-mestrado","status":"publish","type":"page","link":"https:\/\/sites.usp.br\/construinova\/defesa-de-mestrado\/","title":{"rendered":"Defesa de mestrado"},"content":{"rendered":"<p>A partir da data de dep\u00f3sito da disserta\u00e7\u00e3o o aluno tem at\u00e9 30 dias para aprovar a banca de defesa em <a href=\"http:\/\/sites.usp.br\/construinova\/reunioes-ccp-e-cpg\/\">reuni\u00e3o da CCP e da CPG\u00a0<\/a>(a proposta de banca pode ser aprovada antes do dep\u00f3sito, caso j\u00e1 esteja definida, por\u00e9m somente ser\u00e1 validada no sistema ap\u00f3s o dep\u00f3sito).<\/p>\n<p>Para tanto, o orientador deve enviar o formul\u00e1rio <a href=\"http:\/\/sites.usp.br\/construinova\/wp-content\/uploads\/sites\/97\/2016\/07\/Formulario-para-proposta-de-banca-1.doc\">Proposta de banca para defesa <\/a>por email para a secretaria para que seja pautada na reuni\u00e3o da CCP.<\/p>\n<p>Em caso de aprova\u00e7\u00e3o da proposta de banca, o orientador j\u00e1 pode agendar a data e hor\u00e1rio da defesa com os membros, e aluno ou orientador enviam email para a secretaria comunicando a data e hor\u00e1rio agendados com pelo menos 30 dias de anteced\u00eancia ao exame para reserva de sala, equipamento, divulga\u00e7\u00e3o e provid\u00eancias para pagamento de honor\u00e1rios aos membros da banca.<\/p>\n<p>Assim que a banca aprovada \u00e9 cadastrada no sistema Janus, o envio do arquivo da disserta\u00e7\u00e3o \u00e9 feito automaticamente aos membros avaliadores.<\/p>\n<p><strong><span style=\"color: #ff0000;\"><span style=\"color: #333333;\">\u00a0Em caso de exames a serem realizados de forma remota ou h\u00edbrida, indicar <a href=\"https:\/\/sites.usp.br\/construinova\/wp-content\/uploads\/sites\/97\/2024\/07\/Declaracao-de-Participacao-MODALIDADE-DE-DEFESA.doc\">neste formul\u00e1rio<\/a>. Ver tamb\u00e9m o <\/span><a href=\"https:\/\/sites.usp.br\/construinova\/wp-content\/uploads\/sites\/97\/2020\/12\/Protocolo-de-Defesa-n\u00e3o-presencial-atrav\u00e9s-do-Google-Meet-PRPG-1.pdf\"><span style=\"color: #333333;\">protocolo de defesas n\u00e3o presenciais<\/span><\/a><\/span> <\/strong><\/p>\n<p>A realiza\u00e7\u00e3o da defesa dever\u00e1 ocorrer em at\u00e9 105 dias ap\u00f3s a aprova\u00e7\u00e3o da banca na CPG.<\/p>\n<p><span style=\"color: #333333;\">ATEN\u00c7\u00c3O: n\u00e3o \u00e9 poss\u00edvel efetuar o pagamento de honor\u00e1rios a docentes externos \u00e0 USP que participem de defesas que ocorram nos dois \u00faltimos dias \u00fateis de cada m\u00eas<\/span><\/p>\n<p>O prazo para aprova\u00e7\u00e3o da banca constar\u00e1 na Ficha de Aluno ap\u00f3s o dep\u00f3sito da disserta\u00e7\u00e3o e o prazo para realiza\u00e7\u00e3o da defesa constar\u00e1 na Ficha de Aluno ap\u00f3s a aprova\u00e7\u00e3o da banca.<\/p>\n<p>&nbsp;<\/p>\n","protected":false},"excerpt":{"rendered":"<p>A partir da data de dep\u00f3sito da disserta\u00e7\u00e3o o aluno tem at\u00e9 30 dias para [&hellip;]<\/p>\n","protected":false},"author":259,"featured_media":0,"parent":0,"menu_order":0,"comment_status":"closed","ping_status":"closed","template":"","meta":{"footnotes":"","_links_to":"","_links_to_target":""},"class_list":["post-747","page","type-page","status-publish","hentry"],"_links":{"self":[{"href":"https:\/\/sites.usp.br\/construinova\/wp-json\/wp\/v2\/pages\/747","targetHints":{"allow":["GET"]}}],"collection":[{"href":"https:\/\/sites.usp.br\/construinova\/wp-json\/wp\/v2\/pages"}],"about":[{"href":"https:\/\/sites.usp.br\/construinova\/wp-json\/wp\/v2\/types\/page"}],"author":[{"embeddable":true,"href":"https:\/\/sites.usp.br\/construinova\/wp-json\/wp\/v2\/users\/259"}],"replies":[{"embeddable":true,"href":"https:\/\/sites.usp.br\/construinova\/wp-json\/wp\/v2\/comments?post=747"}],"version-history":[{"count":5,"href":"https:\/\/sites.usp.br\/construinova\/wp-json\/wp\/v2\/pages\/747\/revisions"}],"predecessor-version":[{"id":2906,"href":"https:\/\/sites.usp.br\/construinova\/wp-json\/wp\/v2\/pages\/747\/revisions\/2906"}],"wp:attachment":[{"href":"https:\/\/sites.usp.br\/construinova\/wp-json\/wp\/v2\/media?parent=747"}],"curies":[{"name":"wp","href":"https:\/\/api.w.org\/{rel}","templated":true}]}}