{"id":779,"date":"2017-02-20T10:27:22","date_gmt":"2017-02-20T13:27:22","guid":{"rendered":"http:\/\/sites.usp.br\/construinova\/?page_id=779"},"modified":"2018-03-05T08:37:49","modified_gmt":"2018-03-05T11:37:49","slug":"noticias","status":"publish","type":"page","link":"https:\/\/sites.usp.br\/construinova\/noticias\/","title":{"rendered":"Not\u00edcias"},"content":{"rendered":"<h3 style=\"text-align: left\"><span style=\"color: #ff9900\"><strong>T\u00e9cnicas de Apresenta\u00e7\u00e3o e Writing II. <\/strong><\/span><\/h3>\n<p>Continuando com os trabalhos para ampliar a visibilidade da pesquisa, Escola Polit\u00e9cnica oferece o curso de t\u00e9cnicas de apresenta\u00e7\u00e3o para semin\u00e1rios e congressos e o curso Writing I (ferramentas b\u00e1sicas de reda\u00e7\u00e3o acad\u00eamica em ingl\u00eas), sob a coordena\u00e7\u00e3o do Prof. Jo\u00e3o Jos\u00e9 Neto.<\/p>\n<p>As inscri\u00e7\u00f5es (gratuitas) para os cursos de t\u00e9cnicas de apresenta\u00e7\u00e3o e de reda\u00e7\u00e3o I (Writing I) podem ser enviadas pelos orientadores (ou com os mesmos copiados em sua mensagem) para <a href=\"mailto:cborbatrad@gmail.com\">cborbatrad@gmail.com<\/a> at\u00e9 12 de mar\u00e7o, com os seguintes dados:<\/p>\n<p>Mais informa\u00e7\u00f5es <a href=\"http:\/\/sites.usp.br\/construinova\/cursos-de-redacao-academica-e-de-apresentacao-na-poli\/\">aqui<\/a>.<\/p>\n<h3><span style=\"color: #ff9900\"><strong>Est\u00e3o abertas as inscri\u00e7\u00f5es para os cursos de\u00a0Ingl\u00eas\u00a0do\u00a0Idiomas sem Fronteiras, Nucli USP<\/strong><\/span><\/h3>\n<p><span style=\"font-family: arial, helvetica, sans-serif\">Alunos da gradua\u00e7\u00e3o ou da p\u00f3s-gradua\u00e7\u00e3o da USP <span style=\"font-family: arial, helvetica, sans-serif\">com matr\u00edcula ativa<\/span> t\u00eam entre\u00a023 de janeiro e 01 de fevereiro de 2018<strong>\u00a0<\/strong>para se inscrever pelo site:\u00a0<a href=\"http:\/\/isfaluno.mec.gov.br\/\" target=\"_blank\" rel=\"noopener noreferrer\">http:\/\/isfaluno.mec.gov.br\/<\/a><\/span><\/p>\n<p><span style=\"font-family: arial, helvetica, sans-serif\">Os\u00a0cursos s\u00e3o\u00a0GRATUITOS\u00a0e oferecem\u00a0CERTIFICADO.<\/span><\/p>\n<p>\u00c9 necess\u00e1rio t<span style=\"font-family: arial, helvetica, sans-serif\">er feito um teste de nivelamento online (placement test) no site do\u00a0<em><a href=\"http:\/\/myenglishonline.com.br\/home\" target=\"_blank\" rel=\"noopener noreferrer\"><strong>My English Online<\/strong><\/a><\/em>. Para fazer o teste de nivelamento, acesse o site <a href=\"http:\/\/myenglishonline.com.br\/tutoriais\" target=\"_blank\" rel=\"noopener noreferrer\">http:\/\/myenglishonline.com.br\/tutoriais<\/a><\/span><\/p>\n<p><span style=\"font-family: arial, helvetica, sans-serif\">Para mais informa\u00e7\u00f5es gerais sobre quem pode se inscrever, visite o site do IsF na sess\u00e3o do Ingl\u00eas\u00a0<a href=\"http:\/\/isf.mec.gov.br\/idiomas\/ingles\" target=\"_blank\" rel=\"noopener noreferrer\">http:\/\/isf.mec.gov.br\/idiomas\/ingles<\/a><\/span><\/p>\n<p><span style=\"font-family: arial, helvetica, sans-serif\">\u00a0<\/span><\/p>\n<h3 class=\"hP\" style=\"text-align: justify\"><span style=\"color: #ffbb00\"><span style=\"color: #ff9900\">Poli realiza evento sobre experi\u00eancia de sucesso em peri\u00f3dicos cient\u00edficos de alto impacto<\/span><br \/>\n<\/span><\/h3>\n<div dir=\"ltr\" style=\"text-align: justify\">\n<p>No dia 31 de outubro, das 11h \u00e0s 12h30, a Escola Polit\u00e9cnica da USP sediar\u00e1 o painel \u201cPublica\u00e7\u00f5es de alto impacto: Experi\u00eancias polit\u00e9cnicas\u201d,\u00a0que tem como objetivo difundir e discutir experi\u00eancias de sucesso em publica\u00e7\u00f5es de revistas de alto impacto das diversas \u00e1reas da engenharia. O evento acontecer\u00e1 no Audit\u00f3rio Prof. Francisco Romeu Landi, no Pr\u00e9dio da Administra\u00e7\u00e3o da POLI-USP.<\/p>\n<p>As palestras ser\u00e3o conduzidas pelos Profs. Drs. Reinaldo Giudici (PQI &#8211; POLI-USP) e Vanderley John (PCC &#8211; POLI-USP), ambos com elevado reconhecimento nacional e internacional.<\/p>\n<p>O evento \u00e9 gratuito e aberto para discentes, docentes e pesquisadores do meio acad\u00eamico, sendo necess\u00e1ria inscri\u00e7\u00e3o pr\u00e9via (link para formul\u00e1rio:\u00a0<a href=\"https:\/\/forms.office.com\/Pages\/ResponsePage.aspx?id=Df4QENZFcEGcNSPhF6j3ztWpummXoNBKrvFcccXi2nVUMFlWWDFDQUNNWFpQMkQySDZRSzYwVVVIVS4u\">clique aqui<\/a>). Mais informa\u00e7\u00f5es, pelo e-mail:\u00a0<a href=\"mailto:alvaro.marques@vanzolini.org.br\">alvaro.marques@vanzolini.org.br<\/a>.<\/p>\n<\/div>\n<h3 class=\"hP\" style=\"text-align: justify\"><span style=\"color: #ffbb00\"><span style=\"color: #ff9900\">Cursos de reda\u00e7\u00e3o acad\u00eamica e t\u00e9cnicas de apresenta\u00e7\u00e3o<\/span><br \/>\n<\/span><\/h3>\n<p><strong>Ferramentas b\u00e1sicas de Reda\u00e7\u00e3o acad\u00eamica em ingl\u00eas e t\u00e9cnicas de apresenta\u00e7\u00e3o Agosto e Setembro<\/strong> <strong>de <\/strong><strong>201<\/strong><strong>7<\/strong><\/p>\n<p>\u201cPublish or perish\u201d. O Apoio \u00e0 Publica\u00e7\u00e3o da Escola Polit\u00e9cnica oferece o curso de ferramentas b\u00e1sicas de reda\u00e7\u00e3o acad\u00eamica (Writing I) e o curso de t\u00e9cnicas de apresenta\u00e7\u00e3o para semin\u00e1rios e congressos, sob a coordena\u00e7\u00e3o do Prof. Jo\u00e3o Jos\u00e9 Neto.<\/p>\n<p>As inscri\u00e7\u00f5es (gratuitas) para os cursos de reda\u00e7\u00e3o (Writing I) e de t\u00e9cnicas de apresenta\u00e7\u00e3o podem ser enviadas pelos orientadores (ou com os mesmos copiados em sua mensagem) para <a>cborba@usp.br<\/a> ou <a>cborbatrad@gmail.com<\/a> at\u00e9 04 de agosto.<\/p>\n<p>Veja <a href=\"http:\/\/sites.usp.br\/construinova\/wp-content\/uploads\/sites\/97\/2017\/02\/WrPr_AugSept_2017-1.docx\">aqui <\/a>os requisitos para inscri\u00e7\u00e3o.<\/p>\n<p>&nbsp;<\/p>\n<h3 class=\"hP\" style=\"text-align: justify\"><span style=\"color: #ffbb00\">Edital selecionar\u00e1 alunos para participar do Tsukuba Global Science Week, na Universidade de Tsukuba<\/span><\/h3>\n<div dir=\"ltr\" style=\"text-align: justify\">\n<p>Foi lan\u00e7ado o edital 730\/2017 &#8211; Tsukuba Global Science Week (TGSW), que selecionar\u00e1 de 1 a 2 estudantes de p\u00f3s-gradua\u00e7\u00e3o, de qualquer \u00e1rea do conhecimento,\u00a0para participar do evento cient\u00edfico internacional TGSW (<a href=\"http:\/\/www.kokuren.tsukuba.ac.jp\/TGSW2017\/\">http:\/\/www.kokuren.tsukuba.ac.jp\/TGSW2017\/<\/a>), que acontecer\u00e1 na University of Tsukuba de 25 a 27 de setembro de 2017.<\/p>\n<p>As inscri\u00e7\u00f5es encerram-se \u00e0s <strong>12 horas do\u00a0dia 3 de agosto\u00a0de 2017<\/strong>, e devem ser feitas\u00a0exclusivamente via Internet, pelo <a href=\"https:\/\/uspdigital.usp.br\/mundus\/editalintercambiopublicoListar?nivpbcavo=P&amp;codmnu=2071\">Sistema Mundus<\/a>.<\/p>\n<p>As inscri\u00e7\u00f5es e as d\u00favidas devem ser enviadas atrav\u00e9s do Fale Conosco\u00a0<a href=\"https:\/\/uspdigital.usp.br\/mundus\/faleConosco\">https:\/\/uspdigital.usp.br\/mundus\/faleConosco<\/a>\u00a0(Assunto Editais &#8211; Interc\u00e2mbio)<\/p>\n<\/div>\n<div dir=\"ltr\" style=\"text-align: justify\"><\/div>\n<h3 id=\":1zc\" class=\"hP\" style=\"text-align: justify\"><span style=\"color: #ffaa00\">USP realiza em outubro a Primeira Escola de Ci\u00eancia Avan\u00e7ada em Mobilidades<\/span><\/h3>\n<p style=\"text-align: justify\">A Primeira Escola de Ci\u00eancia Avan\u00e7ada em Mobilidades: Teoria e M\u00e9todos \u2013 SPMobilities 2017 \u2013 acontecer\u00e1 entre os dias 3 e 7 de outubro, na Cidade Universit\u00e1ria (Butant\u00e3) e na Escola de Artes, Ci\u00eancias e Humanidades \u2013 EACH (USP Leste), na Universidade de S\u00e3o Paulo. O evento reunir\u00e1, de forma in\u00e9dita no Brasil, as principais refer\u00eancias do chamado Paradigma das Novas Mobilidades (PNM). Ser\u00e3o oito professores de institui\u00e7\u00f5es estrangeiras e 60 estudantes (mestrandos, doutorandos e p\u00f3s-doutorandos) selecionados por um Comit\u00ea de Avaliadores formado por pesquisadores brasileiros e estrangeiros. As candidaturas devem ser feitas at\u00e9 o dia 28 de julho pelo site <a href=\"https:\/\/spmobilities.wixsite.com\/2017\">https:\/\/spmobilities.wixsite.com\/2017<\/a>.<\/p>\n<h3 style=\"text-align: justify\"><span style=\"text-decoration: underline\"><span style=\"color: #faaf23;text-decoration: underline\">TECSIC 2017 &#8211; 1\u00ba Workshop de Tecnologia de Processos e Sistemas Construtivos<br \/>\n<\/span><\/span><\/h3>\n<p style=\"text-align: justify\">No dias 3 e 4 de agosto, 2017, em campinas acontecer\u00e1 o 1\u00ba Workshop de Tecnologia de Processos e Sistemas Construtivos &#8211; TECSIC 2017. A submiss\u00e3o de resumos simples ser\u00e1 aceita at\u00e9 30\/04\/17. Os resumos dever\u00e3o conter at\u00e9 300 palavras e apresentar o t\u00edtulo do trabalho, nome dos autores, palavras-chaves, \u00e1rea e subgrupo (segundo os temas). O arquivo dever\u00e1 ser postado no EasyChair em formato pdf.<\/p>\n<p style=\"text-align: justify\">Mais informa\u00e7\u00f5es, acesse <a href=\"http:\/\/www.fec.unicamp.br\/tecsic2017\" target=\"_blank\" rel=\"noopener noreferrer\">www.fec.unicamp.br\/tecsic2017<\/a><\/p>\n<h3 style=\"text-align: justify\"><span style=\"text-decoration: underline\"><span style=\"color: #faaf23;text-decoration: underline\">Escola Polit\u00e9cnica promove palestra de apoio \u00e0 publica\u00e7\u00e3o<\/span><\/span><\/h3>\n<p style=\"text-align: justify\">No dia 4 de abril, \u00e0s 9h, no Audit\u00f3rio Professor Francisco Romeu Landi, Luisa Franzen (Apoio \u00e0 Publica\u00e7\u00e3o &#8211; Poli) discorrer\u00e1 sobre o processo de revis\u00e3o, as experi\u00eancias desse trabalho na Escola Polit\u00e9cnica, visando melhorar a qualidade de escrita e, acima de tudo, incentivar a produ\u00e7\u00e3o cient\u00edfica. Em seguida, a doutora Elisabeth Dudziak (SIBi-USP) atualizar\u00e1 informa\u00e7\u00f5es sobre bases de dados para pesquisa, classifica\u00e7\u00e3o de peri\u00f3dicos e de autores, al\u00e9m de apresentar gerenciadores de refer\u00eancias. Inscri\u00e7\u00f5es a partir de ter\u00e7a-feira (28\/03) pelo e-mail: eventos.poli@usp.br. Indicar no campo \u2018assunto\u2019 da mensagem o t\u00edtulo \u201cinscri\u00e7\u00e3o palestra 04\/04\u201d.<\/p>\n<div class=\"gmail_default\" style=\"text-align: justify\"><\/div>\n<div class=\"gmail_default\" style=\"text-align: justify\"><\/div>\n<div class=\"gmail_default\" style=\"text-align: justify\"><\/div>\n<h3 class=\"gmail_default\" style=\"text-align: justify\"><span style=\"color: #eda011\">\u00a0<u><strong>Prof. Alex Abiko participa da reuni\u00e3o da International Organization for Standardization<\/strong><\/u><\/span><\/h3>\n<p style=\"text-align: justify\"><span style=\"color: #333333\">Na semana de 6 a 10 de Fevereiro, o Prof. Alex Abiko participou de reuni\u00e3o da ISO, International Organization for Standardization, discutindo as normas de desenvolvimento sustent\u00e1vel de cidades que est\u00e3o sendo propostas no \u00e2mbito de seu TC268, Technical Committee 268, Sustainable Cities and Communities.<\/span><br \/>\n<span style=\"color: #333333\"> Prof. Abiko \u00e9 o coordenador da CEE268, Comiss\u00e3o de Estudos Especial da ABNT, Comiss\u00e3o Espelho da TC268, que discute entre outras, as normas de Sistemas de Gest\u00e3o para Desenvolvimento Sustent\u00e1vel, Cidades Inteligentes e Indicadores de Desenvolvimento Urbano Sustent\u00e1vel.<\/span><br \/>\n<span style=\"color: #333333\"> Na oportunidade foi divulgada a publica\u00e7\u00e3o pela ABNT da Norma T\u00e9cnica ABNT NBR ISO 37120, Desenvolvimento sustent\u00e1vel de comunidades &#8211; Indicadores para servi\u00e7os urbanos e qualidade de vida, em sua primeira edi\u00e7\u00e3o de 18\/01\/2017. Esta que \u00e9 a primeira norma brasileira de desenvolvimento urbano sustent\u00e1vel, \u00e9 a tradu\u00e7\u00e3o para o portugu\u00eas, com notas brasileiras, da norma ISO 37120:2014, Sustainable development of communities &#8211; Indicators for urban services and quality of life.<\/span><br \/>\n<span style=\"color: #333333\"> Esta reuni\u00e3o ocorreu na sede da AFNOR, Association Fran\u00e7aise de Normalisation, em Paris, que atualmente coordena as atividades do TC268.<\/span><\/p>\n<p style=\"text-align: justify\"><span style=\"color: #333333\">Veja <a style=\"color: #333333\" href=\"\/\/sites.usp.br\/construinova\/wp-content\/uploads\/sites\/97\/2017\/02\/Alex-Paris-Afnor.pdf\">aqui <\/a>as imagens da reuni\u00e3o.<\/span><\/p>\n<h3 style=\"text-align: justify\"><span style=\"text-decoration: underline\"><strong><span style=\"color: #ff9900;text-decoration: underline\">Abertas as inscri\u00e7\u00f5es para o Curso de Reda\u00e7\u00e3o Acad\u00eamica em Ingl\u00eas e T\u00e9cnicas de Apresenta\u00e7\u00e3o<\/span><\/strong><\/span><\/h3>\n<p style=\"text-align: justify\">A Escola Polit\u00e9cnica est\u00e1 oferecendo o curso de ferramentas b\u00e1sicas de reda\u00e7\u00e3o acad\u00eamica em ingl\u00eas e o curso de t\u00e9cnicas de apresenta\u00e7\u00e3o para semin\u00e1rios e congressos, sob a coordena\u00e7\u00e3o do Prof. Jo\u00e3o Jos\u00e9 Neto.<\/p>\n<p style=\"text-align: justify\">As inscri\u00e7\u00f5es s\u00e3o gratuitas e v\u00e3o at\u00e9 03 de mar\u00e7o de 2017<\/p>\n<p style=\"text-align: justify\">Veja <a href=\"\/\/sites.usp.br\/construinova\/wp-content\/uploads\/sites\/97\/2017\/02\/Curso-de-reda\u00e7\u00e3o-acad\u00eamica.docx\">aqui <\/a>como se inscrever.<\/p>\n<h3 style=\"text-align: justify\"><span style=\"text-decoration: underline\"><strong><span style=\"color: #ff9900;text-decoration: underline\">O ConstruINOVA recebe em 2016 seu primeiro aluno de interc\u00e2mbio de institui\u00e7\u00e3o estrangeira<\/span><\/strong><\/span><\/h3>\n<p style=\"text-align: justify\">O aluno Tom van de Voort, da Eindhoven University of Technology, Holanda, \u00e9 o primeiro aluno de mobilidade estudantil do Programa. Ele far\u00e1 um interc\u00e2mbio acad\u00eamico no ConstruInova sob orienta\u00e7\u00e3o da Profa. Brenda Chaves C. Leite para desenvolver a pesquisa intitulada <em>Improving Robustness of Occupant Behavior Modeling in Building Energy Simulation. An Office Building Case Study in S\u00e3o Paulo, Brazil<\/em>.<\/p>\n<h3 style=\"text-align: justify\"><\/h3>\n<h3 style=\"text-align: justify\"><span style=\"text-decoration: underline;color: #ff9900\"><strong>Wilton Catelani \u00e9 autor dos guias da Colet\u00e2nea BIM \u201cImplanta\u00e7\u00e3o BIM para Construtoras e Incorporadoras\u201d<\/strong><\/span><\/h3>\n<p style=\"text-align: justify\">O aluno do Programa Wilton Silva Catelani, orientando do Prof. Eduardo Toledo, escreveu os guias da Colet\u00e2nea BIM \u201cImplanta\u00e7\u00e3o BIM para Construtoras e Incorporadoras\u201d. A colet\u00e2nea, lan\u00e7ada pela\u00a0C\u00e2mara Brasileira da Ind\u00fastria da Constru\u00e7\u00e3o, \u00e9 composta por cinco volumes e j\u00e1 est\u00e1 dispon\u00edvel no site da CBIC, para download.<\/p>\n<p style=\"text-align: justify\"><a href=\"\/\/sites.usp.br\/construinova\/coletanea-bim\/\">Ver mais&#8230;<\/a><\/p>\n<h3 style=\"text-align: justify\"><span style=\"text-decoration: underline\"><strong><span style=\"color: #ff9900;text-decoration: underline\">Alunos visitam as obras de urbaniza\u00e7\u00e3o de Parais\u00f3polis<\/span> <\/strong><\/span><\/h3>\n<p style=\"text-align: justify\">Alunos da disciplina &#8220;Gest\u00e3o da Habita\u00e7\u00e3o Social Urbana&#8221;, do Prof. Alex Abiko, visitaram no dia 27\/07\/16 as obras de urbaniza\u00e7\u00e3o da Secretaria de Habita\u00e7\u00e3o da Prefeitura de S\u00e3o Paulo na comunidade de Parais\u00f3polis.<\/p>\n<p style=\"text-align: justify\"><a href=\"\/\/sites.usp.br\/construinova\/visita-paraisopolis\/\">Ver mais&#8230;<\/a><\/p>\n","protected":false},"excerpt":{"rendered":"<p>T\u00e9cnicas de Apresenta\u00e7\u00e3o e Writing II. Continuando com os trabalhos para ampliar a visibilidade da [&hellip;]<\/p>\n","protected":false},"author":259,"featured_media":0,"parent":0,"menu_order":0,"comment_status":"closed","ping_status":"closed","template":"","meta":{"footnotes":"","_links_to":"","_links_to_target":""},"class_list":["post-779","page","type-page","status-publish","hentry"],"_links":{"self":[{"href":"https:\/\/sites.usp.br\/construinova\/wp-json\/wp\/v2\/pages\/779","targetHints":{"allow":["GET"]}}],"collection":[{"href":"https:\/\/sites.usp.br\/construinova\/wp-json\/wp\/v2\/pages"}],"about":[{"href":"https:\/\/sites.usp.br\/construinova\/wp-json\/wp\/v2\/types\/page"}],"author":[{"embeddable":true,"href":"https:\/\/sites.usp.br\/construinova\/wp-json\/wp\/v2\/users\/259"}],"replies":[{"embeddable":true,"href":"https:\/\/sites.usp.br\/construinova\/wp-json\/wp\/v2\/comments?post=779"}],"version-history":[{"count":5,"href":"https:\/\/sites.usp.br\/construinova\/wp-json\/wp\/v2\/pages\/779\/revisions"}],"predecessor-version":[{"id":1218,"href":"https:\/\/sites.usp.br\/construinova\/wp-json\/wp\/v2\/pages\/779\/revisions\/1218"}],"wp:attachment":[{"href":"https:\/\/sites.usp.br\/construinova\/wp-json\/wp\/v2\/media?parent=779"}],"curies":[{"name":"wp","href":"https:\/\/api.w.org\/{rel}","templated":true}]}}