{"id":89,"date":"2014-04-23T11:34:25","date_gmt":"2014-04-23T14:34:25","guid":{"rendered":"http:\/\/sites.usp.brprp\/?page_id=89"},"modified":"2016-07-22T09:29:50","modified_gmt":"2016-07-22T12:29:50","slug":"institucional","status":"publish","type":"page","link":"https:\/\/sites.usp.br\/construinova\/institucional\/","title":{"rendered":"Institucional"},"content":{"rendered":"<p>O objetivo do ConstruInova \u00e9 elevar o n\u00edvel da constru\u00e7\u00e3o civil brasileira por meio da capacita\u00e7\u00e3o de engenheiros, arquitetos, tecn\u00f3logos, administradores e demais profissionais envolvidos na sua cadeia produtiva, por meio das atividades did\u00e1ticas e de desenvolvimento de pesquisas relacionadas a produtos e processos. O prop\u00f3sito \u00e9 a forma\u00e7\u00e3o de profissionais de alto n\u00edvel, atuantes em empresas p\u00fablicas e privadas l\u00edderes, pertencentes aos diversos segmentos da cadeia produtiva da Constru\u00e7\u00e3o Civil. Os alunos atendem a dois perfis: um de profissionais experientes e, outro, de jovens profissionais de grande potencial. O Programa tem um cuidado especial com a sua qualidade, respeitando a tradi\u00e7\u00e3o da Polit\u00e9cnica e da USP, expondo os seus participantes a uma vis\u00e3o dos desafios e necessidades atuais e futuras do Brasil e \u00e0s inova\u00e7\u00f5es e tend\u00eancias setoriais e intersetoriais em curso no setor da constru\u00e7\u00e3o. Apesar de voltado \u00e0 realidade do Pa\u00eds, est\u00e1 alinhado com as tecnologias mais avan\u00e7adas existentes no exterior. Desta maneira, cria um ambiente que propicia o desenvolvimento de processos e produtos os mais inovadores, atuais, eficientes, e que levam em considera\u00e7\u00e3o o meio ambiente, os recursos materiais e humanos, os modelos de gest\u00e3o e o regramento institucional do Pa\u00eds.<\/p>\n","protected":false},"excerpt":{"rendered":"<p>O objetivo do ConstruInova \u00e9 elevar o n\u00edvel da constru\u00e7\u00e3o civil brasileira por meio da [&hellip;]<\/p>\n","protected":false},"author":13,"featured_media":0,"parent":0,"menu_order":0,"comment_status":"closed","ping_status":"closed","template":"","meta":{"footnotes":"","_links_to":"","_links_to_target":""},"class_list":["post-89","page","type-page","status-publish","hentry"],"_links":{"self":[{"href":"https:\/\/sites.usp.br\/construinova\/wp-json\/wp\/v2\/pages\/89","targetHints":{"allow":["GET"]}}],"collection":[{"href":"https:\/\/sites.usp.br\/construinova\/wp-json\/wp\/v2\/pages"}],"about":[{"href":"https:\/\/sites.usp.br\/construinova\/wp-json\/wp\/v2\/types\/page"}],"author":[{"embeddable":true,"href":"https:\/\/sites.usp.br\/construinova\/wp-json\/wp\/v2\/users\/13"}],"replies":[{"embeddable":true,"href":"https:\/\/sites.usp.br\/construinova\/wp-json\/wp\/v2\/comments?post=89"}],"version-history":[{"count":6,"href":"https:\/\/sites.usp.br\/construinova\/wp-json\/wp\/v2\/pages\/89\/revisions"}],"predecessor-version":[{"id":324,"href":"https:\/\/sites.usp.br\/construinova\/wp-json\/wp\/v2\/pages\/89\/revisions\/324"}],"wp:attachment":[{"href":"https:\/\/sites.usp.br\/construinova\/wp-json\/wp\/v2\/media?parent=89"}],"curies":[{"name":"wp","href":"https:\/\/api.w.org\/{rel}","templated":true}]}}