{"id":997,"date":"2017-07-27T08:27:55","date_gmt":"2017-07-27T11:27:55","guid":{"rendered":"http:\/\/sites.usp.br\/construinova\/?page_id=997"},"modified":"2017-07-27T08:27:55","modified_gmt":"2017-07-27T11:27:55","slug":"acesso-aos-periodicos-fora-da-usp","status":"publish","type":"page","link":"https:\/\/sites.usp.br\/construinova\/acesso-aos-periodicos-fora-da-usp\/","title":{"rendered":"Acesso aos peri\u00f3dicos fora da USP"},"content":{"rendered":"<p dir=\"LTR\"><span lang=\"pt-br\"><span style=\"font-family: Calibri\">O acess<\/span><\/span><span lang=\"pt-br\"><span style=\"font-family: Calibri\">o<\/span><\/span><span lang=\"pt-br\"> <span style=\"font-family: Calibri\">a<\/span><\/span><span lang=\"pt-br\"><span style=\"font-family: Calibri\">os artigos cient\u00edficos fora da USP<\/span><\/span><span lang=\"pt-br\"><span style=\"font-family: Calibri\"> \u00e9 feito pela rede<\/span><\/span><span lang=\"pt-br\"> <span style=\"font-family: Calibri\">CAFe<\/span><\/span><span lang=\"pt-br\"><span style=\"font-family: Calibri\"> (Comunidade Acad\u00eamica Federada)<\/span><\/span><span lang=\"pt-br\"><span style=\"font-family: Calibri\">:<\/span><\/span><\/p>\n<p dir=\"LTR\"><span lang=\"pt-br\"><span style=\"font-family: Calibri\">1. Acesse o Portal de Peri\u00f3dicos da CAPES<\/span><\/span><span lang=\"pt-br\"><span style=\"font-family: Calibri\"> (<\/span><\/span><a href=\"http:\/\/www.periodicos.capes.gov.br\/\" target=\"_blank\" rel=\"noopener noreferrer\"><span lang=\"pt-br\"><u><span style=\"color: #0000ff;font-family: Calibri\">http:\/\/www.periodicos.capes.gov.br<\/span><\/u><\/span><span lang=\"pt-br\"><u><span style=\"color: #0000ff;font-family: Calibri\">\/<\/span><\/u><\/span><\/a><span lang=\"pt-br\"><span style=\"font-family: Calibri\">)<\/span><\/span><span lang=\"pt-br\"><span style=\"font-family: Calibri\">.<\/span><\/span><\/p>\n<p dir=\"LTR\"><span lang=\"pt-br\"><span style=\"font-family: Calibri\">2. No canto superior direito da p\u00e1gina, clique em &#8220;<\/span><\/span><span lang=\"pt-br\"><span style=\"font-family: Calibri\">ACESSO CAFE<\/span><\/span><span lang=\"pt-br\"><span style=\"font-family: Calibri\">&#8220;.<\/span><\/span><\/p>\n<p dir=\"LTR\"><span lang=\"pt-br\"><span style=\"font-family: Calibri\">3.<\/span><\/span><span lang=\"pt-br\"> <span style=\"font-family: Calibri\">S<\/span><\/span><span lang=\"pt-br\"><span style=\"font-family: Calibri\">elecione sua institui\u00e7\u00e3o e prossiga para a autentica\u00e7\u00e3o.<\/span><\/span><\/p>\n<p dir=\"LTR\"><span lang=\"pt-br\"><span style=\"font-family: Calibri\">4. Use seu email e senha institucional, conforme orienta\u00e7\u00f5es da sua institui\u00e7\u00e3o para o acesso ao CAFe.<\/span><\/span><\/p>\n<p dir=\"LTR\"><span lang=\"pt-br\"><span style=\"font-family: Calibri\">5. Uma vez autenticado, voc\u00ea passa a ter acesso aos peri\u00f3dicos via Portal da CAPES.<\/span><\/span><\/p>\n<p dir=\"LTR\"><span lang=\"pt-br\"><span style=\"font-family: Calibri\">No item 4 utilize a mesma autentica\u00e7\u00e3o do site uspdigital.<\/span><\/span><\/p>\n","protected":false},"excerpt":{"rendered":"<p>O acesso aos artigos cient\u00edficos fora da USP \u00e9 feito pela rede CAFe (Comunidade Acad\u00eamica [&hellip;]<\/p>\n","protected":false},"author":259,"featured_media":0,"parent":0,"menu_order":0,"comment_status":"closed","ping_status":"closed","template":"","meta":{"footnotes":"","_links_to":"","_links_to_target":""},"class_list":["post-997","page","type-page","status-publish","hentry"],"_links":{"self":[{"href":"https:\/\/sites.usp.br\/construinova\/wp-json\/wp\/v2\/pages\/997","targetHints":{"allow":["GET"]}}],"collection":[{"href":"https:\/\/sites.usp.br\/construinova\/wp-json\/wp\/v2\/pages"}],"about":[{"href":"https:\/\/sites.usp.br\/construinova\/wp-json\/wp\/v2\/types\/page"}],"author":[{"embeddable":true,"href":"https:\/\/sites.usp.br\/construinova\/wp-json\/wp\/v2\/users\/259"}],"replies":[{"embeddable":true,"href":"https:\/\/sites.usp.br\/construinova\/wp-json\/wp\/v2\/comments?post=997"}],"version-history":[{"count":1,"href":"https:\/\/sites.usp.br\/construinova\/wp-json\/wp\/v2\/pages\/997\/revisions"}],"predecessor-version":[{"id":998,"href":"https:\/\/sites.usp.br\/construinova\/wp-json\/wp\/v2\/pages\/997\/revisions\/998"}],"wp:attachment":[{"href":"https:\/\/sites.usp.br\/construinova\/wp-json\/wp\/v2\/media?parent=997"}],"curies":[{"name":"wp","href":"https:\/\/api.w.org\/{rel}","templated":true}]}}