{"id":2873,"date":"2023-02-13T08:37:47","date_gmt":"2023-02-13T11:37:47","guid":{"rendered":"https:\/\/sites.usp.br\/coracaodemae\/?page_id=2873"},"modified":"2023-05-09T11:58:01","modified_gmt":"2023-05-09T14:58:01","slug":"cadastro","status":"publish","type":"page","link":"https:\/\/sites.usp.br\/coracaodemae\/cadastro\/","title":{"rendered":"Cadastre-se aqui"},"content":{"rendered":"\t\t<div data-elementor-type=\"wp-page\" data-elementor-id=\"2873\" class=\"elementor elementor-2873\" data-elementor-post-type=\"page\">\n\t\t\t\t\t\t<section class=\"elementor-section elementor-top-section elementor-element elementor-element-8759ea9 elementor-section-content-middle elementor-section-height-min-height elementor-section-boxed elementor-section-height-default elementor-section-items-middle\" data-id=\"8759ea9\" data-element_type=\"section\" data-settings=\"{&quot;background_background&quot;:&quot;classic&quot;,&quot;sticky&quot;:&quot;top&quot;,&quot;sticky_on&quot;:[&quot;desktop&quot;,&quot;tablet&quot;,&quot;mobile&quot;],&quot;sticky_offset&quot;:0,&quot;sticky_effects_offset&quot;:0,&quot;sticky_anchor_link_offset&quot;:0}\">\n\t\t\t\t\t\t<div class=\"elementor-container elementor-column-gap-default\">\n\t\t\t\t\t<div class=\"elementor-column elementor-col-50 elementor-top-column elementor-element elementor-element-43866f9\" data-id=\"43866f9\" data-element_type=\"column\">\n\t\t\t<div class=\"elementor-widget-wrap elementor-element-populated\">\n\t\t\t\t\t\t<div class=\"elementor-element elementor-element-a73b57a elementor-nav-menu__align-justify elementor-nav-menu--dropdown-mobile elementor-nav-menu__text-align-aside elementor-nav-menu--toggle elementor-nav-menu--burger elementor-widget elementor-widget-nav-menu\" data-id=\"a73b57a\" data-element_type=\"widget\" data-settings=\"{&quot;submenu_icon&quot;:{&quot;value&quot;:&quot;&lt;i class=\\&quot;fas fa-chevron-down\\&quot;&gt;&lt;\\\/i&gt;&quot;,&quot;library&quot;:&quot;fa-solid&quot;},&quot;layout&quot;:&quot;horizontal&quot;,&quot;toggle&quot;:&quot;burger&quot;}\" data-widget_type=\"nav-menu.default\">\n\t\t\t\t<div class=\"elementor-widget-container\">\n\t\t\t\t\t\t<nav aria-label=\"Menu\" class=\"elementor-nav-menu--main elementor-nav-menu__container elementor-nav-menu--layout-horizontal e--pointer-none\">\n\t\t\t\t<ul id=\"menu-1-a73b57a\" class=\"elementor-nav-menu\"><li class=\"menu-item menu-item-type-post_type menu-item-object-page menu-item-home menu-item-2907\"><a href=\"https:\/\/sites.usp.br\/coracaodemae\/\" class=\"elementor-item\">In\u00edcio<\/a><\/li>\n<li class=\"menu-item menu-item-type-post_type menu-item-object-page menu-item-2927\"><a href=\"https:\/\/sites.usp.br\/coracaodemae\/comofunciona\/\" class=\"elementor-item\">Como funciona<\/a><\/li>\n<li class=\"menu-item menu-item-type-post_type menu-item-object-page menu-item-2914\"><a href=\"https:\/\/sites.usp.br\/coracaodemae\/hu\/\" class=\"elementor-item\">Por que escolher o HU?<\/a><\/li>\n<li class=\"menu-item menu-item-type-post_type menu-item-object-page menu-item-2883\"><a href=\"https:\/\/sites.usp.br\/coracaodemae\/cadastro\/\" class=\"elementor-item\">Cadastre-se aqui<\/a><\/li>\n<\/ul>\t\t\t<\/nav>\n\t\t\t\t\t<div class=\"elementor-menu-toggle\" role=\"button\" tabindex=\"0\" aria-label=\"Alternar menu\" aria-expanded=\"false\">\n\t\t\t<i aria-hidden=\"true\" role=\"presentation\" class=\"elementor-menu-toggle__icon--open eicon-menu-bar\"><\/i><i aria-hidden=\"true\" role=\"presentation\" class=\"elementor-menu-toggle__icon--close eicon-close\"><\/i>\t\t\t<span class=\"elementor-screen-only\">Menu<\/span>\n\t\t<\/div>\n\t\t\t\t\t<nav class=\"elementor-nav-menu--dropdown elementor-nav-menu__container\" aria-hidden=\"true\">\n\t\t\t\t<ul id=\"menu-2-a73b57a\" class=\"elementor-nav-menu\"><li class=\"menu-item menu-item-type-post_type menu-item-object-page menu-item-home menu-item-2907\"><a href=\"https:\/\/sites.usp.br\/coracaodemae\/\" class=\"elementor-item\" tabindex=\"-1\">In\u00edcio<\/a><\/li>\n<li class=\"menu-item menu-item-type-post_type menu-item-object-page menu-item-2927\"><a href=\"https:\/\/sites.usp.br\/coracaodemae\/comofunciona\/\" class=\"elementor-item\" tabindex=\"-1\">Como funciona<\/a><\/li>\n<li class=\"menu-item menu-item-type-post_type menu-item-object-page menu-item-2914\"><a href=\"https:\/\/sites.usp.br\/coracaodemae\/hu\/\" class=\"elementor-item\" tabindex=\"-1\">Por que escolher o HU?<\/a><\/li>\n<li class=\"menu-item menu-item-type-post_type menu-item-object-page menu-item-2883\"><a href=\"https:\/\/sites.usp.br\/coracaodemae\/cadastro\/\" class=\"elementor-item\" tabindex=\"-1\">Cadastre-se aqui<\/a><\/li>\n<\/ul>\t\t\t<\/nav>\n\t\t\t\t<\/div>\n\t\t\t\t<\/div>\n\t\t\t\t\t<\/div>\n\t\t<\/div>\n\t\t\t\t<div class=\"elementor-column elementor-col-50 elementor-top-column elementor-element elementor-element-74f5ef2\" data-id=\"74f5ef2\" data-element_type=\"column\">\n\t\t\t<div class=\"elementor-widget-wrap elementor-element-populated\">\n\t\t\t\t\t\t<div class=\"elementor-element elementor-element-1f07e09 elementor-search-form--skin-full_screen elementor-widget elementor-widget-search-form\" data-id=\"1f07e09\" data-element_type=\"widget\" data-settings=\"{&quot;skin&quot;:&quot;full_screen&quot;}\" data-widget_type=\"search-form.default\">\n\t\t\t\t<div class=\"elementor-widget-container\">\n\t\t\t\t\t<search role=\"search\">\n\t\t\t<form class=\"elementor-search-form\" action=\"https:\/\/sites.usp.br\/coracaodemae\" method=\"get\">\n\t\t\t\t\t\t\t\t\t\t\t\t<div class=\"elementor-search-form__toggle\" tabindex=\"0\" role=\"button\">\n\t\t\t\t\t<i aria-hidden=\"true\" class=\"fas fa-search\"><\/i>\t\t\t\t\t<span class=\"elementor-screen-only\">Pesquisar<\/span>\n\t\t\t\t<\/div>\n\t\t\t\t\t\t\t\t<div class=\"elementor-search-form__container\">\n\t\t\t\t\t<label class=\"elementor-screen-only\" for=\"elementor-search-form-1f07e09\">Pesquisar<\/label>\n\n\t\t\t\t\t\n\t\t\t\t\t<input id=\"elementor-search-form-1f07e09\" placeholder=\"Busca...\" class=\"elementor-search-form__input\" type=\"search\" name=\"s\" value=\"\">\n\t\t\t\t\t\n\t\t\t\t\t\n\t\t\t\t\t\t\t\t\t\t<div class=\"dialog-lightbox-close-button dialog-close-button\" role=\"button\" tabindex=\"0\">\n\t\t\t\t\t\t<i aria-hidden=\"true\" class=\"eicon-close\"><\/i>\t\t\t\t\t\t<span class=\"elementor-screen-only\">Close this search box.<\/span>\n\t\t\t\t\t<\/div>\n\t\t\t\t\t\t\t\t\t<\/div>\n\t\t\t<\/form>\n\t\t<\/search>\n\t\t\t\t<\/div>\n\t\t\t\t<\/div>\n\t\t\t\t\t<\/div>\n\t\t<\/div>\n\t\t\t\t\t<\/div>\n\t\t<\/section>\n\t\t<div class=\"elementor-element elementor-element-9b0ee9d e-flex e-con-boxed e-con e-parent\" data-id=\"9b0ee9d\" data-element_type=\"container\">\n\t\t\t\t\t<div class=\"e-con-inner\">\n\t\t\t\t<div class=\"elementor-element elementor-element-bdcbc64 elementor-widget elementor-widget-heading\" data-id=\"bdcbc64\" data-element_type=\"widget\" data-widget_type=\"heading.default\">\n\t\t\t\t<div class=\"elementor-widget-container\">\n\t\t\t<h2 class=\"elementor-heading-title elementor-size-default\">Como fa\u00e7o para me cadastrar?<\/h2>\t\t<\/div>\n\t\t\t\t<\/div>\n\t\t\t\t\t<\/div>\n\t\t\t\t<\/div>\n\t\t<div class=\"elementor-element elementor-element-1f4f954 e-flex e-con-boxed e-con e-parent\" data-id=\"1f4f954\" data-element_type=\"container\">\n\t\t\t\t\t<div class=\"e-con-inner\">\n\t\t\t\t<div class=\"elementor-element elementor-element-7075229 elementor-widget elementor-widget-image\" data-id=\"7075229\" data-element_type=\"widget\" data-widget_type=\"image.default\">\n\t\t\t\t<div class=\"elementor-widget-container\">\n\t\t\t\t\t\t\t\t\t\t\t\t\t<img fetchpriority=\"high\" decoding=\"async\" width=\"1024\" height=\"512\" src=\"https:\/\/sites.usp.br\/coracaodemae\/wp-content\/uploads\/sites\/1230\/2023\/03\/PROGRAMA-USP-1024x512.png\" class=\"attachment-large size-large wp-image-2996\" alt=\"\" srcset=\"https:\/\/sites.usp.br\/coracaodemae\/wp-content\/uploads\/sites\/1230\/2023\/03\/PROGRAMA-USP-1024x512.png 1024w, https:\/\/sites.usp.br\/coracaodemae\/wp-content\/uploads\/sites\/1230\/2023\/03\/PROGRAMA-USP-300x150.png 300w, https:\/\/sites.usp.br\/coracaodemae\/wp-content\/uploads\/sites\/1230\/2023\/03\/PROGRAMA-USP-768x384.png 768w, https:\/\/sites.usp.br\/coracaodemae\/wp-content\/uploads\/sites\/1230\/2023\/03\/PROGRAMA-USP-1536x768.png 1536w, https:\/\/sites.usp.br\/coracaodemae\/wp-content\/uploads\/sites\/1230\/2023\/03\/PROGRAMA-USP-2048x1024.png 2048w, https:\/\/sites.usp.br\/coracaodemae\/wp-content\/uploads\/sites\/1230\/2023\/03\/PROGRAMA-USP-400x200.png 400w\" sizes=\"(max-width: 1024px) 100vw, 1024px\" \/>\t\t\t\t\t\t\t\t\t\t\t\t\t<\/div>\n\t\t\t\t<\/div>\n\t\t\t\t<div class=\"elementor-element elementor-element-db3e483 elementor-widget elementor-widget-spacer\" data-id=\"db3e483\" data-element_type=\"widget\" data-widget_type=\"spacer.default\">\n\t\t\t\t<div class=\"elementor-widget-container\">\n\t\t\t\t\t<div class=\"elementor-spacer\">\n\t\t\t<div class=\"elementor-spacer-inner\"><\/div>\n\t\t<\/div>\n\t\t\t\t<\/div>\n\t\t\t\t<\/div>\n\t\t\t\t<div class=\"elementor-element elementor-element-61051e6 elementor-widget elementor-widget-heading\" data-id=\"61051e6\" data-element_type=\"widget\" data-widget_type=\"heading.default\">\n\t\t\t\t<div class=\"elementor-widget-container\">\n\t\t\t<h2 class=\"elementor-heading-title elementor-size-medium\">ENVIE UM E-MAIL COM O T\u00cdTULO <b>\"CORA\u00c7\u00c3O DE M\u00c3E\"<\/b> PARA <i>SAUONLINE@USP.BR<\/i> E ENTRAREMOS EM CONTATO!<\/h2>\t\t<\/div>\n\t\t\t\t<\/div>\n\t\t\t\t<div class=\"elementor-element elementor-element-c8d593c elementor-widget elementor-widget-spacer\" data-id=\"c8d593c\" data-element_type=\"widget\" data-widget_type=\"spacer.default\">\n\t\t\t\t<div class=\"elementor-widget-container\">\n\t\t\t\t\t<div class=\"elementor-spacer\">\n\t\t\t<div class=\"elementor-spacer-inner\"><\/div>\n\t\t<\/div>\n\t\t\t\t<\/div>\n\t\t\t\t<\/div>\n\t\t\t\t\t<\/div>\n\t\t\t\t<\/div>\n\t\t<div class=\"elementor-element elementor-element-47b203a e-flex e-con-boxed e-con e-parent\" data-id=\"47b203a\" data-element_type=\"container\">\n\t\t\t\t\t<div class=\"e-con-inner\">\n\t\t<div class=\"elementor-element elementor-element-8ece8f5 e-con-full e-flex e-con e-parent\" data-id=\"8ece8f5\" data-element_type=\"container\">\n\t\t\t\t<div class=\"elementor-element elementor-element-fbd47db elementor-widget elementor-widget-image\" data-id=\"fbd47db\" data-element_type=\"widget\" data-widget_type=\"image.default\">\n\t\t\t\t<div class=\"elementor-widget-container\">\n\t\t\t\t\t\t\t\t\t\t\t\t\t<img decoding=\"async\" width=\"150\" height=\"150\" src=\"https:\/\/sites.usp.br\/coracaodemae\/wp-content\/uploads\/sites\/1230\/2023\/02\/Design-sem-nome-22-150x150.png\" class=\"attachment-thumbnail size-thumbnail wp-image-2953\" alt=\"\" srcset=\"https:\/\/sites.usp.br\/coracaodemae\/wp-content\/uploads\/sites\/1230\/2023\/02\/Design-sem-nome-22-150x150.png 150w, https:\/\/sites.usp.br\/coracaodemae\/wp-content\/uploads\/sites\/1230\/2023\/02\/Design-sem-nome-22-300x300.png 300w, https:\/\/sites.usp.br\/coracaodemae\/wp-content\/uploads\/sites\/1230\/2023\/02\/Design-sem-nome-22-1024x1024.png 1024w, https:\/\/sites.usp.br\/coracaodemae\/wp-content\/uploads\/sites\/1230\/2023\/02\/Design-sem-nome-22-768x768.png 768w, https:\/\/sites.usp.br\/coracaodemae\/wp-content\/uploads\/sites\/1230\/2023\/02\/Design-sem-nome-22-45x45.png 45w, https:\/\/sites.usp.br\/coracaodemae\/wp-content\/uploads\/sites\/1230\/2023\/02\/Design-sem-nome-22-200x200.png 200w, https:\/\/sites.usp.br\/coracaodemae\/wp-content\/uploads\/sites\/1230\/2023\/02\/Design-sem-nome-22-400x400.png 400w, https:\/\/sites.usp.br\/coracaodemae\/wp-content\/uploads\/sites\/1230\/2023\/02\/Design-sem-nome-22.png 1080w\" sizes=\"(max-width: 150px) 100vw, 150px\" \/>\t\t\t\t\t\t\t\t\t\t\t\t\t<\/div>\n\t\t\t\t<\/div>\n\t\t\t\t<\/div>\n\t\t<div class=\"elementor-element elementor-element-f19d907 e-con-full e-flex e-con e-parent\" data-id=\"f19d907\" data-element_type=\"container\">\n\t\t\t\t<div class=\"elementor-element elementor-element-8f5f9a1 elementor-widget elementor-widget-image\" data-id=\"8f5f9a1\" data-element_type=\"widget\" data-widget_type=\"image.default\">\n\t\t\t\t<div class=\"elementor-widget-container\">\n\t\t\t\t\t\t\t\t\t\t\t\t\t<img decoding=\"async\" width=\"150\" height=\"150\" src=\"https:\/\/sites.usp.br\/coracaodemae\/wp-content\/uploads\/sites\/1230\/2023\/02\/lo_colorido-removebg-preview-150x150.png\" class=\"attachment-thumbnail size-thumbnail wp-image-2955\" alt=\"\" srcset=\"https:\/\/sites.usp.br\/coracaodemae\/wp-content\/uploads\/sites\/1230\/2023\/02\/lo_colorido-removebg-preview-150x150.png 150w, https:\/\/sites.usp.br\/coracaodemae\/wp-content\/uploads\/sites\/1230\/2023\/02\/lo_colorido-removebg-preview-45x45.png 45w, https:\/\/sites.usp.br\/coracaodemae\/wp-content\/uploads\/sites\/1230\/2023\/02\/lo_colorido-removebg-preview-200x200.png 200w\" sizes=\"(max-width: 150px) 100vw, 150px\" \/>\t\t\t\t\t\t\t\t\t\t\t\t\t<\/div>\n\t\t\t\t<\/div>\n\t\t\t\t<\/div>\n\t\t\t\t\t<\/div>\n\t\t\t\t<\/div>\n\t\t\t\t<\/div>\n\t\t","protected":false},"excerpt":{"rendered":"<p>Como fa\u00e7o para me cadastrar? ENVIE UM E-MAIL COM O T\u00cdTULO &#8220;CORA\u00c7\u00c3O DE M\u00c3E&#8221; PARA SAUONLINE@USP.BR E ENTRAREMOS EM CONTATO!<\/p>\n","protected":false},"author":1335,"featured_media":0,"parent":0,"menu_order":0,"comment_status":"closed","ping_status":"closed","template":"elementor_canvas","meta":{"_monsterinsights_skip_tracking":false,"_monsterinsights_sitenote_active":false,"_monsterinsights_sitenote_note":"","_monsterinsights_sitenote_category":0,"footnotes":"","_links_to":"","_links_to_target":""},"class_list":["post-2873","page","type-page","status-publish","hentry","post"],"_links":{"self":[{"href":"https:\/\/sites.usp.br\/coracaodemae\/wp-json\/wp\/v2\/pages\/2873","targetHints":{"allow":["GET"]}}],"collection":[{"href":"https:\/\/sites.usp.br\/coracaodemae\/wp-json\/wp\/v2\/pages"}],"about":[{"href":"https:\/\/sites.usp.br\/coracaodemae\/wp-json\/wp\/v2\/types\/page"}],"author":[{"embeddable":true,"href":"https:\/\/sites.usp.br\/coracaodemae\/wp-json\/wp\/v2\/users\/1335"}],"replies":[{"embeddable":true,"href":"https:\/\/sites.usp.br\/coracaodemae\/wp-json\/wp\/v2\/comments?post=2873"}],"version-history":[{"count":4,"href":"https:\/\/sites.usp.br\/coracaodemae\/wp-json\/wp\/v2\/pages\/2873\/revisions"}],"predecessor-version":[{"id":3137,"href":"https:\/\/sites.usp.br\/coracaodemae\/wp-json\/wp\/v2\/pages\/2873\/revisions\/3137"}],"wp:attachment":[{"href":"https:\/\/sites.usp.br\/coracaodemae\/wp-json\/wp\/v2\/media?parent=2873"}],"curies":[{"name":"wp","href":"https:\/\/api.w.org\/{rel}","templated":true}]}}