{"id":2922,"date":"2023-02-13T11:54:52","date_gmt":"2023-02-13T14:54:52","guid":{"rendered":"https:\/\/sites.usp.br\/coracaodemae\/?page_id=2922"},"modified":"2024-05-22T14:26:46","modified_gmt":"2024-05-22T17:26:46","slug":"comofunciona","status":"publish","type":"page","link":"https:\/\/sites.usp.br\/coracaodemae\/comofunciona\/","title":{"rendered":"Como funciona"},"content":{"rendered":"\t\t<div data-elementor-type=\"wp-page\" data-elementor-id=\"2922\" class=\"elementor elementor-2922\" data-elementor-post-type=\"page\">\n\t\t\t\t\t\t<section class=\"elementor-section elementor-top-section elementor-element elementor-element-8759ea9 elementor-section-content-middle elementor-section-height-min-height elementor-section-boxed elementor-section-height-default elementor-section-items-middle\" data-id=\"8759ea9\" data-element_type=\"section\" data-settings=\"{&quot;background_background&quot;:&quot;classic&quot;,&quot;sticky&quot;:&quot;top&quot;,&quot;sticky_on&quot;:[&quot;desktop&quot;,&quot;tablet&quot;,&quot;mobile&quot;],&quot;sticky_offset&quot;:0,&quot;sticky_effects_offset&quot;:0,&quot;sticky_anchor_link_offset&quot;:0}\">\n\t\t\t\t\t\t<div class=\"elementor-container elementor-column-gap-default\">\n\t\t\t\t\t<div class=\"elementor-column elementor-col-50 elementor-top-column elementor-element elementor-element-43866f9\" data-id=\"43866f9\" data-element_type=\"column\">\n\t\t\t<div class=\"elementor-widget-wrap elementor-element-populated\">\n\t\t\t\t\t\t<div class=\"elementor-element elementor-element-a73b57a elementor-nav-menu__align-justify elementor-nav-menu--dropdown-mobile elementor-nav-menu__text-align-aside elementor-nav-menu--toggle elementor-nav-menu--burger elementor-widget elementor-widget-nav-menu\" data-id=\"a73b57a\" data-element_type=\"widget\" data-settings=\"{&quot;submenu_icon&quot;:{&quot;value&quot;:&quot;&lt;i class=\\&quot;fas fa-chevron-down\\&quot;&gt;&lt;\\\/i&gt;&quot;,&quot;library&quot;:&quot;fa-solid&quot;},&quot;layout&quot;:&quot;horizontal&quot;,&quot;toggle&quot;:&quot;burger&quot;}\" data-widget_type=\"nav-menu.default\">\n\t\t\t\t<div class=\"elementor-widget-container\">\n\t\t\t\t\t\t<nav aria-label=\"Menu\" class=\"elementor-nav-menu--main elementor-nav-menu__container elementor-nav-menu--layout-horizontal e--pointer-none\">\n\t\t\t\t<ul id=\"menu-1-a73b57a\" class=\"elementor-nav-menu\"><li class=\"menu-item menu-item-type-post_type menu-item-object-page menu-item-home menu-item-2907\"><a href=\"https:\/\/sites.usp.br\/coracaodemae\/\" class=\"elementor-item\">In\u00edcio<\/a><\/li>\n<li class=\"menu-item menu-item-type-post_type menu-item-object-page menu-item-2927\"><a href=\"https:\/\/sites.usp.br\/coracaodemae\/comofunciona\/\" class=\"elementor-item\">Como funciona<\/a><\/li>\n<li class=\"menu-item menu-item-type-post_type menu-item-object-page menu-item-2914\"><a href=\"https:\/\/sites.usp.br\/coracaodemae\/hu\/\" class=\"elementor-item\">Por que escolher o HU?<\/a><\/li>\n<li class=\"menu-item menu-item-type-post_type menu-item-object-page menu-item-2883\"><a href=\"https:\/\/sites.usp.br\/coracaodemae\/cadastro\/\" class=\"elementor-item\">Cadastre-se aqui<\/a><\/li>\n<\/ul>\t\t\t<\/nav>\n\t\t\t\t\t<div class=\"elementor-menu-toggle\" role=\"button\" tabindex=\"0\" aria-label=\"Alternar menu\" aria-expanded=\"false\">\n\t\t\t<i aria-hidden=\"true\" role=\"presentation\" class=\"elementor-menu-toggle__icon--open eicon-menu-bar\"><\/i><i aria-hidden=\"true\" role=\"presentation\" class=\"elementor-menu-toggle__icon--close eicon-close\"><\/i>\t\t\t<span class=\"elementor-screen-only\">Menu<\/span>\n\t\t<\/div>\n\t\t\t\t\t<nav class=\"elementor-nav-menu--dropdown elementor-nav-menu__container\" aria-hidden=\"true\">\n\t\t\t\t<ul id=\"menu-2-a73b57a\" class=\"elementor-nav-menu\"><li class=\"menu-item menu-item-type-post_type menu-item-object-page menu-item-home menu-item-2907\"><a href=\"https:\/\/sites.usp.br\/coracaodemae\/\" class=\"elementor-item\" tabindex=\"-1\">In\u00edcio<\/a><\/li>\n<li class=\"menu-item menu-item-type-post_type menu-item-object-page menu-item-2927\"><a href=\"https:\/\/sites.usp.br\/coracaodemae\/comofunciona\/\" class=\"elementor-item\" tabindex=\"-1\">Como funciona<\/a><\/li>\n<li class=\"menu-item menu-item-type-post_type menu-item-object-page menu-item-2914\"><a href=\"https:\/\/sites.usp.br\/coracaodemae\/hu\/\" class=\"elementor-item\" tabindex=\"-1\">Por que escolher o HU?<\/a><\/li>\n<li class=\"menu-item menu-item-type-post_type menu-item-object-page menu-item-2883\"><a href=\"https:\/\/sites.usp.br\/coracaodemae\/cadastro\/\" class=\"elementor-item\" tabindex=\"-1\">Cadastre-se aqui<\/a><\/li>\n<\/ul>\t\t\t<\/nav>\n\t\t\t\t<\/div>\n\t\t\t\t<\/div>\n\t\t\t\t\t<\/div>\n\t\t<\/div>\n\t\t\t\t<div class=\"elementor-column elementor-col-50 elementor-top-column elementor-element elementor-element-74f5ef2\" data-id=\"74f5ef2\" data-element_type=\"column\">\n\t\t\t<div class=\"elementor-widget-wrap elementor-element-populated\">\n\t\t\t\t\t\t<div class=\"elementor-element elementor-element-1f07e09 elementor-search-form--skin-full_screen elementor-widget elementor-widget-search-form\" data-id=\"1f07e09\" data-element_type=\"widget\" data-settings=\"{&quot;skin&quot;:&quot;full_screen&quot;}\" data-widget_type=\"search-form.default\">\n\t\t\t\t<div class=\"elementor-widget-container\">\n\t\t\t\t\t<search role=\"search\">\n\t\t\t<form class=\"elementor-search-form\" action=\"https:\/\/sites.usp.br\/coracaodemae\" method=\"get\">\n\t\t\t\t\t\t\t\t\t\t\t\t<div class=\"elementor-search-form__toggle\" tabindex=\"0\" role=\"button\">\n\t\t\t\t\t<i aria-hidden=\"true\" class=\"fas fa-search\"><\/i>\t\t\t\t\t<span class=\"elementor-screen-only\">Pesquisar<\/span>\n\t\t\t\t<\/div>\n\t\t\t\t\t\t\t\t<div class=\"elementor-search-form__container\">\n\t\t\t\t\t<label class=\"elementor-screen-only\" for=\"elementor-search-form-1f07e09\">Pesquisar<\/label>\n\n\t\t\t\t\t\n\t\t\t\t\t<input id=\"elementor-search-form-1f07e09\" placeholder=\"Busca...\" class=\"elementor-search-form__input\" type=\"search\" name=\"s\" value=\"\">\n\t\t\t\t\t\n\t\t\t\t\t\n\t\t\t\t\t\t\t\t\t\t<div class=\"dialog-lightbox-close-button dialog-close-button\" role=\"button\" tabindex=\"0\">\n\t\t\t\t\t\t<i aria-hidden=\"true\" class=\"eicon-close\"><\/i>\t\t\t\t\t\t<span class=\"elementor-screen-only\">Close this search box.<\/span>\n\t\t\t\t\t<\/div>\n\t\t\t\t\t\t\t\t\t<\/div>\n\t\t\t<\/form>\n\t\t<\/search>\n\t\t\t\t<\/div>\n\t\t\t\t<\/div>\n\t\t\t\t\t<\/div>\n\t\t<\/div>\n\t\t\t\t\t<\/div>\n\t\t<\/section>\n\t\t<div class=\"elementor-element elementor-element-375d10a e-flex e-con-boxed e-con e-parent\" data-id=\"375d10a\" data-element_type=\"container\">\n\t\t\t\t\t<div class=\"e-con-inner\">\n\t\t\t\t<div class=\"elementor-element elementor-element-c986e6b elementor-widget elementor-widget-heading\" data-id=\"c986e6b\" data-element_type=\"widget\" data-widget_type=\"heading.default\">\n\t\t\t\t<div class=\"elementor-widget-container\">\n\t\t\t<h2 class=\"elementor-heading-title elementor-size-default\">Como funciona?<\/h2>\t\t<\/div>\n\t\t\t\t<\/div>\n\t\t\t\t<div class=\"elementor-element elementor-element-8b915ff elementor-widget elementor-widget-image\" data-id=\"8b915ff\" data-element_type=\"widget\" data-widget_type=\"image.default\">\n\t\t\t\t<div class=\"elementor-widget-container\">\n\t\t\t\t\t\t\t\t\t\t\t\t\t<img fetchpriority=\"high\" decoding=\"async\" width=\"1024\" height=\"512\" src=\"https:\/\/sites.usp.br\/coracaodemae\/wp-content\/uploads\/sites\/1230\/2023\/03\/PROGRAMA-USP-1024x512.png\" class=\"attachment-large size-large wp-image-2996\" alt=\"\" srcset=\"https:\/\/sites.usp.br\/coracaodemae\/wp-content\/uploads\/sites\/1230\/2023\/03\/PROGRAMA-USP-1024x512.png 1024w, https:\/\/sites.usp.br\/coracaodemae\/wp-content\/uploads\/sites\/1230\/2023\/03\/PROGRAMA-USP-300x150.png 300w, https:\/\/sites.usp.br\/coracaodemae\/wp-content\/uploads\/sites\/1230\/2023\/03\/PROGRAMA-USP-768x384.png 768w, https:\/\/sites.usp.br\/coracaodemae\/wp-content\/uploads\/sites\/1230\/2023\/03\/PROGRAMA-USP-1536x768.png 1536w, https:\/\/sites.usp.br\/coracaodemae\/wp-content\/uploads\/sites\/1230\/2023\/03\/PROGRAMA-USP-2048x1024.png 2048w, https:\/\/sites.usp.br\/coracaodemae\/wp-content\/uploads\/sites\/1230\/2023\/03\/PROGRAMA-USP-400x200.png 400w\" sizes=\"(max-width: 1024px) 100vw, 1024px\" \/>\t\t\t\t\t\t\t\t\t\t\t\t\t<\/div>\n\t\t\t\t<\/div>\n\t\t\t\t\t<\/div>\n\t\t\t\t<\/div>\n\t\t<div class=\"elementor-element elementor-element-97cf1c7 e-flex e-con-boxed e-con e-parent\" data-id=\"97cf1c7\" data-element_type=\"container\">\n\t\t\t\t\t<div class=\"e-con-inner\">\n\t\t\t\t<div class=\"elementor-element elementor-element-1c749cd elementor-widget__width-inherit elementor-widget-divider--separator-type-pattern elementor-widget-divider--no-spacing elementor-widget-divider--view-line elementor-widget elementor-widget-divider\" data-id=\"1c749cd\" data-element_type=\"widget\" data-widget_type=\"divider.default\">\n\t\t\t\t<div class=\"elementor-widget-container\">\n\t\t\t\t\t<div class=\"elementor-divider\" style=\"--divider-pattern-url: url(&quot;data:image\/svg+xml,%3Csvg xmlns=&#039;http:\/\/www.w3.org\/2000\/svg&#039; preserveAspectRatio=&#039;xMidYMid meet&#039; overflow=&#039;visible&#039; height=&#039;100%&#039; viewBox=&#039;0 0 126 26&#039; fill=&#039;black&#039; stroke=&#039;none&#039;%3E%3Cpath d=&#039;M3,10.2c2.6,0,2.6,2,2.6,3.2S4.4,16.5,3,16.5s-3-1.4-3-3.2S0.4,10.2,3,10.2z M18.8,10.2c1.7,0,3.2,1.4,3.2,3.2s-1.4,3.2-3.2,3.2c-1.7,0-3.2-1.4-3.2-3.2S17,10.2,18.8,10.2z M34.6,10.2c1.5,0,2.6,1.4,2.6,3.2s-0.5,3.2-1.9,3.2c-1.5,0-3.4-1.4-3.4-3.2S33.1,10.2,34.6,10.2z M50.5,10.2c1.7,0,3.2,1.4,3.2,3.2s-1.4,3.2-3.2,3.2c-1.7,0-3.3-0.9-3.3-2.6S48.7,10.2,50.5,10.2z M66.2,10.2c1.5,0,3.4,1.4,3.4,3.2s-1.9,3.2-3.4,3.2c-1.5,0-2.6-0.4-2.6-2.1S64.8,10.2,66.2,10.2z M82.2,10.2c1.7,0.8,2.6,1.4,2.6,3.2s-0.1,3.2-1.6,3.2c-1.5,0-3.7-1.4-3.7-3.2S80.5,9.4,82.2,10.2zM98.6,10.2c1.5,0,2.6,0.4,2.6,2.1s-1.2,4.2-2.6,4.2c-1.5,0-3.7-0.4-3.7-2.1S97.1,10.2,98.6,10.2z M113.4,10.2c1.2,0,2.2,0.9,2.2,3.2s-0.1,3.2-1.3,3.2s-3.1-1.4-3.1-3.2S112.2,10.2,113.4,10.2z&#039;\/%3E%3C\/svg%3E&quot;);\">\n\t\t\t<span class=\"elementor-divider-separator\">\n\t\t\t\t\t\t<\/span>\n\t\t<\/div>\n\t\t\t\t<\/div>\n\t\t\t\t<\/div>\n\t\t\t\t\t<\/div>\n\t\t\t\t<\/div>\n\t\t<div class=\"elementor-element elementor-element-a403450 e-flex e-con-boxed e-con e-parent\" data-id=\"a403450\" data-element_type=\"container\">\n\t\t\t\t\t<div class=\"e-con-inner\">\n\t\t\t\t<div class=\"elementor-element elementor-element-4d26127 elementor-drop-cap-yes elementor-widget__width-inherit elementor-drop-cap-view-default elementor-widget elementor-widget-text-editor\" data-id=\"4d26127\" data-element_type=\"widget\" data-settings=\"{&quot;drop_cap&quot;:&quot;yes&quot;}\" data-widget_type=\"text-editor.default\">\n\t\t\t\t<div class=\"elementor-widget-container\">\n\t\t\t\t\t\t\t<p>O \u201cPrograma USP Cora\u00e7\u00e3o de M\u00e3e\u201d, tem como finalidade a amplia\u00e7\u00e3o do atendimento em obstetr\u00edcia no Hospital Universit\u00e1rio na comunidade USP para al\u00e9m do p\u00fablico previsto na<a href=\"https:\/\/leginf.usp.br\/?resolucao=resolucao-no-7043-de-17-de-marco-de-2015\"> resolu\u00e7\u00e3o 7043<\/a>, de 17 de mar\u00e7o de 2015.<\/p><p>Para ser aceita no programa, a gestante precisa possuir v\u00ednculo com ao menos um membro da comunidade USP, na condi\u00e7\u00e3o de filha(o), neta(o), c\u00f4njuge ou companheira(o) dos filhos\/filhas ou netos\/netas.<\/p><p>Veja na portaria conjunta SAU XX e HU XX de 2023 as demais condi\u00e7\u00f5es para participa\u00e7\u00e3o:<\/p>\t\t\t\t\t\t<\/div>\n\t\t\t\t<\/div>\n\t\t\t\t\t<\/div>\n\t\t\t\t<\/div>\n\t\t<div class=\"elementor-element elementor-element-20447bd e-flex e-con-boxed e-con e-parent\" data-id=\"20447bd\" data-element_type=\"container\">\n\t\t\t\t\t<div class=\"e-con-inner\">\n\t\t\t\t<div class=\"elementor-element elementor-element-ecf693a elementor-widget elementor-widget-text-editor\" data-id=\"ecf693a\" data-element_type=\"widget\" data-widget_type=\"text-editor.default\">\n\t\t\t\t<div class=\"elementor-widget-container\">\n\t\t\t\t\t\t\t<p><span style=\"font-weight: 400;\">UNIVERSIDADE DE S\u00c3O PAULO<\/span><\/p><p><span style=\"font-weight: 400;\">SUPERINTEND\u00caNCIA DE SA\u00daDE \u2013 SAU<\/span><\/p><p><span style=\"font-weight: 400;\">HOSPITAL UNIVERSIT\u00c1RIO &#8211; HU<\/span><\/p><p><b>PORTARIA CONJUNTA SAU\/HU 01\/2024, 15 de maio de 2024.<\/b><\/p>\t\t\t\t\t\t<\/div>\n\t\t\t\t<\/div>\n\t\t\t\t<div class=\"elementor-element elementor-element-2bc92ba elementor-widget__width-inherit elementor-widget elementor-widget-text-editor\" data-id=\"2bc92ba\" data-element_type=\"widget\" data-widget_type=\"text-editor.default\">\n\t\t\t\t<div class=\"elementor-widget-container\">\n\t\t\t\t\t\t\t<p><span style=\"font-weight: 400;\">Disp\u00f5e sobre a renova\u00e7\u00e3o do Programa USP Cora\u00e7\u00e3o de M\u00e3e, que amplia o atendimento em Obstetr\u00edcia de Risco habitual no Hospital Universit\u00e1rio da Universidade de S\u00e3o Paulo, para pessoas gestantes n\u00e3o contempladas pela Resolu\u00e7\u00e3o 7043 de 17 de mar\u00e7o de 2015.<\/span><\/p><p><span style=\"font-weight: 400;\">O Superintendente de Sa\u00fade \u2013 SAU, Prof. Dr. Paulo Andrade Lotufo e o Superintendente do Hospital Universit\u00e1rio \u2013 HU, Prof. Dr. Jos\u00e9 Pinhata Otoch, ambos da Universidade de S\u00e3o Paulo, no uso de suas atribui\u00e7\u00f5es legais, regimentais e estatut\u00e1rias, baixam a seguinte:<\/span><\/p><p><b>Portaria<\/b><\/p><p><b>Artigo 1\u00ba<\/b><span style=\"font-weight: 400;\"> &#8211; Fica renovado, por tempo indeterminado, o Programa USP Cora\u00e7\u00e3o de M\u00e3e, que amplia o atendimento em obstetr\u00edcia de risco habitual no Hospital Universit\u00e1rio da Universidade de S\u00e3o Paulo.<\/span><\/p><p><b>Par\u00e1grafo \u00fanico<\/b><span style=\"font-weight: 400;\"> \u2013 A amplia\u00e7\u00e3o do atendimento em obstetr\u00edcia de risco habitual no Hospital Universit\u00e1rio de que trata o programa destina-se a pessoas que estejam gestantes, sejam vinculadas a pelo menos um membro da comunidade USP (servidores e estudantes) e n\u00e3o sejam contempladas pela resolu\u00e7\u00e3o 7043 de 17 de mar\u00e7o de 2015.<\/span><\/p><p><b>Artigo 2\u00ba<\/b><span style=\"font-weight: 400;\"> &#8211;\u00a0 A cobertura prevista no Programa USP Cora\u00e7\u00e3o de M\u00e3e abrange os protocolos adotados pela Se\u00e7\u00e3o de Obstetr\u00edcia do Hospital Universit\u00e1rio, compreendendo:<\/span><\/p><p><span style=\"font-weight: 400;\">I \u2013 Consultas de pr\u00e9-natal para gesta\u00e7\u00e3o de risco habitual;<\/span><\/p><p><span style=\"font-weight: 400;\">II \u2013 Parto, com interna\u00e7\u00e3o em enfermaria em alojamento conjunto;<\/span><\/p><p><span style=\"font-weight: 400;\">III \u2013 Consulta de puerp\u00e9rio.<\/span><\/p><ul><li><b> 1\u00ba<\/b><span style=\"font-weight: 400;\"> \u2013 Na data do parto, na hip\u00f3tese de n\u00e3o haver vaga dispon\u00edvel no Hospital Universit\u00e1rio, a pessoa gestante poder\u00e1 ser transferida para outro hospital vinculado ao SUS para a realiza\u00e7\u00e3o do parto;<\/span><\/li><li><b> 2\u00ba<\/b><span style=\"font-weight: 400;\"> \u2013 No decorrer das consultas de pr\u00e9-natal, na hip\u00f3tese de que seja identificada alguma doen\u00e7a materna ou altera\u00e7\u00e3o fetal, a pessoa gestante ser\u00e1 encaminhada para o Hospital das Cl\u00ednicas da Faculdade de Medicina da USP para dar continuidade ao pr\u00e9-natal. O parto e a consulta de puerp\u00e9rio, nestas situa\u00e7\u00f5es, poder\u00e3o ser realizados no HU-USP, mediante solicita\u00e7\u00e3o, por escrito, da equipe de sa\u00fade do Hospital das Cl\u00ednicas da Faculdade de Medicina da USP.<\/span><\/li><\/ul><p><b>Artigo 3\u00ba<\/b><span style=\"font-weight: 400;\"> &#8211; A efetiva\u00e7\u00e3o da inscri\u00e7\u00e3o no Programa USP Cora\u00e7\u00e3o de M\u00e3e est\u00e1 condicionada \u00e0 comprova\u00e7\u00e3o de que a gestante possui um dos seguintes v\u00ednculos com o membro da comunidade USP definido pela Resolu\u00e7\u00e3o 7043 de 2015:<\/span><\/p><p><span style=\"font-weight: 400;\">I &#8211; Ser filha (o), independentemente da idade;<\/span><\/p><p><span style=\"font-weight: 400;\">II &#8211; Ser neta (o);<\/span><\/p><p><span style=\"font-weight: 400;\">III &#8211; Ser c\u00f4njuge ou companheira (o) de filho (a) ou neto (a).<\/span><\/p><p><b>Par\u00e1grafo \u00fanico: <\/b><span style=\"font-weight: 400;\">Pessoas gestantes n\u00e3o contempladas neste artigo poder\u00e3o ser inscritas no programa, mediante an\u00e1lise individualizada do pedido.<\/span><\/p><p><b>Artigo 4\u00ba<\/b><span style=\"font-weight: 400;\"> \u2013 Para solicitar a inscri\u00e7\u00e3o da gestante no Programa USP Cora\u00e7\u00e3o de M\u00e3e<\/span><i><span style=\"font-weight: 400;\">, <\/span><\/i><span style=\"font-weight: 400;\">o membro da comunidade USP com o qual a pessoa gestante interessada possui v\u00ednculo dever\u00e1 manifestar interesse atrav\u00e9s de meio eletr\u00f4nico, de acordo com as seguintes etapas:\u00a0<\/span><\/p><p><span style=\"font-weight: 400;\">I &#8211; Envio de e-mail ao endere\u00e7o <\/span><a href=\"mailto:sauonline@usp.br\"><span style=\"font-weight: 400;\">sauonline@usp.br<\/span><\/a><span style=\"font-weight: 400;\"> com o assunto \u201cCora\u00e7\u00e3o de M\u00e3e\u201d, contendo os seguintes dados:\u00a0<\/span><\/p><ol><li style=\"font-weight: 400;\" aria-level=\"1\"><span style=\"font-weight: 400;\">Nome completo do membro da comunidade USP, n\u00famero USP, unidade de origem e natureza do v\u00ednculo com a pessoa gestante;<\/span><\/li><li style=\"font-weight: 400;\" aria-level=\"1\"><span style=\"font-weight: 400;\">Nome completo da pessoa gestante e idade gestacional, se souber.<\/span><\/li><\/ol><p><span style=\"font-weight: 400;\">II \u2013 A SAU responder\u00e1 ao e-mail com a rela\u00e7\u00e3o de documentos requeridos para a inscri\u00e7\u00e3o: formul\u00e1rio de cadastro HU que dever\u00e1 ser preenchido com os dados da gestante (anexo I) e o termo de ci\u00eancia de participa\u00e7\u00e3o no programa assinado pelo membro da comunidade USP e pela gestante (anexo II). Ser\u00e3o requeridas as seguintes c\u00f3pias de documentos da pessoa gestante e do membro da comunidade USP vinculado:<\/span><\/p><ol><li style=\"font-weight: 400;\" aria-level=\"1\"><span style=\"font-weight: 400;\">RG, CPF e Cart\u00e3o SUS da gestante;<\/span><\/li><li style=\"font-weight: 400;\" aria-level=\"1\"><span style=\"font-weight: 400;\">Cart\u00e3o USP do servidor ou aluno da comunidade USP que est\u00e1 solicitando a inscri\u00e7\u00e3o;<\/span><\/li><li style=\"font-weight: 400;\" aria-level=\"1\"><span style=\"font-weight: 400;\">Documento que comprove o v\u00ednculo.<\/span><\/li><\/ol><p><span style=\"font-weight: 400;\">III \u2013 Ap\u00f3s o recebimento por e-mail do formul\u00e1rio preenchido com os dados da gestante e da an\u00e1lise documental do v\u00ednculo (em at\u00e9 5 dias \u00fateis), a SAU encaminhar\u00e1 o formul\u00e1rio ao SAME para cadastro, abertura de matr\u00edcula e agendamento de consulta.<\/span><\/p><p><b>Par\u00e1grafo \u00fanico: <\/b><span style=\"font-weight: 400;\">Caber\u00e1 ao membro da comunidade USP a comprova\u00e7\u00e3o documental de seu v\u00ednculo com a pessoa gestante candidata \u00e0 inscri\u00e7\u00e3o no programa.<\/span><\/p><p><b>Artigo 5\u00ba<\/b><span style=\"font-weight: 400;\"> \u2013 A inscri\u00e7\u00e3o e participa\u00e7\u00e3o no Programa USP Cora\u00e7\u00e3o de M\u00e3e permite acesso unicamente ao atendimento obst\u00e9trico, nos termos do artigo 2\u00ba desta portaria, n\u00e3o gerando v\u00ednculo adicional de qualquer natureza com a Universidade de S\u00e3o Paulo ou com o Hospital Universit\u00e1rio.<\/span><\/p><p><b>Artigo 6\u00ba<\/b><span style=\"font-weight: 400;\"> \u2013 A gestante poder\u00e1, a qualquer momento, solicitar a cessa\u00e7\u00e3o de sua inscri\u00e7\u00e3o no programa.<\/span><\/p><p><b>Artigo 7\u00ba<\/b><span style=\"font-weight: 400;\"> \u2013 O encerramento da participa\u00e7\u00e3o no programa ocorrer\u00e1 ap\u00f3s a realiza\u00e7\u00e3o de consulta de puerp\u00e9rio descrita no artigo 2\u00ba.<\/span><\/p><p><b>Artigo 8\u00ba<\/b><span style=\"font-weight: 400;\"> &#8211; O Programa USP Cora\u00e7\u00e3o de M\u00e3e ser\u00e1 custeado com recursos or\u00e7ament\u00e1rios da Superintend\u00eancia de Sa\u00fade; os atendimentos relacionados ao mencionado programa ser\u00e3o ressarcidos ao Hospital Universit\u00e1rio pela SAU.<\/span><\/p><p><b>Artigo 9\u00ba<\/b><span style=\"font-weight: 400;\"> \u2013 O Programa USP Cora\u00e7\u00e3o de M\u00e3e ser\u00e1 periodicamente avaliado pela Superintend\u00eancia de Sa\u00fade e pela Superintend\u00eancia do Hospital Universit\u00e1rio. As avalia\u00e7\u00f5es ocorrer\u00e3o a cada 12 (doze) meses para assegurar a continuidade e a efic\u00e1cia do programa. Na hip\u00f3tese de encerramento do programa, todas as pessoas gestantes inscritas continuar\u00e3o tendo acesso aos servi\u00e7os previstos nesta portaria, at\u00e9 a conclus\u00e3o da realiza\u00e7\u00e3o da consulta de puerp\u00e9rio.<\/span><\/p><p><span style=\"font-weight: 400;\">Esta portaria entra em vigor na data de sua publica\u00e7\u00e3o e permanecer\u00e1 vigente at\u00e9 que nova portaria a revogue ou altere.<\/span><\/p><p><span style=\"font-weight: 400;\">Prof. Dr. Paulo Andrade Lotufo<\/span><\/p><p><span style=\"font-weight: 400;\">Superintendente<\/span><\/p><p><span style=\"font-weight: 400;\">Superintend\u00eancia de Sa\u00fade \u2013 SAU-USP<\/span><\/p><p><br \/><br \/><span style=\"font-weight: 400;\">Prof. Dr. Itamar de Souza Santos<\/span><\/p><p><span style=\"font-weight: 400;\">Superintendente substituto<\/span><\/p><p><span style=\"font-weight: 400;\">Hospital Universit\u00e1rio -HU-USP<\/span><\/p>\t\t\t\t\t\t<\/div>\n\t\t\t\t<\/div>\n\t\t\t\t\t<\/div>\n\t\t\t\t<\/div>\n\t\t<div class=\"elementor-element elementor-element-81998d3 e-flex e-con-boxed e-con e-parent\" data-id=\"81998d3\" data-element_type=\"container\">\n\t\t\t\t\t<div class=\"e-con-inner\">\n\t\t<div class=\"elementor-element elementor-element-e58917a e-con-full e-flex e-con e-child\" data-id=\"e58917a\" data-element_type=\"container\">\n\t\t\t\t<div class=\"elementor-element elementor-element-1a69d46 elementor-widget elementor-widget-image\" data-id=\"1a69d46\" data-element_type=\"widget\" data-widget_type=\"image.default\">\n\t\t\t\t<div class=\"elementor-widget-container\">\n\t\t\t\t\t\t\t\t\t\t\t\t\t<img decoding=\"async\" width=\"150\" height=\"150\" src=\"https:\/\/sites.usp.br\/coracaodemae\/wp-content\/uploads\/sites\/1230\/2023\/02\/Design-sem-nome-22-150x150.png\" class=\"attachment-thumbnail size-thumbnail wp-image-2953\" alt=\"\" srcset=\"https:\/\/sites.usp.br\/coracaodemae\/wp-content\/uploads\/sites\/1230\/2023\/02\/Design-sem-nome-22-150x150.png 150w, https:\/\/sites.usp.br\/coracaodemae\/wp-content\/uploads\/sites\/1230\/2023\/02\/Design-sem-nome-22-300x300.png 300w, https:\/\/sites.usp.br\/coracaodemae\/wp-content\/uploads\/sites\/1230\/2023\/02\/Design-sem-nome-22-1024x1024.png 1024w, https:\/\/sites.usp.br\/coracaodemae\/wp-content\/uploads\/sites\/1230\/2023\/02\/Design-sem-nome-22-768x768.png 768w, https:\/\/sites.usp.br\/coracaodemae\/wp-content\/uploads\/sites\/1230\/2023\/02\/Design-sem-nome-22-45x45.png 45w, https:\/\/sites.usp.br\/coracaodemae\/wp-content\/uploads\/sites\/1230\/2023\/02\/Design-sem-nome-22-200x200.png 200w, https:\/\/sites.usp.br\/coracaodemae\/wp-content\/uploads\/sites\/1230\/2023\/02\/Design-sem-nome-22-400x400.png 400w, https:\/\/sites.usp.br\/coracaodemae\/wp-content\/uploads\/sites\/1230\/2023\/02\/Design-sem-nome-22.png 1080w\" sizes=\"(max-width: 150px) 100vw, 150px\" \/>\t\t\t\t\t\t\t\t\t\t\t\t\t<\/div>\n\t\t\t\t<\/div>\n\t\t\t\t<\/div>\n\t\t<div class=\"elementor-element elementor-element-b7e881a e-con-full e-flex e-con e-child\" data-id=\"b7e881a\" data-element_type=\"container\">\n\t\t\t\t<div class=\"elementor-element elementor-element-01ea1e2 elementor-widget elementor-widget-image\" data-id=\"01ea1e2\" data-element_type=\"widget\" data-widget_type=\"image.default\">\n\t\t\t\t<div class=\"elementor-widget-container\">\n\t\t\t\t\t\t\t\t\t\t\t\t\t<img decoding=\"async\" width=\"150\" height=\"150\" src=\"https:\/\/sites.usp.br\/coracaodemae\/wp-content\/uploads\/sites\/1230\/2023\/02\/lo_colorido-removebg-preview-150x150.png\" class=\"attachment-thumbnail size-thumbnail wp-image-2955\" alt=\"\" srcset=\"https:\/\/sites.usp.br\/coracaodemae\/wp-content\/uploads\/sites\/1230\/2023\/02\/lo_colorido-removebg-preview-150x150.png 150w, https:\/\/sites.usp.br\/coracaodemae\/wp-content\/uploads\/sites\/1230\/2023\/02\/lo_colorido-removebg-preview-45x45.png 45w, https:\/\/sites.usp.br\/coracaodemae\/wp-content\/uploads\/sites\/1230\/2023\/02\/lo_colorido-removebg-preview-200x200.png 200w\" sizes=\"(max-width: 150px) 100vw, 150px\" \/>\t\t\t\t\t\t\t\t\t\t\t\t\t<\/div>\n\t\t\t\t<\/div>\n\t\t\t\t<\/div>\n\t\t\t\t\t<\/div>\n\t\t\t\t<\/div>\n\t\t\t\t<\/div>\n\t\t","protected":false},"excerpt":{"rendered":"<p>Como funciona? O \u201cPrograma USP Cora\u00e7\u00e3o de M\u00e3e\u201d, tem como finalidade a amplia\u00e7\u00e3o do atendimento em obstetr\u00edcia no Hospital Universit\u00e1rio na comunidade USP para al\u00e9m do p\u00fablico previsto na resolu\u00e7\u00e3o 7043, de 17 de mar\u00e7o de 2015. Para ser aceita no programa, a gestante precisa possuir v\u00ednculo com ao menos um membro da comunidade USP,&hellip;<\/p>\n","protected":false},"author":1335,"featured_media":0,"parent":0,"menu_order":0,"comment_status":"closed","ping_status":"closed","template":"elementor_canvas","meta":{"_monsterinsights_skip_tracking":false,"_monsterinsights_sitenote_active":false,"_monsterinsights_sitenote_note":"","_monsterinsights_sitenote_category":0,"footnotes":"","_links_to":"","_links_to_target":""},"class_list":["post-2922","page","type-page","status-publish","hentry","post"],"_links":{"self":[{"href":"https:\/\/sites.usp.br\/coracaodemae\/wp-json\/wp\/v2\/pages\/2922","targetHints":{"allow":["GET"]}}],"collection":[{"href":"https:\/\/sites.usp.br\/coracaodemae\/wp-json\/wp\/v2\/pages"}],"about":[{"href":"https:\/\/sites.usp.br\/coracaodemae\/wp-json\/wp\/v2\/types\/page"}],"author":[{"embeddable":true,"href":"https:\/\/sites.usp.br\/coracaodemae\/wp-json\/wp\/v2\/users\/1335"}],"replies":[{"embeddable":true,"href":"https:\/\/sites.usp.br\/coracaodemae\/wp-json\/wp\/v2\/comments?post=2922"}],"version-history":[{"count":4,"href":"https:\/\/sites.usp.br\/coracaodemae\/wp-json\/wp\/v2\/pages\/2922\/revisions"}],"predecessor-version":[{"id":3141,"href":"https:\/\/sites.usp.br\/coracaodemae\/wp-json\/wp\/v2\/pages\/2922\/revisions\/3141"}],"wp:attachment":[{"href":"https:\/\/sites.usp.br\/coracaodemae\/wp-json\/wp\/v2\/media?parent=2922"}],"curies":[{"name":"wp","href":"https:\/\/api.w.org\/{rel}","templated":true}]}}