{"id":14748,"date":"2025-07-08T09:58:26","date_gmt":"2025-07-08T11:58:26","guid":{"rendered":"https:\/\/sites.usp.br\/coralusp\/maintenance-page\/"},"modified":"2025-07-08T10:05:58","modified_gmt":"2025-07-08T12:05:58","slug":"maintenance-page","status":"publish","type":"page","link":"https:\/\/sites.usp.br\/coralusp\/","title":{"rendered":"Maintenance Page"},"content":{"rendered":"\r\n<div id=\"wp-block-themeisle-blocks-advanced-columns-0d617423\" class=\"wp-block-themeisle-blocks-advanced-columns alignfull has-1-columns has-desktop-equal-layout has-tablet-equal-layout has-mobile-equal-layout has-vertical-center\">\r\n<div class=\"wp-block-themeisle-blocks-advanced-columns-overlay\">\u00a0<\/div>\r\n<div class=\"innerblocks-wrap\">\r\n<div id=\"wp-block-themeisle-blocks-advanced-column-7a21d599\" class=\"wp-block-themeisle-blocks-advanced-column\">\r\n<h1 id=\"wp-block-themeisle-blocks-advanced-heading-84bfa495\" class=\"wp-block-themeisle-blocks-advanced-heading wp-block-themeisle-blocks-advanced-heading-84bfa495 animated fadeIn\">Site em manuten\u00e7\u00e3o<\/h1>\r\n\r\n\r\n\r\n\r\n\r\n<p id=\"wp-block-themeisle-blocks-advanced-heading-a458b450\" class=\"wp-block-themeisle-blocks-advanced-heading wp-block-themeisle-blocks-advanced-heading-a458b450\">Estamos em manuten\u00e7\u00e3o, agradecemos a compreens\u00e3o.<\/p>\r\n\r\n\r\n<\/div>\r\n<\/div>\r\n","protected":false},"excerpt":{"rendered":"","protected":false},"author":1,"featured_media":0,"parent":0,"menu_order":0,"comment_status":"closed","ping_status":"closed","template":"elementor_canvas","meta":{"footnotes":"","_links_to":"","_links_to_target":""},"class_list":["post-14748","page","type-page","status-publish","hentry"],"_links":{"self":[{"href":"https:\/\/sites.usp.br\/coralusp\/wp-json\/wp\/v2\/pages\/14748","targetHints":{"allow":["GET"]}}],"collection":[{"href":"https:\/\/sites.usp.br\/coralusp\/wp-json\/wp\/v2\/pages"}],"about":[{"href":"https:\/\/sites.usp.br\/coralusp\/wp-json\/wp\/v2\/types\/page"}],"author":[{"embeddable":true,"href":"https:\/\/sites.usp.br\/coralusp\/wp-json\/wp\/v2\/users\/1"}],"replies":[{"embeddable":true,"href":"https:\/\/sites.usp.br\/coralusp\/wp-json\/wp\/v2\/comments?post=14748"}],"version-history":[{"count":2,"href":"https:\/\/sites.usp.br\/coralusp\/wp-json\/wp\/v2\/pages\/14748\/revisions"}],"predecessor-version":[{"id":14750,"href":"https:\/\/sites.usp.br\/coralusp\/wp-json\/wp\/v2\/pages\/14748\/revisions\/14750"}],"wp:attachment":[{"href":"https:\/\/sites.usp.br\/coralusp\/wp-json\/wp\/v2\/media?parent=14748"}],"curies":[{"name":"wp","href":"https:\/\/api.w.org\/{rel}","templated":true}]}}