{"id":2678,"date":"2022-07-13T05:58:57","date_gmt":"2022-07-13T08:58:57","guid":{"rendered":"https:\/\/sites.usp.br\/corpuscarolina\/?page_id=2678"},"modified":"2024-01-08T16:25:38","modified_gmt":"2024-01-08T19:25:38","slug":"creditos","status":"publish","type":"page","link":"https:\/\/sites.usp.br\/corpuscarolina\/creditos\/","title":{"rendered":"Termos de uso e cr\u00e9ditos"},"content":{"rendered":"\t\t<div data-elementor-type=\"wp-page\" data-elementor-id=\"2678\" class=\"elementor elementor-2678\" data-elementor-post-type=\"page\">\n\t\t\t\t\t\t<section class=\"elementor-section elementor-top-section elementor-element elementor-element-4b06509 elementor-section-full_width elementor-hidden-tablet elementor-hidden-mobile elementor-section-height-default elementor-section-height-default\" data-id=\"4b06509\" data-element_type=\"section\" data-settings=\"{&quot;background_background&quot;:&quot;classic&quot;}\">\n\t\t\t\t\t\t<div class=\"elementor-container elementor-column-gap-default\">\n\t\t\t\t\t<div class=\"elementor-column elementor-col-50 elementor-top-column elementor-element elementor-element-7dacac8\" data-id=\"7dacac8\" data-element_type=\"column\">\n\t\t\t<div class=\"elementor-widget-wrap\">\n\t\t\t\t\t\t\t<\/div>\n\t\t<\/div>\n\t\t\t\t<div class=\"elementor-column elementor-col-50 elementor-top-column elementor-element elementor-element-4091a4e rosa\" data-id=\"4091a4e\" data-element_type=\"column\">\n\t\t\t<div class=\"elementor-widget-wrap elementor-element-populated\">\n\t\t\t\t\t\t<section class=\"elementor-section elementor-inner-section elementor-element elementor-element-acc2632 rosa elementor-section-boxed elementor-section-height-default elementor-section-height-default\" data-id=\"acc2632\" data-element_type=\"section\" data-settings=\"{&quot;background_background&quot;:&quot;classic&quot;}\">\n\t\t\t\t\t\t<div class=\"elementor-container elementor-column-gap-default\">\n\t\t\t\t\t<div class=\"elementor-column elementor-col-50 elementor-inner-column elementor-element elementor-element-aede388\" data-id=\"aede388\" data-element_type=\"column\" data-settings=\"{&quot;background_background&quot;:&quot;classic&quot;}\">\n\t\t\t<div class=\"elementor-widget-wrap elementor-element-populated\">\n\t\t\t\t\t\t<div class=\"elementor-element elementor-element-e48001c elementor-nav-menu__align-justify elementor-nav-menu--dropdown-tablet elementor-nav-menu__text-align-aside elementor-nav-menu--toggle elementor-nav-menu--burger elementor-widget elementor-widget-nav-menu\" data-id=\"e48001c\" data-element_type=\"widget\" data-settings=\"{&quot;layout&quot;:&quot;horizontal&quot;,&quot;submenu_icon&quot;:{&quot;value&quot;:&quot;&lt;i class=\\&quot;fas fa-caret-down\\&quot;&gt;&lt;\\\/i&gt;&quot;,&quot;library&quot;:&quot;fa-solid&quot;},&quot;toggle&quot;:&quot;burger&quot;}\" data-widget_type=\"nav-menu.default\">\n\t\t\t\t<div class=\"elementor-widget-container\">\n\t\t\t\t\t\t<nav aria-label=\"Menu\" class=\"elementor-nav-menu--main elementor-nav-menu__container elementor-nav-menu--layout-horizontal e--pointer-background e--animation-fade\">\n\t\t\t\t<ul id=\"menu-1-e48001c\" class=\"elementor-nav-menu\"><li class=\"menu-item menu-item-type-post_type menu-item-object-page menu-item-2871\"><a href=\"https:\/\/sites.usp.br\/corpuscarolina\/corpus\/\" class=\"elementor-item\">Download<\/a><\/li>\n<\/ul>\t\t\t<\/nav>\n\t\t\t\t\t<div class=\"elementor-menu-toggle\" role=\"button\" tabindex=\"0\" aria-label=\"Alternar menu\" aria-expanded=\"false\">\n\t\t\t<i aria-hidden=\"true\" role=\"presentation\" class=\"elementor-menu-toggle__icon--open eicon-menu-bar\"><\/i><i aria-hidden=\"true\" role=\"presentation\" class=\"elementor-menu-toggle__icon--close eicon-close\"><\/i>\t\t\t<span class=\"elementor-screen-only\">Menu<\/span>\n\t\t<\/div>\n\t\t\t\t\t<nav class=\"elementor-nav-menu--dropdown elementor-nav-menu__container\" aria-hidden=\"true\">\n\t\t\t\t<ul id=\"menu-2-e48001c\" class=\"elementor-nav-menu\"><li class=\"menu-item menu-item-type-post_type menu-item-object-page menu-item-2871\"><a href=\"https:\/\/sites.usp.br\/corpuscarolina\/corpus\/\" class=\"elementor-item\" tabindex=\"-1\">Download<\/a><\/li>\n<\/ul>\t\t\t<\/nav>\n\t\t\t\t<\/div>\n\t\t\t\t<\/div>\n\t\t\t\t\t<\/div>\n\t\t<\/div>\n\t\t\t\t<div class=\"elementor-column elementor-col-50 elementor-inner-column elementor-element elementor-element-bb2459e\" data-id=\"bb2459e\" data-element_type=\"column\" data-settings=\"{&quot;background_background&quot;:&quot;classic&quot;}\">\n\t\t\t<div class=\"elementor-widget-wrap elementor-element-populated\">\n\t\t\t\t\t\t<div class=\"elementor-element elementor-element-369356d elementor-nav-menu__align-justify elementor-nav-menu--dropdown-tablet elementor-nav-menu__text-align-aside elementor-nav-menu--toggle elementor-nav-menu--burger elementor-widget elementor-widget-nav-menu\" data-id=\"369356d\" data-element_type=\"widget\" data-settings=\"{&quot;layout&quot;:&quot;horizontal&quot;,&quot;submenu_icon&quot;:{&quot;value&quot;:&quot;&lt;i class=\\&quot;fas fa-caret-down\\&quot;&gt;&lt;\\\/i&gt;&quot;,&quot;library&quot;:&quot;fa-solid&quot;},&quot;toggle&quot;:&quot;burger&quot;}\" data-widget_type=\"nav-menu.default\">\n\t\t\t\t<div class=\"elementor-widget-container\">\n\t\t\t\t\t\t<nav aria-label=\"Menu\" class=\"elementor-nav-menu--main elementor-nav-menu__container elementor-nav-menu--layout-horizontal e--pointer-background e--animation-fade\">\n\t\t\t\t<ul id=\"menu-1-369356d\" class=\"elementor-nav-menu\"><li class=\"menu-item menu-item-type-post_type menu-item-object-page menu-item-2885\"><a href=\"https:\/\/sites.usp.br\/corpuscarolina\/documenta\/\" class=\"elementor-item\">Documenta\u00e7\u00e3o<\/a><\/li>\n<\/ul>\t\t\t<\/nav>\n\t\t\t\t\t<div class=\"elementor-menu-toggle\" role=\"button\" tabindex=\"0\" aria-label=\"Alternar menu\" aria-expanded=\"false\">\n\t\t\t<i aria-hidden=\"true\" role=\"presentation\" class=\"elementor-menu-toggle__icon--open eicon-menu-bar\"><\/i><i aria-hidden=\"true\" role=\"presentation\" class=\"elementor-menu-toggle__icon--close eicon-close\"><\/i>\t\t\t<span class=\"elementor-screen-only\">Menu<\/span>\n\t\t<\/div>\n\t\t\t\t\t<nav class=\"elementor-nav-menu--dropdown elementor-nav-menu__container\" aria-hidden=\"true\">\n\t\t\t\t<ul id=\"menu-2-369356d\" class=\"elementor-nav-menu\"><li class=\"menu-item menu-item-type-post_type menu-item-object-page menu-item-2885\"><a href=\"https:\/\/sites.usp.br\/corpuscarolina\/documenta\/\" class=\"elementor-item\" tabindex=\"-1\">Documenta\u00e7\u00e3o<\/a><\/li>\n<\/ul>\t\t\t<\/nav>\n\t\t\t\t<\/div>\n\t\t\t\t<\/div>\n\t\t\t\t\t<\/div>\n\t\t<\/div>\n\t\t\t\t\t<\/div>\n\t\t<\/section>\n\t\t\t\t\t<\/div>\n\t\t<\/div>\n\t\t\t\t\t<\/div>\n\t\t<\/section>\n\t\t\t\t<section class=\"elementor-section elementor-top-section elementor-element elementor-element-73510ab elementor-section-full_width elementor-section-height-default elementor-section-height-default\" data-id=\"73510ab\" data-element_type=\"section\">\n\t\t\t\t\t\t<div class=\"elementor-container elementor-column-gap-default\">\n\t\t\t\t\t<div class=\"elementor-column elementor-col-50 elementor-top-column elementor-element elementor-element-6f63080 verde\" data-id=\"6f63080\" data-element_type=\"column\">\n\t\t\t<div class=\"elementor-widget-wrap elementor-element-populated\">\n\t\t\t\t\t\t<div class=\"elementor-element elementor-element-1cbd850 elementor-widget elementor-widget-heading\" data-id=\"1cbd850\" data-element_type=\"widget\" data-widget_type=\"heading.default\">\n\t\t\t\t<div class=\"elementor-widget-container\">\n\t\t\t<h1 class=\"elementor-heading-title elementor-size-default\">Termos de uso<\/h1>\t\t<\/div>\n\t\t\t\t<\/div>\n\t\t\t\t<div class=\"elementor-element elementor-element-07ffbc6 elementor-widget elementor-widget-text-editor\" data-id=\"07ffbc6\" data-element_type=\"widget\" data-widget_type=\"text-editor.default\">\n\t\t\t\t<div class=\"elementor-widget-container\">\n\t\t\t\t\t\t\t<!-- O Carolina foi compilado para fins acad\u00eamicos, nomeadamente an\u00e1lise lingu\u00edstica e computacional. -->\n\nO Carolina \u00e9 composto por textos reunidos em diversos reposit\u00f3rios digitais, cujas licen\u00e7as s\u00e3o m\u00faltiplas e, portanto, devem ser estritamente observadas ao fazer uso do corpus.\n\n<!--<a class=\"white-blue\" title=\"veja aqui uma lista das fontes da vers\u00e3o 1.1\" href=\"https:\/\/sites.usp.br\/corpuscarolina\/repositorios\"><\/a>-->\t\t\t\t\t\t<\/div>\n\t\t\t\t<\/div>\n\t\t\t\t<div class=\"elementor-element elementor-element-de90236 elementor-widget elementor-widget-text-editor\" data-id=\"de90236\" data-element_type=\"widget\" data-widget_type=\"text-editor.default\">\n\t\t\t\t<div class=\"elementor-widget-container\">\n\t\t\t\t\t\t\t<p>As licen\u00e7as espec\u00edficas de cada documento inclu\u00eddo no Corpus est\u00e3o detalhadas em seus metadados. H\u00e1 desde licen\u00e7as amplas de dom\u00ednio p\u00fablico at\u00e9 licen\u00e7as de compartilhamento parcial com restri\u00e7\u00f5es quanto ao uso comercial. Nenhum documento sem licen\u00e7a de compartilhamento foi inclu\u00eddo no Corpus.<\/p>\t\t\t\t\t\t<\/div>\n\t\t\t\t<\/div>\n\t\t\t\t<div class=\"elementor-element elementor-element-f246738 elementor-widget elementor-widget-text-editor\" data-id=\"f246738\" data-element_type=\"widget\" data-widget_type=\"text-editor.default\">\n\t\t\t\t<div class=\"elementor-widget-container\">\n\t\t\t\t\t\t\tO cabe\u00e7alho do Corpus est\u00e1 sob a licen\u00e7a de compartilhamento <strong>Creative Commons Atribui\u00e7\u00e3o-N\u00e3oComercial-CompartilhaIgual 4.0 Internacional (CC BY-NC-SA 4.0)<\/strong>, detalhada em <a class=\"white-yellow\" href=\"http:\/\/creativecommons.org\/licenses\/by-nc-sa\/4.0\/\" rel=\"license\">https:\/\/creativecommons.org\/licenses\/by-nc-sa\/4.0<\/a>.\t\t\t\t\t\t<\/div>\n\t\t\t\t<\/div>\n\t\t\t\t\t<\/div>\n\t\t<\/div>\n\t\t\t\t<div class=\"elementor-column elementor-col-50 elementor-top-column elementor-element elementor-element-45daacb rosa_forte\" data-id=\"45daacb\" data-element_type=\"column\" data-settings=\"{&quot;background_background&quot;:&quot;classic&quot;}\">\n\t\t\t<div class=\"elementor-widget-wrap elementor-element-populated\">\n\t\t\t\t\t\t<section class=\"elementor-section elementor-inner-section elementor-element elementor-element-32dd6a8 no-screen elementor-section-boxed elementor-section-height-default elementor-section-height-default\" data-id=\"32dd6a8\" data-element_type=\"section\">\n\t\t\t\t\t\t<div class=\"elementor-container elementor-column-gap-default\">\n\t\t\t\t\t<div class=\"elementor-column elementor-col-100 elementor-inner-column elementor-element elementor-element-5658105\" data-id=\"5658105\" data-element_type=\"column\">\n\t\t\t<div class=\"elementor-widget-wrap elementor-element-populated\">\n\t\t\t\t\t\t<div class=\"elementor-element elementor-element-1386c3d elementor-widget elementor-widget-text-editor\" data-id=\"1386c3d\" data-element_type=\"widget\" data-widget_type=\"text-editor.default\">\n\t\t\t\t<div class=\"elementor-widget-container\">\n\t\t\t\t\t\t\t<p style=\"text-align: left;\"><a class=\"white-blue\" href=\"http:\/\/creativecommons.org\/licenses\/by-nc-sa\/4.0\/\" rel=\"license\"> Creative Commons<br \/>Attribution-NonCommercial-ShareAlike 4.0<br \/>International License<\/a><\/p>\t\t\t\t\t\t<\/div>\n\t\t\t\t<\/div>\n\t\t\t\t\t<\/div>\n\t\t<\/div>\n\t\t\t\t\t<\/div>\n\t\t<\/section>\n\t\t\t\t<section class=\"elementor-section elementor-inner-section elementor-element elementor-element-e5271a7 elementor-section-full_width elementor-section-height-default elementor-section-height-default\" data-id=\"e5271a7\" data-element_type=\"section\" data-settings=\"{&quot;background_background&quot;:&quot;classic&quot;}\">\n\t\t\t\t\t\t<div class=\"elementor-container elementor-column-gap-default\">\n\t\t\t\t\t<div class=\"elementor-column elementor-col-100 elementor-inner-column elementor-element elementor-element-af19bf8\" data-id=\"af19bf8\" data-element_type=\"column\">\n\t\t\t<div class=\"elementor-widget-wrap elementor-element-populated\">\n\t\t\t\t\t\t<div class=\"elementor-element elementor-element-fcf933d elementor-widget elementor-widget-heading\" data-id=\"fcf933d\" data-element_type=\"widget\" data-widget_type=\"heading.default\">\n\t\t\t\t<div class=\"elementor-widget-container\">\n\t\t\t<h1 class=\"elementor-heading-title elementor-size-default\">Cr\u00e9ditos<\/h1>\t\t<\/div>\n\t\t\t\t<\/div>\n\t\t\t\t<div class=\"elementor-element elementor-element-bca6073 elementor-widget elementor-widget-heading\" data-id=\"bca6073\" data-element_type=\"widget\" data-widget_type=\"heading.default\">\n\t\t\t\t<div class=\"elementor-widget-container\">\n\t\t\t<h1 class=\"elementor-heading-title elementor-size-default\">Como citar:<\/h1>\t\t<\/div>\n\t\t\t\t<\/div>\n\t\t\t\t<div class=\"elementor-element elementor-element-7cbf547 elementor-widget elementor-widget-text-editor\" data-id=\"7cbf547\" data-element_type=\"widget\" data-widget_type=\"text-editor.default\">\n\t\t\t\t<div class=\"elementor-widget-container\">\n\t\t\t\t\t\t\t<p style=\"text-align: left;\"><span style=\"font-size: 14px;\">Crespo, Maria Clara Ramos Morales; Rocha, Maria Lina de Souza Jeannine; Sturzeneker, Mariana Louren\u00e7o; Serras, Felipe Ribas; Mello, Guilherme Lamartine de; Costa, Aline Silva; Palma, Mayara Feliciano; Mesquita, Renata Morais; Guets, Raquel de Paula; Silva, Mariana Marques da; Finger, Marcelo; Paix\u00e3o de Sousa, Maria Clara; Namiuti, Cristiane; Monte, Vanessa Martins do. 2023. Carolina: a General Corpus of Contemporary Brazilian Portuguese with Provenance, Typology and Versioning Information. <strong>arXiv preprint arXiv:2303.16098<\/strong>. Dispon\u00edvel em: https:\/\/arxiv.org\/abs\/2303.16098.<\/span><\/p>\t\t\t\t\t\t<\/div>\n\t\t\t\t<\/div>\n\t\t\t\t\t<\/div>\n\t\t<\/div>\n\t\t\t\t\t<\/div>\n\t\t<\/section>\n\t\t\t\t<section class=\"elementor-section elementor-inner-section elementor-element elementor-element-869db7e elementor-section-full_width elementor-section-height-default elementor-section-height-default\" data-id=\"869db7e\" data-element_type=\"section\" data-settings=\"{&quot;background_background&quot;:&quot;classic&quot;}\">\n\t\t\t\t\t\t<div class=\"elementor-container elementor-column-gap-default\">\n\t\t\t\t\t<div class=\"elementor-column elementor-col-25 elementor-inner-column elementor-element elementor-element-6c6af9a\" data-id=\"6c6af9a\" data-element_type=\"column\">\n\t\t\t<div class=\"elementor-widget-wrap elementor-element-populated\">\n\t\t\t\t\t\t<div class=\"elementor-element elementor-element-27f984c elementor-widget elementor-widget-image\" data-id=\"27f984c\" data-element_type=\"widget\" data-widget_type=\"image.default\">\n\t\t\t\t<div class=\"elementor-widget-container\">\n\t\t\t\t\t\t\t\t\t\t\t\t\t\t<a href=\"http:\/\/creativecommons.org\/licenses\/by-nc-sa\/4.0\/\" target=\"_blank\" title=\"Creative Commons Attribution-NonCommercial-ShareAlike 4.0 International License\">\n\t\t\t\t\t\t\t<img decoding=\"async\" width=\"124\" height=\"124\" src=\"https:\/\/sites.usp.br\/corpuscarolina\/wp-content\/uploads\/sites\/1050\/2023\/03\/CreativeCommons_cc_icon_white_x2.png\" class=\"attachment-thumbnail size-thumbnail wp-image-3123\" alt=\"\" srcset=\"https:\/\/sites.usp.br\/corpuscarolina\/wp-content\/uploads\/sites\/1050\/2023\/03\/CreativeCommons_cc_icon_white_x2.png 124w, https:\/\/sites.usp.br\/corpuscarolina\/wp-content\/uploads\/sites\/1050\/2023\/03\/CreativeCommons_cc_icon_white_x2-45x45.png 45w\" sizes=\"(max-width: 124px) 100vw, 124px\" \/>\t\t\t\t\t\t\t\t<\/a>\n\t\t\t\t\t\t\t\t\t\t\t\t\t<\/div>\n\t\t\t\t<\/div>\n\t\t\t\t\t<\/div>\n\t\t<\/div>\n\t\t\t\t<div class=\"elementor-column elementor-col-25 elementor-inner-column elementor-element elementor-element-51dece5\" data-id=\"51dece5\" data-element_type=\"column\">\n\t\t\t<div class=\"elementor-widget-wrap elementor-element-populated\">\n\t\t\t\t\t\t<div class=\"elementor-element elementor-element-5dc04aa elementor-widget elementor-widget-image\" data-id=\"5dc04aa\" data-element_type=\"widget\" data-widget_type=\"image.default\">\n\t\t\t\t<div class=\"elementor-widget-container\">\n\t\t\t\t\t\t\t\t\t\t\t\t\t\t<a href=\"http:\/\/creativecommons.org\/licenses\/by-nc-sa\/4.0\/\" target=\"_blank\" title=\"Creative Commons Attribution-NonCommercial-ShareAlike 4.0 International License\">\n\t\t\t\t\t\t\t<img decoding=\"async\" width=\"124\" height=\"124\" src=\"https:\/\/sites.usp.br\/corpuscarolina\/wp-content\/uploads\/sites\/1050\/2023\/03\/CreativeCommons_attribution_icon_white_x2.png\" class=\"attachment-thumbnail size-thumbnail wp-image-3124\" alt=\"\" srcset=\"https:\/\/sites.usp.br\/corpuscarolina\/wp-content\/uploads\/sites\/1050\/2023\/03\/CreativeCommons_attribution_icon_white_x2.png 124w, https:\/\/sites.usp.br\/corpuscarolina\/wp-content\/uploads\/sites\/1050\/2023\/03\/CreativeCommons_attribution_icon_white_x2-45x45.png 45w\" sizes=\"(max-width: 124px) 100vw, 124px\" \/>\t\t\t\t\t\t\t\t<\/a>\n\t\t\t\t\t\t\t\t\t\t\t\t\t<\/div>\n\t\t\t\t<\/div>\n\t\t\t\t\t<\/div>\n\t\t<\/div>\n\t\t\t\t<div class=\"elementor-column elementor-col-25 elementor-inner-column elementor-element elementor-element-46f6066\" data-id=\"46f6066\" data-element_type=\"column\">\n\t\t\t<div class=\"elementor-widget-wrap elementor-element-populated\">\n\t\t\t\t\t\t<div class=\"elementor-element elementor-element-31f36bc elementor-widget elementor-widget-image\" data-id=\"31f36bc\" data-element_type=\"widget\" data-widget_type=\"image.default\">\n\t\t\t\t<div class=\"elementor-widget-container\">\n\t\t\t\t\t\t\t\t\t\t\t\t\t\t<a href=\"http:\/\/creativecommons.org\/licenses\/by-nc-sa\/4.0\/\" target=\"_blank\" title=\"Creative Commons Attribution-NonCommercial-ShareAlike 4.0 International License\">\n\t\t\t\t\t\t\t<img decoding=\"async\" width=\"125\" height=\"125\" src=\"https:\/\/sites.usp.br\/corpuscarolina\/wp-content\/uploads\/sites\/1050\/2023\/03\/CreativeCommons_nc_white_x2.png\" class=\"attachment-thumbnail size-thumbnail wp-image-3125\" alt=\"\" srcset=\"https:\/\/sites.usp.br\/corpuscarolina\/wp-content\/uploads\/sites\/1050\/2023\/03\/CreativeCommons_nc_white_x2.png 125w, https:\/\/sites.usp.br\/corpuscarolina\/wp-content\/uploads\/sites\/1050\/2023\/03\/CreativeCommons_nc_white_x2-45x45.png 45w\" sizes=\"(max-width: 125px) 100vw, 125px\" \/>\t\t\t\t\t\t\t\t<\/a>\n\t\t\t\t\t\t\t\t\t\t\t\t\t<\/div>\n\t\t\t\t<\/div>\n\t\t\t\t\t<\/div>\n\t\t<\/div>\n\t\t\t\t<div class=\"elementor-column elementor-col-25 elementor-inner-column elementor-element elementor-element-9319ea5\" data-id=\"9319ea5\" data-element_type=\"column\">\n\t\t\t<div class=\"elementor-widget-wrap elementor-element-populated\">\n\t\t\t\t\t\t<div class=\"elementor-element elementor-element-df3d318 elementor-widget elementor-widget-image\" data-id=\"df3d318\" data-element_type=\"widget\" data-widget_type=\"image.default\">\n\t\t\t\t<div class=\"elementor-widget-container\">\n\t\t\t\t\t\t\t\t\t\t\t\t\t\t<a href=\"http:\/\/creativecommons.org\/licenses\/by-nc-sa\/4.0\/\" target=\"_blank\" title=\"Creative Commons Attribution-NonCommercial-ShareAlike 4.0 International License\">\n\t\t\t\t\t\t\t<img loading=\"lazy\" decoding=\"async\" width=\"125\" height=\"125\" src=\"https:\/\/sites.usp.br\/corpuscarolina\/wp-content\/uploads\/sites\/1050\/2023\/03\/CreativeCommons_sa_white_x2.png\" class=\"attachment-thumbnail size-thumbnail wp-image-3126\" alt=\"\" srcset=\"https:\/\/sites.usp.br\/corpuscarolina\/wp-content\/uploads\/sites\/1050\/2023\/03\/CreativeCommons_sa_white_x2.png 125w, https:\/\/sites.usp.br\/corpuscarolina\/wp-content\/uploads\/sites\/1050\/2023\/03\/CreativeCommons_sa_white_x2-45x45.png 45w\" sizes=\"(max-width: 125px) 100vw, 125px\" \/>\t\t\t\t\t\t\t\t<\/a>\n\t\t\t\t\t\t\t\t\t\t\t\t\t<\/div>\n\t\t\t\t<\/div>\n\t\t\t\t\t<\/div>\n\t\t<\/div>\n\t\t\t\t\t<\/div>\n\t\t<\/section>\n\t\t\t\t\t<\/div>\n\t\t<\/div>\n\t\t\t\t\t<\/div>\n\t\t<\/section>\n\t\t\t\t<section class=\"elementor-section elementor-top-section elementor-element elementor-element-f98510c elementor-section-full_width no-screen  elementor-section-height-default elementor-section-height-default\" data-id=\"f98510c\" data-element_type=\"section\">\n\t\t\t\t\t\t<div class=\"elementor-container elementor-column-gap-default\">\n\t\t\t\t\t<div class=\"elementor-column elementor-col-50 elementor-top-column elementor-element elementor-element-c2299f8\" data-id=\"c2299f8\" data-element_type=\"column\" data-settings=\"{&quot;background_background&quot;:&quot;classic&quot;}\">\n\t\t\t<div class=\"elementor-widget-wrap\">\n\t\t\t\t\t\t\t<\/div>\n\t\t<\/div>\n\t\t\t\t<div class=\"elementor-column elementor-col-50 elementor-top-column elementor-element elementor-element-eb8a472\" data-id=\"eb8a472\" data-element_type=\"column\" data-settings=\"{&quot;background_background&quot;:&quot;classic&quot;}\">\n\t\t\t<div class=\"elementor-widget-wrap elementor-element-populated\">\n\t\t\t\t\t\t<div class=\"elementor-element elementor-element-bf14e2d elementor-widget elementor-widget-image\" data-id=\"bf14e2d\" data-element_type=\"widget\" data-widget_type=\"image.default\">\n\t\t\t\t<div class=\"elementor-widget-container\">\n\t\t\t\t\t\t\t\t\t\t\t\t\t\t<a href=\"http:\/\/creativecommons.org\/licenses\/by-nc-sa\/4.0\/\" target=\"_blank\">\n\t\t\t\t\t\t\t<img loading=\"lazy\" decoding=\"async\" width=\"300\" height=\"105\" src=\"https:\/\/sites.usp.br\/corpuscarolina\/wp-content\/uploads\/sites\/1050\/2022\/07\/by-nc-sa-300x105.png\" class=\"attachment-medium size-medium wp-image-2760\" alt=\"title|Creative Commons Attribution-NonCommercial-ShareAlike 4.0 International License\" srcset=\"https:\/\/sites.usp.br\/corpuscarolina\/wp-content\/uploads\/sites\/1050\/2022\/07\/by-nc-sa-300x105.png 300w, https:\/\/sites.usp.br\/corpuscarolina\/wp-content\/uploads\/sites\/1050\/2022\/07\/by-nc-sa-400x140.png 400w, https:\/\/sites.usp.br\/corpuscarolina\/wp-content\/uploads\/sites\/1050\/2022\/07\/by-nc-sa.png 403w\" sizes=\"(max-width: 300px) 100vw, 300px\" \/>\t\t\t\t\t\t\t\t<\/a>\n\t\t\t\t\t\t\t\t\t\t\t\t\t<\/div>\n\t\t\t\t<\/div>\n\t\t\t\t\t<\/div>\n\t\t<\/div>\n\t\t\t\t\t<\/div>\n\t\t<\/section>\n\t\t\t\t<\/div>\n\t\t","protected":false},"excerpt":{"rendered":"<p>Termos de uso O Carolina \u00e9 composto por textos reunidos em diversos reposit\u00f3rios digitais, cujas licen\u00e7as s\u00e3o m\u00faltiplas e, portanto, devem ser estritamente observadas ao fazer uso do corpus. As licen\u00e7as espec\u00edficas de cada documento inclu\u00eddo no Corpus est\u00e3o detalhadas em seus metadados. H\u00e1 desde licen\u00e7as amplas de dom\u00ednio p\u00fablico at\u00e9 licen\u00e7as de compartilhamento parcial [&hellip;]<\/p>\n","protected":false},"author":21866,"featured_media":0,"parent":0,"menu_order":0,"comment_status":"closed","ping_status":"closed","template":"elementor_header_footer","meta":{"_monsterinsights_skip_tracking":false,"_monsterinsights_sitenote_active":false,"_monsterinsights_sitenote_note":"","_monsterinsights_sitenote_category":0,"ocean_post_layout":"","ocean_both_sidebars_style":"","ocean_both_sidebars_content_width":0,"ocean_both_sidebars_sidebars_width":0,"ocean_sidebar":"0","ocean_second_sidebar":"0","ocean_disable_margins":"enable","ocean_add_body_class":"","ocean_shortcode_before_top_bar":"","ocean_shortcode_after_top_bar":"","ocean_shortcode_before_header":"","ocean_shortcode_after_header":"","ocean_has_shortcode":"","ocean_shortcode_after_title":"","ocean_shortcode_before_footer_widgets":"","ocean_shortcode_after_footer_widgets":"","ocean_shortcode_before_footer_bottom":"","ocean_shortcode_after_footer_bottom":"","ocean_display_top_bar":"default","ocean_display_header":"default","ocean_header_style":"","ocean_center_header_left_menu":"0","ocean_custom_header_template":"0","ocean_custom_logo":0,"ocean_custom_retina_logo":0,"ocean_custom_logo_max_width":0,"ocean_custom_logo_tablet_max_width":0,"ocean_custom_logo_mobile_max_width":0,"ocean_custom_logo_max_height":0,"ocean_custom_logo_tablet_max_height":0,"ocean_custom_logo_mobile_max_height":0,"ocean_header_custom_menu":"0","ocean_menu_typo_font_family":"0","ocean_menu_typo_font_subset":"","ocean_menu_typo_font_size":0,"ocean_menu_typo_font_size_tablet":0,"ocean_menu_typo_font_size_mobile":0,"ocean_menu_typo_font_size_unit":"px","ocean_menu_typo_font_weight":"","ocean_menu_typo_font_weight_tablet":"","ocean_menu_typo_font_weight_mobile":"","ocean_menu_typo_transform":"","ocean_menu_typo_transform_tablet":"","ocean_menu_typo_transform_mobile":"","ocean_menu_typo_line_height":0,"ocean_menu_typo_line_height_tablet":0,"ocean_menu_typo_line_height_mobile":0,"ocean_menu_typo_line_height_unit":"","ocean_menu_typo_spacing":0,"ocean_menu_typo_spacing_tablet":0,"ocean_menu_typo_spacing_mobile":0,"ocean_menu_typo_spacing_unit":"","ocean_menu_link_color":"","ocean_menu_link_color_hover":"","ocean_menu_link_color_active":"","ocean_menu_link_background":"","ocean_menu_link_hover_background":"","ocean_menu_link_active_background":"","ocean_menu_social_links_bg":"","ocean_menu_social_hover_links_bg":"","ocean_menu_social_links_color":"","ocean_menu_social_hover_links_color":"","ocean_disable_title":"default","ocean_disable_heading":"default","ocean_post_title":"","ocean_post_subheading":"","ocean_post_title_style":"","ocean_post_title_background_color":"","ocean_post_title_background":0,"ocean_post_title_bg_image_position":"","ocean_post_title_bg_image_attachment":"","ocean_post_title_bg_image_repeat":"","ocean_post_title_bg_image_size":"","ocean_post_title_height":0,"ocean_post_title_bg_overlay":0.5,"ocean_post_title_bg_overlay_color":"","ocean_disable_breadcrumbs":"default","ocean_breadcrumbs_color":"","ocean_breadcrumbs_separator_color":"","ocean_breadcrumbs_links_color":"","ocean_breadcrumbs_links_hover_color":"","ocean_display_footer_widgets":"default","ocean_display_footer_bottom":"default","ocean_custom_footer_template":"0","footnotes":"","_links_to":"","_links_to_target":""},"class_list":["post-2678","page","type-page","status-publish","hentry","entry"],"_links":{"self":[{"href":"https:\/\/sites.usp.br\/corpuscarolina\/wp-json\/wp\/v2\/pages\/2678","targetHints":{"allow":["GET"]}}],"collection":[{"href":"https:\/\/sites.usp.br\/corpuscarolina\/wp-json\/wp\/v2\/pages"}],"about":[{"href":"https:\/\/sites.usp.br\/corpuscarolina\/wp-json\/wp\/v2\/types\/page"}],"author":[{"embeddable":true,"href":"https:\/\/sites.usp.br\/corpuscarolina\/wp-json\/wp\/v2\/users\/21866"}],"replies":[{"embeddable":true,"href":"https:\/\/sites.usp.br\/corpuscarolina\/wp-json\/wp\/v2\/comments?post=2678"}],"version-history":[{"count":5,"href":"https:\/\/sites.usp.br\/corpuscarolina\/wp-json\/wp\/v2\/pages\/2678\/revisions"}],"predecessor-version":[{"id":3430,"href":"https:\/\/sites.usp.br\/corpuscarolina\/wp-json\/wp\/v2\/pages\/2678\/revisions\/3430"}],"wp:attachment":[{"href":"https:\/\/sites.usp.br\/corpuscarolina\/wp-json\/wp\/v2\/media?parent=2678"}],"curies":[{"name":"wp","href":"https:\/\/api.w.org\/{rel}","templated":true}]}}