{"id":1048,"date":"2021-02-02T17:08:45","date_gmt":"2021-02-02T20:08:45","guid":{"rendered":"http:\/\/sites.usp.br\/cosmos\/?page_id=1048"},"modified":"2021-03-01T21:36:52","modified_gmt":"2021-03-02T00:36:52","slug":"prg0004-turma-enactus","status":"publish","type":"page","link":"https:\/\/sites.usp.br\/cosmos\/prg0004-turma-enactus\/","title":{"rendered":"PRG0004 &#8211; Turma Enactus"},"content":{"rendered":"<p><a href=\"https:\/\/sites.usp.br\/cosmos\/wp-content\/uploads\/sites\/695\/2021\/02\/slider02h.jpg\"><img fetchpriority=\"high\" decoding=\"async\" class=\"aligncenter wp-image-1149\" src=\"https:\/\/sites.usp.br\/cosmos\/wp-content\/uploads\/sites\/695\/2021\/02\/slider02h-1024x561.jpg\" alt=\"\" width=\"899\" height=\"493\" data-id=\"1149\" srcset=\"https:\/\/sites.usp.br\/cosmos\/wp-content\/uploads\/sites\/695\/2021\/02\/slider02h-1024x561.jpg 1024w, https:\/\/sites.usp.br\/cosmos\/wp-content\/uploads\/sites\/695\/2021\/02\/slider02h-300x164.jpg 300w, https:\/\/sites.usp.br\/cosmos\/wp-content\/uploads\/sites\/695\/2021\/02\/slider02h-768x421.jpg 768w, https:\/\/sites.usp.br\/cosmos\/wp-content\/uploads\/sites\/695\/2021\/02\/slider02h-400x219.jpg 400w, https:\/\/sites.usp.br\/cosmos\/wp-content\/uploads\/sites\/695\/2021\/02\/slider02h.jpg 1339w\" sizes=\"(max-width: 899px) 100vw, 899px\" \/><\/a><\/p>\n<p><a href=\"https:\/\/sites.usp.br\/cosmos\/wp-content\/uploads\/sites\/695\/2021\/02\/projetos02.jpg\"><img decoding=\"async\" class=\"alignright wp-image-1063 size-full\" src=\"https:\/\/sites.usp.br\/cosmos\/wp-content\/uploads\/sites\/695\/2021\/02\/projetos02.jpg\" alt=\"\" width=\"250\" height=\"1310\" data-id=\"1063\" srcset=\"https:\/\/sites.usp.br\/cosmos\/wp-content\/uploads\/sites\/695\/2021\/02\/projetos02.jpg 250w, https:\/\/sites.usp.br\/cosmos\/wp-content\/uploads\/sites\/695\/2021\/02\/projetos02-57x300.jpg 57w\" sizes=\"(max-width: 250px) 100vw, 250px\" \/><\/a><strong>Empreendedores Sociais s\u00e3o Transformadores Sociais,<\/strong> levam para a sociedade o conhecimento que\u00a0 adquirido Universidade com o objetivo de<strong> empoderar pessoas<\/strong> e descobrir oportunidades para <strong>resolver problemas complexos<\/strong> da nossa sociedade.<\/p>\n<p>O <strong>Empreendedorismo Social<\/strong> \u00e9 bastante relevante na <strong>Universidade de S\u00e3o Paulo<\/strong> e a participa\u00e7\u00e3o nos times <strong>Enactus<\/strong>, rede global de est\u00edmulo ao empreendedorismo, busca formar novos l\u00edderes para a <strong>cria\u00e7\u00e3o um mundo melhor e mais sustent\u00e1vel, por meio da a\u00e7\u00e3o empreendedora. <\/strong>Para isto, conta com a participa\u00e7\u00f5es <strong>alunos e professores de diferentes Campi da USP, incluindo Lorena, S\u00e3o Carlos, Pirassununga, Piracicaba, Largo S\u00e3o Francisco, Pinheiros e Cidade Universit\u00e1ria<\/strong>.<\/p>\n<p>E, com o objetivo de <strong>promover o compartilhamento de conceitos e experi\u00eancias, alinhar interesses e iniciativas, desenvolver novos produtos e servi\u00e7os e iniciar a cria\u00e7\u00e3o de novos empreendimentos,<\/strong> neste primeiro semestre de 2021 os <strong>Times Enactus da Universidade de S\u00e3o Paulo<\/strong> oferecer\u00e3o uma turma especial de Ensino de Empreendedorismo!<\/p>\n<p>Aulas em <strong>6 s\u00e1bados<\/strong> ao longo do primeiro semestre de 2021\u00a0 (24.04, 15.05, 29.05, 12.06, 03,07, 24.07, das 09:00 \u00e0s 14:00 &#8211; 2 cr\u00e9ditos aula e 2 cr\u00e9ditos trabalho, total 90 horas) \u2013 <strong>formato ideal para conhecer e experimentar diferentes a\u00e7\u00f5es de empreendedorismo social no contexto da USP.<\/strong><\/p>\n<p><strong>Professores \u201cinter-campi\u201d<\/strong> <strong>(Lorena, S\u00e3o Carlos, Pirassununga,\u00a0 Piracicaba, S\u00e3o Francisco, Pinheiros, Butant\u00e3)\u00a0<\/strong> \u2013 cada encontro um novo professor, de uma novo campus, trazendo novas abordagens, conceitos e propostas para o empreendedorismo social.<\/p>\n<p><strong>Convidados especiais em cada encontro<\/strong> \u2013 <strong>empreendedores e investidores,<\/strong> trazendo maior visibilidade dos atores do ecossistema empreendedor paulista<\/p>\n<p><strong>Alun@s e grupos \u201cinter-escolas\u201d<\/strong> \u2013 um alun@ de cada escola por grupo &#8211; <strong>ideal para conhecer novas pessoas, novas perspectivas, novos horizontes<\/strong><\/p>\n<p><strong>Vivencie o empreendedorismo na pr\u00e1tica &#8211; projetos &#8220;m\u00e3o na massa&#8221; de desenvolvimento de novos produtos e servi\u00e7os,<\/strong> de interesse dos participantes dos grupos \u2013 transforme sua ideia em um Produto M\u00ednimo Vi\u00e1vel!<\/p>\n<p><strong>Decole seu empreendimento nos programas de pr\u00e9-acelera\u00e7\u00e3o das Universidade de S\u00e3o Paulo<\/strong> \u2013 ap\u00f3s a conclus\u00e3o da disciplina, para os grupos que desejam evoluir com o desenvolvimento do projeto .<\/p>\n<p>&nbsp;<\/p>\n<p><strong>N\u00famero de vagas: 120<\/strong><\/p>\n<p><strong>Inscri\u00e7\u00f5es de acordo com o calend\u00e1rio do J\u00fapiter &#8211; USP<\/strong><\/p>\n[download id=&#8221;1501&#8243; template=&#8221;Programa\u00e7\u00e3o Preliminar&#8221;]\n","protected":false},"excerpt":{"rendered":"<p>Empreendedores Sociais s\u00e3o Transformadores Sociais, levam para a sociedade o conhecimento que\u00a0 adquirido Universidade com o objetivo de empoderar pessoas e descobrir oportunidades para resolver problemas complexos da nossa sociedade. O Empreendedorismo Social \u00e9 bastante relevante na Universidade de S\u00e3o Paulo e a participa\u00e7\u00e3o nos times Enactus, rede global de est\u00edmulo ao empreendedorismo, busca formar<a href=\"https:\/\/sites.usp.br\/cosmos\/prg0004-turma-enactus\/\">[&#8230;]<\/a><\/p>\n","protected":false},"author":22265,"featured_media":0,"parent":0,"menu_order":0,"comment_status":"closed","ping_status":"closed","template":"","meta":{"_monsterinsights_skip_tracking":false,"_monsterinsights_sitenote_active":false,"_monsterinsights_sitenote_note":"","_monsterinsights_sitenote_category":0,"footnotes":"","_links_to":"","_links_to_target":""},"class_list":["post-1048","page","type-page","status-publish","hentry"],"_links":{"self":[{"href":"https:\/\/sites.usp.br\/cosmos\/wp-json\/wp\/v2\/pages\/1048","targetHints":{"allow":["GET"]}}],"collection":[{"href":"https:\/\/sites.usp.br\/cosmos\/wp-json\/wp\/v2\/pages"}],"about":[{"href":"https:\/\/sites.usp.br\/cosmos\/wp-json\/wp\/v2\/types\/page"}],"author":[{"embeddable":true,"href":"https:\/\/sites.usp.br\/cosmos\/wp-json\/wp\/v2\/users\/22265"}],"replies":[{"embeddable":true,"href":"https:\/\/sites.usp.br\/cosmos\/wp-json\/wp\/v2\/comments?post=1048"}],"version-history":[{"count":5,"href":"https:\/\/sites.usp.br\/cosmos\/wp-json\/wp\/v2\/pages\/1048\/revisions"}],"predecessor-version":[{"id":2202,"href":"https:\/\/sites.usp.br\/cosmos\/wp-json\/wp\/v2\/pages\/1048\/revisions\/2202"}],"wp:attachment":[{"href":"https:\/\/sites.usp.br\/cosmos\/wp-json\/wp\/v2\/media?parent=1048"}],"curies":[{"name":"wp","href":"https:\/\/api.w.org\/{rel}","templated":true}]}}