{"id":1359,"date":"2021-02-05T18:12:55","date_gmt":"2021-02-05T21:12:55","guid":{"rendered":"http:\/\/sites.usp.br\/cosmos\/?page_id=1359"},"modified":"2022-12-13T14:36:39","modified_gmt":"2022-12-13T17:36:39","slug":"pre-aceleracao","status":"publish","type":"page","link":"https:\/\/sites.usp.br\/cosmos\/pre-aceleracao\/","title":{"rendered":"Pr\u00e9-Acelera\u00e7\u00e3o"},"content":{"rendered":"\t\t<div data-elementor-type=\"wp-page\" data-elementor-id=\"1359\" class=\"elementor elementor-1359\" data-elementor-post-type=\"page\">\n\t\t\t\t\t\t<section class=\"elementor-section elementor-top-section elementor-element elementor-element-d2885d7 elementor-section-boxed elementor-section-height-default elementor-section-height-default\" data-id=\"d2885d7\" data-element_type=\"section\">\n\t\t\t\t\t\t<div class=\"elementor-container elementor-column-gap-default\">\n\t\t\t\t\t<div class=\"elementor-column elementor-col-100 elementor-top-column elementor-element elementor-element-bc296bd\" data-id=\"bc296bd\" data-element_type=\"column\">\n\t\t\t<div class=\"elementor-widget-wrap elementor-element-populated\">\n\t\t\t\t\t\t<div class=\"elementor-element elementor-element-a40d9d4 elementor-widget elementor-widget-text-editor\" data-id=\"a40d9d4\" data-element_type=\"widget\" data-widget_type=\"text-editor.default\">\n\t\t\t\t<div class=\"elementor-widget-container\">\n\t\t\t\t\t\t\t<p style=\"text-align: justify;\">O processo de pr\u00e9-acelera\u00e7\u00e3o tem como objetivo principal transformar prot\u00f3tipos e produtos-m\u00ednimo-vi\u00e1veis, elaborados anteriormente na fase de <i>descoberta do cliente<\/i>, em produtos e servi\u00e7os de sucesso no mercado. Desta forma, corresponde \u00e0 etapa de <i>valida\u00e7\u00e3o pelo cliente<\/i> do modelo &#8220;Customer Development&#8221; proposto por Steve Blank.<\/p>\t\t\t\t\t\t<\/div>\n\t\t\t\t<\/div>\n\t\t\t\t\t<\/div>\n\t\t<\/div>\n\t\t\t\t\t<\/div>\n\t\t<\/section>\n\t\t\t\t<section class=\"elementor-section elementor-top-section elementor-element elementor-element-9641926 elementor-section-boxed elementor-section-height-default elementor-section-height-default\" data-id=\"9641926\" data-element_type=\"section\">\n\t\t\t\t\t\t<div class=\"elementor-container elementor-column-gap-default\">\n\t\t\t\t\t<div class=\"elementor-column elementor-col-100 elementor-top-column elementor-element elementor-element-9482e67\" data-id=\"9482e67\" data-element_type=\"column\">\n\t\t\t<div class=\"elementor-widget-wrap elementor-element-populated\">\n\t\t\t\t\t\t<div class=\"elementor-element elementor-element-a4c8b0b elementor-widget elementor-widget-image\" data-id=\"a4c8b0b\" data-element_type=\"widget\" data-widget_type=\"image.default\">\n\t\t\t\t<div class=\"elementor-widget-container\">\n\t\t\t\t\t\t\t\t\t\t\t\t\t\t<a href=\"https:\/\/sites.usp.br\/cosmos\/wp-content\/uploads\/sites\/695\/2022\/08\/Site-12.png\" data-elementor-open-lightbox=\"yes\" data-elementor-lightbox-title=\"Site (12)\" data-e-action-hash=\"#elementor-action%3Aaction%3Dlightbox%26settings%3DeyJpZCI6MTkwNCwidXJsIjoiaHR0cHM6XC9cL3NpdGVzLnVzcC5iclwvY29zbW9zXC93cC1jb250ZW50XC91cGxvYWRzXC9zaXRlc1wvNjk1XC8yMDIyXC8wOFwvU2l0ZS0xMi5wbmcifQ%3D%3D\">\n\t\t\t\t\t\t\t<img fetchpriority=\"high\" decoding=\"async\" width=\"640\" height=\"360\" src=\"https:\/\/sites.usp.br\/cosmos\/wp-content\/uploads\/sites\/695\/2022\/08\/Site-12-1024x576.png\" class=\"attachment-large size-large wp-image-1904\" alt=\"\" srcset=\"https:\/\/sites.usp.br\/cosmos\/wp-content\/uploads\/sites\/695\/2022\/08\/Site-12-1024x576.png 1024w, https:\/\/sites.usp.br\/cosmos\/wp-content\/uploads\/sites\/695\/2022\/08\/Site-12-300x169.png 300w, https:\/\/sites.usp.br\/cosmos\/wp-content\/uploads\/sites\/695\/2022\/08\/Site-12-768x432.png 768w, https:\/\/sites.usp.br\/cosmos\/wp-content\/uploads\/sites\/695\/2022\/08\/Site-12-1536x864.png 1536w, https:\/\/sites.usp.br\/cosmos\/wp-content\/uploads\/sites\/695\/2022\/08\/Site-12-310x174.png 310w, https:\/\/sites.usp.br\/cosmos\/wp-content\/uploads\/sites\/695\/2022\/08\/Site-12-400x225.png 400w, https:\/\/sites.usp.br\/cosmos\/wp-content\/uploads\/sites\/695\/2022\/08\/Site-12.png 1920w\" sizes=\"(max-width: 640px) 100vw, 640px\" \/>\t\t\t\t\t\t\t\t<\/a>\n\t\t\t\t\t\t\t\t\t\t\t\t\t<\/div>\n\t\t\t\t<\/div>\n\t\t\t\t\t<\/div>\n\t\t<\/div>\n\t\t\t\t\t<\/div>\n\t\t<\/section>\n\t\t\t\t<section class=\"elementor-section elementor-top-section elementor-element elementor-element-0c6cdab elementor-section-boxed elementor-section-height-default elementor-section-height-default\" data-id=\"0c6cdab\" data-element_type=\"section\">\n\t\t\t\t\t\t<div class=\"elementor-container elementor-column-gap-default\">\n\t\t\t\t\t<div class=\"elementor-column elementor-col-100 elementor-top-column elementor-element elementor-element-17f3206\" data-id=\"17f3206\" data-element_type=\"column\">\n\t\t\t<div class=\"elementor-widget-wrap elementor-element-populated\">\n\t\t\t\t\t\t<div class=\"elementor-element elementor-element-7fcfaf4 elementor-widget elementor-widget-text-editor\" data-id=\"7fcfaf4\" data-element_type=\"widget\" data-widget_type=\"text-editor.default\">\n\t\t\t\t<div class=\"elementor-widget-container\">\n\t\t\t\t\t\t\t<p style=\"text-align: justify;\">Esta fase usualmente \u00e9 a fase mais desafiadora no desenvolvimento da startup. Ap\u00f3s um in\u00edcio bem sucedido, em que a equipe se formou, identificou um problema relevante e validou um prot\u00f3tipo de uma poss\u00edvel solu\u00e7\u00e3o, na etapa de pr\u00e9-acelera\u00e7\u00e3o o objetivo \u00e9 chegar rapidamente ao mercado, obtendo os recursos necess\u00e1rios para iniciar a cria\u00e7\u00e3o efetiva da empresa. Assim, esta etapa \u00e9 caracterizada pela falta de recursos financeiros (o dinheiro s\u00f3 vir\u00e1 com as primeiras vendas), falta de investimentos externos (ainda \u00e9 necess\u00e1rio provar que o modelo de neg\u00f3cios \u00e9 sustent\u00e1vel) e quest\u00f5es que envolvem a equipe &#8211; necessidade de incorporar novos s\u00f3cios e, tamb\u00e9m, s\u00f3cios que n\u00e3o desejam mais evoluir com o projeto.<\/p><p style=\"text-align: justify;\">\u00c9 neste &#8220;espa\u00e7o de grandes incertezas&#8221; em que atuam os programas de pr\u00e9-acelera\u00e7\u00e3o do\u00a0 Laborat\u00f3rio Samsung Ocean hospedado no Cosmos. O foco dos programas \u00e9 viabilizar os recursos mais importantes para a evolu\u00e7\u00e3o da startup, incluindo conhecimentos especializados maquinas e equipamentos,\u00a0 laborat\u00f3rios de prototipa\u00e7\u00e3o, conex\u00f5es com o mercado e parcerias com empresas. Mais ainda, os programas de pr\u00e9-acelera\u00e7\u00e3o oferecidos pelo Ocean-Cosmos@InovaUSP viabilizam o acompanhamento atento de todos os movimentos da startup por uma equipe de mentores com grande experi\u00eancia no mercado, capazes de, em parceria com a equipe de empreendedores, identificar objetivos, direcionar a\u00e7\u00f5es futuras e consolidar os principais aprendizados obtidos pela startup.<\/p><h3 style=\"font-family: Roboto, sans-serif; font-style: normal; font-weight: 400;\">\u00a0<\/h3><h3 style=\"font-family: Roboto, sans-serif; font-style: normal; font-weight: 400;\">Conhe\u00e7a mais detalhes sobre os programas que estamos realizando:\u00a0<\/h3><h3 style=\"font-family: Roboto, sans-serif; font-style: normal; font-weight: 400;\">\u00a0\u00a0<\/h3><div style=\"text-align: justify;\"><b>Ocean Lab &#8211; Fase 2<\/b>,\u00a0<span style=\"font-family: Roboto, sans-serif; font-style: normal; font-weight: 400; color: var( --e-global-color-text ); font-size: 1.6rem;\">desenvolvido em parceria entre USP,\u00a0<\/span><span style=\"font-family: Roboto, sans-serif; font-style: normal; font-weight: 400; color: var( --e-global-color-text ); font-size: 1.6rem;\">Unicamp, UEA<\/span><span style=\"font-family: Roboto, sans-serif; font-style: normal; font-weight: 400; color: var( --e-global-color-text ); font-size: 1.6rem;\">\u00a0<\/span><span style=\"color: var( --e-global-color-text ); font-family: Roboto, sans-serif; font-size: 1.6rem; font-style: normal; font-weight: 400;\">\u00a0e Samsung, \u00e9 um\u00a0<\/span><span style=\"font-family: Roboto, sans-serif; font-style: normal; font-weight: 400;\">programa de capacita\u00e7\u00e3o em tecnologias e inova\u00e7\u00f5es para cria\u00e7\u00e3o de novos empreendimentos.\u00a0\u00a0<a href=\"https:\/\/programa.oceanbrasil.com\/oceanlab-fase2-sp\"> Conhe\u00e7a a landing page do Ocean Lab.<br \/><\/a><\/span><\/div><p style=\"font-family: Roboto, sans-serif; font-style: normal; font-weight: 400;\">\u00a0<\/p>\t\t\t\t\t\t<\/div>\n\t\t\t\t<\/div>\n\t\t\t\t<div class=\"elementor-element elementor-element-9f354ba elementor-widget elementor-widget-image\" data-id=\"9f354ba\" data-element_type=\"widget\" data-widget_type=\"image.default\">\n\t\t\t\t<div class=\"elementor-widget-container\">\n\t\t\t\t\t\t\t\t\t\t\t\t\t\t<a href=\"https:\/\/sites.usp.br\/cosmos\/ocean-lab\/\">\n\t\t\t\t\t\t\t<img decoding=\"async\" width=\"640\" height=\"360\" src=\"https:\/\/sites.usp.br\/cosmos\/wp-content\/uploads\/sites\/695\/2022\/08\/Site-1024x576.jpg\" class=\"attachment-large size-large wp-image-1893\" alt=\"\" srcset=\"https:\/\/sites.usp.br\/cosmos\/wp-content\/uploads\/sites\/695\/2022\/08\/Site-1024x576.jpg 1024w, https:\/\/sites.usp.br\/cosmos\/wp-content\/uploads\/sites\/695\/2022\/08\/Site-300x169.jpg 300w, https:\/\/sites.usp.br\/cosmos\/wp-content\/uploads\/sites\/695\/2022\/08\/Site-768x432.jpg 768w, https:\/\/sites.usp.br\/cosmos\/wp-content\/uploads\/sites\/695\/2022\/08\/Site-1536x864.jpg 1536w, https:\/\/sites.usp.br\/cosmos\/wp-content\/uploads\/sites\/695\/2022\/08\/Site-310x174.jpg 310w, https:\/\/sites.usp.br\/cosmos\/wp-content\/uploads\/sites\/695\/2022\/08\/Site-400x225.jpg 400w, https:\/\/sites.usp.br\/cosmos\/wp-content\/uploads\/sites\/695\/2022\/08\/Site.jpg 1920w\" sizes=\"(max-width: 640px) 100vw, 640px\" \/>\t\t\t\t\t\t\t\t<\/a>\n\t\t\t\t\t\t\t\t\t\t\t\t\t<\/div>\n\t\t\t\t<\/div>\n\t\t\t\t<div class=\"elementor-element elementor-element-0bfe1bb elementor-align-center elementor-widget elementor-widget-button\" data-id=\"0bfe1bb\" data-element_type=\"widget\" data-widget_type=\"button.default\">\n\t\t\t\t<div class=\"elementor-widget-container\">\n\t\t\t\t\t\t\t<div class=\"elementor-button-wrapper\">\n\t\t\t\t\t<a class=\"elementor-button elementor-button-link elementor-size-sm\" href=\"https:\/\/sites.usp.br\/cosmos\/ocean-lab\/\">\n\t\t\t\t\t\t<span class=\"elementor-button-content-wrapper\">\n\t\t\t\t\t\t\t\t\t<span class=\"elementor-button-text\">Saiba mais<\/span>\n\t\t\t\t\t<\/span>\n\t\t\t\t\t<\/a>\n\t\t\t\t<\/div>\n\t\t\t\t\t\t<\/div>\n\t\t\t\t<\/div>\n\t\t\t\t<div class=\"elementor-element elementor-element-2be1ecd elementor-widget elementor-widget-spacer\" data-id=\"2be1ecd\" data-element_type=\"widget\" data-widget_type=\"spacer.default\">\n\t\t\t\t<div class=\"elementor-widget-container\">\n\t\t\t\t\t<div class=\"elementor-spacer\">\n\t\t\t<div class=\"elementor-spacer-inner\"><\/div>\n\t\t<\/div>\n\t\t\t\t<\/div>\n\t\t\t\t<\/div>\n\t\t\t\t<div class=\"elementor-element elementor-element-685ca18 elementor-widget elementor-widget-text-editor\" data-id=\"685ca18\" data-element_type=\"widget\" data-widget_type=\"text-editor.default\">\n\t\t\t\t<div class=\"elementor-widget-container\">\n\t\t\t\t\t\t\t<h3 style=\"font-family: Roboto, sans-serif; font-weight: 400; font-style: normal; font-variant-ligatures: normal; font-variant-caps: normal;\">Alguns programas de pr\u00e9-acelera\u00e7\u00e3o&nbsp; que j\u00e1 realizamos:<\/h3>\n<div>&nbsp;<\/div>\n<p><span style=\"font-family: Roboto, sans-serif; font-style: normal; font-weight: bold;\">Novos Neg\u00f3cios (N2)<\/span><span style=\"font-family: Roboto, sans-serif; font-style: normal; font-weight: 400;\">, desenvolvido em parceria entre USP, Unicamp, UEA e Samsung em 2021.<\/span><\/p>\t\t\t\t\t\t<\/div>\n\t\t\t\t<\/div>\n\t\t\t\t<div class=\"elementor-element elementor-element-76d97b6 elementor-widget elementor-widget-image\" data-id=\"76d97b6\" data-element_type=\"widget\" data-widget_type=\"image.default\">\n\t\t\t\t<div class=\"elementor-widget-container\">\n\t\t\t\t\t\t\t\t\t\t\t\t\t\t<a href=\"https:\/\/sites.usp.br\/cosmos\/intensivo9-2\/\">\n\t\t\t\t\t\t\t<img decoding=\"async\" width=\"640\" height=\"257\" src=\"https:\/\/sites.usp.br\/cosmos\/wp-content\/uploads\/sites\/695\/2021\/09\/logo-home.png\" class=\"attachment-large size-large wp-image-1527\" alt=\"\" srcset=\"https:\/\/sites.usp.br\/cosmos\/wp-content\/uploads\/sites\/695\/2021\/09\/logo-home.png 690w, https:\/\/sites.usp.br\/cosmos\/wp-content\/uploads\/sites\/695\/2021\/09\/logo-home-300x120.png 300w, https:\/\/sites.usp.br\/cosmos\/wp-content\/uploads\/sites\/695\/2021\/09\/logo-home-400x161.png 400w\" sizes=\"(max-width: 640px) 100vw, 640px\" \/>\t\t\t\t\t\t\t\t<\/a>\n\t\t\t\t\t\t\t\t\t\t\t\t\t<\/div>\n\t\t\t\t<\/div>\n\t\t\t\t<div class=\"elementor-element elementor-element-7c6f630 elementor-align-center elementor-widget elementor-widget-button\" data-id=\"7c6f630\" data-element_type=\"widget\" data-widget_type=\"button.default\">\n\t\t\t\t<div class=\"elementor-widget-container\">\n\t\t\t\t\t\t\t<div class=\"elementor-button-wrapper\">\n\t\t\t\t\t<a class=\"elementor-button elementor-button-link elementor-size-sm\" href=\"https:\/\/sites.usp.br\/cosmos\/intensivo9-2\/\">\n\t\t\t\t\t\t<span class=\"elementor-button-content-wrapper\">\n\t\t\t\t\t\t\t\t\t<span class=\"elementor-button-text\">Saiba mais<\/span>\n\t\t\t\t\t<\/span>\n\t\t\t\t\t<\/a>\n\t\t\t\t<\/div>\n\t\t\t\t\t\t<\/div>\n\t\t\t\t<\/div>\n\t\t\t\t<div class=\"elementor-element elementor-element-f4f35b9 elementor-widget elementor-widget-spacer\" data-id=\"f4f35b9\" data-element_type=\"widget\" data-widget_type=\"spacer.default\">\n\t\t\t\t<div class=\"elementor-widget-container\">\n\t\t\t\t\t<div class=\"elementor-spacer\">\n\t\t\t<div class=\"elementor-spacer-inner\"><\/div>\n\t\t<\/div>\n\t\t\t\t<\/div>\n\t\t\t\t<\/div>\n\t\t\t\t<div class=\"elementor-element elementor-element-3a42b0f elementor-widget elementor-widget-text-editor\" data-id=\"3a42b0f\" data-element_type=\"widget\" data-widget_type=\"text-editor.default\">\n\t\t\t\t<div class=\"elementor-widget-container\">\n\t\t\t\t\t\t\t<p><span style=\"font-weight: 700; font-family: Roboto, sans-serif; font-style: normal;\">Intensivo#9,&nbsp;<\/span><span style=\"font-family: Roboto, sans-serif; font-style: normal; font-weight: 400;\">desenvolvido em parceria entre o Cosmos e a Samsung no segundo semestre de 2020.<\/span><br><\/p>\t\t\t\t\t\t<\/div>\n\t\t\t\t<\/div>\n\t\t\t\t<div class=\"elementor-element elementor-element-30b5de6 elementor-widget elementor-widget-image\" data-id=\"30b5de6\" data-element_type=\"widget\" data-widget_type=\"image.default\">\n\t\t\t\t<div class=\"elementor-widget-container\">\n\t\t\t\t\t\t\t\t\t\t\t\t\t\t<a href=\"https:\/\/sites.usp.br\/cosmos\/intensivo9\/\">\n\t\t\t\t\t\t\t<img loading=\"lazy\" decoding=\"async\" width=\"640\" height=\"178\" src=\"https:\/\/sites.usp.br\/cosmos\/wp-content\/uploads\/sites\/695\/2021\/02\/intenso-1024x284.jpg\" class=\"attachment-large size-large wp-image-1248\" alt=\"\" srcset=\"https:\/\/sites.usp.br\/cosmos\/wp-content\/uploads\/sites\/695\/2021\/02\/intenso-1024x284.jpg 1024w, https:\/\/sites.usp.br\/cosmos\/wp-content\/uploads\/sites\/695\/2021\/02\/intenso-300x83.jpg 300w, https:\/\/sites.usp.br\/cosmos\/wp-content\/uploads\/sites\/695\/2021\/02\/intenso-768x213.jpg 768w, https:\/\/sites.usp.br\/cosmos\/wp-content\/uploads\/sites\/695\/2021\/02\/intenso-400x111.jpg 400w, https:\/\/sites.usp.br\/cosmos\/wp-content\/uploads\/sites\/695\/2021\/02\/intenso.jpg 1226w\" sizes=\"(max-width: 640px) 100vw, 640px\" \/>\t\t\t\t\t\t\t\t<\/a>\n\t\t\t\t\t\t\t\t\t\t\t\t\t<\/div>\n\t\t\t\t<\/div>\n\t\t\t\t<div class=\"elementor-element elementor-element-b74f1d5 elementor-align-center elementor-widget elementor-widget-button\" data-id=\"b74f1d5\" data-element_type=\"widget\" data-widget_type=\"button.default\">\n\t\t\t\t<div class=\"elementor-widget-container\">\n\t\t\t\t\t\t\t<div class=\"elementor-button-wrapper\">\n\t\t\t\t\t<a class=\"elementor-button elementor-button-link elementor-size-sm\" href=\"https:\/\/sites.usp.br\/cosmos\/intensivo9\/\">\n\t\t\t\t\t\t<span class=\"elementor-button-content-wrapper\">\n\t\t\t\t\t\t\t\t\t<span class=\"elementor-button-text\">Saiba mais<\/span>\n\t\t\t\t\t<\/span>\n\t\t\t\t\t<\/a>\n\t\t\t\t<\/div>\n\t\t\t\t\t\t<\/div>\n\t\t\t\t<\/div>\n\t\t\t\t\t<\/div>\n\t\t<\/div>\n\t\t\t\t\t<\/div>\n\t\t<\/section>\n\t\t\t\t<\/div>\n\t\t","protected":false},"excerpt":{"rendered":"<p>O processo de pr\u00e9-acelera\u00e7\u00e3o tem como objetivo principal transformar prot\u00f3tipos e produtos-m\u00ednimo-vi\u00e1veis, elaborados anteriormente na fase de descoberta do cliente, em produtos e servi\u00e7os de sucesso no mercado. Desta forma, corresponde \u00e0 etapa de valida\u00e7\u00e3o pelo cliente do modelo &#8220;Customer Development&#8221; proposto por Steve Blank. Esta fase usualmente \u00e9 a fase mais desafiadora no desenvolvimento<a href=\"https:\/\/sites.usp.br\/cosmos\/pre-aceleracao\/\">[&#8230;]<\/a><\/p>\n","protected":false},"author":22265,"featured_media":0,"parent":0,"menu_order":0,"comment_status":"closed","ping_status":"closed","template":"","meta":{"_monsterinsights_skip_tracking":false,"_monsterinsights_sitenote_active":false,"_monsterinsights_sitenote_note":"","_monsterinsights_sitenote_category":0,"footnotes":"","_links_to":"","_links_to_target":""},"class_list":["post-1359","page","type-page","status-publish","hentry"],"_links":{"self":[{"href":"https:\/\/sites.usp.br\/cosmos\/wp-json\/wp\/v2\/pages\/1359","targetHints":{"allow":["GET"]}}],"collection":[{"href":"https:\/\/sites.usp.br\/cosmos\/wp-json\/wp\/v2\/pages"}],"about":[{"href":"https:\/\/sites.usp.br\/cosmos\/wp-json\/wp\/v2\/types\/page"}],"author":[{"embeddable":true,"href":"https:\/\/sites.usp.br\/cosmos\/wp-json\/wp\/v2\/users\/22265"}],"replies":[{"embeddable":true,"href":"https:\/\/sites.usp.br\/cosmos\/wp-json\/wp\/v2\/comments?post=1359"}],"version-history":[{"count":4,"href":"https:\/\/sites.usp.br\/cosmos\/wp-json\/wp\/v2\/pages\/1359\/revisions"}],"predecessor-version":[{"id":2390,"href":"https:\/\/sites.usp.br\/cosmos\/wp-json\/wp\/v2\/pages\/1359\/revisions\/2390"}],"wp:attachment":[{"href":"https:\/\/sites.usp.br\/cosmos\/wp-json\/wp\/v2\/media?parent=1359"}],"curies":[{"name":"wp","href":"https:\/\/api.w.org\/{rel}","templated":true}]}}