{"id":1517,"date":"2021-04-08T21:36:49","date_gmt":"2021-04-09T00:36:49","guid":{"rendered":"http:\/\/sites.usp.br\/cosmos\/?page_id=1517"},"modified":"2022-12-13T08:55:49","modified_gmt":"2022-12-13T11:55:49","slug":"intensivo9-2","status":"publish","type":"page","link":"https:\/\/sites.usp.br\/cosmos\/intensivo9-2\/","title":{"rendered":"Ocean N2"},"content":{"rendered":"\t\t<div data-elementor-type=\"wp-page\" data-elementor-id=\"1517\" class=\"elementor elementor-1517\" data-elementor-post-type=\"page\">\n\t\t\t\t\t\t<section class=\"elementor-section elementor-top-section elementor-element elementor-element-e925da6 elementor-section-boxed elementor-section-height-default elementor-section-height-default\" data-id=\"e925da6\" data-element_type=\"section\">\n\t\t\t\t\t\t<div class=\"elementor-container elementor-column-gap-default\">\n\t\t\t\t\t<div class=\"elementor-column elementor-col-100 elementor-top-column elementor-element elementor-element-91bf10b\" data-id=\"91bf10b\" data-element_type=\"column\">\n\t\t\t<div class=\"elementor-widget-wrap elementor-element-populated\">\n\t\t\t\t\t\t<div class=\"elementor-element elementor-element-e0f7652 elementor-widget elementor-widget-image\" data-id=\"e0f7652\" data-element_type=\"widget\" data-widget_type=\"image.default\">\n\t\t\t\t<div class=\"elementor-widget-container\">\n\t\t\t\t\t\t\t\t\t\t\t\t\t<img fetchpriority=\"high\" decoding=\"async\" width=\"640\" height=\"257\" src=\"https:\/\/sites.usp.br\/cosmos\/wp-content\/uploads\/sites\/695\/2021\/09\/logo-home.png\" class=\"attachment-large size-large wp-image-1527\" alt=\"\" srcset=\"https:\/\/sites.usp.br\/cosmos\/wp-content\/uploads\/sites\/695\/2021\/09\/logo-home.png 690w, https:\/\/sites.usp.br\/cosmos\/wp-content\/uploads\/sites\/695\/2021\/09\/logo-home-300x120.png 300w, https:\/\/sites.usp.br\/cosmos\/wp-content\/uploads\/sites\/695\/2021\/09\/logo-home-400x161.png 400w\" sizes=\"(max-width: 640px) 100vw, 640px\" \/>\t\t\t\t\t\t\t\t\t\t\t\t\t<\/div>\n\t\t\t\t<\/div>\n\t\t\t\t\t<\/div>\n\t\t<\/div>\n\t\t\t\t\t<\/div>\n\t\t<\/section>\n\t\t\t\t<section class=\"elementor-section elementor-top-section elementor-element elementor-element-c371580 elementor-section-boxed elementor-section-height-default elementor-section-height-default\" data-id=\"c371580\" data-element_type=\"section\">\n\t\t\t\t\t\t<div class=\"elementor-container elementor-column-gap-default\">\n\t\t\t\t\t<div class=\"elementor-column elementor-col-100 elementor-top-column elementor-element elementor-element-24f312e\" data-id=\"24f312e\" data-element_type=\"column\">\n\t\t\t<div class=\"elementor-widget-wrap elementor-element-populated\">\n\t\t\t\t\t\t<div class=\"elementor-element elementor-element-63c7502 elementor-widget elementor-widget-heading\" data-id=\"63c7502\" data-element_type=\"widget\" data-widget_type=\"heading.default\">\n\t\t\t\t<div class=\"elementor-widget-container\">\n\t\t\t<h2 class=\"elementor-heading-title elementor-size-default\">Programa de pr\u00e9-acelera\u00e7\u00e3o USP UEA Unicamp<\/h2>\t\t<\/div>\n\t\t\t\t<\/div>\n\t\t\t\t\t<\/div>\n\t\t<\/div>\n\t\t\t\t\t<\/div>\n\t\t<\/section>\n\t\t\t\t<section class=\"elementor-section elementor-top-section elementor-element elementor-element-af1b32d elementor-section-boxed elementor-section-height-default elementor-section-height-default\" data-id=\"af1b32d\" data-element_type=\"section\">\n\t\t\t\t\t\t<div class=\"elementor-container elementor-column-gap-default\">\n\t\t\t\t\t<div class=\"elementor-column elementor-col-100 elementor-top-column elementor-element elementor-element-1822cc2\" data-id=\"1822cc2\" data-element_type=\"column\">\n\t\t\t<div class=\"elementor-widget-wrap elementor-element-populated\">\n\t\t\t\t\t\t<div class=\"elementor-element elementor-element-cc25213 elementor-widget elementor-widget-text-editor\" data-id=\"cc25213\" data-element_type=\"widget\" data-widget_type=\"text-editor.default\">\n\t\t\t\t<div class=\"elementor-widget-container\">\n\t\t\t\t\t\t\t<p style=\"text-align: justify;\">O <strong>OCEAN NOVOS NEG\u00d3CIOS <\/strong>\u00e9 um programa de pr\u00e9-acelera\u00e7\u00e3o com capacita\u00e7\u00e3o em tecnologia e empreendedorismo, direcionado para equipes j\u00e1 estabelecidas, que possuam projetos inovadores para <strong>dispositivos m\u00f3veis<\/strong> (smartphones, tablets, wearables, entre outros), e que queiram desenvolv\u00ea-los com o suporte da <strong>Samsung <\/strong>e da Universidade do Estado do Amazonas (UEA), Universidade Estadual de Campinas (Unicamp) e Universidade de S\u00e3o Paulo (USP).<\/p><p style=\"text-align: justify;\">O objetivo principal do programa \u00e9 transformar prot\u00f3tipos em produtos e servi\u00e7os de relev\u00e2ncia no mercado por meio do apoio \u00e0s equipes de startups com <strong>M\u00ednimo Produto Vi\u00e1vel &#8211; MVP (Minimum Viable Product)<\/strong> validado. Para isso, o Programa oferece treinamentos, mentorias, capacita\u00e7\u00f5es, conex\u00f5es e redes com foco no <strong>aprimoramento<\/strong> das funcionalidades do <strong>MVP<\/strong>, promovendo o refinamento das diferentes hip\u00f3teses a serem validadas <strong>com potenciais usu\u00e1rios e clientes, facilitando a sua entrada nos eventuais mercados de interesse<\/strong> e contribuindo para a <strong>cria\u00e7\u00e3o e estrutura\u00e7\u00e3o do Modelo de Neg\u00f3cio (BMC)<\/strong>.<\/p><p style=\"text-align: justify;\">Ser\u00e3o selecionadas at\u00e9 10 equipes da regi\u00e3o da Amaz\u00f4nia Ocidental (Amazonas, Acre, Roraima e Rond\u00f4nia) e Amap\u00e1, e at\u00e9 10 equipes oriundas das demais regi\u00f5es do pa\u00eds.<\/p><ul style=\"list-style: none; margin: 0; padding-left: 0;\"><li><strong> Per\u00edodo do programa:<\/strong> 31 de maio a 31 de agosto de 2021.<\/li><li>\u00a0<\/li><li><strong>Din\u00e2mica:<\/strong> Atividades totalmente na modalidade online nas seguintes categorias:<br \/>&#8211; Treinamentos: \u00e0s ter\u00e7as das 19h \u00e0s 21h30* (semanal)<br \/>&#8211; Mentorias especializadas: \u00e0s quartas e quintas das 19h \u00e0s 21h* (quinzenal)<br \/>&#8211; Mentorias coletivas: \u00e0s quartas 19h \u00e0s 21h* (quinzenal)<br \/>&#8211; Caf\u00e9 com Startups: \u00e0s quintas 19h \u00e0s 21* (quinzenal)<\/li><\/ul>\t\t\t\t\t\t<\/div>\n\t\t\t\t<\/div>\n\t\t\t\t\t<\/div>\n\t\t<\/div>\n\t\t\t\t\t<\/div>\n\t\t<\/section>\n\t\t\t\t<\/div>\n\t\t","protected":false},"excerpt":{"rendered":"<p>Programa de pr\u00e9-acelera\u00e7\u00e3o USP UEA Unicamp O OCEAN NOVOS NEG\u00d3CIOS \u00e9 um programa de pr\u00e9-acelera\u00e7\u00e3o com capacita\u00e7\u00e3o em tecnologia e empreendedorismo, direcionado para equipes j\u00e1 estabelecidas, que possuam projetos inovadores para dispositivos m\u00f3veis (smartphones, tablets, wearables, entre outros), e que queiram desenvolv\u00ea-los com o suporte da Samsung e da Universidade do Estado do Amazonas (UEA),<a href=\"https:\/\/sites.usp.br\/cosmos\/intensivo9-2\/\">[&#8230;]<\/a><\/p>\n","protected":false},"author":22265,"featured_media":0,"parent":0,"menu_order":0,"comment_status":"closed","ping_status":"closed","template":"","meta":{"_monsterinsights_skip_tracking":false,"_monsterinsights_sitenote_active":false,"_monsterinsights_sitenote_note":"","_monsterinsights_sitenote_category":0,"footnotes":"","_links_to":"","_links_to_target":""},"class_list":["post-1517","page","type-page","status-publish","hentry"],"_links":{"self":[{"href":"https:\/\/sites.usp.br\/cosmos\/wp-json\/wp\/v2\/pages\/1517","targetHints":{"allow":["GET"]}}],"collection":[{"href":"https:\/\/sites.usp.br\/cosmos\/wp-json\/wp\/v2\/pages"}],"about":[{"href":"https:\/\/sites.usp.br\/cosmos\/wp-json\/wp\/v2\/types\/page"}],"author":[{"embeddable":true,"href":"https:\/\/sites.usp.br\/cosmos\/wp-json\/wp\/v2\/users\/22265"}],"replies":[{"embeddable":true,"href":"https:\/\/sites.usp.br\/cosmos\/wp-json\/wp\/v2\/comments?post=1517"}],"version-history":[{"count":4,"href":"https:\/\/sites.usp.br\/cosmos\/wp-json\/wp\/v2\/pages\/1517\/revisions"}],"predecessor-version":[{"id":2357,"href":"https:\/\/sites.usp.br\/cosmos\/wp-json\/wp\/v2\/pages\/1517\/revisions\/2357"}],"wp:attachment":[{"href":"https:\/\/sites.usp.br\/cosmos\/wp-json\/wp\/v2\/media?parent=1517"}],"curies":[{"name":"wp","href":"https:\/\/api.w.org\/{rel}","templated":true}]}}