{"id":1924,"date":"2022-08-18T21:42:20","date_gmt":"2022-08-19T00:42:20","guid":{"rendered":"https:\/\/sites.usp.br\/cosmos\/?page_id=1924"},"modified":"2022-12-13T08:50:00","modified_gmt":"2022-12-13T11:50:00","slug":"ocean-lab","status":"publish","type":"page","link":"https:\/\/sites.usp.br\/cosmos\/ocean-lab\/","title":{"rendered":"Ocean Lab"},"content":{"rendered":"\t\t<div data-elementor-type=\"wp-page\" data-elementor-id=\"1924\" class=\"elementor elementor-1924\" data-elementor-post-type=\"page\">\n\t\t\t\t\t\t<section class=\"elementor-section elementor-top-section elementor-element elementor-element-ec60dcb elementor-section-boxed elementor-section-height-default elementor-section-height-default\" data-id=\"ec60dcb\" data-element_type=\"section\">\n\t\t\t\t\t\t<div class=\"elementor-container elementor-column-gap-default\">\n\t\t\t\t\t<div class=\"elementor-column elementor-col-100 elementor-top-column elementor-element elementor-element-c118857\" data-id=\"c118857\" data-element_type=\"column\">\n\t\t\t<div class=\"elementor-widget-wrap elementor-element-populated\">\n\t\t\t\t\t\t<div class=\"elementor-element elementor-element-23f798a elementor-widget elementor-widget-image\" data-id=\"23f798a\" data-element_type=\"widget\" data-widget_type=\"image.default\">\n\t\t\t\t<div class=\"elementor-widget-container\">\n\t\t\t\t\t\t\t\t\t\t\t\t\t<img fetchpriority=\"high\" decoding=\"async\" width=\"640\" height=\"360\" src=\"https:\/\/sites.usp.br\/cosmos\/wp-content\/uploads\/sites\/695\/2022\/08\/Site-1024x576.jpg\" class=\"attachment-large size-large wp-image-1893\" alt=\"\" srcset=\"https:\/\/sites.usp.br\/cosmos\/wp-content\/uploads\/sites\/695\/2022\/08\/Site-1024x576.jpg 1024w, https:\/\/sites.usp.br\/cosmos\/wp-content\/uploads\/sites\/695\/2022\/08\/Site-300x169.jpg 300w, https:\/\/sites.usp.br\/cosmos\/wp-content\/uploads\/sites\/695\/2022\/08\/Site-768x432.jpg 768w, https:\/\/sites.usp.br\/cosmos\/wp-content\/uploads\/sites\/695\/2022\/08\/Site-1536x864.jpg 1536w, https:\/\/sites.usp.br\/cosmos\/wp-content\/uploads\/sites\/695\/2022\/08\/Site-310x174.jpg 310w, https:\/\/sites.usp.br\/cosmos\/wp-content\/uploads\/sites\/695\/2022\/08\/Site-400x225.jpg 400w, https:\/\/sites.usp.br\/cosmos\/wp-content\/uploads\/sites\/695\/2022\/08\/Site.jpg 1920w\" sizes=\"(max-width: 640px) 100vw, 640px\" \/>\t\t\t\t\t\t\t\t\t\t\t\t\t<\/div>\n\t\t\t\t<\/div>\n\t\t\t\t\t<\/div>\n\t\t<\/div>\n\t\t\t\t\t<\/div>\n\t\t<\/section>\n\t\t\t\t<section class=\"elementor-section elementor-top-section elementor-element elementor-element-dd71e6b elementor-section-boxed elementor-section-height-default elementor-section-height-default\" data-id=\"dd71e6b\" data-element_type=\"section\">\n\t\t\t\t\t\t<div class=\"elementor-container elementor-column-gap-default\">\n\t\t\t\t\t<div class=\"elementor-column elementor-col-100 elementor-top-column elementor-element elementor-element-a77b42a\" data-id=\"a77b42a\" data-element_type=\"column\">\n\t\t\t<div class=\"elementor-widget-wrap elementor-element-populated\">\n\t\t\t\t\t\t<div class=\"elementor-element elementor-element-eb9038a elementor-widget elementor-widget-text-editor\" data-id=\"eb9038a\" data-element_type=\"widget\" data-widget_type=\"text-editor.default\">\n\t\t\t\t<div class=\"elementor-widget-container\">\n\t\t\t\t\t\t\t<p style=\"text-align: justify;\"><span style=\"font-family: verdana, geneva, sans-serif; font-size: 12pt;\"><span style=\"background-color: transparent; color: #000000;\">O <\/span><strong style=\"background-color: transparent; color: #000000;\">Ocean Lab &#8211; Fase 2<\/strong><span style=\"background-color: transparent; color: #000000;\"> \u00e9 um programa gratuito de pr\u00e9-acelera\u00e7\u00e3o com capacita\u00e7\u00e3o aplicado ao desenvolvimento de tecnologia e de empreendimentos, direcionado para equipes formadas previamente, que possuam ideias com potencial de escalabilidade e que queiram desenvolv\u00ea-las com o suporte do time Ocean S\u00e3o Paulo.<\/span><\/span><\/p><p><strong><span style=\"font-family: verdana, geneva, sans-serif; font-size: 12pt;\">O que esperar do Ocean Lab Fase 2?<\/span><\/strong><\/p><p style=\"text-align: justify;\"><span style=\"font-family: verdana, geneva, sans-serif;\"><strong><span style=\"font-size: 12pt;\">Hands On<\/span>:<\/strong> Fa\u00e7a atividades pr\u00e1ticas para aprimorar seu projeto e sair com um produto testado e necess\u00e1rio para o mercado.<\/span><\/p><p style=\"text-align: justify;\"><span style=\"font-family: verdana, geneva, sans-serif;\"><strong>Networking:<\/strong> <\/span><span style=\"font-family: verdana, geneva, sans-serif;\">Conecte-se com o Ecossistema de Inova\u00e7\u00e3o em S\u00e3o Paulo e compartilhe experi\u00eancias e aprendizados com professores e colegas do Ocean.<\/span><\/p><p style=\"text-align: justify;\"><span style=\"font-family: verdana, geneva, sans-serif;\"><strong>Mentorias e Palestras:<\/strong> <\/span><span style=\"font-family: verdana, geneva, sans-serif;\">Tenha um aprendizado intenso e imersivo com os principais assuntos do empreendedorismo tecnol\u00f3gico. Aprenda com quem vivencia o mercado.<\/span><\/p><p style=\"text-align: justify;\"><strong><span style=\"font-family: verdana, geneva, sans-serif;\">H\u00edbrido: <\/span><\/strong><span style=\"font-family: verdana, geneva, sans-serif;\">Tenha contato com professores, colegas e especialistas convidados para um aprendizado enriquecedor e assertivo.<\/span><\/p><p style=\"text-align: justify;\"><span style=\"font-family: verdana, geneva, sans-serif;\"><strong>Gratuito:<\/strong> <\/span><span style=\"font-family: verdana, geneva, sans-serif;\">Programa 100% gratuito com disponibilidade de uso de equipamentos e do espa\u00e7o do Ocean S\u00e3o Paulo.<\/span><\/p><p style=\"text-align: justify;\"><span style=\"font-family: verdana, geneva, sans-serif;\"><strong>Certifica\u00e7\u00e3o:<\/strong> <\/span><span style=\"font-family: verdana, geneva, sans-serif;\">Receba certifica\u00e7\u00e3o ap\u00f3s a conclus\u00e3o do programa e use para alavancar sua carreira profissional.<\/span><\/p><p style=\"text-align: justify;\"><strong><span style=\"font-family: verdana, geneva, sans-serif;\">Produto F\u00edsico ou Virtual:\u00a0 <\/span><\/strong><span style=\"font-family: verdana, geneva, sans-serif;\">\u00c9 poss\u00edvel desenvolver um produto, f\u00edsico ou virtual, de base tecnol\u00f3gica feito para dispositivos m\u00f3veis (smartphones, tablets, wearables) ou ligado \u00e0 Internet das Coisas (IoT), Games, Realidade Aumentada (AR), Wearables e solu\u00e7\u00f5es m\u00f3veis, em geral.<\/span><\/p><p style=\"text-align: justify;\"><strong><span style=\"font-family: verdana, geneva, sans-serif;\">Quem pode participar?<\/span><\/strong><\/p><p style=\"text-align: justify;\"><span style=\"font-family: verdana, geneva, sans-serif;\">Ser\u00e3o selecionadas at\u00e9 16 equipes com perfil multidisciplinar (incluindo neg\u00f3cios, desenvolvedores, designers, marketing) de no m\u00ednimo 3 e no m\u00e1ximo 6 pessoas, maiores de 18 anos, que ter\u00e3o a oportunidade de transformar suas ideias em solu\u00e7\u00f5es reais.<\/span><\/p><p style=\"text-align: justify;\"><span style=\"font-family: verdana, geneva, sans-serif;\">Para inscri\u00e7\u00e3o, a equipe dever\u00e1 ter identificado um problema real e idealizado uma solu\u00e7\u00e3o original, inovadora, tecnol\u00f3gica e com possibilidades de escalabilidade at\u00e9 o momento da inscri\u00e7\u00e3o.<\/span><\/p><p style=\"text-align: justify;\"><span style=\"font-family: verdana, geneva, sans-serif;\">Obrigat\u00f3ria a participa\u00e7\u00e3o de pelo menos 50% dos integrantes da equipe nas atividades realizadas pelo Programa, com frequ\u00eancia m\u00ednima de 75% para obten\u00e7\u00e3o de certificado individual de participa\u00e7\u00e3o.<\/span><\/p><p style=\"text-align: justify;\"><span style=\"font-size: 18px; background-color: transparent; color: #000000; font-family: verdana, geneva, sans-serif;\">\u00a0<\/span><\/p>\t\t\t\t\t\t<\/div>\n\t\t\t\t<\/div>\n\t\t\t\t\t<\/div>\n\t\t<\/div>\n\t\t\t\t\t<\/div>\n\t\t<\/section>\n\t\t\t\t<\/div>\n\t\t","protected":false},"excerpt":{"rendered":"<p>O Ocean Lab &#8211; Fase 2 \u00e9 um programa gratuito de pr\u00e9-acelera\u00e7\u00e3o com capacita\u00e7\u00e3o aplicado ao desenvolvimento de tecnologia e de empreendimentos, direcionado para equipes formadas previamente, que possuam ideias com potencial de escalabilidade e que queiram desenvolv\u00ea-las com o suporte do time Ocean S\u00e3o Paulo. O que esperar do Ocean Lab Fase 2? Hands<a href=\"https:\/\/sites.usp.br\/cosmos\/ocean-lab\/\">[&#8230;]<\/a><\/p>\n","protected":false},"author":23153,"featured_media":0,"parent":0,"menu_order":0,"comment_status":"closed","ping_status":"closed","template":"","meta":{"_monsterinsights_skip_tracking":false,"_monsterinsights_sitenote_active":false,"_monsterinsights_sitenote_note":"","_monsterinsights_sitenote_category":0,"footnotes":"","_links_to":"","_links_to_target":""},"class_list":["post-1924","page","type-page","status-publish","hentry"],"_links":{"self":[{"href":"https:\/\/sites.usp.br\/cosmos\/wp-json\/wp\/v2\/pages\/1924","targetHints":{"allow":["GET"]}}],"collection":[{"href":"https:\/\/sites.usp.br\/cosmos\/wp-json\/wp\/v2\/pages"}],"about":[{"href":"https:\/\/sites.usp.br\/cosmos\/wp-json\/wp\/v2\/types\/page"}],"author":[{"embeddable":true,"href":"https:\/\/sites.usp.br\/cosmos\/wp-json\/wp\/v2\/users\/23153"}],"replies":[{"embeddable":true,"href":"https:\/\/sites.usp.br\/cosmos\/wp-json\/wp\/v2\/comments?post=1924"}],"version-history":[{"count":4,"href":"https:\/\/sites.usp.br\/cosmos\/wp-json\/wp\/v2\/pages\/1924\/revisions"}],"predecessor-version":[{"id":2354,"href":"https:\/\/sites.usp.br\/cosmos\/wp-json\/wp\/v2\/pages\/1924\/revisions\/2354"}],"wp:attachment":[{"href":"https:\/\/sites.usp.br\/cosmos\/wp-json\/wp\/v2\/media?parent=1924"}],"curies":[{"name":"wp","href":"https:\/\/api.w.org\/{rel}","templated":true}]}}