{"id":2037,"date":"2022-10-09T20:58:35","date_gmt":"2022-10-09T23:58:35","guid":{"rendered":"https:\/\/sites.usp.br\/cosmos\/?page_id=2037"},"modified":"2022-12-13T16:03:03","modified_gmt":"2022-12-13T19:03:03","slug":"prg0005-fundamentos-em-empreendedorismo","status":"publish","type":"page","link":"https:\/\/sites.usp.br\/cosmos\/prg0005-fundamentos-em-empreendedorismo\/","title":{"rendered":"PRG0005 &#8211; Fundamentos em Empreendedorismo"},"content":{"rendered":"\t\t<div data-elementor-type=\"wp-page\" data-elementor-id=\"2037\" class=\"elementor elementor-2037\" data-elementor-post-type=\"page\">\n\t\t\t\t\t\t<section class=\"elementor-section elementor-top-section elementor-element elementor-element-4abce96 elementor-section-boxed elementor-section-height-default elementor-section-height-default\" data-id=\"4abce96\" data-element_type=\"section\">\n\t\t\t\t\t\t<div class=\"elementor-container elementor-column-gap-default\">\n\t\t\t\t\t<div class=\"elementor-column elementor-col-100 elementor-top-column elementor-element elementor-element-b0b76e2\" data-id=\"b0b76e2\" data-element_type=\"column\">\n\t\t\t<div class=\"elementor-widget-wrap elementor-element-populated\">\n\t\t\t\t\t\t<div class=\"elementor-element elementor-element-a6d43ab elementor-widget elementor-widget-image\" data-id=\"a6d43ab\" data-element_type=\"widget\" data-widget_type=\"image.default\">\n\t\t\t\t<div class=\"elementor-widget-container\">\n\t\t\t\t\t\t\t\t\t\t\t\t\t<img fetchpriority=\"high\" decoding=\"async\" width=\"640\" height=\"173\" src=\"https:\/\/sites.usp.br\/cosmos\/wp-content\/uploads\/sites\/695\/2022\/10\/Copy-of-Showing-1024x277.png\" class=\"attachment-large size-large wp-image-2038\" alt=\"\" srcset=\"https:\/\/sites.usp.br\/cosmos\/wp-content\/uploads\/sites\/695\/2022\/10\/Copy-of-Showing-1024x277.png 1024w, https:\/\/sites.usp.br\/cosmos\/wp-content\/uploads\/sites\/695\/2022\/10\/Copy-of-Showing-300x81.png 300w, https:\/\/sites.usp.br\/cosmos\/wp-content\/uploads\/sites\/695\/2022\/10\/Copy-of-Showing-768x208.png 768w, https:\/\/sites.usp.br\/cosmos\/wp-content\/uploads\/sites\/695\/2022\/10\/Copy-of-Showing-400x108.png 400w, https:\/\/sites.usp.br\/cosmos\/wp-content\/uploads\/sites\/695\/2022\/10\/Copy-of-Showing.png 1280w\" sizes=\"(max-width: 640px) 100vw, 640px\" \/>\t\t\t\t\t\t\t\t\t\t\t\t\t<\/div>\n\t\t\t\t<\/div>\n\t\t\t\t\t<\/div>\n\t\t<\/div>\n\t\t\t\t\t<\/div>\n\t\t<\/section>\n\t\t\t\t<section class=\"elementor-section elementor-top-section elementor-element elementor-element-906a85e elementor-section-boxed elementor-section-height-default elementor-section-height-default\" data-id=\"906a85e\" data-element_type=\"section\">\n\t\t\t\t\t\t<div class=\"elementor-container elementor-column-gap-default\">\n\t\t\t\t\t<div class=\"elementor-column elementor-col-100 elementor-top-column elementor-element elementor-element-788af4dc\" data-id=\"788af4dc\" data-element_type=\"column\">\n\t\t\t<div class=\"elementor-widget-wrap elementor-element-populated\">\n\t\t\t\t\t\t<div class=\"elementor-element elementor-element-157f1b8a elementor-widget elementor-widget-text-editor\" data-id=\"157f1b8a\" data-element_type=\"widget\" data-widget_type=\"text-editor.default\">\n\t\t\t\t<div class=\"elementor-widget-container\">\n\t\t\t\t\t\t\t<p style=\"text-align: justify;\">Disciplina online pioneira, tem como objetivo viabilizar aos alunos e alunas participantes uma primeira experi\u00eancia com o mundo do empreendedorismo, com foco especial na apresenta\u00e7\u00e3o e envolvimento no ecossistema empreendedor da USP.\u00a0 Acontece em principalmente em formato online ass\u00edncrono, ou seja, conta com um conjunto de recursos e atividades disponibilizados online, que podem ser realizados em espa\u00e7os e momentos distintos. A disciplina \u00e9 orientada a projetos e, na segunda etapa, envolve a forma\u00e7\u00e3o de grupos multidisciplinares, contando com alunos de diferentes campi, com diferentes forma\u00e7\u00f5es. Ao longo do semestre s\u00e3o realizados tr\u00eas eventos s\u00edncronos, aos s\u00e1bados, para apresenta\u00e7\u00e3o das din\u00e2micas do curso e realiza\u00e7\u00e3o de palestras.<\/p><p style=\"text-align: justify;\">Dividido em 15 m\u00f3dulos, o curso conta com 22 videoaulas gravadas pelo professor principal e por 10 outros professores, alunos e gestores envolvidos com o ecossistema empreendedor da USP. Os v\u00eddeos produzidos para a disciplina s\u00e3o complementados por um conjunto de v\u00eddeos externos e publica\u00e7\u00f5es relacionadas, capazes de apresentar explorar os principais conceitos sobre empreendedorismo, bem como exemplificar casos de sucesso de empreendedores, fundamentos em modelos de neg\u00f3cios e abordagens \u00e1geis como o design thinking e a lean startup.<\/p><p style=\"text-align: justify;\">O curso incluiu a realiza\u00e7\u00e3o de 12 tarefas pelos alunos, das quais 4 individuais e 8 tarefas em grupo, novamente considerando grupos multidisciplinares de toda a USP. Ao final do desenvolvimento do projeto os alunos realizaram reflex\u00f5es sobre suas compet\u00eancias empreendedoras, estruturam grupos multidisciplinares, realizaram atividades de imers\u00e3o, consolidaram os aprendizados obtidos, realizaram processos de idea\u00e7\u00e3o e criaram prot\u00f3tipos de baixa fidelidade.<\/p><p style=\"text-align: justify;\">Ao longo do curso os alunos realizar\u00e3o 12 atividades onde aplicam as principais ferramentas para a cria\u00e7\u00e3o de novos produtos, servi\u00e7os e empreendimentos.<\/p><p style=\"text-align: justify;\">As primeiras 4 tarefas s\u00e3o individuais e as 8 \u00faltimas tarefas podem ser realizadas em grupos. O n\u00famero de participantes nos grupos \u00e9 determinado pelos pr\u00f3prios grupos e pode incluir at\u00e9 6 participantes.<\/p><p style=\"text-align: justify;\">O curso conta em 2022 com 475 matriculados, divididos em grupos multidisciplinares e mentorados por alunos de gradua\u00e7\u00e3o, bolsistas provenientes dos diferentes grupos de est\u00edmulo ao empreendedorismo ligados ao Cosmos@InovaUSP .<\/p>\t\t\t\t\t\t<\/div>\n\t\t\t\t<\/div>\n\t\t\t\t\t<\/div>\n\t\t<\/div>\n\t\t\t\t\t<\/div>\n\t\t<\/section>\n\t\t\t\t<\/div>\n\t\t","protected":false},"excerpt":{"rendered":"<p>Disciplina online pioneira, tem como objetivo viabilizar aos alunos e alunas participantes uma primeira experi\u00eancia com o mundo do empreendedorismo, com foco especial na apresenta\u00e7\u00e3o e envolvimento no ecossistema empreendedor da USP.\u00a0 Acontece em principalmente em formato online ass\u00edncrono, ou seja, conta com um conjunto de recursos e atividades disponibilizados online, que podem ser realizados<a href=\"https:\/\/sites.usp.br\/cosmos\/prg0005-fundamentos-em-empreendedorismo\/\">[&#8230;]<\/a><\/p>\n","protected":false},"author":22265,"featured_media":0,"parent":0,"menu_order":0,"comment_status":"closed","ping_status":"closed","template":"","meta":{"_monsterinsights_skip_tracking":false,"_monsterinsights_sitenote_active":false,"_monsterinsights_sitenote_note":"","_monsterinsights_sitenote_category":0,"footnotes":"","_links_to":"","_links_to_target":""},"class_list":["post-2037","page","type-page","status-publish","hentry"],"_links":{"self":[{"href":"https:\/\/sites.usp.br\/cosmos\/wp-json\/wp\/v2\/pages\/2037","targetHints":{"allow":["GET"]}}],"collection":[{"href":"https:\/\/sites.usp.br\/cosmos\/wp-json\/wp\/v2\/pages"}],"about":[{"href":"https:\/\/sites.usp.br\/cosmos\/wp-json\/wp\/v2\/types\/page"}],"author":[{"embeddable":true,"href":"https:\/\/sites.usp.br\/cosmos\/wp-json\/wp\/v2\/users\/22265"}],"replies":[{"embeddable":true,"href":"https:\/\/sites.usp.br\/cosmos\/wp-json\/wp\/v2\/comments?post=2037"}],"version-history":[{"count":4,"href":"https:\/\/sites.usp.br\/cosmos\/wp-json\/wp\/v2\/pages\/2037\/revisions"}],"predecessor-version":[{"id":2422,"href":"https:\/\/sites.usp.br\/cosmos\/wp-json\/wp\/v2\/pages\/2037\/revisions\/2422"}],"wp:attachment":[{"href":"https:\/\/sites.usp.br\/cosmos\/wp-json\/wp\/v2\/media?parent=2037"}],"curies":[{"name":"wp","href":"https:\/\/api.w.org\/{rel}","templated":true}]}}