{"id":2098,"date":"2022-12-13T13:15:16","date_gmt":"2022-12-13T16:15:16","guid":{"rendered":"https:\/\/sites.usp.br\/cosmos\/?page_id=2098"},"modified":"2024-08-12T15:59:34","modified_gmt":"2024-08-12T18:59:34","slug":"faq","status":"publish","type":"page","link":"https:\/\/sites.usp.br\/cosmos\/faq\/","title":{"rendered":"FAQ"},"content":{"rendered":"\t\t<div data-elementor-type=\"wp-page\" data-elementor-id=\"2098\" class=\"elementor elementor-2098\" data-elementor-post-type=\"page\">\n\t\t\t\t\t\t<section class=\"elementor-section elementor-top-section elementor-element elementor-element-70d0cd1 elementor-section-boxed elementor-section-height-default elementor-section-height-default\" data-id=\"70d0cd1\" data-element_type=\"section\">\n\t\t\t\t\t\t<div class=\"elementor-container elementor-column-gap-default\">\n\t\t\t\t\t<div class=\"elementor-column elementor-col-100 elementor-top-column elementor-element elementor-element-cc4fa0e\" data-id=\"cc4fa0e\" data-element_type=\"column\">\n\t\t\t<div class=\"elementor-widget-wrap elementor-element-populated\">\n\t\t\t\t\t\t<div class=\"elementor-element elementor-element-e4e09d2 elementor-widget elementor-widget-heading\" data-id=\"e4e09d2\" data-element_type=\"widget\" data-widget_type=\"heading.default\">\n\t\t\t\t<div class=\"elementor-widget-container\">\n\t\t\t<h2 class=\"elementor-heading-title elementor-size-default\">D\u00favidas frequentes:<\/h2>\t\t<\/div>\n\t\t\t\t<\/div>\n\t\t\t\t<div class=\"elementor-element elementor-element-c1c7c2b elementor-widget elementor-widget-text-editor\" data-id=\"c1c7c2b\" data-element_type=\"widget\" data-widget_type=\"text-editor.default\">\n\t\t\t\t<div class=\"elementor-widget-container\">\n\t\t\t\t\t\t\t<p>Reunimos aqui um compilado com as d\u00favidas mais frequentes de quem frequenta o Cosmos. Caso sua d\u00favida n\u00e3o esteja aqui, entre em contato conosco, que sanaremos sua d\u00favida.<\/p>\t\t\t\t\t\t<\/div>\n\t\t\t\t<\/div>\n\t\t\t\t\t<\/div>\n\t\t<\/div>\n\t\t\t\t\t<\/div>\n\t\t<\/section>\n\t\t\t\t<section class=\"elementor-section elementor-top-section elementor-element elementor-element-45e57ab elementor-section-boxed elementor-section-height-default elementor-section-height-default\" data-id=\"45e57ab\" data-element_type=\"section\">\n\t\t\t\t\t\t<div class=\"elementor-container elementor-column-gap-default\">\n\t\t\t\t\t<div class=\"elementor-column elementor-col-100 elementor-top-column elementor-element elementor-element-5ba5a11\" data-id=\"5ba5a11\" data-element_type=\"column\">\n\t\t\t<div class=\"elementor-widget-wrap elementor-element-populated\">\n\t\t\t\t\t\t<div class=\"elementor-element elementor-element-60ec0e1 elementor-widget elementor-widget-heading\" data-id=\"60ec0e1\" data-element_type=\"widget\" data-widget_type=\"heading.default\">\n\t\t\t\t<div class=\"elementor-widget-container\">\n\t\t\t<h2 class=\"elementor-heading-title elementor-size-medium\">Como entro em contato com o Cosmos?<\/h2>\t\t<\/div>\n\t\t\t\t<\/div>\n\t\t\t\t<div class=\"elementor-element elementor-element-87b0dea elementor-widget elementor-widget-text-editor\" data-id=\"87b0dea\" data-element_type=\"widget\" data-widget_type=\"text-editor.default\">\n\t\t\t\t<div class=\"elementor-widget-container\">\n\t\t\t\t\t\t\t<p>Atrav\u00e9s do e-mail: <a href=\"mailto:cosmos@usp.br\">cosmos@usp.br<\/a>,\u00a0<\/p><p>Whatsapp: <a href=\"https:\/\/wa.me\/message\/ZYUX57GMJ456C1\">https:\/\/wa.me\/message\/ZYUX57GMJ456C1<\/a>;<\/p><p>Instagram: cosmos_usp<\/p><p>temos tamb\u00e9m uma outra p\u00e1gina com as informa\u00e7\u00f5es mais importantes reunidas: <a href=\"https:\/\/linktr.ee\/cosmos_usp\">https:\/\/bit.ly\/496DhJ5<\/a><\/p>\t\t\t\t\t\t<\/div>\n\t\t\t\t<\/div>\n\t\t\t\t\t<\/div>\n\t\t<\/div>\n\t\t\t\t\t<\/div>\n\t\t<\/section>\n\t\t\t\t<section class=\"elementor-section elementor-top-section elementor-element elementor-element-14718aa elementor-section-boxed elementor-section-height-default elementor-section-height-default\" data-id=\"14718aa\" data-element_type=\"section\">\n\t\t\t\t\t\t<div class=\"elementor-container elementor-column-gap-default\">\n\t\t\t\t\t<div class=\"elementor-column elementor-col-100 elementor-top-column elementor-element elementor-element-d1cc5ec\" data-id=\"d1cc5ec\" data-element_type=\"column\">\n\t\t\t<div class=\"elementor-widget-wrap elementor-element-populated\">\n\t\t\t\t\t\t<div class=\"elementor-element elementor-element-b46216f elementor-widget elementor-widget-heading\" data-id=\"b46216f\" data-element_type=\"widget\" data-widget_type=\"heading.default\">\n\t\t\t\t<div class=\"elementor-widget-container\">\n\t\t\t<h2 class=\"elementor-heading-title elementor-size-medium\">Posso usar qualquer lugar?\n<\/h2>\t\t<\/div>\n\t\t\t\t<\/div>\n\t\t\t\t<div class=\"elementor-element elementor-element-5433cd8 elementor-widget elementor-widget-text-editor\" data-id=\"5433cd8\" data-element_type=\"widget\" data-widget_type=\"text-editor.default\">\n\t\t\t\t<div class=\"elementor-widget-container\">\n\t\t\t\t\t\t\t<p>Sim! S\u00e3o mais de 70 lugares de trabalho, de uso conforme a disponibilidade, al\u00e9m de tr\u00eas salas de reuni\u00e3o agend\u00e1veis.<\/p>\t\t\t\t\t\t<\/div>\n\t\t\t\t<\/div>\n\t\t\t\t\t<\/div>\n\t\t<\/div>\n\t\t\t\t\t<\/div>\n\t\t<\/section>\n\t\t\t\t<section class=\"elementor-section elementor-top-section elementor-element elementor-element-ba70396 elementor-section-boxed elementor-section-height-default elementor-section-height-default\" data-id=\"ba70396\" data-element_type=\"section\">\n\t\t\t\t\t\t<div class=\"elementor-container elementor-column-gap-default\">\n\t\t\t\t\t<div class=\"elementor-column elementor-col-100 elementor-top-column elementor-element elementor-element-483eafe\" data-id=\"483eafe\" data-element_type=\"column\">\n\t\t\t<div class=\"elementor-widget-wrap elementor-element-populated\">\n\t\t\t\t\t\t<div class=\"elementor-element elementor-element-d2d0321 elementor-widget elementor-widget-heading\" data-id=\"d2d0321\" data-element_type=\"widget\" data-widget_type=\"heading.default\">\n\t\t\t\t<div class=\"elementor-widget-container\">\n\t\t\t<h2 class=\"elementor-heading-title elementor-size-medium\">Como funciona para usar o espa\u00e7o?<\/h2>\t\t<\/div>\n\t\t\t\t<\/div>\n\t\t\t\t<div class=\"elementor-element elementor-element-436f902 elementor-widget elementor-widget-text-editor\" data-id=\"436f902\" data-element_type=\"widget\" data-widget_type=\"text-editor.default\">\n\t\t\t\t<div class=\"elementor-widget-container\">\n\t\t\t\t\t\t\t<p>O acesso para pessoas com n\u00famero usp ativo \u00e9 livre, basta usar a carteirinha nas catracas da portaria e usar o espa\u00e7o, no lugar que preferir.<\/p>\t\t\t\t\t\t<\/div>\n\t\t\t\t<\/div>\n\t\t\t\t\t<\/div>\n\t\t<\/div>\n\t\t\t\t\t<\/div>\n\t\t<\/section>\n\t\t\t\t<section class=\"elementor-section elementor-top-section elementor-element elementor-element-f6eff51 elementor-section-boxed elementor-section-height-default elementor-section-height-default\" data-id=\"f6eff51\" data-element_type=\"section\">\n\t\t\t\t\t\t<div class=\"elementor-container elementor-column-gap-default\">\n\t\t\t\t\t<div class=\"elementor-column elementor-col-100 elementor-top-column elementor-element elementor-element-dfe1d30\" data-id=\"dfe1d30\" data-element_type=\"column\">\n\t\t\t<div class=\"elementor-widget-wrap elementor-element-populated\">\n\t\t\t\t\t\t<div class=\"elementor-element elementor-element-5b9b718 elementor-widget elementor-widget-heading\" data-id=\"5b9b718\" data-element_type=\"widget\" data-widget_type=\"heading.default\">\n\t\t\t\t<div class=\"elementor-widget-container\">\n\t\t\t<h2 class=\"elementor-heading-title elementor-size-medium\">N\u00e3o sou da USP, posso usar o espa\u00e7o?\n<\/h2>\t\t<\/div>\n\t\t\t\t<\/div>\n\t\t\t\t<div class=\"elementor-element elementor-element-febcbba elementor-widget elementor-widget-text-editor\" data-id=\"febcbba\" data-element_type=\"widget\" data-widget_type=\"text-editor.default\">\n\t\t\t\t<div class=\"elementor-widget-container\">\n\t\t\t\t\t\t\t<p>Sim! Pedimos apenas que se cadastre atrav\u00e9s do seguinte formul\u00e1rio:\u00a0https:\/\/bit.ly\/3rbFAdI<\/p>\t\t\t\t\t\t<\/div>\n\t\t\t\t<\/div>\n\t\t\t\t\t<\/div>\n\t\t<\/div>\n\t\t\t\t\t<\/div>\n\t\t<\/section>\n\t\t\t\t<section class=\"elementor-section elementor-top-section elementor-element elementor-element-0f0b1be elementor-section-boxed elementor-section-height-default elementor-section-height-default\" data-id=\"0f0b1be\" data-element_type=\"section\">\n\t\t\t\t\t\t<div class=\"elementor-container elementor-column-gap-default\">\n\t\t\t\t\t<div class=\"elementor-column elementor-col-100 elementor-top-column elementor-element elementor-element-ac335c9\" data-id=\"ac335c9\" data-element_type=\"column\">\n\t\t\t<div class=\"elementor-widget-wrap elementor-element-populated\">\n\t\t\t\t\t\t<div class=\"elementor-element elementor-element-d91ce8b elementor-widget elementor-widget-heading\" data-id=\"d91ce8b\" data-element_type=\"widget\" data-widget_type=\"heading.default\">\n\t\t\t\t<div class=\"elementor-widget-container\">\n\t\t\t<h2 class=\"elementor-heading-title elementor-size-medium\">Tem wi-fi ?\n<\/h2>\t\t<\/div>\n\t\t\t\t<\/div>\n\t\t\t\t<div class=\"elementor-element elementor-element-73ee332 elementor-widget elementor-widget-text-editor\" data-id=\"73ee332\" data-element_type=\"widget\" data-widget_type=\"text-editor.default\">\n\t\t\t\t<div class=\"elementor-widget-container\">\n\t\t\t\t\t\t\t<p>Temos acesso ao eduroam, para aqueles de fora da USP, entrem em contato conosco por e-mail.<\/p>\t\t\t\t\t\t<\/div>\n\t\t\t\t<\/div>\n\t\t\t\t\t<\/div>\n\t\t<\/div>\n\t\t\t\t\t<\/div>\n\t\t<\/section>\n\t\t\t\t<section class=\"elementor-section elementor-top-section elementor-element elementor-element-c7ca963 elementor-section-boxed elementor-section-height-default elementor-section-height-default\" data-id=\"c7ca963\" data-element_type=\"section\">\n\t\t\t\t\t\t<div class=\"elementor-container elementor-column-gap-default\">\n\t\t\t\t\t<div class=\"elementor-column elementor-col-100 elementor-top-column elementor-element elementor-element-64d2279\" data-id=\"64d2279\" data-element_type=\"column\">\n\t\t\t<div class=\"elementor-widget-wrap elementor-element-populated\">\n\t\t\t\t\t\t<div class=\"elementor-element elementor-element-31d215a elementor-widget elementor-widget-heading\" data-id=\"31d215a\" data-element_type=\"widget\" data-widget_type=\"heading.default\">\n\t\t\t\t<div class=\"elementor-widget-container\">\n\t\t\t<h2 class=\"elementor-heading-title elementor-size-medium\">Qual o hor\u00e1rio de funcionamento?\n<\/h2>\t\t<\/div>\n\t\t\t\t<\/div>\n\t\t\t\t<div class=\"elementor-element elementor-element-7561443 elementor-widget elementor-widget-text-editor\" data-id=\"7561443\" data-element_type=\"widget\" data-widget_type=\"text-editor.default\">\n\t\t\t\t<div class=\"elementor-widget-container\">\n\t\t\t\t\t\t\t<p>Estamos abertos de segunda a sexta, das 7h \u00e0s 23h<\/p>\t\t\t\t\t\t<\/div>\n\t\t\t\t<\/div>\n\t\t\t\t\t<\/div>\n\t\t<\/div>\n\t\t\t\t\t<\/div>\n\t\t<\/section>\n\t\t\t\t<section class=\"elementor-section elementor-top-section elementor-element elementor-element-4e5f3fb elementor-section-boxed elementor-section-height-default elementor-section-height-default\" data-id=\"4e5f3fb\" data-element_type=\"section\">\n\t\t\t\t\t\t<div class=\"elementor-container elementor-column-gap-default\">\n\t\t\t\t\t<div class=\"elementor-column elementor-col-100 elementor-top-column elementor-element elementor-element-f21ccd0\" data-id=\"f21ccd0\" data-element_type=\"column\">\n\t\t\t<div class=\"elementor-widget-wrap elementor-element-populated\">\n\t\t\t\t\t\t<div class=\"elementor-element elementor-element-7a6f19e elementor-widget elementor-widget-heading\" data-id=\"7a6f19e\" data-element_type=\"widget\" data-widget_type=\"heading.default\">\n\t\t\t\t<div class=\"elementor-widget-container\">\n\t\t\t<h2 class=\"elementor-heading-title elementor-size-medium\">O espa\u00e7o tem computador?<\/h2>\t\t<\/div>\n\t\t\t\t<\/div>\n\t\t\t\t<div class=\"elementor-element elementor-element-04502d8 elementor-widget elementor-widget-text-editor\" data-id=\"04502d8\" data-element_type=\"widget\" data-widget_type=\"text-editor.default\">\n\t\t\t\t<div class=\"elementor-widget-container\">\n\t\t\t\t\t\t\t<p>N\u00e3o disponibilizamos computador, mas temos televis\u00f5es para apresenta\u00e7\u00f5es e tomadas em todas as mesas.<\/p>\t\t\t\t\t\t<\/div>\n\t\t\t\t<\/div>\n\t\t\t\t\t<\/div>\n\t\t<\/div>\n\t\t\t\t\t<\/div>\n\t\t<\/section>\n\t\t\t\t<section class=\"elementor-section elementor-top-section elementor-element elementor-element-140d175 elementor-section-boxed elementor-section-height-default elementor-section-height-default\" data-id=\"140d175\" data-element_type=\"section\">\n\t\t\t\t\t\t<div class=\"elementor-container elementor-column-gap-default\">\n\t\t\t\t\t<div class=\"elementor-column elementor-col-100 elementor-top-column elementor-element elementor-element-23d1a33\" data-id=\"23d1a33\" data-element_type=\"column\">\n\t\t\t<div class=\"elementor-widget-wrap elementor-element-populated\">\n\t\t\t\t\t\t<div class=\"elementor-element elementor-element-f795676 elementor-widget elementor-widget-heading\" data-id=\"f795676\" data-element_type=\"widget\" data-widget_type=\"heading.default\">\n\t\t\t\t<div class=\"elementor-widget-container\">\n\t\t\t<h2 class=\"elementor-heading-title elementor-size-medium\">Como agendar as salas?<\/h2>\t\t<\/div>\n\t\t\t\t<\/div>\n\t\t\t\t<div class=\"elementor-element elementor-element-de8e730 elementor-widget elementor-widget-text-editor\" data-id=\"de8e730\" data-element_type=\"widget\" data-widget_type=\"text-editor.default\">\n\t\t\t\t<div class=\"elementor-widget-container\">\n\t\t\t\t\t\t\t<p>Atrav\u00e9s dos links abaixo, que tamb\u00e9m est\u00e3o dispon\u00edveis no espa\u00e7o, whatsapp e instagram:<\/p><p>Sala 2 (30 min) <a href=\"https:\/\/bit.ly\/362mdJS\">https:\/\/bit.ly\/3X1U4ui<\/a><\/p><p>Sala 3 (30 min)\u00a0 <a href=\"https:\/\/bit.ly\/3KKkLKI\">https:\/\/bit.ly\/3ApanID<\/a><\/p><p>Sala 4 (30 min)\u00a0 <a href=\"https:\/\/bit.ly\/37Gh9LT\">https:\/\/bit.ly\/4cn2GzN<\/a><\/p>\t\t\t\t\t\t<\/div>\n\t\t\t\t<\/div>\n\t\t\t\t\t<\/div>\n\t\t<\/div>\n\t\t\t\t\t<\/div>\n\t\t<\/section>\n\t\t\t\t<section class=\"elementor-section elementor-top-section elementor-element elementor-element-7ac17e9 elementor-section-boxed elementor-section-height-default elementor-section-height-default\" data-id=\"7ac17e9\" data-element_type=\"section\">\n\t\t\t\t\t\t<div class=\"elementor-container elementor-column-gap-default\">\n\t\t\t\t\t<div class=\"elementor-column elementor-col-100 elementor-top-column elementor-element elementor-element-cac4951\" data-id=\"cac4951\" data-element_type=\"column\">\n\t\t\t<div class=\"elementor-widget-wrap elementor-element-populated\">\n\t\t\t\t\t\t<div class=\"elementor-element elementor-element-13f4bd0 elementor-widget elementor-widget-heading\" data-id=\"13f4bd0\" data-element_type=\"widget\" data-widget_type=\"heading.default\">\n\t\t\t\t<div class=\"elementor-widget-container\">\n\t\t\t<h2 class=\"elementor-heading-title elementor-size-medium\">Preciso fazer uma reuni\u00e3o com um grupo grande, posso usar as salas?<\/h2>\t\t<\/div>\n\t\t\t\t<\/div>\n\t\t\t\t<div class=\"elementor-element elementor-element-74fce6a elementor-widget elementor-widget-text-editor\" data-id=\"74fce6a\" data-element_type=\"widget\" data-widget_type=\"text-editor.default\">\n\t\t\t\t<div class=\"elementor-widget-container\">\n\t\t\t\t\t\t\t<p>As salas de reuni\u00e3o tem uma capacidade de at\u00e9 9 pessoas, para grupos maiores sugerimos usar uma das mesas mais externas no espa\u00e7o.<\/p>\t\t\t\t\t\t<\/div>\n\t\t\t\t<\/div>\n\t\t\t\t\t<\/div>\n\t\t<\/div>\n\t\t\t\t\t<\/div>\n\t\t<\/section>\n\t\t\t\t<section class=\"elementor-section elementor-top-section elementor-element elementor-element-35bec48 elementor-section-boxed elementor-section-height-default elementor-section-height-default\" data-id=\"35bec48\" data-element_type=\"section\">\n\t\t\t\t\t\t<div class=\"elementor-container elementor-column-gap-default\">\n\t\t\t\t\t<div class=\"elementor-column elementor-col-100 elementor-top-column elementor-element elementor-element-dedb530\" data-id=\"dedb530\" data-element_type=\"column\">\n\t\t\t<div class=\"elementor-widget-wrap elementor-element-populated\">\n\t\t\t\t\t\t<div class=\"elementor-element elementor-element-8c9c545 elementor-widget elementor-widget-heading\" data-id=\"8c9c545\" data-element_type=\"widget\" data-widget_type=\"heading.default\">\n\t\t\t\t<div class=\"elementor-widget-container\">\n\t\t\t<h2 class=\"elementor-heading-title elementor-size-medium\">Onde fica o Cosmos?\n<\/h2>\t\t<\/div>\n\t\t\t\t<\/div>\n\t\t\t\t<div class=\"elementor-element elementor-element-2f6d3bf elementor-widget elementor-widget-text-editor\" data-id=\"2f6d3bf\" data-element_type=\"widget\" data-widget_type=\"text-editor.default\">\n\t\t\t\t<div class=\"elementor-widget-container\">\n\t\t\t\t\t\t\t<p>No 1\u00ba andar do InovaUSP, Av. Prof. L\u00facio Martins Rodrigues, 370, em frente \u00e0 ECA.<\/p>\t\t\t\t\t\t<\/div>\n\t\t\t\t<\/div>\n\t\t\t\t\t<\/div>\n\t\t<\/div>\n\t\t\t\t\t<\/div>\n\t\t<\/section>\n\t\t\t\t<section class=\"elementor-section elementor-top-section elementor-element elementor-element-30fbf2b elementor-section-boxed elementor-section-height-default elementor-section-height-default\" data-id=\"30fbf2b\" data-element_type=\"section\">\n\t\t\t\t\t\t<div class=\"elementor-container elementor-column-gap-default\">\n\t\t\t\t\t<div class=\"elementor-column elementor-col-100 elementor-top-column elementor-element elementor-element-cb80327\" data-id=\"cb80327\" data-element_type=\"column\">\n\t\t\t<div class=\"elementor-widget-wrap elementor-element-populated\">\n\t\t\t\t\t\t<div class=\"elementor-element elementor-element-f227476 elementor-widget elementor-widget-heading\" data-id=\"f227476\" data-element_type=\"widget\" data-widget_type=\"heading.default\">\n\t\t\t\t<div class=\"elementor-widget-container\">\n\t\t\t<h2 class=\"elementor-heading-title elementor-size-medium\">Que tipos de servi\u00e7os s\u00e3o oferecidos para as startups?\n<\/h2>\t\t<\/div>\n\t\t\t\t<\/div>\n\t\t\t\t<div class=\"elementor-element elementor-element-e7713eb elementor-widget elementor-widget-text-editor\" data-id=\"e7713eb\" data-element_type=\"widget\" data-widget_type=\"text-editor.default\">\n\t\t\t\t<div class=\"elementor-widget-container\">\n\t\t\t\t\t\t\t<p>Programas de pr\u00e9-acelera\u00e7\u00e3o, incuba\u00e7\u00e3o de ideias, mentorias e treinamentos para startups inscritas no programa. Para acompanhar agenda e futuros editais: https:\/\/sites.usp.br\/cosmos\/pre-aceleracao\/<\/p>\t\t\t\t\t\t<\/div>\n\t\t\t\t<\/div>\n\t\t\t\t\t<\/div>\n\t\t<\/div>\n\t\t\t\t\t<\/div>\n\t\t<\/section>\n\t\t\t\t<\/div>\n\t\t","protected":false},"excerpt":{"rendered":"<p>D\u00favidas frequentes: Reunimos aqui um compilado com as d\u00favidas mais frequentes de quem frequenta o Cosmos. Caso sua d\u00favida n\u00e3o esteja aqui, entre em contato conosco, que sanaremos sua d\u00favida. Como entro em contato com o Cosmos? Atrav\u00e9s do e-mail: cosmos@usp.br,\u00a0 Whatsapp: https:\/\/wa.me\/message\/ZYUX57GMJ456C1; Instagram: cosmos_usp temos tamb\u00e9m uma outra p\u00e1gina com as informa\u00e7\u00f5es mais importantes<a href=\"https:\/\/sites.usp.br\/cosmos\/faq\/\">[&#8230;]<\/a><\/p>\n","protected":false},"author":23329,"featured_media":0,"parent":0,"menu_order":0,"comment_status":"closed","ping_status":"closed","template":"","meta":{"_monsterinsights_skip_tracking":false,"_monsterinsights_sitenote_active":false,"_monsterinsights_sitenote_note":"","_monsterinsights_sitenote_category":0,"footnotes":"","_links_to":"","_links_to_target":""},"class_list":["post-2098","page","type-page","status-publish","hentry"],"_links":{"self":[{"href":"https:\/\/sites.usp.br\/cosmos\/wp-json\/wp\/v2\/pages\/2098","targetHints":{"allow":["GET"]}}],"collection":[{"href":"https:\/\/sites.usp.br\/cosmos\/wp-json\/wp\/v2\/pages"}],"about":[{"href":"https:\/\/sites.usp.br\/cosmos\/wp-json\/wp\/v2\/types\/page"}],"author":[{"embeddable":true,"href":"https:\/\/sites.usp.br\/cosmos\/wp-json\/wp\/v2\/users\/23329"}],"replies":[{"embeddable":true,"href":"https:\/\/sites.usp.br\/cosmos\/wp-json\/wp\/v2\/comments?post=2098"}],"version-history":[{"count":4,"href":"https:\/\/sites.usp.br\/cosmos\/wp-json\/wp\/v2\/pages\/2098\/revisions"}],"predecessor-version":[{"id":2508,"href":"https:\/\/sites.usp.br\/cosmos\/wp-json\/wp\/v2\/pages\/2098\/revisions\/2508"}],"wp:attachment":[{"href":"https:\/\/sites.usp.br\/cosmos\/wp-json\/wp\/v2\/media?parent=2098"}],"curies":[{"name":"wp","href":"https:\/\/api.w.org\/{rel}","templated":true}]}}