{"id":2100,"date":"2022-12-13T13:15:30","date_gmt":"2022-12-13T16:15:30","guid":{"rendered":"https:\/\/sites.usp.br\/cosmos\/?page_id=2100"},"modified":"2022-12-13T16:09:46","modified_gmt":"2022-12-13T19:09:46","slug":"ensino-editando","status":"publish","type":"page","link":"https:\/\/sites.usp.br\/cosmos\/ensino-editando\/","title":{"rendered":"Ensino"},"content":{"rendered":"\t\t<div data-elementor-type=\"wp-page\" data-elementor-id=\"2100\" class=\"elementor elementor-2100\" data-elementor-post-type=\"page\">\n\t\t\t\t\t\t<section class=\"elementor-section elementor-top-section elementor-element elementor-element-27858cc elementor-section-boxed elementor-section-height-default elementor-section-height-default\" data-id=\"27858cc\" data-element_type=\"section\">\n\t\t\t\t\t\t<div class=\"elementor-container elementor-column-gap-default\">\n\t\t\t\t\t<div class=\"elementor-column elementor-col-100 elementor-top-column elementor-element elementor-element-9f8ad3d\" data-id=\"9f8ad3d\" data-element_type=\"column\">\n\t\t\t<div class=\"elementor-widget-wrap elementor-element-populated\">\n\t\t\t\t\t\t<div class=\"elementor-element elementor-element-1ac34b2 elementor-widget elementor-widget-text-editor\" data-id=\"1ac34b2\" data-element_type=\"widget\" data-widget_type=\"text-editor.default\">\n\t\t\t\t<div class=\"elementor-widget-container\">\n\t\t\t\t\t\t\t<p style=\"text-align: justify;\"><span lang=\"pt\"><span data-language-for-alternatives=\"pt\" data-language-to-translate-into=\"auto\" data-phrase-index=\"0\">Empreendedores s\u00e3o profissionais apaixonados, que trabalham duro, capazes de realizar variadas tarefas, obtendo alto desempenho na mitiga\u00e7\u00e3o de riscos e na estrutura\u00e7\u00e3o de novos empreendimentos de sucesso. <br \/><\/span><\/span><\/p><p style=\"text-align: justify;\"><span lang=\"pt\"><span data-language-for-alternatives=\"pt\" data-language-to-translate-into=\"auto\" data-phrase-index=\"0\">Para a USP o empreendedorismo \u00e9\u00a0 uma prioridade pois promove o desenvolvimento de empreendedores de sucesso, capazes de estabelecer grandes iniciativas, resultando em valor, renda, empregos, desenvolvimento tecnol\u00f3gico e diversos outros\u00a0 benef\u00edcios para os diferentes atores que comp\u00f5e o ecossistema empreendedor.<\/span><\/span><\/p><p style=\"text-align: justify;\"><span lang=\"pt\"><span data-language-for-alternatives=\"pt\" data-language-to-translate-into=\"auto\" data-phrase-index=\"0\">O ensino de empreendedorismo no Cosmos tem como foco principal a identifica\u00e7\u00e3o de usu\u00e1rios de interesse, a busca por necessidades ainda n\u00e3o atendidas destes usu\u00e1rios, a cria\u00e7\u00e3o e a sele\u00e7\u00e3o de ideias poss\u00edveis para resolver esta necessidade, o desenvolvimento e a valida\u00e7\u00e3o de prot\u00f3tipos e a identifica\u00e7\u00e3o de modelos de neg\u00f3cios.<br \/><\/span><\/span><\/p><p style=\"text-align: justify;\"><span lang=\"pt\"><span data-language-for-alternatives=\"pt\" data-language-to-translate-into=\"auto\" data-phrase-index=\"0\">Em linha com as principais universidades empreendedoras do mundo, a abordagem que sustenta as diferentes iniciativas educacionais no Cosmos \u00e9 a <b>&#8220;Startup Garage Innovation Process&#8221;<\/b>.\u00a0 <br \/><\/span><\/span><\/p>\t\t\t\t\t\t<\/div>\n\t\t\t\t<\/div>\n\t\t\t\t\t<\/div>\n\t\t<\/div>\n\t\t\t\t\t<\/div>\n\t\t<\/section>\n\t\t\t\t<section class=\"elementor-section elementor-top-section elementor-element elementor-element-a69233b elementor-section-boxed elementor-section-height-default elementor-section-height-default\" data-id=\"a69233b\" data-element_type=\"section\">\n\t\t\t\t\t\t<div class=\"elementor-container elementor-column-gap-default\">\n\t\t\t\t\t<div class=\"elementor-column elementor-col-100 elementor-top-column elementor-element elementor-element-bdc1dbf\" data-id=\"bdc1dbf\" data-element_type=\"column\">\n\t\t\t<div class=\"elementor-widget-wrap elementor-element-populated\">\n\t\t\t\t\t\t<div class=\"elementor-element elementor-element-411b4a4 elementor-widget elementor-widget-image\" data-id=\"411b4a4\" data-element_type=\"widget\" data-widget_type=\"image.default\">\n\t\t\t\t<div class=\"elementor-widget-container\">\n\t\t\t\t\t\t\t\t\t\t\t\t\t\t<a href=\"https:\/\/sites.usp.br\/cosmos\/wp-content\/uploads\/sites\/695\/2021\/02\/startup-garage.jpg\" data-elementor-open-lightbox=\"yes\" data-elementor-lightbox-title=\"startup-garage\" data-e-action-hash=\"#elementor-action%3Aaction%3Dlightbox%26settings%3DeyJpZCI6MTM3MCwidXJsIjoiaHR0cHM6XC9cL3NpdGVzLnVzcC5iclwvY29zbW9zXC93cC1jb250ZW50XC91cGxvYWRzXC9zaXRlc1wvNjk1XC8yMDIxXC8wMlwvc3RhcnR1cC1nYXJhZ2UuanBnIn0%3D\">\n\t\t\t\t\t\t\t<img fetchpriority=\"high\" decoding=\"async\" width=\"640\" height=\"270\" src=\"https:\/\/sites.usp.br\/cosmos\/wp-content\/uploads\/sites\/695\/2021\/02\/startup-garage-1024x432.jpg\" class=\"attachment-large size-large wp-image-1370\" alt=\"\" srcset=\"https:\/\/sites.usp.br\/cosmos\/wp-content\/uploads\/sites\/695\/2021\/02\/startup-garage-1024x432.jpg 1024w, https:\/\/sites.usp.br\/cosmos\/wp-content\/uploads\/sites\/695\/2021\/02\/startup-garage-300x127.jpg 300w, https:\/\/sites.usp.br\/cosmos\/wp-content\/uploads\/sites\/695\/2021\/02\/startup-garage-768x324.jpg 768w, https:\/\/sites.usp.br\/cosmos\/wp-content\/uploads\/sites\/695\/2021\/02\/startup-garage-400x169.jpg 400w, https:\/\/sites.usp.br\/cosmos\/wp-content\/uploads\/sites\/695\/2021\/02\/startup-garage.jpg 1400w\" sizes=\"(max-width: 640px) 100vw, 640px\" \/>\t\t\t\t\t\t\t\t<\/a>\n\t\t\t\t\t\t\t\t\t\t\t\t\t<\/div>\n\t\t\t\t<\/div>\n\t\t\t\t\t<\/div>\n\t\t<\/div>\n\t\t\t\t\t<\/div>\n\t\t<\/section>\n\t\t\t\t<section class=\"elementor-section elementor-top-section elementor-element elementor-element-77fcc07 elementor-section-boxed elementor-section-height-default elementor-section-height-default\" data-id=\"77fcc07\" data-element_type=\"section\">\n\t\t\t\t\t\t<div class=\"elementor-container elementor-column-gap-default\">\n\t\t\t\t\t<div class=\"elementor-column elementor-col-100 elementor-top-column elementor-element elementor-element-4dcbf52\" data-id=\"4dcbf52\" data-element_type=\"column\">\n\t\t\t<div class=\"elementor-widget-wrap elementor-element-populated\">\n\t\t\t\t\t\t<div class=\"elementor-element elementor-element-918c08f elementor-widget elementor-widget-text-editor\" data-id=\"918c08f\" data-element_type=\"widget\" data-widget_type=\"text-editor.default\">\n\t\t\t\t<div class=\"elementor-widget-container\">\n\t\t\t\t\t\t\t<p style=\"text-align: justify;\">No contexto da Pr\u00f3-Reitoria de Gradua\u00e7\u00e3o e com o objetivo de promover o ensino de empreendedorismo entre alunas e alunos em todos o contextos da USP, o Cosmos realiza\u00a0 duas disciplinas principais: PRG0004 &#8211; Inova\u00e7\u00e3o e Empreendedorismo\u00a0 e PRG0005 &#8211; Fundamentos em Empreendedorismo.\u00a0<\/p>\t\t\t\t\t\t<\/div>\n\t\t\t\t<\/div>\n\t\t\t\t<div class=\"elementor-element elementor-element-8ab2623 elementor-widget elementor-widget-spacer\" data-id=\"8ab2623\" data-element_type=\"widget\" data-widget_type=\"spacer.default\">\n\t\t\t\t<div class=\"elementor-widget-container\">\n\t\t\t\t\t<div class=\"elementor-spacer\">\n\t\t\t<div class=\"elementor-spacer-inner\"><\/div>\n\t\t<\/div>\n\t\t\t\t<\/div>\n\t\t\t\t<\/div>\n\t\t\t\t<div class=\"elementor-element elementor-element-88e07dd elementor-widget elementor-widget-spacer\" data-id=\"88e07dd\" data-element_type=\"widget\" data-widget_type=\"spacer.default\">\n\t\t\t\t<div class=\"elementor-widget-container\">\n\t\t\t\t\t<div class=\"elementor-spacer\">\n\t\t\t<div class=\"elementor-spacer-inner\"><\/div>\n\t\t<\/div>\n\t\t\t\t<\/div>\n\t\t\t\t<\/div>\n\t\t\t\t\t<\/div>\n\t\t<\/div>\n\t\t\t\t\t<\/div>\n\t\t<\/section>\n\t\t\t\t<section class=\"elementor-section elementor-top-section elementor-element elementor-element-38dd3e8 elementor-section-boxed elementor-section-height-default elementor-section-height-default\" data-id=\"38dd3e8\" data-element_type=\"section\">\n\t\t\t\t\t\t<div class=\"elementor-container elementor-column-gap-default\">\n\t\t\t\t\t<div class=\"elementor-column elementor-col-100 elementor-top-column elementor-element elementor-element-0f4d6ad\" data-id=\"0f4d6ad\" data-element_type=\"column\">\n\t\t\t<div class=\"elementor-widget-wrap elementor-element-populated\">\n\t\t\t\t\t\t<div class=\"elementor-element elementor-element-9ebd3b0 elementor-widget elementor-widget-heading\" data-id=\"9ebd3b0\" data-element_type=\"widget\" data-widget_type=\"heading.default\">\n\t\t\t\t<div class=\"elementor-widget-container\">\n\t\t\t<h2 class=\"elementor-heading-title elementor-size-default\">Disciplinas de empreendedorismo:<\/h2>\t\t<\/div>\n\t\t\t\t<\/div>\n\t\t\t\t<div class=\"elementor-element elementor-element-92b7f80 elementor-widget elementor-widget-spacer\" data-id=\"92b7f80\" data-element_type=\"widget\" data-widget_type=\"spacer.default\">\n\t\t\t\t<div class=\"elementor-widget-container\">\n\t\t\t\t\t<div class=\"elementor-spacer\">\n\t\t\t<div class=\"elementor-spacer-inner\"><\/div>\n\t\t<\/div>\n\t\t\t\t<\/div>\n\t\t\t\t<\/div>\n\t\t\t\t<div class=\"elementor-element elementor-element-59d1b02 elementor-widget elementor-widget-heading\" data-id=\"59d1b02\" data-element_type=\"widget\" data-widget_type=\"heading.default\">\n\t\t\t\t<div class=\"elementor-widget-container\">\n\t\t\t<h2 class=\"elementor-heading-title elementor-size-default\">PRG0004 - Inova\u00e7\u00e3o e Empreendedorismo<\/h2>\t\t<\/div>\n\t\t\t\t<\/div>\n\t\t\t\t\t<\/div>\n\t\t<\/div>\n\t\t\t\t\t<\/div>\n\t\t<\/section>\n\t\t\t\t<section class=\"elementor-section elementor-top-section elementor-element elementor-element-9349a2a elementor-section-boxed elementor-section-height-default elementor-section-height-default\" data-id=\"9349a2a\" data-element_type=\"section\">\n\t\t\t\t\t\t<div class=\"elementor-container elementor-column-gap-default\">\n\t\t\t\t\t<div class=\"elementor-column elementor-col-100 elementor-top-column elementor-element elementor-element-b82bc49\" data-id=\"b82bc49\" data-element_type=\"column\">\n\t\t\t<div class=\"elementor-widget-wrap elementor-element-populated\">\n\t\t\t\t\t\t<div class=\"elementor-element elementor-element-cd47f97 elementor-widget elementor-widget-text-editor\" data-id=\"cd47f97\" data-element_type=\"widget\" data-widget_type=\"text-editor.default\">\n\t\t\t\t<div class=\"elementor-widget-container\">\n\t\t\t\t\t\t\t<p style=\"text-align: justify;\">As disciplinas de Inova\u00e7\u00e3o &amp; Empreendedorismo foram criadas em 2015, no contexto da Ag\u00eancia USP de Inova\u00e7\u00e3o,\u00a0 e t\u00eam como principal objetivo promover\u00a0 experi\u00eancias empreendedoras marcantes para seus participantes, capazes de transformar ideias em produtos-m\u00ednimo-vi\u00e1veis, desenvolvidos em equipes multidisciplinares e validados com potenciais usu\u00e1rios. Atualmente a disciplina acontece em dois formados principais: conectando diferentes atores do ecossistema empreendedor local, nacional e internacional; e promovendo t\u00f3picos emergentes e relevantes do empreendedorismo, como por exemplo o empreendedorismo social. <\/p>\t\t\t\t\t\t<\/div>\n\t\t\t\t<\/div>\n\t\t\t\t<div class=\"elementor-element elementor-element-8dba446 elementor-widget elementor-widget-image\" data-id=\"8dba446\" data-element_type=\"widget\" data-widget_type=\"image.default\">\n\t\t\t\t<div class=\"elementor-widget-container\">\n\t\t\t\t\t\t\t\t\t\t\t\t\t\t<a href=\"https:\/\/sites.usp.br\/cosmos\/?page_id=2198&#038;preview=true\" target=\"_blank\">\n\t\t\t\t\t\t\t<img decoding=\"async\" width=\"640\" height=\"438\" src=\"https:\/\/sites.usp.br\/cosmos\/wp-content\/uploads\/sites\/695\/2022\/12\/prg-0004.jpg\" class=\"attachment-large size-large wp-image-2423\" alt=\"\" srcset=\"https:\/\/sites.usp.br\/cosmos\/wp-content\/uploads\/sites\/695\/2022\/12\/prg-0004.jpg 652w, https:\/\/sites.usp.br\/cosmos\/wp-content\/uploads\/sites\/695\/2022\/12\/prg-0004-300x205.jpg 300w, https:\/\/sites.usp.br\/cosmos\/wp-content\/uploads\/sites\/695\/2022\/12\/prg-0004-400x274.jpg 400w\" sizes=\"(max-width: 640px) 100vw, 640px\" \/>\t\t\t\t\t\t\t\t<\/a>\n\t\t\t\t\t\t\t\t\t\t\t\t\t<\/div>\n\t\t\t\t<\/div>\n\t\t\t\t\t<\/div>\n\t\t<\/div>\n\t\t\t\t\t<\/div>\n\t\t<\/section>\n\t\t\t\t<section class=\"elementor-section elementor-top-section elementor-element elementor-element-73adf21b elementor-section-boxed elementor-section-height-default elementor-section-height-default\" data-id=\"73adf21b\" data-element_type=\"section\">\n\t\t\t\t\t\t<div class=\"elementor-container elementor-column-gap-default\">\n\t\t\t\t\t<div class=\"elementor-column elementor-col-100 elementor-top-column elementor-element elementor-element-387d89dd\" data-id=\"387d89dd\" data-element_type=\"column\">\n\t\t\t<div class=\"elementor-widget-wrap elementor-element-populated\">\n\t\t\t\t\t\t<div class=\"elementor-element elementor-element-e546169 elementor-align-center elementor-widget elementor-widget-button\" data-id=\"e546169\" data-element_type=\"widget\" data-widget_type=\"button.default\">\n\t\t\t\t<div class=\"elementor-widget-container\">\n\t\t\t\t\t\t\t<div class=\"elementor-button-wrapper\">\n\t\t\t\t\t<a class=\"elementor-button elementor-button-link elementor-size-sm\" href=\"https:\/\/sites.usp.br\/cosmos\/?page_id=2198&#038;preview=true\" target=\"_blank\">\n\t\t\t\t\t\t<span class=\"elementor-button-content-wrapper\">\n\t\t\t\t\t\t\t\t\t<span class=\"elementor-button-text\">Saiba mais<\/span>\n\t\t\t\t\t<\/span>\n\t\t\t\t\t<\/a>\n\t\t\t\t<\/div>\n\t\t\t\t\t\t<\/div>\n\t\t\t\t<\/div>\n\t\t\t\t\t<\/div>\n\t\t<\/div>\n\t\t\t\t\t<\/div>\n\t\t<\/section>\n\t\t\t\t<section class=\"elementor-section elementor-top-section elementor-element elementor-element-d196162 elementor-section-boxed elementor-section-height-default elementor-section-height-default\" data-id=\"d196162\" data-element_type=\"section\">\n\t\t\t\t\t\t<div class=\"elementor-container elementor-column-gap-default\">\n\t\t\t\t\t<div class=\"elementor-column elementor-col-100 elementor-top-column elementor-element elementor-element-9a24056\" data-id=\"9a24056\" data-element_type=\"column\">\n\t\t\t<div class=\"elementor-widget-wrap elementor-element-populated\">\n\t\t\t\t\t\t<div class=\"elementor-element elementor-element-ae705a3 elementor-widget elementor-widget-spacer\" data-id=\"ae705a3\" data-element_type=\"widget\" data-widget_type=\"spacer.default\">\n\t\t\t\t<div class=\"elementor-widget-container\">\n\t\t\t\t\t<div class=\"elementor-spacer\">\n\t\t\t<div class=\"elementor-spacer-inner\"><\/div>\n\t\t<\/div>\n\t\t\t\t<\/div>\n\t\t\t\t<\/div>\n\t\t\t\t\t<\/div>\n\t\t<\/div>\n\t\t\t\t\t<\/div>\n\t\t<\/section>\n\t\t\t\t<section class=\"elementor-section elementor-top-section elementor-element elementor-element-91d23fb elementor-section-boxed elementor-section-height-default elementor-section-height-default\" data-id=\"91d23fb\" data-element_type=\"section\">\n\t\t\t\t\t\t<div class=\"elementor-container elementor-column-gap-default\">\n\t\t\t\t\t<div class=\"elementor-column elementor-col-100 elementor-top-column elementor-element elementor-element-bc5f5bf\" data-id=\"bc5f5bf\" data-element_type=\"column\">\n\t\t\t<div class=\"elementor-widget-wrap elementor-element-populated\">\n\t\t\t\t\t\t<div class=\"elementor-element elementor-element-d6395a2 elementor-widget elementor-widget-spacer\" data-id=\"d6395a2\" data-element_type=\"widget\" data-widget_type=\"spacer.default\">\n\t\t\t\t<div class=\"elementor-widget-container\">\n\t\t\t\t\t<div class=\"elementor-spacer\">\n\t\t\t<div class=\"elementor-spacer-inner\"><\/div>\n\t\t<\/div>\n\t\t\t\t<\/div>\n\t\t\t\t<\/div>\n\t\t\t\t\t<\/div>\n\t\t<\/div>\n\t\t\t\t\t<\/div>\n\t\t<\/section>\n\t\t\t\t<section class=\"elementor-section elementor-top-section elementor-element elementor-element-da2117c elementor-section-boxed elementor-section-height-default elementor-section-height-default\" data-id=\"da2117c\" data-element_type=\"section\">\n\t\t\t\t\t\t<div class=\"elementor-container elementor-column-gap-default\">\n\t\t\t\t\t<div class=\"elementor-column elementor-col-100 elementor-top-column elementor-element elementor-element-d2cdf8c\" data-id=\"d2cdf8c\" data-element_type=\"column\">\n\t\t\t<div class=\"elementor-widget-wrap elementor-element-populated\">\n\t\t\t\t\t\t<div class=\"elementor-element elementor-element-6d6398e elementor-widget elementor-widget-heading\" data-id=\"6d6398e\" data-element_type=\"widget\" data-widget_type=\"heading.default\">\n\t\t\t\t<div class=\"elementor-widget-container\">\n\t\t\t<h2 class=\"elementor-heading-title elementor-size-default\">PRG0005 - Fundamentos em Empreendedorismo<\/h2>\t\t<\/div>\n\t\t\t\t<\/div>\n\t\t\t\t\t<\/div>\n\t\t<\/div>\n\t\t\t\t\t<\/div>\n\t\t<\/section>\n\t\t\t\t<section class=\"elementor-section elementor-top-section elementor-element elementor-element-1d35c77 elementor-section-boxed elementor-section-height-default elementor-section-height-default\" data-id=\"1d35c77\" data-element_type=\"section\">\n\t\t\t\t\t\t<div class=\"elementor-container elementor-column-gap-default\">\n\t\t\t\t\t<div class=\"elementor-column elementor-col-100 elementor-top-column elementor-element elementor-element-53e7ba6\" data-id=\"53e7ba6\" data-element_type=\"column\">\n\t\t\t<div class=\"elementor-widget-wrap elementor-element-populated\">\n\t\t\t\t\t\t<div class=\"elementor-element elementor-element-81b0bb0 elementor-widget elementor-widget-text-editor\" data-id=\"81b0bb0\" data-element_type=\"widget\" data-widget_type=\"text-editor.default\">\n\t\t\t\t<div class=\"elementor-widget-container\">\n\t\t\t\t\t\t\t<p style=\"margin-top: 6.0pt; text-align: justify; text-justify: inter-ideograph;\"><span lang=\"PT-BR\" style=\"mso-ansi-language: PT-BR;\">A PRG0005 &#8211; Fundamentos em Empreendeorismo \u00e9 disciplina online pioneira e tem como objetivo viabilizar aos alunos e alunas participantes uma primeira experi\u00eancia com o mundo do empreendedorismo, com foco especial na apresenta\u00e7\u00e3o e envolvimento no ecossistema empreendedor da USP.<span style=\"mso-spacerun: yes;\">\u00a0 <\/span>Acontece em principalmente em formato online ass\u00edncrono, ou seja, conta com um conjunto de recursos e atividades disponibilizados online, que podem ser realizados em espa\u00e7os e momentos distintos. A disciplina \u00e9 orientada a projetos e, na segunda etapa, envolve a forma\u00e7\u00e3o de grupos multidisciplinares, contando com alunos de diferentes campi, com diferentes forma\u00e7\u00f5es. Ao longo do semestre s\u00e3o realizados tr\u00eas eventos s\u00edncronos, aos s\u00e1bados, para apresenta\u00e7\u00e3o das din\u00e2micas do curso e realiza\u00e7\u00e3o de palestras.<\/span><\/p><p><style>@font-face<br \/>\n\t{font-family:\"MS Mincho\";<br \/>\n\tpanose-1:2 2 6 9 4 2 5 8 3 4;<br \/>\n\tmso-font-alt:\"\uff2d\uff33 \u660e\u671d\";<br \/>\n\tmso-font-charset:128;<br \/>\n\tmso-generic-font-family:modern;<br \/>\n\tmso-font-pitch:fixed;<br \/>\n\tmso-font-signature:-536870145 1791491579 134217746 0 131231 0;}@font-face<br \/>\n\t{font-family:\"Cambria Math\";<br \/>\n\tpanose-1:2 4 5 3 5 4 6 3 2 4;<br \/>\n\tmso-font-charset:0;<br \/>\n\tmso-generic-font-family:roman;<br \/>\n\tmso-font-pitch:variable;<br \/>\n\tmso-font-signature:3 0 0 0 1 0;}@font-face<br \/>\n\t{font-family:Cambria;<br \/>\n\tpanose-1:2 4 5 3 5 4 6 3 2 4;<br \/>\n\tmso-font-charset:0;<br \/>\n\tmso-generic-font-family:roman;<br \/>\n\tmso-font-pitch:variable;<br \/>\n\tmso-font-signature:-536870145 1073743103 0 0 415 0;}@font-face<br \/>\n\t{font-family:\"\\@MS Mincho\";<br \/>\n\tpanose-1:2 2 6 9 4 2 5 8 3 4;<br \/>\n\tmso-font-charset:128;<br \/>\n\tmso-generic-font-family:modern;<br \/>\n\tmso-font-pitch:fixed;<br \/>\n\tmso-font-signature:-536870145 1791491579 134217746 0 131231 0;}p.MsoNormal, li.MsoNormal, div.MsoNormal<br \/>\n\t{mso-style-unhide:no;<br \/>\n\tmso-style-qformat:yes;<br \/>\n\tmso-style-parent:\"\";<br \/>\n\tmargin:0cm;<br \/>\n\tmso-pagination:widow-orphan;<br \/>\n\tfont-size:12.0pt;<br \/>\n\tfont-family:\"Cambria\",serif;<br \/>\n\tmso-ascii-font-family:Cambria;<br \/>\n\tmso-ascii-theme-font:minor-latin;<br \/>\n\tmso-fareast-font-family:\"MS Mincho\";<br \/>\n\tmso-fareast-theme-font:minor-fareast;<br \/>\n\tmso-hansi-font-family:Cambria;<br \/>\n\tmso-hansi-theme-font:minor-latin;<br \/>\n\tmso-bidi-font-family:\"Times New Roman\";<br \/>\n\tmso-bidi-theme-font:minor-bidi;<br \/>\n\tmso-ansi-language:EN-US;}.MsoChpDefault<br \/>\n\t{mso-style-type:export-only;<br \/>\n\tmso-default-props:yes;<br \/>\n\tfont-family:\"Cambria\",serif;<br \/>\n\tmso-ascii-font-family:Cambria;<br \/>\n\tmso-ascii-theme-font:minor-latin;<br \/>\n\tmso-fareast-font-family:\"MS Mincho\";<br \/>\n\tmso-fareast-theme-font:minor-fareast;<br \/>\n\tmso-hansi-font-family:Cambria;<br \/>\n\tmso-hansi-theme-font:minor-latin;<br \/>\n\tmso-bidi-font-family:\"Times New Roman\";<br \/>\n\tmso-bidi-theme-font:minor-bidi;<br \/>\n\tmso-ansi-language:EN-US;}div.WordSection1<br \/>\n\t{page:WordSection1;}<\/style><\/p>\t\t\t\t\t\t<\/div>\n\t\t\t\t<\/div>\n\t\t\t\t\t<\/div>\n\t\t<\/div>\n\t\t\t\t\t<\/div>\n\t\t<\/section>\n\t\t\t\t<section class=\"elementor-section elementor-top-section elementor-element elementor-element-7c71a7c elementor-section-boxed elementor-section-height-default elementor-section-height-default\" data-id=\"7c71a7c\" data-element_type=\"section\">\n\t\t\t\t\t\t<div class=\"elementor-container elementor-column-gap-default\">\n\t\t\t\t\t<div class=\"elementor-column elementor-col-100 elementor-top-column elementor-element elementor-element-b1764e4\" data-id=\"b1764e4\" data-element_type=\"column\">\n\t\t\t<div class=\"elementor-widget-wrap elementor-element-populated\">\n\t\t\t\t\t\t<div class=\"elementor-element elementor-element-49c7299 elementor-widget elementor-widget-image\" data-id=\"49c7299\" data-element_type=\"widget\" data-widget_type=\"image.default\">\n\t\t\t\t<div class=\"elementor-widget-container\">\n\t\t\t\t\t\t\t\t\t\t\t\t\t\t<a href=\"https:\/\/sites.usp.br\/cosmos\/prg0005-fundamentos-em-empreendedorismo\/\">\n\t\t\t\t\t\t\t<img decoding=\"async\" width=\"640\" height=\"173\" src=\"https:\/\/sites.usp.br\/cosmos\/wp-content\/uploads\/sites\/695\/2022\/10\/Copy-of-Showing-1024x277.png\" class=\"attachment-large size-large wp-image-2038\" alt=\"\" srcset=\"https:\/\/sites.usp.br\/cosmos\/wp-content\/uploads\/sites\/695\/2022\/10\/Copy-of-Showing-1024x277.png 1024w, https:\/\/sites.usp.br\/cosmos\/wp-content\/uploads\/sites\/695\/2022\/10\/Copy-of-Showing-300x81.png 300w, https:\/\/sites.usp.br\/cosmos\/wp-content\/uploads\/sites\/695\/2022\/10\/Copy-of-Showing-768x208.png 768w, https:\/\/sites.usp.br\/cosmos\/wp-content\/uploads\/sites\/695\/2022\/10\/Copy-of-Showing-400x108.png 400w, https:\/\/sites.usp.br\/cosmos\/wp-content\/uploads\/sites\/695\/2022\/10\/Copy-of-Showing.png 1280w\" sizes=\"(max-width: 640px) 100vw, 640px\" \/>\t\t\t\t\t\t\t\t<\/a>\n\t\t\t\t\t\t\t\t\t\t\t\t\t<\/div>\n\t\t\t\t<\/div>\n\t\t\t\t<div class=\"elementor-element elementor-element-7d9c0a1 elementor-align-center elementor-widget elementor-widget-button\" data-id=\"7d9c0a1\" data-element_type=\"widget\" data-widget_type=\"button.default\">\n\t\t\t\t<div class=\"elementor-widget-container\">\n\t\t\t\t\t\t\t<div class=\"elementor-button-wrapper\">\n\t\t\t\t\t<a class=\"elementor-button elementor-button-link elementor-size-sm\" href=\"https:\/\/sites.usp.br\/cosmos\/prg0005-fundamentos-em-empreendedorismo\/\">\n\t\t\t\t\t\t<span class=\"elementor-button-content-wrapper\">\n\t\t\t\t\t\t\t\t\t<span class=\"elementor-button-text\">Saiba mais<\/span>\n\t\t\t\t\t<\/span>\n\t\t\t\t\t<\/a>\n\t\t\t\t<\/div>\n\t\t\t\t\t\t<\/div>\n\t\t\t\t<\/div>\n\t\t\t\t\t<\/div>\n\t\t<\/div>\n\t\t\t\t\t<\/div>\n\t\t<\/section>\n\t\t\t\t<\/div>\n\t\t","protected":false},"excerpt":{"rendered":"<p>Empreendedores s\u00e3o profissionais apaixonados, que trabalham duro, capazes de realizar variadas tarefas, obtendo alto desempenho na mitiga\u00e7\u00e3o de riscos e na estrutura\u00e7\u00e3o de novos empreendimentos de sucesso. Para a USP o empreendedorismo \u00e9\u00a0 uma prioridade pois promove o desenvolvimento de empreendedores de sucesso, capazes de estabelecer grandes iniciativas, resultando em valor, renda, empregos, desenvolvimento tecnol\u00f3gico<a href=\"https:\/\/sites.usp.br\/cosmos\/ensino-editando\/\">[&#8230;]<\/a><\/p>\n","protected":false},"author":23329,"featured_media":0,"parent":0,"menu_order":0,"comment_status":"closed","ping_status":"closed","template":"","meta":{"_monsterinsights_skip_tracking":false,"_monsterinsights_sitenote_active":false,"_monsterinsights_sitenote_note":"","_monsterinsights_sitenote_category":0,"footnotes":"","_links_to":"","_links_to_target":""},"class_list":["post-2100","page","type-page","status-publish","hentry"],"_links":{"self":[{"href":"https:\/\/sites.usp.br\/cosmos\/wp-json\/wp\/v2\/pages\/2100","targetHints":{"allow":["GET"]}}],"collection":[{"href":"https:\/\/sites.usp.br\/cosmos\/wp-json\/wp\/v2\/pages"}],"about":[{"href":"https:\/\/sites.usp.br\/cosmos\/wp-json\/wp\/v2\/types\/page"}],"author":[{"embeddable":true,"href":"https:\/\/sites.usp.br\/cosmos\/wp-json\/wp\/v2\/users\/23329"}],"replies":[{"embeddable":true,"href":"https:\/\/sites.usp.br\/cosmos\/wp-json\/wp\/v2\/comments?post=2100"}],"version-history":[{"count":4,"href":"https:\/\/sites.usp.br\/cosmos\/wp-json\/wp\/v2\/pages\/2100\/revisions"}],"predecessor-version":[{"id":2426,"href":"https:\/\/sites.usp.br\/cosmos\/wp-json\/wp\/v2\/pages\/2100\/revisions\/2426"}],"wp:attachment":[{"href":"https:\/\/sites.usp.br\/cosmos\/wp-json\/wp\/v2\/media?parent=2100"}],"curies":[{"name":"wp","href":"https:\/\/api.w.org\/{rel}","templated":true}]}}