{"id":2124,"date":"2022-12-13T13:13:08","date_gmt":"2022-12-13T16:13:08","guid":{"rendered":"https:\/\/sites.usp.br\/cosmos\/?page_id=2124"},"modified":"2022-12-13T13:13:08","modified_gmt":"2022-12-13T16:13:08","slug":"workshops","status":"publish","type":"page","link":"https:\/\/sites.usp.br\/cosmos\/workshops\/","title":{"rendered":"Workshops"},"content":{"rendered":"\t\t<div data-elementor-type=\"wp-page\" data-elementor-id=\"2124\" class=\"elementor elementor-2124\" data-elementor-post-type=\"page\">\n\t\t\t\t\t\t<section class=\"elementor-section elementor-top-section elementor-element elementor-element-198195d elementor-section-boxed elementor-section-height-default elementor-section-height-default\" data-id=\"198195d\" data-element_type=\"section\">\n\t\t\t\t\t\t<div class=\"elementor-container elementor-column-gap-default\">\n\t\t\t\t\t<div class=\"elementor-column elementor-col-100 elementor-top-column elementor-element elementor-element-40001f5\" data-id=\"40001f5\" data-element_type=\"column\">\n\t\t\t<div class=\"elementor-widget-wrap elementor-element-populated\">\n\t\t\t\t\t\t<div class=\"elementor-element elementor-element-bd9a3c0 elementor-widget elementor-widget-text-editor\" data-id=\"bd9a3c0\" data-element_type=\"widget\" data-widget_type=\"text-editor.default\">\n\t\t\t\t<div class=\"elementor-widget-container\">\n\t\t\t\t\t\t\t<p>Nessa se\u00e7\u00e3o, trazemos os eventos que ocorreram no Cosmos no formato de workshop, abordando algum tema relevante para o ecossistema uspiano.<\/p>\t\t\t\t\t\t<\/div>\n\t\t\t\t<\/div>\n\t\t\t\t<div class=\"elementor-element elementor-element-3e6d3f9 elementor-widget elementor-widget-spacer\" data-id=\"3e6d3f9\" data-element_type=\"widget\" data-widget_type=\"spacer.default\">\n\t\t\t\t<div class=\"elementor-widget-container\">\n\t\t\t\t\t<div class=\"elementor-spacer\">\n\t\t\t<div class=\"elementor-spacer-inner\"><\/div>\n\t\t<\/div>\n\t\t\t\t<\/div>\n\t\t\t\t<\/div>\n\t\t\t\t\t<\/div>\n\t\t<\/div>\n\t\t\t\t\t<\/div>\n\t\t<\/section>\n\t\t\t\t<section class=\"elementor-section elementor-top-section elementor-element elementor-element-d642f39 elementor-section-boxed elementor-section-height-default elementor-section-height-default\" data-id=\"d642f39\" data-element_type=\"section\">\n\t\t\t\t\t\t<div class=\"elementor-container elementor-column-gap-default\">\n\t\t\t\t\t<div class=\"elementor-column elementor-col-100 elementor-top-column elementor-element elementor-element-cbdf6a6\" data-id=\"cbdf6a6\" data-element_type=\"column\">\n\t\t\t<div class=\"elementor-widget-wrap elementor-element-populated\">\n\t\t\t\t\t\t<div class=\"elementor-element elementor-element-eadf28a elementor-widget elementor-widget-heading\" data-id=\"eadf28a\" data-element_type=\"widget\" data-widget_type=\"heading.default\">\n\t\t\t\t<div class=\"elementor-widget-container\">\n\t\t\t<h2 class=\"elementor-heading-title elementor-size-default\">Workshop interno de intelig\u00eancia de neg\u00f3cio<\/h2>\t\t<\/div>\n\t\t\t\t<\/div>\n\t\t\t\t<div class=\"elementor-element elementor-element-92ec81b elementor-widget elementor-widget-image\" data-id=\"92ec81b\" data-element_type=\"widget\" data-widget_type=\"image.default\">\n\t\t\t\t<div class=\"elementor-widget-container\">\n\t\t\t\t\t\t\t\t\t\t\t\t\t<img fetchpriority=\"high\" decoding=\"async\" width=\"640\" height=\"573\" src=\"https:\/\/sites.usp.br\/cosmos\/wp-content\/uploads\/sites\/695\/2022\/12\/Workshop-inteligencia-de-negocio-1-1024x916.jpeg\" class=\"attachment-large size-large wp-image-2225\" alt=\"\" srcset=\"https:\/\/sites.usp.br\/cosmos\/wp-content\/uploads\/sites\/695\/2022\/12\/Workshop-inteligencia-de-negocio-1-1024x916.jpeg 1024w, https:\/\/sites.usp.br\/cosmos\/wp-content\/uploads\/sites\/695\/2022\/12\/Workshop-inteligencia-de-negocio-1-300x269.jpeg 300w, https:\/\/sites.usp.br\/cosmos\/wp-content\/uploads\/sites\/695\/2022\/12\/Workshop-inteligencia-de-negocio-1-768x687.jpeg 768w, https:\/\/sites.usp.br\/cosmos\/wp-content\/uploads\/sites\/695\/2022\/12\/Workshop-inteligencia-de-negocio-1-400x358.jpeg 400w, https:\/\/sites.usp.br\/cosmos\/wp-content\/uploads\/sites\/695\/2022\/12\/Workshop-inteligencia-de-negocio-1.jpeg 1200w\" sizes=\"(max-width: 640px) 100vw, 640px\" \/>\t\t\t\t\t\t\t\t\t\t\t\t\t<\/div>\n\t\t\t\t<\/div>\n\t\t\t\t<div class=\"elementor-element elementor-element-3dcf353 elementor-widget elementor-widget-text-editor\" data-id=\"3dcf353\" data-element_type=\"widget\" data-widget_type=\"text-editor.default\">\n\t\t\t\t<div class=\"elementor-widget-container\">\n\t\t\t\t\t\t\t<p>Evento interno realizado para capacita\u00e7\u00e3o e inspira\u00e7\u00e3o dos membros da entidade. Teve a participa\u00e7\u00e3o de uma pessoa do iFood para falar sobre business intelligence e utiliza\u00e7\u00e3o de dados para tomada de decis\u00e3o de um neg\u00f3cio. Em seguida, houve uma din\u00e2mica de facilita\u00e7\u00e3o para alinhamento da diretoria com os membros sobre a nova estrat\u00e9gia de gest\u00e3o e vis\u00e3o da entidade.<\/p>\t\t\t\t\t\t<\/div>\n\t\t\t\t<\/div>\n\t\t\t\t\t<\/div>\n\t\t<\/div>\n\t\t\t\t\t<\/div>\n\t\t<\/section>\n\t\t\t\t<section class=\"elementor-section elementor-top-section elementor-element elementor-element-a36a020 elementor-section-boxed elementor-section-height-default elementor-section-height-default\" data-id=\"a36a020\" data-element_type=\"section\">\n\t\t\t\t\t\t<div class=\"elementor-container elementor-column-gap-default\">\n\t\t\t\t\t<div class=\"elementor-column elementor-col-100 elementor-top-column elementor-element elementor-element-1e57fc3\" data-id=\"1e57fc3\" data-element_type=\"column\">\n\t\t\t<div class=\"elementor-widget-wrap elementor-element-populated\">\n\t\t\t\t\t\t<div class=\"elementor-element elementor-element-77cd91d elementor-widget elementor-widget-heading\" data-id=\"77cd91d\" data-element_type=\"widget\" data-widget_type=\"heading.default\">\n\t\t\t\t<div class=\"elementor-widget-container\">\n\t\t\t<h2 class=\"elementor-heading-title elementor-size-default\"><span style=\"font-weight:600\" data-token-index=\"0\" class=\"notion-enable-hover\" data-reactroot=\"\">Workshop de Gest\u00e3o de Projetos<\/span><\/h2>\t\t<\/div>\n\t\t\t\t<\/div>\n\t\t\t\t<div class=\"elementor-element elementor-element-d0ee8f7 elementor-widget elementor-widget-image\" data-id=\"d0ee8f7\" data-element_type=\"widget\" data-widget_type=\"image.default\">\n\t\t\t\t<div class=\"elementor-widget-container\">\n\t\t\t\t\t\t\t\t\t\t\t\t\t<img decoding=\"async\" width=\"640\" height=\"479\" src=\"https:\/\/sites.usp.br\/cosmos\/wp-content\/uploads\/sites\/695\/2022\/12\/Workshop-gestao-de-projetos-1024x766.jpeg\" class=\"attachment-large size-large wp-image-2160\" alt=\"\" srcset=\"https:\/\/sites.usp.br\/cosmos\/wp-content\/uploads\/sites\/695\/2022\/12\/Workshop-gestao-de-projetos-1024x766.jpeg 1024w, https:\/\/sites.usp.br\/cosmos\/wp-content\/uploads\/sites\/695\/2022\/12\/Workshop-gestao-de-projetos-300x225.jpeg 300w, https:\/\/sites.usp.br\/cosmos\/wp-content\/uploads\/sites\/695\/2022\/12\/Workshop-gestao-de-projetos-768x575.jpeg 768w, https:\/\/sites.usp.br\/cosmos\/wp-content\/uploads\/sites\/695\/2022\/12\/Workshop-gestao-de-projetos-285x214.jpeg 285w, https:\/\/sites.usp.br\/cosmos\/wp-content\/uploads\/sites\/695\/2022\/12\/Workshop-gestao-de-projetos-80x60.jpeg 80w, https:\/\/sites.usp.br\/cosmos\/wp-content\/uploads\/sites\/695\/2022\/12\/Workshop-gestao-de-projetos-400x299.jpeg 400w, https:\/\/sites.usp.br\/cosmos\/wp-content\/uploads\/sites\/695\/2022\/12\/Workshop-gestao-de-projetos.jpeg 1280w\" sizes=\"(max-width: 640px) 100vw, 640px\" \/>\t\t\t\t\t\t\t\t\t\t\t\t\t<\/div>\n\t\t\t\t<\/div>\n\t\t\t\t<div class=\"elementor-element elementor-element-811e6dd elementor-widget elementor-widget-text-editor\" data-id=\"811e6dd\" data-element_type=\"widget\" data-widget_type=\"text-editor.default\">\n\t\t\t\t<div class=\"elementor-widget-container\">\n\t\t\t\t\t\t\t<p>O evento foi fechado para os membros do eLab e voltado para a capacita\u00e7\u00e3o, discuss\u00e3o e planejamento dos projetos da entidade (EmpreendeSIM!, Mete Marcha, Cat\u00e1lise e eLabcast). A inten\u00e7\u00e3o foi a de ter um momento presencial de integra\u00e7\u00e3o e brainstorm para debater os principais desafios dos projetos e propor planos de a\u00e7\u00e3o para eles, em quatro equipes, com utiliza\u00e7\u00e3o de frameworks de empatia, design thinking e business canva. Os membros levaram notebooks, cadernos e se reuniram nas mesas. Utilizaram o tel\u00e3o para projetar slides e a lousa digital para montar rascunhos e mapas mentais. Al\u00e9m disso, contaram com a participa\u00e7\u00e3o de dois convidados que auxiliaram no esclarecimento e capacita\u00e7\u00e3o do grupo no que tange gerenciamento de projetos.<\/p>\t\t\t\t\t\t<\/div>\n\t\t\t\t<\/div>\n\t\t\t\t\t<\/div>\n\t\t<\/div>\n\t\t\t\t\t<\/div>\n\t\t<\/section>\n\t\t\t\t<section class=\"elementor-section elementor-top-section elementor-element elementor-element-74b4391 elementor-section-boxed elementor-section-height-default elementor-section-height-default\" data-id=\"74b4391\" data-element_type=\"section\">\n\t\t\t\t\t\t<div class=\"elementor-container elementor-column-gap-default\">\n\t\t\t\t\t<div class=\"elementor-column elementor-col-100 elementor-top-column elementor-element elementor-element-333b85e\" data-id=\"333b85e\" data-element_type=\"column\">\n\t\t\t<div class=\"elementor-widget-wrap elementor-element-populated\">\n\t\t\t\t\t\t<div class=\"elementor-element elementor-element-d628358 elementor-widget elementor-widget-heading\" data-id=\"d628358\" data-element_type=\"widget\" data-widget_type=\"heading.default\">\n\t\t\t\t<div class=\"elementor-widget-container\">\n\t\t\t<h2 class=\"elementor-heading-title elementor-size-default\"><span style=\"font-weight:600\" data-token-index=\"0\" class=\"notion-enable-hover\" data-reactroot=\"\">Workshop de Aprendizado por Refor\u00e7o<\/span><\/h2>\t\t<\/div>\n\t\t\t\t<\/div>\n\t\t\t\t<div class=\"elementor-element elementor-element-3edfa9e elementor-widget elementor-widget-image\" data-id=\"3edfa9e\" data-element_type=\"widget\" data-widget_type=\"image.default\">\n\t\t\t\t<div class=\"elementor-widget-container\">\n\t\t\t\t\t\t\t\t\t\t\t\t\t<img decoding=\"async\" width=\"640\" height=\"480\" src=\"https:\/\/sites.usp.br\/cosmos\/wp-content\/uploads\/sites\/695\/2022\/12\/Workshop-aprendizado-por-reforco-1024x768.jpeg\" class=\"attachment-large size-large wp-image-2159\" alt=\"\" srcset=\"https:\/\/sites.usp.br\/cosmos\/wp-content\/uploads\/sites\/695\/2022\/12\/Workshop-aprendizado-por-reforco-1024x768.jpeg 1024w, https:\/\/sites.usp.br\/cosmos\/wp-content\/uploads\/sites\/695\/2022\/12\/Workshop-aprendizado-por-reforco-300x225.jpeg 300w, https:\/\/sites.usp.br\/cosmos\/wp-content\/uploads\/sites\/695\/2022\/12\/Workshop-aprendizado-por-reforco-768x576.jpeg 768w, https:\/\/sites.usp.br\/cosmos\/wp-content\/uploads\/sites\/695\/2022\/12\/Workshop-aprendizado-por-reforco-1536x1152.jpeg 1536w, https:\/\/sites.usp.br\/cosmos\/wp-content\/uploads\/sites\/695\/2022\/12\/Workshop-aprendizado-por-reforco-285x214.jpeg 285w, https:\/\/sites.usp.br\/cosmos\/wp-content\/uploads\/sites\/695\/2022\/12\/Workshop-aprendizado-por-reforco-80x60.jpeg 80w, https:\/\/sites.usp.br\/cosmos\/wp-content\/uploads\/sites\/695\/2022\/12\/Workshop-aprendizado-por-reforco-400x300.jpeg 400w, https:\/\/sites.usp.br\/cosmos\/wp-content\/uploads\/sites\/695\/2022\/12\/Workshop-aprendizado-por-reforco.jpeg 1600w\" sizes=\"(max-width: 640px) 100vw, 640px\" \/>\t\t\t\t\t\t\t\t\t\t\t\t\t<\/div>\n\t\t\t\t<\/div>\n\t\t\t\t<div class=\"elementor-element elementor-element-ec4a77f elementor-widget elementor-widget-text-editor\" data-id=\"ec4a77f\" data-element_type=\"widget\" data-widget_type=\"text-editor.default\">\n\t\t\t\t<div class=\"elementor-widget-container\">\n\t\t\t\t\t\t\t<p>O Workshop de aprendizado por refor\u00e7o \u00e9 um evento interno do Turing USP, no qual os membros da \u00e1rea de Aprendizado por Refor\u00e7o apresentam os conceitos principais da \u00e1rea para o restante do grupo, seguido de uma parte pr\u00e1tica.<\/p>\t\t\t\t\t\t<\/div>\n\t\t\t\t<\/div>\n\t\t\t\t\t<\/div>\n\t\t<\/div>\n\t\t\t\t\t<\/div>\n\t\t<\/section>\n\t\t\t\t<\/div>\n\t\t","protected":false},"excerpt":{"rendered":"<p>Nessa se\u00e7\u00e3o, trazemos os eventos que ocorreram no Cosmos no formato de workshop, abordando algum tema relevante para o ecossistema uspiano. Workshop interno de intelig\u00eancia de neg\u00f3cio Evento interno realizado para capacita\u00e7\u00e3o e inspira\u00e7\u00e3o dos membros da entidade. Teve a participa\u00e7\u00e3o de uma pessoa do iFood para falar sobre business intelligence e utiliza\u00e7\u00e3o de dados<a href=\"https:\/\/sites.usp.br\/cosmos\/workshops\/\">[&#8230;]<\/a><\/p>\n","protected":false},"author":23329,"featured_media":0,"parent":0,"menu_order":0,"comment_status":"closed","ping_status":"closed","template":"","meta":{"_monsterinsights_skip_tracking":false,"_monsterinsights_sitenote_active":false,"_monsterinsights_sitenote_note":"","_monsterinsights_sitenote_category":0,"footnotes":"","_links_to":"","_links_to_target":""},"class_list":["post-2124","page","type-page","status-publish","hentry"],"_links":{"self":[{"href":"https:\/\/sites.usp.br\/cosmos\/wp-json\/wp\/v2\/pages\/2124","targetHints":{"allow":["GET"]}}],"collection":[{"href":"https:\/\/sites.usp.br\/cosmos\/wp-json\/wp\/v2\/pages"}],"about":[{"href":"https:\/\/sites.usp.br\/cosmos\/wp-json\/wp\/v2\/types\/page"}],"author":[{"embeddable":true,"href":"https:\/\/sites.usp.br\/cosmos\/wp-json\/wp\/v2\/users\/23329"}],"replies":[{"embeddable":true,"href":"https:\/\/sites.usp.br\/cosmos\/wp-json\/wp\/v2\/comments?post=2124"}],"version-history":[{"count":4,"href":"https:\/\/sites.usp.br\/cosmos\/wp-json\/wp\/v2\/pages\/2124\/revisions"}],"predecessor-version":[{"id":2368,"href":"https:\/\/sites.usp.br\/cosmos\/wp-json\/wp\/v2\/pages\/2124\/revisions\/2368"}],"wp:attachment":[{"href":"https:\/\/sites.usp.br\/cosmos\/wp-json\/wp\/v2\/media?parent=2124"}],"curies":[{"name":"wp","href":"https:\/\/api.w.org\/{rel}","templated":true}]}}