{"id":2127,"date":"2022-12-13T13:13:12","date_gmt":"2022-12-13T16:13:12","guid":{"rendered":"https:\/\/sites.usp.br\/cosmos\/?page_id=2127"},"modified":"2022-12-13T13:13:12","modified_gmt":"2022-12-13T16:13:12","slug":"palestras","status":"publish","type":"page","link":"https:\/\/sites.usp.br\/cosmos\/palestras\/","title":{"rendered":"Palestras"},"content":{"rendered":"\t\t<div data-elementor-type=\"wp-page\" data-elementor-id=\"2127\" class=\"elementor elementor-2127\" data-elementor-post-type=\"page\">\n\t\t\t\t\t\t<section class=\"elementor-section elementor-top-section elementor-element elementor-element-5da92d1 elementor-section-boxed elementor-section-height-default elementor-section-height-default\" data-id=\"5da92d1\" data-element_type=\"section\">\n\t\t\t\t\t\t<div class=\"elementor-container elementor-column-gap-default\">\n\t\t\t\t\t<div class=\"elementor-column elementor-col-100 elementor-top-column elementor-element elementor-element-8fc558e\" data-id=\"8fc558e\" data-element_type=\"column\">\n\t\t\t<div class=\"elementor-widget-wrap elementor-element-populated\">\n\t\t\t\t\t\t<div class=\"elementor-element elementor-element-c2c5bf5 elementor-widget elementor-widget-text-editor\" data-id=\"c2c5bf5\" data-element_type=\"widget\" data-widget_type=\"text-editor.default\">\n\t\t\t\t<div class=\"elementor-widget-container\">\n\t\t\t\t\t\t\t<p>Nessa se\u00e7\u00e3o, trazemos os eventos que ocorreram no Cosmos e foram no estilo de palestra, abordando algum tema relevante para o ecossistema uspiano.<\/p>\t\t\t\t\t\t<\/div>\n\t\t\t\t<\/div>\n\t\t\t\t<div class=\"elementor-element elementor-element-e0b559f elementor-widget elementor-widget-spacer\" data-id=\"e0b559f\" data-element_type=\"widget\" data-widget_type=\"spacer.default\">\n\t\t\t\t<div class=\"elementor-widget-container\">\n\t\t\t\t\t<div class=\"elementor-spacer\">\n\t\t\t<div class=\"elementor-spacer-inner\"><\/div>\n\t\t<\/div>\n\t\t\t\t<\/div>\n\t\t\t\t<\/div>\n\t\t\t\t\t<\/div>\n\t\t<\/div>\n\t\t\t\t\t<\/div>\n\t\t<\/section>\n\t\t\t\t<section class=\"elementor-section elementor-top-section elementor-element elementor-element-d642f39 elementor-section-boxed elementor-section-height-default elementor-section-height-default\" data-id=\"d642f39\" data-element_type=\"section\">\n\t\t\t\t\t\t<div class=\"elementor-container elementor-column-gap-default\">\n\t\t\t\t\t<div class=\"elementor-column elementor-col-100 elementor-top-column elementor-element elementor-element-cbdf6a6\" data-id=\"cbdf6a6\" data-element_type=\"column\">\n\t\t\t<div class=\"elementor-widget-wrap elementor-element-populated\">\n\t\t\t\t\t\t<div class=\"elementor-element elementor-element-eadf28a elementor-widget elementor-widget-heading\" data-id=\"eadf28a\" data-element_type=\"widget\" data-widget_type=\"heading.default\">\n\t\t\t\t<div class=\"elementor-widget-container\">\n\t\t\t<h2 class=\"elementor-heading-title elementor-size-default\">DEV +<\/h2>\t\t<\/div>\n\t\t\t\t<\/div>\n\t\t\t\t<div class=\"elementor-element elementor-element-92ec81b elementor-widget elementor-widget-image\" data-id=\"92ec81b\" data-element_type=\"widget\" data-widget_type=\"image.default\">\n\t\t\t\t<div class=\"elementor-widget-container\">\n\t\t\t\t\t\t\t\t\t\t\t\t\t<img fetchpriority=\"high\" decoding=\"async\" width=\"640\" height=\"480\" src=\"https:\/\/sites.usp.br\/cosmos\/wp-content\/uploads\/sites\/695\/2022\/12\/DEV-1024x768.jpeg\" class=\"attachment-large size-large wp-image-2150\" alt=\"\" srcset=\"https:\/\/sites.usp.br\/cosmos\/wp-content\/uploads\/sites\/695\/2022\/12\/DEV-1024x768.jpeg 1024w, https:\/\/sites.usp.br\/cosmos\/wp-content\/uploads\/sites\/695\/2022\/12\/DEV-300x225.jpeg 300w, https:\/\/sites.usp.br\/cosmos\/wp-content\/uploads\/sites\/695\/2022\/12\/DEV-768x576.jpeg 768w, https:\/\/sites.usp.br\/cosmos\/wp-content\/uploads\/sites\/695\/2022\/12\/DEV-285x214.jpeg 285w, https:\/\/sites.usp.br\/cosmos\/wp-content\/uploads\/sites\/695\/2022\/12\/DEV-80x60.jpeg 80w, https:\/\/sites.usp.br\/cosmos\/wp-content\/uploads\/sites\/695\/2022\/12\/DEV-400x300.jpeg 400w, https:\/\/sites.usp.br\/cosmos\/wp-content\/uploads\/sites\/695\/2022\/12\/DEV.jpeg 1280w\" sizes=\"(max-width: 640px) 100vw, 640px\" \/>\t\t\t\t\t\t\t\t\t\t\t\t\t<\/div>\n\t\t\t\t<\/div>\n\t\t\t\t<div class=\"elementor-element elementor-element-3dcf353 elementor-widget elementor-widget-text-editor\" data-id=\"3dcf353\" data-element_type=\"widget\" data-widget_type=\"text-editor.default\">\n\t\t\t\t<div class=\"elementor-widget-container\">\n\t\t\t\t\t\t\t<p>Foi um conjunto de eventos que buscaram compreender a necessidade tecnol\u00f3gica das entidades. Os convidados foram cases externos, os quais mostraram o que tem de mais inovador dentro do escopo de cada uma das entidades.<\/p>\t\t\t\t\t\t<\/div>\n\t\t\t\t<\/div>\n\t\t\t\t\t<\/div>\n\t\t<\/div>\n\t\t\t\t\t<\/div>\n\t\t<\/section>\n\t\t\t\t<section class=\"elementor-section elementor-top-section elementor-element elementor-element-a36a020 elementor-section-boxed elementor-section-height-default elementor-section-height-default\" data-id=\"a36a020\" data-element_type=\"section\">\n\t\t\t\t\t\t<div class=\"elementor-container elementor-column-gap-default\">\n\t\t\t\t\t<div class=\"elementor-column elementor-col-100 elementor-top-column elementor-element elementor-element-1e57fc3\" data-id=\"1e57fc3\" data-element_type=\"column\">\n\t\t\t<div class=\"elementor-widget-wrap elementor-element-populated\">\n\t\t\t\t\t\t<div class=\"elementor-element elementor-element-77cd91d elementor-widget elementor-widget-heading\" data-id=\"77cd91d\" data-element_type=\"widget\" data-widget_type=\"heading.default\">\n\t\t\t\t<div class=\"elementor-widget-container\">\n\t\t\t<h2 class=\"elementor-heading-title elementor-size-default\">M<span style=\"font-weight:600\" data-token-index=\"1\" class=\"notion-enable-hover\" data-reactroot=\"\">ulheres na pol\u00edtica e solu\u00e7\u00f5es para a agenda de Direitos Humanos na Cidade de S\u00e3o Paulo<\/span><\/h2>\t\t<\/div>\n\t\t\t\t<\/div>\n\t\t\t\t<div class=\"elementor-element elementor-element-d0ee8f7 elementor-widget elementor-widget-image\" data-id=\"d0ee8f7\" data-element_type=\"widget\" data-widget_type=\"image.default\">\n\t\t\t\t<div class=\"elementor-widget-container\">\n\t\t\t\t\t\t\t\t\t\t\t\t\t<img decoding=\"async\" width=\"640\" height=\"634\" src=\"https:\/\/sites.usp.br\/cosmos\/wp-content\/uploads\/sites\/695\/2022\/12\/Mulheres-na-politica-1.jpeg\" class=\"attachment-large size-large wp-image-2226\" alt=\"\" srcset=\"https:\/\/sites.usp.br\/cosmos\/wp-content\/uploads\/sites\/695\/2022\/12\/Mulheres-na-politica-1.jpeg 960w, https:\/\/sites.usp.br\/cosmos\/wp-content\/uploads\/sites\/695\/2022\/12\/Mulheres-na-politica-1-300x297.jpeg 300w, https:\/\/sites.usp.br\/cosmos\/wp-content\/uploads\/sites\/695\/2022\/12\/Mulheres-na-politica-1-150x150.jpeg 150w, https:\/\/sites.usp.br\/cosmos\/wp-content\/uploads\/sites\/695\/2022\/12\/Mulheres-na-politica-1-768x761.jpeg 768w, https:\/\/sites.usp.br\/cosmos\/wp-content\/uploads\/sites\/695\/2022\/12\/Mulheres-na-politica-1-45x45.jpeg 45w, https:\/\/sites.usp.br\/cosmos\/wp-content\/uploads\/sites\/695\/2022\/12\/Mulheres-na-politica-1-400x396.jpeg 400w\" sizes=\"(max-width: 640px) 100vw, 640px\" \/>\t\t\t\t\t\t\t\t\t\t\t\t\t<\/div>\n\t\t\t\t<\/div>\n\t\t\t\t<div class=\"elementor-element elementor-element-811e6dd elementor-widget elementor-widget-text-editor\" data-id=\"811e6dd\" data-element_type=\"widget\" data-widget_type=\"text-editor.default\">\n\t\t\t\t<div class=\"elementor-widget-container\">\n\t\t\t\t\t\t\t<p>Com a inten\u00e7\u00e3o de promover um debate amplo e diverso em torno da constru\u00e7\u00e3o de boas pol\u00edticas p\u00fablicas, a EPEP convidou a vereadora de S\u00e3o Paulo Erika Hilton para uma mentoria em torno dos principais temas de proposi\u00e7\u00e3o de pol\u00edticas p\u00fablicas da mandat\u00e1ria, que s\u00e3o a representa\u00e7\u00e3o feminina na pol\u00edtica e a agenda de Direitos Humanos. O evento foi direcionado para membros e ex-membros da EPEP USP, com a participa\u00e7\u00e3o de alguns membros da filial Estudos de Pol\u00edtica Em Pauta da Funda\u00e7\u00e3o Get\u00falio Vargas.<\/p>\t\t\t\t\t\t<\/div>\n\t\t\t\t<\/div>\n\t\t\t\t\t<\/div>\n\t\t<\/div>\n\t\t\t\t\t<\/div>\n\t\t<\/section>\n\t\t\t\t<\/div>\n\t\t","protected":false},"excerpt":{"rendered":"<p>Nessa se\u00e7\u00e3o, trazemos os eventos que ocorreram no Cosmos e foram no estilo de palestra, abordando algum tema relevante para o ecossistema uspiano. DEV + Foi um conjunto de eventos que buscaram compreender a necessidade tecnol\u00f3gica das entidades. Os convidados foram cases externos, os quais mostraram o que tem de mais inovador dentro do escopo<a href=\"https:\/\/sites.usp.br\/cosmos\/palestras\/\">[&#8230;]<\/a><\/p>\n","protected":false},"author":23329,"featured_media":0,"parent":0,"menu_order":0,"comment_status":"closed","ping_status":"closed","template":"","meta":{"_monsterinsights_skip_tracking":false,"_monsterinsights_sitenote_active":false,"_monsterinsights_sitenote_note":"","_monsterinsights_sitenote_category":0,"footnotes":"","_links_to":"","_links_to_target":""},"class_list":["post-2127","page","type-page","status-publish","hentry"],"_links":{"self":[{"href":"https:\/\/sites.usp.br\/cosmos\/wp-json\/wp\/v2\/pages\/2127","targetHints":{"allow":["GET"]}}],"collection":[{"href":"https:\/\/sites.usp.br\/cosmos\/wp-json\/wp\/v2\/pages"}],"about":[{"href":"https:\/\/sites.usp.br\/cosmos\/wp-json\/wp\/v2\/types\/page"}],"author":[{"embeddable":true,"href":"https:\/\/sites.usp.br\/cosmos\/wp-json\/wp\/v2\/users\/23329"}],"replies":[{"embeddable":true,"href":"https:\/\/sites.usp.br\/cosmos\/wp-json\/wp\/v2\/comments?post=2127"}],"version-history":[{"count":4,"href":"https:\/\/sites.usp.br\/cosmos\/wp-json\/wp\/v2\/pages\/2127\/revisions"}],"predecessor-version":[{"id":2369,"href":"https:\/\/sites.usp.br\/cosmos\/wp-json\/wp\/v2\/pages\/2127\/revisions\/2369"}],"wp:attachment":[{"href":"https:\/\/sites.usp.br\/cosmos\/wp-json\/wp\/v2\/media?parent=2127"}],"curies":[{"name":"wp","href":"https:\/\/api.w.org\/{rel}","templated":true}]}}