{"id":2128,"date":"2022-12-13T13:11:23","date_gmt":"2022-12-13T16:11:23","guid":{"rendered":"https:\/\/sites.usp.br\/cosmos\/?page_id=2128"},"modified":"2022-12-13T13:11:23","modified_gmt":"2022-12-13T16:11:23","slug":"capacitacao","status":"publish","type":"page","link":"https:\/\/sites.usp.br\/cosmos\/capacitacao\/","title":{"rendered":"Capacita\u00e7\u00e3o"},"content":{"rendered":"\t\t<div data-elementor-type=\"wp-page\" data-elementor-id=\"2128\" class=\"elementor elementor-2128\" data-elementor-post-type=\"page\">\n\t\t\t\t\t\t<section class=\"elementor-section elementor-top-section elementor-element elementor-element-3ad9c9a elementor-section-boxed elementor-section-height-default elementor-section-height-default\" data-id=\"3ad9c9a\" data-element_type=\"section\">\n\t\t\t\t\t\t<div class=\"elementor-container elementor-column-gap-default\">\n\t\t\t\t\t<div class=\"elementor-column elementor-col-100 elementor-top-column elementor-element elementor-element-3038ebd\" data-id=\"3038ebd\" data-element_type=\"column\">\n\t\t\t<div class=\"elementor-widget-wrap elementor-element-populated\">\n\t\t\t\t\t\t<div class=\"elementor-element elementor-element-397677d elementor-widget elementor-widget-text-editor\" data-id=\"397677d\" data-element_type=\"widget\" data-widget_type=\"text-editor.default\">\n\t\t\t\t<div class=\"elementor-widget-container\">\n\t\t\t\t\t\t\t<p>Nessa se\u00e7\u00e3o, trazemos os eventos que ocorreram no Cosmos sendo destinados a capacita\u00e7\u00e3o de algum tema relevante para o ecossistema empreendedor<\/p>\t\t\t\t\t\t<\/div>\n\t\t\t\t<\/div>\n\t\t\t\t<div class=\"elementor-element elementor-element-37acf05 elementor-widget elementor-widget-spacer\" data-id=\"37acf05\" data-element_type=\"widget\" data-widget_type=\"spacer.default\">\n\t\t\t\t<div class=\"elementor-widget-container\">\n\t\t\t\t\t<div class=\"elementor-spacer\">\n\t\t\t<div class=\"elementor-spacer-inner\"><\/div>\n\t\t<\/div>\n\t\t\t\t<\/div>\n\t\t\t\t<\/div>\n\t\t\t\t\t<\/div>\n\t\t<\/div>\n\t\t\t\t\t<\/div>\n\t\t<\/section>\n\t\t\t\t<section class=\"elementor-section elementor-top-section elementor-element elementor-element-d642f39 elementor-section-boxed elementor-section-height-default elementor-section-height-default\" data-id=\"d642f39\" data-element_type=\"section\">\n\t\t\t\t\t\t<div class=\"elementor-container elementor-column-gap-default\">\n\t\t\t\t\t<div class=\"elementor-column elementor-col-100 elementor-top-column elementor-element elementor-element-cbdf6a6\" data-id=\"cbdf6a6\" data-element_type=\"column\">\n\t\t\t<div class=\"elementor-widget-wrap elementor-element-populated\">\n\t\t\t\t\t\t<div class=\"elementor-element elementor-element-eadf28a elementor-widget elementor-widget-heading\" data-id=\"eadf28a\" data-element_type=\"widget\" data-widget_type=\"heading.default\">\n\t\t\t\t<div class=\"elementor-widget-container\">\n\t\t\t<h2 class=\"elementor-heading-title elementor-size-default\">Aula do curso de Python<\/h2>\t\t<\/div>\n\t\t\t\t<\/div>\n\t\t\t\t<div class=\"elementor-element elementor-element-6c4750b elementor-widget elementor-widget-image\" data-id=\"6c4750b\" data-element_type=\"widget\" data-widget_type=\"image.default\">\n\t\t\t\t<div class=\"elementor-widget-container\">\n\t\t\t\t\t\t\t\t\t\t\t\t\t<img fetchpriority=\"high\" decoding=\"async\" width=\"640\" height=\"523\" src=\"https:\/\/sites.usp.br\/cosmos\/wp-content\/uploads\/sites\/695\/2022\/12\/Aula-do-curso-de-python.jpg\" class=\"attachment-large size-large wp-image-2237\" alt=\"\" srcset=\"https:\/\/sites.usp.br\/cosmos\/wp-content\/uploads\/sites\/695\/2022\/12\/Aula-do-curso-de-python.jpg 960w, https:\/\/sites.usp.br\/cosmos\/wp-content\/uploads\/sites\/695\/2022\/12\/Aula-do-curso-de-python-300x245.jpg 300w, https:\/\/sites.usp.br\/cosmos\/wp-content\/uploads\/sites\/695\/2022\/12\/Aula-do-curso-de-python-768x628.jpg 768w, https:\/\/sites.usp.br\/cosmos\/wp-content\/uploads\/sites\/695\/2022\/12\/Aula-do-curso-de-python-400x327.jpg 400w\" sizes=\"(max-width: 640px) 100vw, 640px\" \/>\t\t\t\t\t\t\t\t\t\t\t\t\t<\/div>\n\t\t\t\t<\/div>\n\t\t\t\t<div class=\"elementor-element elementor-element-3dcf353 elementor-widget elementor-widget-text-editor\" data-id=\"3dcf353\" data-element_type=\"widget\" data-widget_type=\"text-editor.default\">\n\t\t\t\t<div class=\"elementor-widget-container\">\n\t\t\t\t\t\t\t<p>O Curso de Python, realizado anualmente pelo FEA.dev, \u00e9 um curso de programa\u00e7\u00e3o voltado para os alunos que desejam iniciar sua trajet\u00f3ria nessa \u00e1rea que se mostra cada vez mais importante. A aula 1, em espec\u00edfico, teve como tema o live coding, a apresenta\u00e7\u00e3o do conceito e desenvolvimento das habilidades b\u00e1sicas.<\/p>\t\t\t\t\t\t<\/div>\n\t\t\t\t<\/div>\n\t\t\t\t\t<\/div>\n\t\t<\/div>\n\t\t\t\t\t<\/div>\n\t\t<\/section>\n\t\t\t\t<section class=\"elementor-section elementor-top-section elementor-element elementor-element-a36a020 elementor-section-boxed elementor-section-height-default elementor-section-height-default\" data-id=\"a36a020\" data-element_type=\"section\">\n\t\t\t\t\t\t<div class=\"elementor-container elementor-column-gap-default\">\n\t\t\t\t\t<div class=\"elementor-column elementor-col-100 elementor-top-column elementor-element elementor-element-1e57fc3\" data-id=\"1e57fc3\" data-element_type=\"column\">\n\t\t\t<div class=\"elementor-widget-wrap elementor-element-populated\">\n\t\t\t\t\t\t<div class=\"elementor-element elementor-element-77cd91d elementor-widget elementor-widget-heading\" data-id=\"77cd91d\" data-element_type=\"widget\" data-widget_type=\"heading.default\">\n\t\t\t\t<div class=\"elementor-widget-container\">\n\t\t\t<h2 class=\"elementor-heading-title elementor-size-default\">Capacita\u00e7\u00e3o para Alunos do CRP<\/h2>\t\t<\/div>\n\t\t\t\t<\/div>\n\t\t\t\t<div class=\"elementor-element elementor-element-d0ee8f7 elementor-widget elementor-widget-image\" data-id=\"d0ee8f7\" data-element_type=\"widget\" data-widget_type=\"image.default\">\n\t\t\t\t<div class=\"elementor-widget-container\">\n\t\t\t\t\t\t\t\t\t\t\t\t\t<img decoding=\"async\" width=\"513\" height=\"386\" src=\"https:\/\/sites.usp.br\/cosmos\/wp-content\/uploads\/sites\/695\/2022\/12\/Capacitacao-para-alunos-do-CPR.jpg\" class=\"attachment-large size-large wp-image-2250\" alt=\"\" srcset=\"https:\/\/sites.usp.br\/cosmos\/wp-content\/uploads\/sites\/695\/2022\/12\/Capacitacao-para-alunos-do-CPR.jpg 513w, https:\/\/sites.usp.br\/cosmos\/wp-content\/uploads\/sites\/695\/2022\/12\/Capacitacao-para-alunos-do-CPR-300x226.jpg 300w, https:\/\/sites.usp.br\/cosmos\/wp-content\/uploads\/sites\/695\/2022\/12\/Capacitacao-para-alunos-do-CPR-285x214.jpg 285w, https:\/\/sites.usp.br\/cosmos\/wp-content\/uploads\/sites\/695\/2022\/12\/Capacitacao-para-alunos-do-CPR-80x60.jpg 80w, https:\/\/sites.usp.br\/cosmos\/wp-content\/uploads\/sites\/695\/2022\/12\/Capacitacao-para-alunos-do-CPR-400x301.jpg 400w\" sizes=\"(max-width: 513px) 100vw, 513px\" \/>\t\t\t\t\t\t\t\t\t\t\t\t\t<\/div>\n\t\t\t\t<\/div>\n\t\t\t\t<div class=\"elementor-element elementor-element-811e6dd elementor-widget elementor-widget-text-editor\" data-id=\"811e6dd\" data-element_type=\"widget\" data-widget_type=\"text-editor.default\">\n\t\t\t\t<div class=\"elementor-widget-container\">\n\t\t\t\t\t\t\t<p>Capacita\u00e7\u00e3o sobre temas relacionados a empreendedorismo j\u00fanior, movimento empresa j\u00fanior, jornada do consumidor, solu\u00e7\u00f5es inovadoras, processos internos e din\u00e2micas para aproximar a equipe.<\/p>\t\t\t\t\t\t<\/div>\n\t\t\t\t<\/div>\n\t\t\t\t\t<\/div>\n\t\t<\/div>\n\t\t\t\t\t<\/div>\n\t\t<\/section>\n\t\t\t\t<section class=\"elementor-section elementor-top-section elementor-element elementor-element-74b4391 elementor-section-boxed elementor-section-height-default elementor-section-height-default\" data-id=\"74b4391\" data-element_type=\"section\">\n\t\t\t\t\t\t<div class=\"elementor-container elementor-column-gap-default\">\n\t\t\t\t\t<div class=\"elementor-column elementor-col-100 elementor-top-column elementor-element elementor-element-333b85e\" data-id=\"333b85e\" data-element_type=\"column\">\n\t\t\t<div class=\"elementor-widget-wrap elementor-element-populated\">\n\t\t\t\t\t\t<div class=\"elementor-element elementor-element-d628358 elementor-widget elementor-widget-heading\" data-id=\"d628358\" data-element_type=\"widget\" data-widget_type=\"heading.default\">\n\t\t\t\t<div class=\"elementor-widget-container\">\n\t\t\t<h2 class=\"elementor-heading-title elementor-size-default\">Meet-Up Ocean - Ferramentas de Programa\u00e7\u00e3o No-Code<\/h2>\t\t<\/div>\n\t\t\t\t<\/div>\n\t\t\t\t<div class=\"elementor-element elementor-element-3edfa9e elementor-widget elementor-widget-image\" data-id=\"3edfa9e\" data-element_type=\"widget\" data-widget_type=\"image.default\">\n\t\t\t\t<div class=\"elementor-widget-container\">\n\t\t\t\t\t\t\t\t\t\t\t\t\t<img decoding=\"async\" width=\"640\" height=\"480\" src=\"https:\/\/sites.usp.br\/cosmos\/wp-content\/uploads\/sites\/695\/2022\/12\/Meet-up-ferramentas-no-code-1024x768.jpg\" class=\"attachment-large size-large wp-image-2154\" alt=\"\" srcset=\"https:\/\/sites.usp.br\/cosmos\/wp-content\/uploads\/sites\/695\/2022\/12\/Meet-up-ferramentas-no-code-1024x768.jpg 1024w, https:\/\/sites.usp.br\/cosmos\/wp-content\/uploads\/sites\/695\/2022\/12\/Meet-up-ferramentas-no-code-300x225.jpg 300w, https:\/\/sites.usp.br\/cosmos\/wp-content\/uploads\/sites\/695\/2022\/12\/Meet-up-ferramentas-no-code-768x576.jpg 768w, https:\/\/sites.usp.br\/cosmos\/wp-content\/uploads\/sites\/695\/2022\/12\/Meet-up-ferramentas-no-code-285x214.jpg 285w, https:\/\/sites.usp.br\/cosmos\/wp-content\/uploads\/sites\/695\/2022\/12\/Meet-up-ferramentas-no-code-80x60.jpg 80w, https:\/\/sites.usp.br\/cosmos\/wp-content\/uploads\/sites\/695\/2022\/12\/Meet-up-ferramentas-no-code-400x300.jpg 400w, https:\/\/sites.usp.br\/cosmos\/wp-content\/uploads\/sites\/695\/2022\/12\/Meet-up-ferramentas-no-code.jpg 1152w\" sizes=\"(max-width: 640px) 100vw, 640px\" \/>\t\t\t\t\t\t\t\t\t\t\t\t\t<\/div>\n\t\t\t\t<\/div>\n\t\t\t\t<div class=\"elementor-element elementor-element-ec4a77f elementor-widget elementor-widget-text-editor\" data-id=\"ec4a77f\" data-element_type=\"widget\" data-widget_type=\"text-editor.default\">\n\t\t\t\t<div class=\"elementor-widget-container\">\n\t\t\t\t\t\t\t<p>O meet-up teve como intuito apresentar aos participantes meios no-code de montar um aplicativo e come\u00e7ar a testar uma proposta de neg\u00f3cio. Gabriel Ten\u00f3rio, palestrante convidado e que trabalha desde 2016 com tecnologia e empreendedorismo, apresentou 3 plataformas em que os participantes podem come\u00e7ar a implementar suas propostas utilizando somente o \u201carrasta e solta\u201d e criando aplicativos que geram valor para seus clientes.<\/p>\t\t\t\t\t\t<\/div>\n\t\t\t\t<\/div>\n\t\t\t\t\t<\/div>\n\t\t<\/div>\n\t\t\t\t\t<\/div>\n\t\t<\/section>\n\t\t\t\t<section class=\"elementor-section elementor-top-section elementor-element elementor-element-3926949 elementor-section-boxed elementor-section-height-default elementor-section-height-default\" data-id=\"3926949\" data-element_type=\"section\">\n\t\t\t\t\t\t<div class=\"elementor-container elementor-column-gap-default\">\n\t\t\t\t\t<div class=\"elementor-column elementor-col-100 elementor-top-column elementor-element elementor-element-15a508f\" data-id=\"15a508f\" data-element_type=\"column\">\n\t\t\t<div class=\"elementor-widget-wrap elementor-element-populated\">\n\t\t\t\t\t\t<div class=\"elementor-element elementor-element-d3f2fa2 elementor-widget elementor-widget-heading\" data-id=\"d3f2fa2\" data-element_type=\"widget\" data-widget_type=\"heading.default\">\n\t\t\t\t<div class=\"elementor-widget-container\">\n\t\t\t<h2 class=\"elementor-heading-title elementor-size-default\"><span style=\"font-weight:600\" data-token-index=\"0\" class=\"notion-enable-hover\" data-reactroot=\"\">Treinamento de Design Thinking da Enactus USP Cidade Universit\u00e1ria<\/span><\/h2>\t\t<\/div>\n\t\t\t\t<\/div>\n\t\t\t\t<div class=\"elementor-element elementor-element-a6c67e6 elementor-widget elementor-widget-image\" data-id=\"a6c67e6\" data-element_type=\"widget\" data-widget_type=\"image.default\">\n\t\t\t\t<div class=\"elementor-widget-container\">\n\t\t\t\t\t\t\t\t\t\t\t\t\t<img loading=\"lazy\" decoding=\"async\" width=\"617\" height=\"459\" src=\"https:\/\/sites.usp.br\/cosmos\/wp-content\/uploads\/sites\/695\/2022\/12\/Treinamento-de-design-thinking.jpg\" class=\"attachment-large size-large wp-image-2158\" alt=\"\" srcset=\"https:\/\/sites.usp.br\/cosmos\/wp-content\/uploads\/sites\/695\/2022\/12\/Treinamento-de-design-thinking.jpg 617w, https:\/\/sites.usp.br\/cosmos\/wp-content\/uploads\/sites\/695\/2022\/12\/Treinamento-de-design-thinking-300x223.jpg 300w, https:\/\/sites.usp.br\/cosmos\/wp-content\/uploads\/sites\/695\/2022\/12\/Treinamento-de-design-thinking-80x60.jpg 80w, https:\/\/sites.usp.br\/cosmos\/wp-content\/uploads\/sites\/695\/2022\/12\/Treinamento-de-design-thinking-400x298.jpg 400w\" sizes=\"(max-width: 617px) 100vw, 617px\" \/>\t\t\t\t\t\t\t\t\t\t\t\t\t<\/div>\n\t\t\t\t<\/div>\n\t\t\t\t<div class=\"elementor-element elementor-element-5d77d82 elementor-widget elementor-widget-text-editor\" data-id=\"5d77d82\" data-element_type=\"widget\" data-widget_type=\"text-editor.default\">\n\t\t\t\t<div class=\"elementor-widget-container\">\n\t\t\t\t\t\t\t<p>A Enactus realizou um treinamento com o essencial para quem est\u00e1 iniciando sua jornada no empreendedorismo social. Ministrada pelo professor Andr\u00e9 Fleury, especialista no assunto e coordenador da disciplina PRG0004 &#8211; Inova\u00e7\u00e3o e Empreendedorismo, o evento mostrou as etapas e principais ferramentas do design thinking, desde o estudo do p\u00fablico de uma nova iniciativa, at\u00e9 a testagem com um prot\u00f3tipo. O treinamento teve uma abordagem social, explorando como criar uma iniciativa inovadora que tenha impacto social.<\/p>\t\t\t\t\t\t<\/div>\n\t\t\t\t<\/div>\n\t\t\t\t\t<\/div>\n\t\t<\/div>\n\t\t\t\t\t<\/div>\n\t\t<\/section>\n\t\t\t\t<\/div>\n\t\t","protected":false},"excerpt":{"rendered":"<p>Nessa se\u00e7\u00e3o, trazemos os eventos que ocorreram no Cosmos sendo destinados a capacita\u00e7\u00e3o de algum tema relevante para o ecossistema empreendedor Aula do curso de Python O Curso de Python, realizado anualmente pelo FEA.dev, \u00e9 um curso de programa\u00e7\u00e3o voltado para os alunos que desejam iniciar sua trajet\u00f3ria nessa \u00e1rea que se mostra cada vez<a href=\"https:\/\/sites.usp.br\/cosmos\/capacitacao\/\">[&#8230;]<\/a><\/p>\n","protected":false},"author":23329,"featured_media":0,"parent":0,"menu_order":0,"comment_status":"closed","ping_status":"closed","template":"","meta":{"_monsterinsights_skip_tracking":false,"_monsterinsights_sitenote_active":false,"_monsterinsights_sitenote_note":"","_monsterinsights_sitenote_category":0,"footnotes":"","_links_to":"","_links_to_target":""},"class_list":["post-2128","page","type-page","status-publish","hentry"],"_links":{"self":[{"href":"https:\/\/sites.usp.br\/cosmos\/wp-json\/wp\/v2\/pages\/2128","targetHints":{"allow":["GET"]}}],"collection":[{"href":"https:\/\/sites.usp.br\/cosmos\/wp-json\/wp\/v2\/pages"}],"about":[{"href":"https:\/\/sites.usp.br\/cosmos\/wp-json\/wp\/v2\/types\/page"}],"author":[{"embeddable":true,"href":"https:\/\/sites.usp.br\/cosmos\/wp-json\/wp\/v2\/users\/23329"}],"replies":[{"embeddable":true,"href":"https:\/\/sites.usp.br\/cosmos\/wp-json\/wp\/v2\/comments?post=2128"}],"version-history":[{"count":4,"href":"https:\/\/sites.usp.br\/cosmos\/wp-json\/wp\/v2\/pages\/2128\/revisions"}],"predecessor-version":[{"id":2366,"href":"https:\/\/sites.usp.br\/cosmos\/wp-json\/wp\/v2\/pages\/2128\/revisions\/2366"}],"wp:attachment":[{"href":"https:\/\/sites.usp.br\/cosmos\/wp-json\/wp\/v2\/media?parent=2128"}],"curies":[{"name":"wp","href":"https:\/\/api.w.org\/{rel}","templated":true}]}}