{"id":2386,"date":"2022-12-13T14:48:34","date_gmt":"2022-12-13T17:48:34","guid":{"rendered":"https:\/\/sites.usp.br\/cosmos\/?page_id=2386"},"modified":"2024-08-12T15:52:39","modified_gmt":"2024-08-12T18:52:39","slug":"coworking","status":"publish","type":"page","link":"https:\/\/sites.usp.br\/cosmos\/coworking\/","title":{"rendered":"Coworking"},"content":{"rendered":"\t\t<div data-elementor-type=\"wp-page\" data-elementor-id=\"2386\" class=\"elementor elementor-2386\" data-elementor-post-type=\"page\">\n\t\t\t\t\t\t<section class=\"elementor-section elementor-top-section elementor-element elementor-element-daa84f6 elementor-section-boxed elementor-section-height-default elementor-section-height-default\" data-id=\"daa84f6\" data-element_type=\"section\">\n\t\t\t\t\t\t<div class=\"elementor-container elementor-column-gap-default\">\n\t\t\t\t\t<div class=\"elementor-column elementor-col-100 elementor-top-column elementor-element elementor-element-96f500f\" data-id=\"96f500f\" data-element_type=\"column\">\n\t\t\t<div class=\"elementor-widget-wrap elementor-element-populated\">\n\t\t\t\t\t\t<div class=\"elementor-element elementor-element-6e3956a elementor-widget elementor-widget-text-editor\" data-id=\"6e3956a\" data-element_type=\"widget\" data-widget_type=\"text-editor.default\">\n\t\t\t\t<div class=\"elementor-widget-container\">\n\t\t\t\t\t\t\t<p style=\"text-align: justify;\">Somos o centro de forma\u00e7\u00e3o de empreendedores e de empreendimentos da USP do<span style=\"color: var( --e-global-color-text ); font-size: 1.6rem;\">\u00a0InovaUSP que conecta o ecossistema de inova\u00e7\u00e3o da USP para o desenvolvimento de projetos pioneiros. Disponibiliza ambientes, conhecimentos e eventos, viabilizando novas formas de intera\u00e7\u00e3o e colabora\u00e7\u00e3o para os seus participantes.\u00a0<\/span>Essa combina\u00e7\u00e3o \u00fanica de talentos fortalece a posi\u00e7\u00e3o de vanguarda da Universidade de S\u00e3o Paulo enquanto \u201cuniversidade empreendedora\u201d, e que em 2022 teve mais de 13.000 alunos, professores e colaboradores,<span style=\"color: var( --e-global-color-text ); font-size: 1.6rem;\">\u00a0para enfrentar com sucesso os problemas complexos que a sociedade apresenta.<\/span><\/p><p style=\"text-align: justify;\">\u00a0<\/p>\t\t\t\t\t\t<\/div>\n\t\t\t\t<\/div>\n\t\t\t\t<div class=\"elementor-element elementor-element-35855d5 elementor-widget elementor-widget-text-editor\" data-id=\"35855d5\" data-element_type=\"widget\" data-widget_type=\"text-editor.default\">\n\t\t\t\t<div class=\"elementor-widget-container\">\n\t\t\t\t\t\t\t<p>Para a comunidade externa o acesso ao coworking \u00e9 liberado, para isto \u00e9 solicitado preencher o seguinte formul\u00e1rio para receber o QR code de acesso. O processo de cadastro \u00e9 realizado de forma manual, desta forma pode<b> demorar at\u00e9 24 horas<\/b>, assim \u00e9 recomendado preencher com anteced\u00eancia.&nbsp;<\/p>\t\t\t\t\t\t<\/div>\n\t\t\t\t<\/div>\n\t\t\t\t<div class=\"elementor-element elementor-element-034721b elementor-align-center elementor-widget elementor-widget-button\" data-id=\"034721b\" data-element_type=\"widget\" data-widget_type=\"button.default\">\n\t\t\t\t<div class=\"elementor-widget-container\">\n\t\t\t\t\t\t\t<div class=\"elementor-button-wrapper\">\n\t\t\t\t\t<a class=\"elementor-button elementor-button-link elementor-size-sm\" href=\"https:\/\/bit.ly\/3rbFAdI\">\n\t\t\t\t\t\t<span class=\"elementor-button-content-wrapper\">\n\t\t\t\t\t\t\t\t\t<span class=\"elementor-button-text\">Formul\u00e1rio de acesso<\/span>\n\t\t\t\t\t<\/span>\n\t\t\t\t\t<\/a>\n\t\t\t\t<\/div>\n\t\t\t\t\t\t<\/div>\n\t\t\t\t<\/div>\n\t\t\t\t<div class=\"elementor-element elementor-element-c197175 elementor-widget elementor-widget-image\" data-id=\"c197175\" data-element_type=\"widget\" data-widget_type=\"image.default\">\n\t\t\t\t<div class=\"elementor-widget-container\">\n\t\t\t\t\t\t\t\t\t\t\t\t\t<img fetchpriority=\"high\" decoding=\"async\" width=\"640\" height=\"427\" src=\"https:\/\/sites.usp.br\/cosmos\/wp-content\/uploads\/sites\/695\/2022\/12\/IMG_0093-1024x683.jpg\" class=\"attachment-large size-large wp-image-2387\" alt=\"\" srcset=\"https:\/\/sites.usp.br\/cosmos\/wp-content\/uploads\/sites\/695\/2022\/12\/IMG_0093-1024x683.jpg 1024w, https:\/\/sites.usp.br\/cosmos\/wp-content\/uploads\/sites\/695\/2022\/12\/IMG_0093-300x200.jpg 300w, https:\/\/sites.usp.br\/cosmos\/wp-content\/uploads\/sites\/695\/2022\/12\/IMG_0093-768x512.jpg 768w, https:\/\/sites.usp.br\/cosmos\/wp-content\/uploads\/sites\/695\/2022\/12\/IMG_0093-1536x1024.jpg 1536w, https:\/\/sites.usp.br\/cosmos\/wp-content\/uploads\/sites\/695\/2022\/12\/IMG_0093-2048x1365.jpg 2048w, https:\/\/sites.usp.br\/cosmos\/wp-content\/uploads\/sites\/695\/2022\/12\/IMG_0093-750x500.jpg 750w, https:\/\/sites.usp.br\/cosmos\/wp-content\/uploads\/sites\/695\/2022\/12\/IMG_0093-400x267.jpg 400w\" sizes=\"(max-width: 640px) 100vw, 640px\" \/>\t\t\t\t\t\t\t\t\t\t\t\t\t<\/div>\n\t\t\t\t<\/div>\n\t\t\t\t<div class=\"elementor-element elementor-element-0eb90dd elementor-widget elementor-widget-text-editor\" data-id=\"0eb90dd\" data-element_type=\"widget\" data-widget_type=\"text-editor.default\">\n\t\t\t\t<div class=\"elementor-widget-container\">\n\t\t\t\t\t\t\t<p><b style=\"font-family: inherit; font-style: inherit; color: var( --e-global-color-text ); font-size: 1.6rem;\">Av. Prof. L\u00facio Martins Rodrigues, 370 (na frente da ECA\/ atr\u00e1s da FEA)<\/b><\/p><p><b style=\"font-family: inherit; font-style: inherit; color: var( --e-global-color-text ); font-size: 1.6rem;\">Descri\u00e7\u00e3o do espa\u00e7o<\/b><\/p><ul><li style=\"font-weight: 400;\" aria-level=\"1\"><span style=\"font-weight: 400;\">50 postos de trabalho incluindo mesas e cadeiras<\/span><\/li><li style=\"font-weight: 400;\" aria-level=\"1\"><span style=\"font-weight: 400;\">Conex\u00e3o WI-FI (eduroam)<\/span><\/li><li style=\"font-weight: 400;\" aria-level=\"1\"><span style=\"font-weight: 400;\">3 Salas privativas para estudo:\u00a0<\/span>(com TV, lousa branca e ar condicionado)<\/li><\/ul><ul><li style=\"font-weight: 400;\" aria-level=\"1\"><span style=\"font-weight: 400;\">Espa\u00e7o de Lazer (puff, TV, poltronas de leitura)<\/span><\/li><li style=\"font-weight: 400;\" aria-level=\"1\"><span style=\"font-weight: 400;\">Palco para apresenta\u00e7\u00f5es<\/span><\/li><li style=\"font-weight: 400;\" aria-level=\"1\"><span style=\"font-weight: 400;\">Flip chart<\/span><\/li><li style=\"font-weight: 400;\" aria-level=\"1\"><span style=\"font-weight: 400;\">Hor\u00e1rio de segunda a sexta-feira das 7 at\u00e9 \u00e0s 23h.<\/span><\/li><\/ul>\t\t\t\t\t\t<\/div>\n\t\t\t\t<\/div>\n\t\t\t\t\t<\/div>\n\t\t<\/div>\n\t\t\t\t\t<\/div>\n\t\t<\/section>\n\t\t\t\t<section class=\"elementor-section elementor-top-section elementor-element elementor-element-d4f45e2 elementor-section-boxed elementor-section-height-default elementor-section-height-default\" data-id=\"d4f45e2\" data-element_type=\"section\">\n\t\t\t\t\t\t<div class=\"elementor-container elementor-column-gap-default\">\n\t\t\t\t\t<div class=\"elementor-column elementor-col-100 elementor-top-column elementor-element elementor-element-0e2b7d5\" data-id=\"0e2b7d5\" data-element_type=\"column\">\n\t\t\t<div class=\"elementor-widget-wrap elementor-element-populated\">\n\t\t\t\t\t\t<div class=\"elementor-element elementor-element-61e564b elementor-widget elementor-widget-heading\" data-id=\"61e564b\" data-element_type=\"widget\" data-widget_type=\"heading.default\">\n\t\t\t\t<div class=\"elementor-widget-container\">\n\t\t\t<h2 class=\"elementor-heading-title elementor-size-default\">Objetivos dos nossos espa\u00e7os <\/h2>\t\t<\/div>\n\t\t\t\t<\/div>\n\t\t\t\t<div class=\"elementor-element elementor-element-d281f37 elementor-widget elementor-widget-text-editor\" data-id=\"d281f37\" data-element_type=\"widget\" data-widget_type=\"text-editor.default\">\n\t\t\t\t<div class=\"elementor-widget-container\">\n\t\t\t\t\t\t\t<ol><li>Criar e apoiar ecossistemas de inova\u00e7\u00e3o atrav\u00e9s do espa\u00e7o dentro da Universidade de S\u00e3o Paulo.<\/li><li>Conectar os empreendedores com as redes de conhecimentos e oportunidades do ecossistema empreendedor.<\/li><li>Incentivar a criatividade e o esp\u00edrito empreendedor.<\/li><li>Fornecer \u00e0 comunidade empreendedora Ocean treinamentos, espa\u00e7os, conex\u00f5es e recursos necess\u00e1rios para trabalhar, conectar, criar e transformar a ideia em modelo de neg\u00f3cio.<\/li><\/ol>\t\t\t\t\t\t<\/div>\n\t\t\t\t<\/div>\n\t\t\t\t\t<\/div>\n\t\t<\/div>\n\t\t\t\t\t<\/div>\n\t\t<\/section>\n\t\t\t\t<section class=\"elementor-section elementor-top-section elementor-element elementor-element-51c565c elementor-section-boxed elementor-section-height-default elementor-section-height-default\" data-id=\"51c565c\" data-element_type=\"section\">\n\t\t\t\t\t\t<div class=\"elementor-container elementor-column-gap-default\">\n\t\t\t\t\t<div class=\"elementor-column elementor-col-33 elementor-top-column elementor-element elementor-element-ab41450\" data-id=\"ab41450\" data-element_type=\"column\">\n\t\t\t<div class=\"elementor-widget-wrap elementor-element-populated\">\n\t\t\t\t\t\t<div class=\"elementor-element elementor-element-23c3be7 elementor-widget elementor-widget-heading\" data-id=\"23c3be7\" data-element_type=\"widget\" data-widget_type=\"heading.default\">\n\t\t\t\t<div class=\"elementor-widget-container\">\n\t\t\t<h2 class=\"elementor-heading-title elementor-size-default\">Sala 2<\/h2>\t\t<\/div>\n\t\t\t\t<\/div>\n\t\t\t\t<div class=\"elementor-element elementor-element-c134fc6 elementor-widget elementor-widget-image\" data-id=\"c134fc6\" data-element_type=\"widget\" data-widget_type=\"image.default\">\n\t\t\t\t<div class=\"elementor-widget-container\">\n\t\t\t\t\t\t\t\t\t\t\t\t\t<img decoding=\"async\" width=\"150\" height=\"150\" src=\"https:\/\/sites.usp.br\/cosmos\/wp-content\/uploads\/sites\/695\/2022\/12\/WhatsApp-Image-2022-10-15-at-9.00.07-PM-1-150x150.jpeg\" class=\"attachment-thumbnail size-thumbnail wp-image-2391\" alt=\"\" srcset=\"https:\/\/sites.usp.br\/cosmos\/wp-content\/uploads\/sites\/695\/2022\/12\/WhatsApp-Image-2022-10-15-at-9.00.07-PM-1-150x150.jpeg 150w, https:\/\/sites.usp.br\/cosmos\/wp-content\/uploads\/sites\/695\/2022\/12\/WhatsApp-Image-2022-10-15-at-9.00.07-PM-1-250x250.jpeg 250w, https:\/\/sites.usp.br\/cosmos\/wp-content\/uploads\/sites\/695\/2022\/12\/WhatsApp-Image-2022-10-15-at-9.00.07-PM-1-174x174.jpeg 174w, https:\/\/sites.usp.br\/cosmos\/wp-content\/uploads\/sites\/695\/2022\/12\/WhatsApp-Image-2022-10-15-at-9.00.07-PM-1-45x45.jpeg 45w, https:\/\/sites.usp.br\/cosmos\/wp-content\/uploads\/sites\/695\/2022\/12\/WhatsApp-Image-2022-10-15-at-9.00.07-PM-1-200x200.jpeg 200w\" sizes=\"(max-width: 150px) 100vw, 150px\" \/>\t\t\t\t\t\t\t\t\t\t\t\t\t<\/div>\n\t\t\t\t<\/div>\n\t\t\t\t<div class=\"elementor-element elementor-element-44ee920 elementor-align-center elementor-widget elementor-widget-button\" data-id=\"44ee920\" data-element_type=\"widget\" data-widget_type=\"button.default\">\n\t\t\t\t<div class=\"elementor-widget-container\">\n\t\t\t\t\t\t\t<div class=\"elementor-button-wrapper\">\n\t\t\t\t\t<a class=\"elementor-button elementor-button-link elementor-size-sm\" href=\"https:\/\/bit.ly\/3X1U4ui\">\n\t\t\t\t\t\t<span class=\"elementor-button-content-wrapper\">\n\t\t\t\t\t\t\t\t\t<span class=\"elementor-button-text\">Reservar Sala<\/span>\n\t\t\t\t\t<\/span>\n\t\t\t\t\t<\/a>\n\t\t\t\t<\/div>\n\t\t\t\t\t\t<\/div>\n\t\t\t\t<\/div>\n\t\t\t\t\t<\/div>\n\t\t<\/div>\n\t\t\t\t<div class=\"elementor-column elementor-col-33 elementor-top-column elementor-element elementor-element-1a3c755\" data-id=\"1a3c755\" data-element_type=\"column\">\n\t\t\t<div class=\"elementor-widget-wrap elementor-element-populated\">\n\t\t\t\t\t\t<div class=\"elementor-element elementor-element-8bf66e0 elementor-widget elementor-widget-heading\" data-id=\"8bf66e0\" data-element_type=\"widget\" data-widget_type=\"heading.default\">\n\t\t\t\t<div class=\"elementor-widget-container\">\n\t\t\t<h2 class=\"elementor-heading-title elementor-size-default\">Sala 3<\/h2>\t\t<\/div>\n\t\t\t\t<\/div>\n\t\t\t\t<div class=\"elementor-element elementor-element-f403148 elementor-widget elementor-widget-image\" data-id=\"f403148\" data-element_type=\"widget\" data-widget_type=\"image.default\">\n\t\t\t\t<div class=\"elementor-widget-container\">\n\t\t\t\t\t\t\t\t\t\t\t\t\t<img decoding=\"async\" width=\"150\" height=\"150\" src=\"https:\/\/sites.usp.br\/cosmos\/wp-content\/uploads\/sites\/695\/2022\/12\/20221014_104705-1-150x150.jpg\" class=\"attachment-thumbnail size-thumbnail wp-image-2428\" alt=\"\" srcset=\"https:\/\/sites.usp.br\/cosmos\/wp-content\/uploads\/sites\/695\/2022\/12\/20221014_104705-1-150x150.jpg 150w, https:\/\/sites.usp.br\/cosmos\/wp-content\/uploads\/sites\/695\/2022\/12\/20221014_104705-1-250x250.jpg 250w, https:\/\/sites.usp.br\/cosmos\/wp-content\/uploads\/sites\/695\/2022\/12\/20221014_104705-1-174x174.jpg 174w, https:\/\/sites.usp.br\/cosmos\/wp-content\/uploads\/sites\/695\/2022\/12\/20221014_104705-1-45x45.jpg 45w, https:\/\/sites.usp.br\/cosmos\/wp-content\/uploads\/sites\/695\/2022\/12\/20221014_104705-1-200x200.jpg 200w\" sizes=\"(max-width: 150px) 100vw, 150px\" \/>\t\t\t\t\t\t\t\t\t\t\t\t\t<\/div>\n\t\t\t\t<\/div>\n\t\t\t\t<div class=\"elementor-element elementor-element-e218210 elementor-align-center elementor-widget elementor-widget-button\" data-id=\"e218210\" data-element_type=\"widget\" data-widget_type=\"button.default\">\n\t\t\t\t<div class=\"elementor-widget-container\">\n\t\t\t\t\t\t\t<div class=\"elementor-button-wrapper\">\n\t\t\t\t\t<a class=\"elementor-button elementor-button-link elementor-size-sm\" href=\"https:\/\/bit.ly\/3ApanID\">\n\t\t\t\t\t\t<span class=\"elementor-button-content-wrapper\">\n\t\t\t\t\t\t\t\t\t<span class=\"elementor-button-text\">Reservar Sala<\/span>\n\t\t\t\t\t<\/span>\n\t\t\t\t\t<\/a>\n\t\t\t\t<\/div>\n\t\t\t\t\t\t<\/div>\n\t\t\t\t<\/div>\n\t\t\t\t\t<\/div>\n\t\t<\/div>\n\t\t\t\t<div class=\"elementor-column elementor-col-33 elementor-top-column elementor-element elementor-element-b3a70bd\" data-id=\"b3a70bd\" data-element_type=\"column\">\n\t\t\t<div class=\"elementor-widget-wrap elementor-element-populated\">\n\t\t\t\t\t\t<div class=\"elementor-element elementor-element-bca4c36 elementor-widget elementor-widget-heading\" data-id=\"bca4c36\" data-element_type=\"widget\" data-widget_type=\"heading.default\">\n\t\t\t\t<div class=\"elementor-widget-container\">\n\t\t\t<h2 class=\"elementor-heading-title elementor-size-default\">Sala 4<\/h2>\t\t<\/div>\n\t\t\t\t<\/div>\n\t\t\t\t<div class=\"elementor-element elementor-element-9ced85d elementor-widget elementor-widget-image\" data-id=\"9ced85d\" data-element_type=\"widget\" data-widget_type=\"image.default\">\n\t\t\t\t<div class=\"elementor-widget-container\">\n\t\t\t\t\t\t\t\t\t\t\t\t\t<img loading=\"lazy\" decoding=\"async\" width=\"150\" height=\"150\" src=\"https:\/\/sites.usp.br\/cosmos\/wp-content\/uploads\/sites\/695\/2022\/12\/Aula-do-curso-de-python-150x150.jpg\" class=\"attachment-thumbnail size-thumbnail wp-image-2237\" alt=\"\" srcset=\"https:\/\/sites.usp.br\/cosmos\/wp-content\/uploads\/sites\/695\/2022\/12\/Aula-do-curso-de-python-150x150.jpg 150w, https:\/\/sites.usp.br\/cosmos\/wp-content\/uploads\/sites\/695\/2022\/12\/Aula-do-curso-de-python-250x250.jpg 250w, https:\/\/sites.usp.br\/cosmos\/wp-content\/uploads\/sites\/695\/2022\/12\/Aula-do-curso-de-python-174x174.jpg 174w, https:\/\/sites.usp.br\/cosmos\/wp-content\/uploads\/sites\/695\/2022\/12\/Aula-do-curso-de-python-45x45.jpg 45w, https:\/\/sites.usp.br\/cosmos\/wp-content\/uploads\/sites\/695\/2022\/12\/Aula-do-curso-de-python-200x200.jpg 200w\" sizes=\"(max-width: 150px) 100vw, 150px\" \/>\t\t\t\t\t\t\t\t\t\t\t\t\t<\/div>\n\t\t\t\t<\/div>\n\t\t\t\t<div class=\"elementor-element elementor-element-8e5bfb5 elementor-align-center elementor-widget elementor-widget-button\" data-id=\"8e5bfb5\" data-element_type=\"widget\" data-widget_type=\"button.default\">\n\t\t\t\t<div class=\"elementor-widget-container\">\n\t\t\t\t\t\t\t<div class=\"elementor-button-wrapper\">\n\t\t\t\t\t<a class=\"elementor-button elementor-button-link elementor-size-sm\" href=\"https:\/\/bit.ly\/4cn2GzN\">\n\t\t\t\t\t\t<span class=\"elementor-button-content-wrapper\">\n\t\t\t\t\t\t\t\t\t<span class=\"elementor-button-text\">Reservar Sala<\/span>\n\t\t\t\t\t<\/span>\n\t\t\t\t\t<\/a>\n\t\t\t\t<\/div>\n\t\t\t\t\t\t<\/div>\n\t\t\t\t<\/div>\n\t\t\t\t\t<\/div>\n\t\t<\/div>\n\t\t\t\t\t<\/div>\n\t\t<\/section>\n\t\t\t\t<section class=\"elementor-section elementor-top-section elementor-element elementor-element-e24447e elementor-section-boxed elementor-section-height-default elementor-section-height-default\" data-id=\"e24447e\" data-element_type=\"section\">\n\t\t\t\t\t\t<div class=\"elementor-container elementor-column-gap-default\">\n\t\t\t\t\t<div class=\"elementor-column elementor-col-100 elementor-top-column elementor-element elementor-element-2231947\" data-id=\"2231947\" data-element_type=\"column\">\n\t\t\t<div class=\"elementor-widget-wrap elementor-element-populated\">\n\t\t\t\t\t\t<div class=\"elementor-element elementor-element-92e42ea elementor-align-center elementor-widget elementor-widget-button\" data-id=\"92e42ea\" data-element_type=\"widget\" data-widget_type=\"button.default\">\n\t\t\t\t<div class=\"elementor-widget-container\">\n\t\t\t\t\t\t\t<div class=\"elementor-button-wrapper\">\n\t\t\t\t\t<a class=\"elementor-button elementor-button-link elementor-size-sm\" href=\"https:\/\/bit.ly\/496DhJ5\">\n\t\t\t\t\t\t<span class=\"elementor-button-content-wrapper\">\n\t\t\t\t\t\t\t\t\t<span class=\"elementor-button-text\">Saiba mais<\/span>\n\t\t\t\t\t<\/span>\n\t\t\t\t\t<\/a>\n\t\t\t\t<\/div>\n\t\t\t\t\t\t<\/div>\n\t\t\t\t<\/div>\n\t\t\t\t\t<\/div>\n\t\t<\/div>\n\t\t\t\t\t<\/div>\n\t\t<\/section>\n\t\t\t\t<\/div>\n\t\t","protected":false},"excerpt":{"rendered":"<p>Somos o centro de forma\u00e7\u00e3o de empreendedores e de empreendimentos da USP do\u00a0InovaUSP que conecta o ecossistema de inova\u00e7\u00e3o da USP para o desenvolvimento de projetos pioneiros. Disponibiliza ambientes, conhecimentos e eventos, viabilizando novas formas de intera\u00e7\u00e3o e colabora\u00e7\u00e3o para os seus participantes.\u00a0Essa combina\u00e7\u00e3o \u00fanica de talentos fortalece a posi\u00e7\u00e3o de vanguarda da Universidade de<a href=\"https:\/\/sites.usp.br\/cosmos\/coworking\/\">[&#8230;]<\/a><\/p>\n","protected":false},"author":21801,"featured_media":0,"parent":0,"menu_order":0,"comment_status":"closed","ping_status":"closed","template":"","meta":{"_monsterinsights_skip_tracking":false,"_monsterinsights_sitenote_active":false,"_monsterinsights_sitenote_note":"","_monsterinsights_sitenote_category":0,"footnotes":"","_links_to":"","_links_to_target":""},"class_list":["post-2386","page","type-page","status-publish","hentry"],"_links":{"self":[{"href":"https:\/\/sites.usp.br\/cosmos\/wp-json\/wp\/v2\/pages\/2386","targetHints":{"allow":["GET"]}}],"collection":[{"href":"https:\/\/sites.usp.br\/cosmos\/wp-json\/wp\/v2\/pages"}],"about":[{"href":"https:\/\/sites.usp.br\/cosmos\/wp-json\/wp\/v2\/types\/page"}],"author":[{"embeddable":true,"href":"https:\/\/sites.usp.br\/cosmos\/wp-json\/wp\/v2\/users\/21801"}],"replies":[{"embeddable":true,"href":"https:\/\/sites.usp.br\/cosmos\/wp-json\/wp\/v2\/comments?post=2386"}],"version-history":[{"count":4,"href":"https:\/\/sites.usp.br\/cosmos\/wp-json\/wp\/v2\/pages\/2386\/revisions"}],"predecessor-version":[{"id":2505,"href":"https:\/\/sites.usp.br\/cosmos\/wp-json\/wp\/v2\/pages\/2386\/revisions\/2505"}],"wp:attachment":[{"href":"https:\/\/sites.usp.br\/cosmos\/wp-json\/wp\/v2\/media?parent=2386"}],"curies":[{"name":"wp","href":"https:\/\/api.w.org\/{rel}","templated":true}]}}