{"id":856,"date":"2020-03-28T17:33:58","date_gmt":"2020-03-28T20:33:58","guid":{"rendered":"https:\/\/sites.usp.br\/cosmos\/?page_id=856"},"modified":"2022-09-06T18:45:01","modified_gmt":"2022-09-06T21:45:01","slug":"eventos","status":"publish","type":"page","link":"https:\/\/sites.usp.br\/cosmos\/eventos\/","title":{"rendered":"Eventos"},"content":{"rendered":"\t\t<div data-elementor-type=\"wp-page\" data-elementor-id=\"856\" class=\"elementor elementor-856\" data-elementor-post-type=\"page\">\n\t\t\t\t\t\t<section class=\"elementor-section elementor-top-section elementor-element elementor-element-9958136 elementor-section-boxed elementor-section-height-default elementor-section-height-default\" data-id=\"9958136\" data-element_type=\"section\">\n\t\t\t\t\t\t<div class=\"elementor-container elementor-column-gap-default\">\n\t\t\t\t\t<div class=\"elementor-column elementor-col-100 elementor-top-column elementor-element elementor-element-0c1cfda\" data-id=\"0c1cfda\" data-element_type=\"column\">\n\t\t\t<div class=\"elementor-widget-wrap elementor-element-populated\">\n\t\t\t\t\t\t<div class=\"elementor-element elementor-element-a0da189 elementor-widget elementor-widget-text-editor\" data-id=\"a0da189\" data-element_type=\"widget\" data-widget_type=\"text-editor.default\">\n\t\t\t\t<div class=\"elementor-widget-container\">\n\t\t\t\t\t\t\t<p>Entre os eventos promovidos no Cosmos destacam-se os hackathons, \ncompeti\u00e7\u00f5es que re\u00fanem alunos e profissionais com diferentes forma\u00e7\u00f5es \npara a cria\u00e7\u00e3o de solu\u00e7\u00f5es espec\u00edficas para diferentes desafios, as \napresenta\u00e7\u00f5es de solu\u00e7\u00f5es e de startups, as palestras com empreendedores\n e as mentorias, envolvendo especialistas e praticantes, capazes de \ndirecionar esfor\u00e7os e promover a transfer\u00eancia de conhecimentos tendo em\n vista o sucesso do empreendedorismo universit\u00e1rio.<\/p>\t\t\t\t\t\t<\/div>\n\t\t\t\t<\/div>\n\t\t\t\t\t<\/div>\n\t\t<\/div>\n\t\t\t\t\t<\/div>\n\t\t<\/section>\n\t\t\t\t<section class=\"elementor-section elementor-top-section elementor-element elementor-element-73c557d elementor-section-boxed elementor-section-height-default elementor-section-height-default\" data-id=\"73c557d\" data-element_type=\"section\">\n\t\t\t\t\t\t<div class=\"elementor-container elementor-column-gap-default\">\n\t\t\t\t\t<div class=\"elementor-column elementor-col-100 elementor-top-column elementor-element elementor-element-205f0c8\" data-id=\"205f0c8\" data-element_type=\"column\">\n\t\t\t<div class=\"elementor-widget-wrap elementor-element-populated\">\n\t\t\t\t\t\t<div class=\"elementor-element elementor-element-7080aa7 elementor-widget elementor-widget-heading\" data-id=\"7080aa7\" data-element_type=\"widget\" data-widget_type=\"heading.default\">\n\t\t\t\t<div class=\"elementor-widget-container\">\n\t\t\t<h2 class=\"elementor-heading-title elementor-size-default\">Workshop de Gest\u00e3o de Projetos <\/h2>\t\t<\/div>\n\t\t\t\t<\/div>\n\t\t\t\t<div class=\"elementor-element elementor-element-7f67fa0 elementor-widget elementor-widget-image\" data-id=\"7f67fa0\" data-element_type=\"widget\" data-widget_type=\"image.default\">\n\t\t\t\t<div class=\"elementor-widget-container\">\n\t\t\t\t\t\t\t\t\t\t\t\t\t<img fetchpriority=\"high\" decoding=\"async\" width=\"640\" height=\"480\" src=\"https:\/\/sites.usp.br\/cosmos\/wp-content\/uploads\/sites\/695\/2022\/09\/WhatsApp-Image-2022-07-16-at-14.10.26-1-1024x768.jpeg\" class=\"attachment-large size-large wp-image-1985\" alt=\"\" srcset=\"https:\/\/sites.usp.br\/cosmos\/wp-content\/uploads\/sites\/695\/2022\/09\/WhatsApp-Image-2022-07-16-at-14.10.26-1-1024x768.jpeg 1024w, https:\/\/sites.usp.br\/cosmos\/wp-content\/uploads\/sites\/695\/2022\/09\/WhatsApp-Image-2022-07-16-at-14.10.26-1-300x225.jpeg 300w, https:\/\/sites.usp.br\/cosmos\/wp-content\/uploads\/sites\/695\/2022\/09\/WhatsApp-Image-2022-07-16-at-14.10.26-1-768x576.jpeg 768w, https:\/\/sites.usp.br\/cosmos\/wp-content\/uploads\/sites\/695\/2022\/09\/WhatsApp-Image-2022-07-16-at-14.10.26-1-1536x1152.jpeg 1536w, https:\/\/sites.usp.br\/cosmos\/wp-content\/uploads\/sites\/695\/2022\/09\/WhatsApp-Image-2022-07-16-at-14.10.26-1-285x214.jpeg 285w, https:\/\/sites.usp.br\/cosmos\/wp-content\/uploads\/sites\/695\/2022\/09\/WhatsApp-Image-2022-07-16-at-14.10.26-1-80x60.jpeg 80w, https:\/\/sites.usp.br\/cosmos\/wp-content\/uploads\/sites\/695\/2022\/09\/WhatsApp-Image-2022-07-16-at-14.10.26-1-400x300.jpeg 400w, https:\/\/sites.usp.br\/cosmos\/wp-content\/uploads\/sites\/695\/2022\/09\/WhatsApp-Image-2022-07-16-at-14.10.26-1.jpeg 1600w\" sizes=\"(max-width: 640px) 100vw, 640px\" \/>\t\t\t\t\t\t\t\t\t\t\t\t\t<\/div>\n\t\t\t\t<\/div>\n\t\t\t\t<div class=\"elementor-element elementor-element-f1410f2 elementor-widget elementor-widget-text-editor\" data-id=\"f1410f2\" data-element_type=\"widget\" data-widget_type=\"text-editor.default\">\n\t\t\t\t<div class=\"elementor-widget-container\">\n\t\t\t\t\t\t\t<p><span style=\"font-weight: 400;\">Evento do eLab voltado para a capacita\u00e7\u00e3o dos membros do grupo, discuss\u00e3o e planejamento dos projetos da entidade. Com a orienta\u00e7\u00e3o de dois mentores, a equipe teve acesso a metodologias tratando de <\/span><span style=\"font-weight: 400;\">empatia, <\/span><i><span style=\"font-weight: 400;\">design thinking<\/span><\/i><span style=\"font-weight: 400;\"> e <\/span><span style=\"font-weight: 400;\"><i>business canva.&nbsp;<\/i><\/span><\/p>\t\t\t\t\t\t<\/div>\n\t\t\t\t<\/div>\n\t\t\t\t\t<\/div>\n\t\t<\/div>\n\t\t\t\t\t<\/div>\n\t\t<\/section>\n\t\t\t\t<section class=\"elementor-section elementor-top-section elementor-element elementor-element-797d724 elementor-section-boxed elementor-section-height-default elementor-section-height-default\" data-id=\"797d724\" data-element_type=\"section\">\n\t\t\t\t\t\t<div class=\"elementor-container elementor-column-gap-default\">\n\t\t\t\t\t<div class=\"elementor-column elementor-col-100 elementor-top-column elementor-element elementor-element-7371dbc\" data-id=\"7371dbc\" data-element_type=\"column\">\n\t\t\t<div class=\"elementor-widget-wrap elementor-element-populated\">\n\t\t\t\t\t\t<div class=\"elementor-element elementor-element-62bd9b0 elementor-widget elementor-widget-heading\" data-id=\"62bd9b0\" data-element_type=\"widget\" data-widget_type=\"heading.default\">\n\t\t\t\t<div class=\"elementor-widget-container\">\n\t\t\t<h2 class=\"elementor-heading-title elementor-size-default\">Desafio USP Covid-19<\/h2>\t\t<\/div>\n\t\t\t\t<\/div>\n\t\t\t\t<div class=\"elementor-element elementor-element-d76c64a elementor-widget elementor-widget-image\" data-id=\"d76c64a\" data-element_type=\"widget\" data-widget_type=\"image.default\">\n\t\t\t\t<div class=\"elementor-widget-container\">\n\t\t\t\t\t\t\t\t\t\t\t\t\t<img decoding=\"async\" width=\"640\" height=\"360\" src=\"https:\/\/sites.usp.br\/cosmos\/wp-content\/uploads\/sites\/695\/2022\/08\/id-visual-hack-cosmos-07-1024x576.jpg\" class=\"attachment-large size-large wp-image-1946\" alt=\"\" srcset=\"https:\/\/sites.usp.br\/cosmos\/wp-content\/uploads\/sites\/695\/2022\/08\/id-visual-hack-cosmos-07-1024x576.jpg 1024w, https:\/\/sites.usp.br\/cosmos\/wp-content\/uploads\/sites\/695\/2022\/08\/id-visual-hack-cosmos-07-300x169.jpg 300w, https:\/\/sites.usp.br\/cosmos\/wp-content\/uploads\/sites\/695\/2022\/08\/id-visual-hack-cosmos-07-768x432.jpg 768w, https:\/\/sites.usp.br\/cosmos\/wp-content\/uploads\/sites\/695\/2022\/08\/id-visual-hack-cosmos-07-1536x864.jpg 1536w, https:\/\/sites.usp.br\/cosmos\/wp-content\/uploads\/sites\/695\/2022\/08\/id-visual-hack-cosmos-07-2048x1152.jpg 2048w, https:\/\/sites.usp.br\/cosmos\/wp-content\/uploads\/sites\/695\/2022\/08\/id-visual-hack-cosmos-07-310x174.jpg 310w, https:\/\/sites.usp.br\/cosmos\/wp-content\/uploads\/sites\/695\/2022\/08\/id-visual-hack-cosmos-07-400x225.jpg 400w\" sizes=\"(max-width: 640px) 100vw, 640px\" \/>\t\t\t\t\t\t\t\t\t\t\t\t\t<\/div>\n\t\t\t\t<\/div>\n\t\t\t\t<div class=\"elementor-element elementor-element-25d83c5 elementor-widget elementor-widget-text-editor\" data-id=\"25d83c5\" data-element_type=\"widget\" data-widget_type=\"text-editor.default\">\n\t\t\t\t<div class=\"elementor-widget-container\">\n\t\t\t\t\t\t\t<p>Realizado em Maio de 2020, o Desafio USP Covid-19 foi um ideathon focado\u00a0<span style=\"font-family: Roboto, sans-serif; font-style: normal; font-weight: 400; color: var( --e-global-color-text ); font-size: 1.6rem;\">em, ao ensinar na pr\u00e1tica, fomentar a resolu\u00e7\u00e3o de problemas reais e a cria\u00e7\u00e3o de neg\u00f3cios de impacto vi\u00e1veis financeiramente e escal\u00e1veis.\u00a0<\/span><span style=\"color: var( --e-global-color-text ); font-size: 1.6rem;\">Organizado pelo <\/span><a style=\"background-color: #ffffff; font-size: 1.6rem;\" href=\"http:\/\/www.uspempreende.org\/\" target=\"_blank\" rel=\"noopener noreferrer\">N\u00facleo de Empreendedorismo da USP<\/a>,<span style=\"color: var( --e-global-color-text ); font-size: 1.6rem;\">\u00a0com apoio do\u00a0Turing USP,\u00a0<\/span><span style=\"font-family: Roboto, sans-serif; font-style: normal; font-weight: 400; color: var( --e-global-color-text ); font-size: 1.6rem;\">FAUUSP Jr.,<\/span><span style=\"font-family: Roboto, sans-serif; font-style: normal; font-weight: 400; color: var( --e-global-color-text ); font-size: 1.6rem;\">\u00a0<\/span><span style=\"color: var( --e-global-color-text ); font-size: 1.6rem;\">Enactus USP Cidade Universit\u00e1ria e o eLab &#8211; todos <a href=\"https:\/\/sites.usp.br\/cosmos\/grupos-residentes\/\">grupos residentes do Cosmos@InovaUSP<\/a> &#8211; Laborat\u00f3rio Samsung Ocean e\u00a0<\/span><span style=\"font-family: Roboto, sans-serif; font-style: normal; font-weight: 400; color: var( --e-global-color-text ); font-size: 1.6rem;\">Inova USP, o evento atingiu os seguintes resultados:<\/span><\/p>\t\t\t\t\t\t<\/div>\n\t\t\t\t<\/div>\n\t\t\t\t<div class=\"elementor-element elementor-element-5ddff2c elementor-widget elementor-widget-heading\" data-id=\"5ddff2c\" data-element_type=\"widget\" data-widget_type=\"heading.default\">\n\t\t\t\t<div class=\"elementor-widget-container\">\n\t\t\t<h4 class=\"elementor-heading-title elementor-size-default\">Resultados<\/h4>\t\t<\/div>\n\t\t\t\t<\/div>\n\t\t\t\t<div class=\"elementor-element elementor-element-7bd17e8 elementor-icon-list--layout-traditional elementor-list-item-link-full_width elementor-widget elementor-widget-icon-list\" data-id=\"7bd17e8\" data-element_type=\"widget\" data-widget_type=\"icon-list.default\">\n\t\t\t\t<div class=\"elementor-widget-container\">\n\t\t\t\t\t<ul class=\"elementor-icon-list-items\">\n\t\t\t\t\t\t\t<li class=\"elementor-icon-list-item\">\n\t\t\t\t\t\t\t\t\t\t\t<span class=\"elementor-icon-list-icon\">\n\t\t\t\t\t\t\t<i aria-hidden=\"true\" class=\"far fa-clipboard\"><\/i>\t\t\t\t\t\t<\/span>\n\t\t\t\t\t\t\t\t\t\t<span class=\"elementor-icon-list-text\">894 inscritos<\/span>\n\t\t\t\t\t\t\t\t\t<\/li>\n\t\t\t\t\t\t\t\t<li class=\"elementor-icon-list-item\">\n\t\t\t\t\t\t\t\t\t\t\t<span class=\"elementor-icon-list-icon\">\n\t\t\t\t\t\t\t<i aria-hidden=\"true\" class=\"fas fa-check\"><\/i>\t\t\t\t\t\t<\/span>\n\t\t\t\t\t\t\t\t\t\t<span class=\"elementor-icon-list-text\">100 participantes<\/span>\n\t\t\t\t\t\t\t\t\t<\/li>\n\t\t\t\t\t\t\t\t<li class=\"elementor-icon-list-item\">\n\t\t\t\t\t\t\t\t\t\t\t<span class=\"elementor-icon-list-icon\">\n\t\t\t\t\t\t\t<i aria-hidden=\"true\" class=\"fas fa-hands-helping\"><\/i>\t\t\t\t\t\t<\/span>\n\t\t\t\t\t\t\t\t\t\t<span class=\"elementor-icon-list-text\">19 solu\u00e7\u00f5es desenvolvidas<\/span>\n\t\t\t\t\t\t\t\t\t<\/li>\n\t\t\t\t\t\t<\/ul>\n\t\t\t\t<\/div>\n\t\t\t\t<\/div>\n\t\t\t\t<div class=\"elementor-element elementor-element-2d3a9d9 elementor-widget elementor-widget-spacer\" data-id=\"2d3a9d9\" data-element_type=\"widget\" data-widget_type=\"spacer.default\">\n\t\t\t\t<div class=\"elementor-widget-container\">\n\t\t\t\t\t<div class=\"elementor-spacer\">\n\t\t\t<div class=\"elementor-spacer-inner\"><\/div>\n\t\t<\/div>\n\t\t\t\t<\/div>\n\t\t\t\t<\/div>\n\t\t\t\t\t<\/div>\n\t\t<\/div>\n\t\t\t\t\t<\/div>\n\t\t<\/section>\n\t\t\t\t<section class=\"elementor-section elementor-top-section elementor-element elementor-element-785ef96 elementor-section-boxed elementor-section-height-default elementor-section-height-default\" data-id=\"785ef96\" data-element_type=\"section\">\n\t\t\t\t\t\t<div class=\"elementor-container elementor-column-gap-default\">\n\t\t\t\t\t<div class=\"elementor-column elementor-col-100 elementor-top-column elementor-element elementor-element-6918e89\" data-id=\"6918e89\" data-element_type=\"column\">\n\t\t\t<div class=\"elementor-widget-wrap elementor-element-populated\">\n\t\t\t\t\t\t<div class=\"elementor-element elementor-element-5ec97b3 elementor-widget elementor-widget-heading\" data-id=\"5ec97b3\" data-element_type=\"widget\" data-widget_type=\"heading.default\">\n\t\t\t\t<div class=\"elementor-widget-container\">\n\t\t\t<h2 class=\"elementor-heading-title elementor-size-default\">FAUDecola2020: Sustentabilidade<\/h2>\t\t<\/div>\n\t\t\t\t<\/div>\n\t\t\t\t\t<\/div>\n\t\t<\/div>\n\t\t\t\t\t<\/div>\n\t\t<\/section>\n\t\t\t\t<section class=\"elementor-section elementor-top-section elementor-element elementor-element-14f40079 elementor-section-boxed elementor-section-height-default elementor-section-height-default\" data-id=\"14f40079\" data-element_type=\"section\">\n\t\t\t\t\t\t<div class=\"elementor-container elementor-column-gap-default\">\n\t\t\t\t\t<div class=\"elementor-column elementor-col-100 elementor-top-column elementor-element elementor-element-4260451c\" data-id=\"4260451c\" data-element_type=\"column\">\n\t\t\t<div class=\"elementor-widget-wrap elementor-element-populated\">\n\t\t\t\t\t\t<div class=\"elementor-element elementor-element-47c6074 elementor-widget elementor-widget-text-editor\" data-id=\"47c6074\" data-element_type=\"widget\" data-widget_type=\"text-editor.default\">\n\t\t\t\t<div class=\"elementor-widget-container\">\n\t\t\t\t\t\t\t<a href=\"https:\/\/sites.usp.br\/cosmos\/wp-content\/uploads\/sites\/695\/2020\/03\/cosmos-apresentacao-20.png\"><img decoding=\"async\" src=\"https:\/\/sites.usp.br\/cosmos\/wp-content\/uploads\/sites\/695\/2020\/03\/89840445_1020963658324961_4676983295286706176_o.jpg\" alt=\"\" data-id=\"916\" width=\"638\" height=\"327\"><\/a>\t\t\t\t\t\t<\/div>\n\t\t\t\t<\/div>\n\t\t\t\t\t<\/div>\n\t\t<\/div>\n\t\t\t\t\t<\/div>\n\t\t<\/section>\n\t\t\t\t<section class=\"elementor-section elementor-top-section elementor-element elementor-element-32c7aab elementor-section-boxed elementor-section-height-default elementor-section-height-default\" data-id=\"32c7aab\" data-element_type=\"section\">\n\t\t\t\t\t\t<div class=\"elementor-container elementor-column-gap-default\">\n\t\t\t\t\t<div class=\"elementor-column elementor-col-100 elementor-top-column elementor-element elementor-element-713fe38\" data-id=\"713fe38\" data-element_type=\"column\">\n\t\t\t<div class=\"elementor-widget-wrap elementor-element-populated\">\n\t\t\t\t\t\t<div class=\"elementor-element elementor-element-ca38c68 elementor-widget elementor-widget-text-editor\" data-id=\"ca38c68\" data-element_type=\"widget\" data-widget_type=\"text-editor.default\">\n\t\t\t\t<div class=\"elementor-widget-container\">\n\t\t\t\t\t\t\t<p>Organizado pela FAU jr., evento que uniu arquitetura e design a fim de desenvolver solu\u00e7\u00f5es inteligentes com a tem\u00e1tica do evento, que na primeira edi\u00e7\u00e3o, \u00e9 Sustentabilidade na Constru\u00e7\u00e3o Civil. Equipes de fauanes dos dois cursos, cada uma criando sua pr\u00f3pria solu\u00e7\u00e3o usando a metodologia Double Diamond (Descoberta, Defini\u00e7\u00e3o, Prototipa\u00e7\u00e3o e Entrega) num ambiente incr\u00edvel, com palestrantes, mentores e especialistas que estar\u00e3o l\u00e1 para auxiliar a desenvolver as suas id\u00e9ias. No final, as ideias v\u00e3o ser avaliadas por uma equipe de jurados, e a vencedora vai ser premiada!<\/p>\t\t\t\t\t\t<\/div>\n\t\t\t\t<\/div>\n\t\t\t\t<div class=\"elementor-element elementor-element-43bead2 elementor-widget elementor-widget-spacer\" data-id=\"43bead2\" data-element_type=\"widget\" data-widget_type=\"spacer.default\">\n\t\t\t\t<div class=\"elementor-widget-container\">\n\t\t\t\t\t<div class=\"elementor-spacer\">\n\t\t\t<div class=\"elementor-spacer-inner\"><\/div>\n\t\t<\/div>\n\t\t\t\t<\/div>\n\t\t\t\t<\/div>\n\t\t\t\t\t<\/div>\n\t\t<\/div>\n\t\t\t\t\t<\/div>\n\t\t<\/section>\n\t\t\t\t<\/div>\n\t\t","protected":false},"excerpt":{"rendered":"<p>Entre os eventos promovidos no Cosmos destacam-se os hackathons, competi\u00e7\u00f5es que re\u00fanem alunos e profissionais com diferentes forma\u00e7\u00f5es para a cria\u00e7\u00e3o de solu\u00e7\u00f5es espec\u00edficas para diferentes desafios, as apresenta\u00e7\u00f5es de solu\u00e7\u00f5es e de startups, as palestras com empreendedores e as mentorias, envolvendo especialistas e praticantes, capazes de direcionar esfor\u00e7os e promover a transfer\u00eancia de conhecimentos<a href=\"https:\/\/sites.usp.br\/cosmos\/eventos\/\">[&#8230;]<\/a><\/p>\n","protected":false},"author":236,"featured_media":0,"parent":0,"menu_order":0,"comment_status":"closed","ping_status":"closed","template":"","meta":{"_monsterinsights_skip_tracking":false,"_monsterinsights_sitenote_active":false,"_monsterinsights_sitenote_note":"","_monsterinsights_sitenote_category":0,"footnotes":"","_links_to":"","_links_to_target":""},"class_list":["post-856","page","type-page","status-publish","hentry"],"_links":{"self":[{"href":"https:\/\/sites.usp.br\/cosmos\/wp-json\/wp\/v2\/pages\/856","targetHints":{"allow":["GET"]}}],"collection":[{"href":"https:\/\/sites.usp.br\/cosmos\/wp-json\/wp\/v2\/pages"}],"about":[{"href":"https:\/\/sites.usp.br\/cosmos\/wp-json\/wp\/v2\/types\/page"}],"author":[{"embeddable":true,"href":"https:\/\/sites.usp.br\/cosmos\/wp-json\/wp\/v2\/users\/236"}],"replies":[{"embeddable":true,"href":"https:\/\/sites.usp.br\/cosmos\/wp-json\/wp\/v2\/comments?post=856"}],"version-history":[{"count":4,"href":"https:\/\/sites.usp.br\/cosmos\/wp-json\/wp\/v2\/pages\/856\/revisions"}],"predecessor-version":[{"id":1992,"href":"https:\/\/sites.usp.br\/cosmos\/wp-json\/wp\/v2\/pages\/856\/revisions\/1992"}],"wp:attachment":[{"href":"https:\/\/sites.usp.br\/cosmos\/wp-json\/wp\/v2\/media?parent=856"}],"curies":[{"name":"wp","href":"https:\/\/api.w.org\/{rel}","templated":true}]}}