{"id":1213,"date":"2022-10-10T14:28:11","date_gmt":"2022-10-10T17:28:11","guid":{"rendered":"https:\/\/sites.usp.br\/cpp\/?page_id=1213"},"modified":"2022-10-24T14:20:20","modified_gmt":"2022-10-24T17:20:20","slug":"pesquisa","status":"publish","type":"page","link":"https:\/\/sites.usp.br\/cpp\/pesquisa\/","title":{"rendered":"Pesquisa"},"content":{"rendered":"\t\t<div data-elementor-type=\"wp-page\" data-elementor-id=\"1213\" class=\"elementor elementor-1213\">\n\t\t\t\t\t\t<section class=\"elementor-section elementor-top-section elementor-element elementor-element-9876287 elementor-section-boxed elementor-section-height-default elementor-section-height-default\" data-id=\"9876287\" data-element_type=\"section\">\n\t\t\t\t\t\t<div class=\"elementor-container elementor-column-gap-default\">\n\t\t\t\t\t<div class=\"elementor-column elementor-col-100 elementor-top-column elementor-element elementor-element-d597683\" data-id=\"d597683\" data-element_type=\"column\">\n\t\t\t<div class=\"elementor-widget-wrap elementor-element-populated\">\n\t\t\t\t\t\t<div class=\"elementor-element elementor-element-d6dffe2 elementor-widget elementor-widget-text-editor\" data-id=\"d6dffe2\" data-element_type=\"widget\" data-widget_type=\"text-editor.default\">\n\t\t\t\t<div class=\"elementor-widget-container\">\n\t\t\t\t\t\t\t<h1>&nbsp;<\/h1>\n<p>Nas diretrizes norteadoras do CPP encontram-se projetos de aplica\u00e7\u00e3o de instrumentos de avalia\u00e7\u00e3o em diferentes contextos, como centros hospitalares, centros de aten\u00e7\u00e3o b\u00e1sica \u00e0 sa\u00fade, grupos de reabilita\u00e7\u00e3o ps\u00edquica, programas de sa\u00fade da fam\u00edlia, interven\u00e7\u00e3o em de orienta\u00e7\u00e3o profissional e de carreira, e processos psicoter\u00e1picos.<\/p>\n<p>Objetiva-se, portanto, verificar a aplicabilidade e a possibilidade de aux\u00edlio compreensivo na elabora\u00e7\u00e3o de estrat\u00e9gias de interven\u00e7\u00e3o nesses diferentes campos de aplica\u00e7\u00e3o da Psicologia, a partir de indicadores dos instrumentos de avalia\u00e7\u00e3o psicol\u00f3gica (observa\u00e7\u00e3o, entrevistas, escalas, invent\u00e1rios e testes psicol\u00f3gicos, com destaque para os m\u00e9todos projetivos).<\/p>\t\t\t\t\t\t<\/div>\n\t\t\t\t<\/div>\n\t\t\t\t\t<\/div>\n\t\t<\/div>\n\t\t\t\t\t<\/div>\n\t\t<\/section>\n\t\t\t\t<section class=\"elementor-section elementor-top-section elementor-element elementor-element-42f119d elementor-section-boxed elementor-section-height-default elementor-section-height-default\" data-id=\"42f119d\" data-element_type=\"section\">\n\t\t\t\t\t\t<div class=\"elementor-container elementor-column-gap-default\">\n\t\t\t\t\t<div class=\"elementor-column elementor-col-100 elementor-top-column elementor-element elementor-element-f7116b0\" data-id=\"f7116b0\" data-element_type=\"column\">\n\t\t\t<div class=\"elementor-widget-wrap elementor-element-populated\">\n\t\t\t\t\t\t<div class=\"elementor-element elementor-element-1bf4d15 elementor-widget elementor-widget-text-editor\" data-id=\"1bf4d15\" data-element_type=\"widget\" data-widget_type=\"text-editor.default\">\n\t\t\t\t<div class=\"elementor-widget-container\">\n\t\t\t\t\t\t\t<h2><span style=\"color: #ffcc00;\">Conhe\u00e7a nossas linhas de pesquisa!<\/span><\/h2>\t\t\t\t\t\t<\/div>\n\t\t\t\t<\/div>\n\t\t\t\t\t<\/div>\n\t\t<\/div>\n\t\t\t\t\t<\/div>\n\t\t<\/section>\n\t\t\t\t<section class=\"elementor-section elementor-top-section elementor-element elementor-element-7d1b82a elementor-section-boxed elementor-section-height-default elementor-section-height-default\" data-id=\"7d1b82a\" data-element_type=\"section\">\n\t\t\t\t\t\t<div class=\"elementor-container elementor-column-gap-default\">\n\t\t\t\t\t<div class=\"elementor-column elementor-col-100 elementor-top-column elementor-element elementor-element-f4a4ba4\" data-id=\"f4a4ba4\" data-element_type=\"column\">\n\t\t\t<div class=\"elementor-widget-wrap elementor-element-populated\">\n\t\t\t\t\t\t<div class=\"elementor-element elementor-element-f5b8eea elementor-widget elementor-widget-heading\" data-id=\"f5b8eea\" data-element_type=\"widget\" data-widget_type=\"heading.default\">\n\t\t\t\t<div class=\"elementor-widget-container\">\n\t\t\t<h3 class=\"elementor-heading-title elementor-size-default\"><a href=\"https:\/\/sites.usp.br\/cpp\/pesquisa\/bioterios\/\">Avalia\u00e7\u00e3o Psicol\u00f3gica: Fundamentos t\u00e9cnicos e aplica\u00e7\u00f5es\n<\/a><\/h3>\t\t<\/div>\n\t\t\t\t<\/div>\n\t\t\t\t\t<\/div>\n\t\t<\/div>\n\t\t\t\t\t<\/div>\n\t\t<\/section>\n\t\t\t\t<section class=\"elementor-section elementor-top-section elementor-element elementor-element-86b54ab elementor-section-boxed elementor-section-height-default elementor-section-height-default\" data-id=\"86b54ab\" data-element_type=\"section\">\n\t\t\t\t\t\t<div class=\"elementor-container elementor-column-gap-default\">\n\t\t\t\t\t<div class=\"elementor-column elementor-col-100 elementor-top-column elementor-element elementor-element-0dbf86f\" data-id=\"0dbf86f\" data-element_type=\"column\">\n\t\t\t<div class=\"elementor-widget-wrap elementor-element-populated\">\n\t\t\t\t\t\t<div class=\"elementor-element elementor-element-819cec9 elementor-widget elementor-widget-heading\" data-id=\"819cec9\" data-element_type=\"widget\" data-widget_type=\"heading.default\">\n\t\t\t\t<div class=\"elementor-widget-container\">\n\t\t\t<h3 class=\"elementor-heading-title elementor-size-default\"><a href=\"https:\/\/sites.usp.br\/cpp\/pesquisa\/procontes\/\">Pr\u00e1ticas de aten\u00e7\u00e3o em Sa\u00fade e vari\u00e1veis psicossociais\u200b<\/a><\/h3>\t\t<\/div>\n\t\t\t\t<\/div>\n\t\t\t\t\t<\/div>\n\t\t<\/div>\n\t\t\t\t\t<\/div>\n\t\t<\/section>\n\t\t\t\t<section class=\"elementor-section elementor-top-section elementor-element elementor-element-6539a2f elementor-section-boxed elementor-section-height-default elementor-section-height-default\" data-id=\"6539a2f\" data-element_type=\"section\">\n\t\t\t\t\t\t<div class=\"elementor-container elementor-column-gap-default\">\n\t\t\t\t\t<div class=\"elementor-column elementor-col-100 elementor-top-column elementor-element elementor-element-ac607fd\" data-id=\"ac607fd\" data-element_type=\"column\">\n\t\t\t<div class=\"elementor-widget-wrap elementor-element-populated\">\n\t\t\t\t\t\t<div class=\"elementor-element elementor-element-335ad1c elementor-widget elementor-widget-heading\" data-id=\"335ad1c\" data-element_type=\"widget\" data-widget_type=\"heading.default\">\n\t\t\t\t<div class=\"elementor-widget-container\">\n\t\t\t<h3 class=\"elementor-heading-title elementor-size-default\"><a href=\"https:\/\/sites.usp.br\/cpp\/pesquisa\/programa-de-apoio-aos-novos-docentes\/\">Orienta\u00e7\u00e3o profissional, educa\u00e7\u00e3o e desenvolvimento de carreira: Diagn\u00f3stico e interven\u00e7\u00e3o<\/a><\/h3>\t\t<\/div>\n\t\t\t\t<\/div>\n\t\t\t\t\t<\/div>\n\t\t<\/div>\n\t\t\t\t\t<\/div>\n\t\t<\/section>\n\t\t\t\t<section class=\"elementor-section elementor-top-section elementor-element elementor-element-7110ea6 elementor-section-boxed elementor-section-height-default elementor-section-height-default\" data-id=\"7110ea6\" data-element_type=\"section\">\n\t\t\t\t\t\t<div class=\"elementor-container elementor-column-gap-default\">\n\t\t\t\t\t<div class=\"elementor-column elementor-col-100 elementor-top-column elementor-element elementor-element-d82c742\" data-id=\"d82c742\" data-element_type=\"column\">\n\t\t\t<div class=\"elementor-widget-wrap elementor-element-populated\">\n\t\t\t\t\t\t<div class=\"elementor-element elementor-element-8df0408 elementor-widget elementor-widget-heading\" data-id=\"8df0408\" data-element_type=\"widget\" data-widget_type=\"heading.default\">\n\t\t\t\t<div class=\"elementor-widget-container\">\n\t\t\t<h3 class=\"elementor-heading-title elementor-size-default\"><a href=\"https:\/\/sites.usp.br\/cpp\/projeto-1\/\">Psicodiagn\u00f3stico Interventivo<\/a><\/h3>\t\t<\/div>\n\t\t\t\t<\/div>\n\t\t\t\t\t<\/div>\n\t\t<\/div>\n\t\t\t\t\t<\/div>\n\t\t<\/section>\n\t\t\t\t<section class=\"elementor-section elementor-top-section elementor-element elementor-element-b225938 elementor-section-boxed elementor-section-height-default elementor-section-height-default\" data-id=\"b225938\" data-element_type=\"section\">\n\t\t\t\t\t\t<div class=\"elementor-container elementor-column-gap-default\">\n\t\t\t\t\t<div class=\"elementor-column elementor-col-100 elementor-top-column elementor-element elementor-element-5930de5\" data-id=\"5930de5\" data-element_type=\"column\">\n\t\t\t<div class=\"elementor-widget-wrap elementor-element-populated\">\n\t\t\t\t\t\t<div class=\"elementor-element elementor-element-6f18e20 elementor-widget elementor-widget-heading\" data-id=\"6f18e20\" data-element_type=\"widget\" data-widget_type=\"heading.default\">\n\t\t\t\t<div class=\"elementor-widget-container\">\n\t\t\t<h3 class=\"elementor-heading-title elementor-size-default\"><a href=\"https:\/\/sites.usp.br\/cpp\/infra-usp\/\">Psicologia Cl\u00ednica<\/a><\/h3>\t\t<\/div>\n\t\t\t\t<\/div>\n\t\t\t\t\t<\/div>\n\t\t<\/div>\n\t\t\t\t\t<\/div>\n\t\t<\/section>\n\t\t\t\t<section class=\"elementor-section elementor-top-section elementor-element elementor-element-a2803ef elementor-section-boxed elementor-section-height-default elementor-section-height-default\" data-id=\"a2803ef\" data-element_type=\"section\">\n\t\t\t\t\t\t<div class=\"elementor-container elementor-column-gap-default\">\n\t\t\t\t\t<div class=\"elementor-column elementor-col-100 elementor-top-column elementor-element elementor-element-f6be32c\" data-id=\"f6be32c\" data-element_type=\"column\">\n\t\t\t<div class=\"elementor-widget-wrap elementor-element-populated\">\n\t\t\t\t\t\t<div class=\"elementor-element elementor-element-8df3604 elementor-widget elementor-widget-heading\" data-id=\"8df3604\" data-element_type=\"widget\" data-widget_type=\"heading.default\">\n\t\t\t\t<div class=\"elementor-widget-container\">\n\t\t\t<h2 class=\"elementor-heading-title elementor-size-default\"><h2><font color=\"#ffcc00\">Instrumentos de avalia\u00e7\u00e3o mais adotados em pesquisas<\/font><\/h2><\/h2>\t\t<\/div>\n\t\t\t\t<\/div>\n\t\t\t\t\t<\/div>\n\t\t<\/div>\n\t\t\t\t\t<\/div>\n\t\t<\/section>\n\t\t\t\t<section class=\"elementor-section elementor-top-section elementor-element elementor-element-cef7753 elementor-section-boxed elementor-section-height-default elementor-section-height-default\" data-id=\"cef7753\" data-element_type=\"section\">\n\t\t\t\t\t\t<div class=\"elementor-container elementor-column-gap-default\">\n\t\t\t\t\t<div class=\"elementor-column elementor-col-100 elementor-top-column elementor-element elementor-element-9c9ed4f\" data-id=\"9c9ed4f\" data-element_type=\"column\">\n\t\t\t<div class=\"elementor-widget-wrap elementor-element-populated\">\n\t\t\t\t\t\t<div class=\"elementor-element elementor-element-81d776a elementor-widget elementor-widget-text-editor\" data-id=\"81d776a\" data-element_type=\"widget\" data-widget_type=\"text-editor.default\">\n\t\t\t\t<div class=\"elementor-widget-container\">\n\t\t\t\t\t\t\t<p><span style=\"color: #77c4ed;\"><strong>M\u00e9todos projetivos:&nbsp;<\/strong><\/span>M\u00e9todo de Rorschach, Teste de Fotos de Profiss\u00f5es (BBT-Br), Teste das Pir\u00e2mides Coloridas de Pfister, Teste de Apercep\u00e7\u00e3o Tem\u00e1tica (TAT), Children Apperception Test (CAT), Procedimento de Desenhos-Est\u00f3ria (D-E), Desenho de Figura Humana (DFH), Question\u00e1rio Desiderativo, PAAM.<\/p>\n<p><span style=\"color: #77c4ed;\"><strong>Testes de Intelig\u00eancia:<\/strong><\/span> Raven, Bateria Woodcock-Johnson III, Teste INV, Escalas Wechsler, WASI.<\/p>\n<p><span style=\"color: #77c4ed;\"><strong>Testes <span style=\"color: #77c4ed;\">Neuropsicol\u00f3gicos:<\/span><\/strong><\/span> Wisconsing Card Sorting Test, Figuras Complexas de Rey, Bateria NEPSY-III, MEEM.<\/p>\n<p><span style=\"color: #77c4ed;\"><strong>Escalas e Invent\u00e1rios:<\/strong><\/span> CPS, ESIC, EMEP, STAXI, SDS, SDQ, SF-36, WhoQol, Desenho de Silhuetas, Maus Tratos, Regula\u00e7\u00e3o Emocional, RAF, IPSF, Escala de Afetos, ERQ, DERS.<\/p>\t\t\t\t\t\t<\/div>\n\t\t\t\t<\/div>\n\t\t\t\t\t<\/div>\n\t\t<\/div>\n\t\t\t\t\t<\/div>\n\t\t<\/section>\n\t\t\t\t<\/div>\n\t\t","protected":false},"excerpt":{"rendered":"<p>&nbsp; Nas diretrizes norteadoras do CPP encontram-se projetos de aplica\u00e7\u00e3o de instrumentos de avalia\u00e7\u00e3o em [&hellip;]<\/p>\n","protected":false},"author":23286,"featured_media":0,"parent":0,"menu_order":0,"comment_status":"closed","ping_status":"closed","template":"","meta":{"footnotes":"","_links_to":"","_links_to_target":""},"class_list":["post-1213","page","type-page","status-publish","hentry"],"_links":{"self":[{"href":"https:\/\/sites.usp.br\/cpp\/wp-json\/wp\/v2\/pages\/1213","targetHints":{"allow":["GET"]}}],"collection":[{"href":"https:\/\/sites.usp.br\/cpp\/wp-json\/wp\/v2\/pages"}],"about":[{"href":"https:\/\/sites.usp.br\/cpp\/wp-json\/wp\/v2\/types\/page"}],"author":[{"embeddable":true,"href":"https:\/\/sites.usp.br\/cpp\/wp-json\/wp\/v2\/users\/23286"}],"replies":[{"embeddable":true,"href":"https:\/\/sites.usp.br\/cpp\/wp-json\/wp\/v2\/comments?post=1213"}],"version-history":[{"count":4,"href":"https:\/\/sites.usp.br\/cpp\/wp-json\/wp\/v2\/pages\/1213\/revisions"}],"predecessor-version":[{"id":2043,"href":"https:\/\/sites.usp.br\/cpp\/wp-json\/wp\/v2\/pages\/1213\/revisions\/2043"}],"wp:attachment":[{"href":"https:\/\/sites.usp.br\/cpp\/wp-json\/wp\/v2\/media?parent=1213"}],"curies":[{"name":"wp","href":"https:\/\/api.w.org\/{rel}","templated":true}]}}