{"id":1224,"date":"2022-10-10T15:14:46","date_gmt":"2022-10-10T18:14:46","guid":{"rendered":"https:\/\/sites.usp.br\/cpp\/?page_id=1224"},"modified":"2023-02-02T15:18:57","modified_gmt":"2023-02-02T18:18:57","slug":"membros","status":"publish","type":"page","link":"https:\/\/sites.usp.br\/cpp\/membros\/","title":{"rendered":"Membros"},"content":{"rendered":"\t\t<div data-elementor-type=\"wp-page\" data-elementor-id=\"1224\" class=\"elementor elementor-1224\">\n\t\t\t\t\t\t<section class=\"elementor-section elementor-top-section elementor-element elementor-element-1c70cd51 elementor-section-boxed elementor-section-height-default elementor-section-height-default\" data-id=\"1c70cd51\" data-element_type=\"section\">\n\t\t\t\t\t\t<div class=\"elementor-container elementor-column-gap-default\">\n\t\t\t\t\t<div class=\"elementor-column elementor-col-100 elementor-top-column elementor-element elementor-element-5b7d155f\" data-id=\"5b7d155f\" data-element_type=\"column\">\n\t\t\t<div class=\"elementor-widget-wrap elementor-element-populated\">\n\t\t\t\t\t\t<div class=\"elementor-element elementor-element-57fa2b8e elementor-widget elementor-widget-text-editor\" data-id=\"57fa2b8e\" data-element_type=\"widget\" data-widget_type=\"text-editor.default\">\n\t\t\t\t<div class=\"elementor-widget-container\">\n\t\t\t\t\t\t\tConhe\u00e7a as pessoas que s\u00e3o parte das atividades do CPP! Somos formados por um time de psic\u00f3logos, pesquisadores, alunos de p\u00f3s gradua\u00e7\u00e3o e gradua\u00e7\u00e3o, todos trabalhando juntos para o desenvolvimento do ensino, pesquisa e extens\u00e3o dentro da Universidade de S\u00e3o Paulo.\r\n\r\n&nbsp;\r\n\r\n(Foto)\t\t\t\t\t\t<\/div>\n\t\t\t\t<\/div>\n\t\t\t\t\t<\/div>\n\t\t<\/div>\n\t\t\t\t\t<\/div>\n\t\t<\/section>\n\t\t\t\t<section class=\"elementor-section elementor-top-section elementor-element elementor-element-7196127 elementor-section-boxed elementor-section-height-default elementor-section-height-default\" data-id=\"7196127\" data-element_type=\"section\">\n\t\t\t\t\t\t<div class=\"elementor-container elementor-column-gap-default\">\n\t\t\t\t\t<div class=\"elementor-column elementor-col-100 elementor-top-column elementor-element elementor-element-a31fa43\" data-id=\"a31fa43\" data-element_type=\"column\">\n\t\t\t<div class=\"elementor-widget-wrap elementor-element-populated\">\n\t\t\t\t\t\t<div class=\"elementor-element elementor-element-0a6578c elementor-widget elementor-widget-image\" data-id=\"0a6578c\" data-element_type=\"widget\" data-widget_type=\"image.default\">\n\t\t\t\t<div class=\"elementor-widget-container\">\n\t\t\t\t\t\t\t\t\t\t\t\t\t<img decoding=\"async\" src=\"https:\/\/sites.usp.br\/cpp\/wp-content\/plugins\/elementor\/assets\/images\/placeholder.png\" title=\"\" alt=\"\" loading=\"lazy\" \/>\t\t\t\t\t\t\t\t\t\t\t\t\t<\/div>\n\t\t\t\t<\/div>\n\t\t\t\t\t<\/div>\n\t\t<\/div>\n\t\t\t\t\t<\/div>\n\t\t<\/section>\n\t\t\t\t<\/div>\n\t\t","protected":false},"excerpt":{"rendered":"<p>Conhe\u00e7a as pessoas que s\u00e3o parte das atividades do CPP! Somos formados por um time [&hellip;]<\/p>\n","protected":false},"author":23286,"featured_media":0,"parent":0,"menu_order":0,"comment_status":"closed","ping_status":"closed","template":"","meta":{"footnotes":"","_links_to":"","_links_to_target":""},"class_list":["post-1224","page","type-page","status-publish","hentry"],"_links":{"self":[{"href":"https:\/\/sites.usp.br\/cpp\/wp-json\/wp\/v2\/pages\/1224","targetHints":{"allow":["GET"]}}],"collection":[{"href":"https:\/\/sites.usp.br\/cpp\/wp-json\/wp\/v2\/pages"}],"about":[{"href":"https:\/\/sites.usp.br\/cpp\/wp-json\/wp\/v2\/types\/page"}],"author":[{"embeddable":true,"href":"https:\/\/sites.usp.br\/cpp\/wp-json\/wp\/v2\/users\/23286"}],"replies":[{"embeddable":true,"href":"https:\/\/sites.usp.br\/cpp\/wp-json\/wp\/v2\/comments?post=1224"}],"version-history":[{"count":4,"href":"https:\/\/sites.usp.br\/cpp\/wp-json\/wp\/v2\/pages\/1224\/revisions"}],"predecessor-version":[{"id":2464,"href":"https:\/\/sites.usp.br\/cpp\/wp-json\/wp\/v2\/pages\/1224\/revisions\/2464"}],"wp:attachment":[{"href":"https:\/\/sites.usp.br\/cpp\/wp-json\/wp\/v2\/media?parent=1224"}],"curies":[{"name":"wp","href":"https:\/\/api.w.org\/{rel}","templated":true}]}}