{"id":1228,"date":"2022-10-10T15:16:45","date_gmt":"2022-10-10T18:16:45","guid":{"rendered":"https:\/\/sites.usp.br\/cpp\/?page_id=1228"},"modified":"2025-04-30T10:51:32","modified_gmt":"2025-04-30T13:51:32","slug":"iniciacao-cientifica","status":"publish","type":"page","link":"https:\/\/sites.usp.br\/cpp\/iniciacao-cientifica\/","title":{"rendered":"Inicia\u00e7\u00e3o cient\u00edfica"},"content":{"rendered":"\t\t<div data-elementor-type=\"wp-page\" data-elementor-id=\"1228\" class=\"elementor elementor-1228\">\n\t\t\t\t\t\t<section class=\"elementor-section elementor-top-section elementor-element elementor-element-260086d elementor-section-boxed elementor-section-height-default elementor-section-height-default\" data-id=\"260086d\" data-element_type=\"section\">\n\t\t\t\t\t\t<div class=\"elementor-container elementor-column-gap-default\">\n\t\t\t\t\t<div class=\"elementor-column elementor-col-33 elementor-top-column elementor-element elementor-element-42ab25c\" data-id=\"42ab25c\" data-element_type=\"column\">\n\t\t\t<div class=\"elementor-widget-wrap elementor-element-populated\">\n\t\t\t\t\t\t<div class=\"elementor-element elementor-element-6c215e0 elementor-invisible elementor-widget elementor-widget-image\" data-id=\"6c215e0\" data-element_type=\"widget\" data-settings=\"{&quot;_animation&quot;:&quot;bounceInLeft&quot;}\" data-widget_type=\"image.default\">\n\t\t\t\t<div class=\"elementor-widget-container\">\n\t\t\t\t\t\t\t\t\t\t\t\t\t<img decoding=\"async\" width=\"150\" height=\"150\" src=\"https:\/\/sites.usp.br\/cpp\/wp-content\/uploads\/sites\/151\/2022\/10\/maria-fernanda-150x150.png\" class=\"attachment-thumbnail size-thumbnail wp-image-1912\" alt=\"\" srcset=\"https:\/\/sites.usp.br\/cpp\/wp-content\/uploads\/sites\/151\/2022\/10\/maria-fernanda-150x150.png 150w, https:\/\/sites.usp.br\/cpp\/wp-content\/uploads\/sites\/151\/2022\/10\/maria-fernanda-64x64.png 64w, https:\/\/sites.usp.br\/cpp\/wp-content\/uploads\/sites\/151\/2022\/10\/maria-fernanda-45x45.png 45w, https:\/\/sites.usp.br\/cpp\/wp-content\/uploads\/sites\/151\/2022\/10\/maria-fernanda.png 200w\" sizes=\"(max-width: 150px) 100vw, 150px\" \/>\t\t\t\t\t\t\t\t\t\t\t\t\t<\/div>\n\t\t\t\t<\/div>\n\t\t\t\t\t<\/div>\n\t\t<\/div>\n\t\t\t\t<div class=\"elementor-column elementor-col-66 elementor-top-column elementor-element elementor-element-6218d4c\" data-id=\"6218d4c\" data-element_type=\"column\">\n\t\t\t<div class=\"elementor-widget-wrap elementor-element-populated\">\n\t\t\t\t\t\t<div class=\"elementor-element elementor-element-27de52a elementor-invisible elementor-widget elementor-widget-text-editor\" data-id=\"27de52a\" data-element_type=\"widget\" data-settings=\"{&quot;_animation&quot;:&quot;bounceInLeft&quot;}\" data-widget_type=\"text-editor.default\">\n\t\t\t\t<div class=\"elementor-widget-container\">\n\t\t\t\t\t\t\t<h5><strong><a style=\"font-size: 18px;\" href=\"http:\/\/lattes.cnpq.br\/8924551135438628\"><em>Maria Fernanda Kroll<\/em><\/a><\/strong><\/h5>\t\t\t\t\t\t<\/div>\n\t\t\t\t<\/div>\n\t\t\t\t<div class=\"elementor-element elementor-element-5631bb7 elementor-invisible elementor-widget elementor-widget-text-editor\" data-id=\"5631bb7\" data-element_type=\"widget\" data-settings=\"{&quot;_animation&quot;:&quot;bounceInLeft&quot;}\" data-widget_type=\"text-editor.default\">\n\t\t\t\t<div class=\"elementor-widget-container\">\n\t\t\t\t\t\t\t<p style=\"text-align: left;\">Caracter\u00edsticas psicol\u00f3gicas de pacientes adultos com S\u00edndrome Coronariana Aguda<\/p>\t\t\t\t\t\t<\/div>\n\t\t\t\t<\/div>\n\t\t\t\t\t<\/div>\n\t\t<\/div>\n\t\t\t\t\t<\/div>\n\t\t<\/section>\n\t\t\t\t<section class=\"elementor-section elementor-top-section elementor-element elementor-element-880373d elementor-section-boxed elementor-section-height-default elementor-section-height-default\" data-id=\"880373d\" data-element_type=\"section\">\n\t\t\t\t\t\t<div class=\"elementor-container elementor-column-gap-default\">\n\t\t\t\t\t<div class=\"elementor-column elementor-col-33 elementor-top-column elementor-element elementor-element-aea6dfe\" data-id=\"aea6dfe\" data-element_type=\"column\">\n\t\t\t<div class=\"elementor-widget-wrap elementor-element-populated\">\n\t\t\t\t\t\t<div class=\"elementor-element elementor-element-12903f7 elementor-widget elementor-widget-image\" data-id=\"12903f7\" data-element_type=\"widget\" data-widget_type=\"image.default\">\n\t\t\t\t<div class=\"elementor-widget-container\">\n\t\t\t\t\t\t\t\t\t\t\t\t\t<img decoding=\"async\" width=\"150\" height=\"150\" src=\"https:\/\/sites.usp.br\/cpp\/wp-content\/uploads\/sites\/151\/2025\/04\/WhatsApp-Image-2025-04-30-at-10.26.44-150x150.jpeg\" class=\"attachment-thumbnail size-thumbnail wp-image-2679\" alt=\"\" srcset=\"https:\/\/sites.usp.br\/cpp\/wp-content\/uploads\/sites\/151\/2025\/04\/WhatsApp-Image-2025-04-30-at-10.26.44-150x150.jpeg 150w, https:\/\/sites.usp.br\/cpp\/wp-content\/uploads\/sites\/151\/2025\/04\/WhatsApp-Image-2025-04-30-at-10.26.44-64x64.jpeg 64w, https:\/\/sites.usp.br\/cpp\/wp-content\/uploads\/sites\/151\/2025\/04\/WhatsApp-Image-2025-04-30-at-10.26.44-45x45.jpeg 45w, https:\/\/sites.usp.br\/cpp\/wp-content\/uploads\/sites\/151\/2025\/04\/WhatsApp-Image-2025-04-30-at-10.26.44-200x200.jpeg 200w\" sizes=\"(max-width: 150px) 100vw, 150px\" \/>\t\t\t\t\t\t\t\t\t\t\t\t\t<\/div>\n\t\t\t\t<\/div>\n\t\t\t\t\t<\/div>\n\t\t<\/div>\n\t\t\t\t<div class=\"elementor-column elementor-col-66 elementor-top-column elementor-element elementor-element-68a07ac\" data-id=\"68a07ac\" data-element_type=\"column\">\n\t\t\t<div class=\"elementor-widget-wrap elementor-element-populated\">\n\t\t\t\t\t\t<div class=\"elementor-element elementor-element-dd07efb elementor-widget elementor-widget-text-editor\" data-id=\"dd07efb\" data-element_type=\"widget\" data-widget_type=\"text-editor.default\">\n\t\t\t\t<div class=\"elementor-widget-container\">\n\t\t\t\t\t\t\t<h5><strong><a style=\"font-size: 18px;\" href=\"http:\/\/lattes.cnpq.br\/0982878399900417\"><em>Francisco Polli Mendes Pereira<\/em><\/a><\/strong><\/h5>\t\t\t\t\t\t<\/div>\n\t\t\t\t<\/div>\n\t\t\t\t<div class=\"elementor-element elementor-element-c2306a2 elementor-widget elementor-widget-text-editor\" data-id=\"c2306a2\" data-element_type=\"widget\" data-widget_type=\"text-editor.default\">\n\t\t\t\t<div class=\"elementor-widget-container\">\n\t\t\t\t\t\t\t<p>Funcionamento psicol\u00f3gico ap\u00f3s cirurgia bari\u00e1trica em servi\u00e7o hospitalar p\u00fablico<\/p>\t\t\t\t\t\t<\/div>\n\t\t\t\t<\/div>\n\t\t\t\t\t<\/div>\n\t\t<\/div>\n\t\t\t\t\t<\/div>\n\t\t<\/section>\n\t\t\t\t<\/div>\n\t\t","protected":false},"excerpt":{"rendered":"<p>Maria Fernanda Kroll Caracter\u00edsticas psicol\u00f3gicas de pacientes adultos com S\u00edndrome Coronariana Aguda Francisco Polli Mendes [&hellip;]<\/p>\n","protected":false},"author":23286,"featured_media":0,"parent":0,"menu_order":0,"comment_status":"closed","ping_status":"closed","template":"","meta":{"footnotes":"","_links_to":"","_links_to_target":""},"class_list":["post-1228","page","type-page","status-publish","hentry"],"_links":{"self":[{"href":"https:\/\/sites.usp.br\/cpp\/wp-json\/wp\/v2\/pages\/1228","targetHints":{"allow":["GET"]}}],"collection":[{"href":"https:\/\/sites.usp.br\/cpp\/wp-json\/wp\/v2\/pages"}],"about":[{"href":"https:\/\/sites.usp.br\/cpp\/wp-json\/wp\/v2\/types\/page"}],"author":[{"embeddable":true,"href":"https:\/\/sites.usp.br\/cpp\/wp-json\/wp\/v2\/users\/23286"}],"replies":[{"embeddable":true,"href":"https:\/\/sites.usp.br\/cpp\/wp-json\/wp\/v2\/comments?post=1228"}],"version-history":[{"count":4,"href":"https:\/\/sites.usp.br\/cpp\/wp-json\/wp\/v2\/pages\/1228\/revisions"}],"predecessor-version":[{"id":2694,"href":"https:\/\/sites.usp.br\/cpp\/wp-json\/wp\/v2\/pages\/1228\/revisions\/2694"}],"wp:attachment":[{"href":"https:\/\/sites.usp.br\/cpp\/wp-json\/wp\/v2\/media?parent=1228"}],"curies":[{"name":"wp","href":"https:\/\/api.w.org\/{rel}","templated":true}]}}