{"id":1232,"date":"2022-10-10T15:18:15","date_gmt":"2022-10-10T18:18:15","guid":{"rendered":"https:\/\/sites.usp.br\/cpp\/?page_id=1232"},"modified":"2023-02-02T13:32:02","modified_gmt":"2023-02-02T16:32:02","slug":"profa-dra-sonia-regina-pasian","status":"publish","type":"page","link":"https:\/\/sites.usp.br\/cpp\/profa-dra-sonia-regina-pasian\/","title":{"rendered":"Profa. Dra. Sonia Regina Pasian"},"content":{"rendered":"\t\t<div data-elementor-type=\"wp-page\" data-elementor-id=\"1232\" class=\"elementor elementor-1232\">\n\t\t\t\t\t\t<section class=\"elementor-section elementor-top-section elementor-element elementor-element-f0997ab elementor-section-boxed elementor-section-height-default elementor-section-height-default\" data-id=\"f0997ab\" data-element_type=\"section\">\n\t\t\t\t\t\t<div class=\"elementor-container elementor-column-gap-default\">\n\t\t\t\t\t<div class=\"elementor-column elementor-col-33 elementor-top-column elementor-element elementor-element-89d54a7\" data-id=\"89d54a7\" data-element_type=\"column\">\n\t\t\t<div class=\"elementor-widget-wrap elementor-element-populated\">\n\t\t\t\t\t\t<div class=\"elementor-element elementor-element-a85aedc elementor-invisible elementor-widget elementor-widget-image\" data-id=\"a85aedc\" data-element_type=\"widget\" data-settings=\"{&quot;_animation&quot;:&quot;tada&quot;,&quot;_animation_delay&quot;:0}\" data-widget_type=\"image.default\">\n\t\t\t\t<div class=\"elementor-widget-container\">\n\t\t\t\t\t\t\t\t\t\t\t\t\t<img decoding=\"async\" width=\"200\" height=\"200\" src=\"https:\/\/sites.usp.br\/cpp\/wp-content\/uploads\/sites\/151\/2023\/02\/Foto_Sonia_Pasian-200x200.jpg\" class=\"attachment-fpw_square size-fpw_square wp-image-2344\" alt=\"\" srcset=\"https:\/\/sites.usp.br\/cpp\/wp-content\/uploads\/sites\/151\/2023\/02\/Foto_Sonia_Pasian-200x200.jpg 200w, https:\/\/sites.usp.br\/cpp\/wp-content\/uploads\/sites\/151\/2023\/02\/Foto_Sonia_Pasian-150x150.jpg 150w, https:\/\/sites.usp.br\/cpp\/wp-content\/uploads\/sites\/151\/2023\/02\/Foto_Sonia_Pasian-64x64.jpg 64w, https:\/\/sites.usp.br\/cpp\/wp-content\/uploads\/sites\/151\/2023\/02\/Foto_Sonia_Pasian-45x45.jpg 45w\" sizes=\"(max-width: 200px) 100vw, 200px\" \/>\t\t\t\t\t\t\t\t\t\t\t\t\t<\/div>\n\t\t\t\t<\/div>\n\t\t\t\t\t<\/div>\n\t\t<\/div>\n\t\t\t\t<div class=\"elementor-column elementor-col-66 elementor-top-column elementor-element elementor-element-6aacb17\" data-id=\"6aacb17\" data-element_type=\"column\">\n\t\t\t<div class=\"elementor-widget-wrap elementor-element-populated\">\n\t\t\t\t\t\t<div class=\"elementor-element elementor-element-57731d2 elementor-invisible elementor-widget elementor-widget-heading\" data-id=\"57731d2\" data-element_type=\"widget\" data-settings=\"{&quot;_animation&quot;:&quot;fadeIn&quot;}\" data-widget_type=\"heading.default\">\n\t\t\t\t<div class=\"elementor-widget-container\">\n\t\t\t<h1 class=\"elementor-heading-title elementor-size-default\"><a href=\"http:\/\/lattes.cnpq.br\/6176372094603202\">Sonia Regina Pasian<\/a><\/h1>\t\t<\/div>\n\t\t\t\t<\/div>\n\t\t\t\t<div class=\"elementor-element elementor-element-2f8ccf1 elementor-invisible elementor-widget elementor-widget-heading\" data-id=\"2f8ccf1\" data-element_type=\"widget\" data-settings=\"{&quot;_animation&quot;:&quot;fadeIn&quot;}\" data-widget_type=\"heading.default\">\n\t\t\t\t<div class=\"elementor-widget-container\">\n\t\t\t<h1 class=\"elementor-heading-title elementor-size-small\">Coordenadora do CPP<\/h1>\t\t<\/div>\n\t\t\t\t<\/div>\n\t\t\t\t\t<\/div>\n\t\t<\/div>\n\t\t\t\t\t<\/div>\n\t\t<\/section>\n\t\t\t\t<section class=\"elementor-section elementor-top-section elementor-element elementor-element-ff2c905 elementor-section-boxed elementor-section-height-default elementor-section-height-default\" data-id=\"ff2c905\" data-element_type=\"section\">\n\t\t\t\t\t\t<div class=\"elementor-container elementor-column-gap-default\">\n\t\t\t\t\t<div class=\"elementor-column elementor-col-100 elementor-top-column elementor-element elementor-element-5b14b1d\" data-id=\"5b14b1d\" data-element_type=\"column\">\n\t\t\t<div class=\"elementor-widget-wrap elementor-element-populated\">\n\t\t\t\t\t\t<div class=\"elementor-element elementor-element-2044671 elementor-invisible elementor-widget elementor-widget-text-editor\" data-id=\"2044671\" data-element_type=\"widget\" data-settings=\"{&quot;_animation&quot;:&quot;fadeIn&quot;}\" data-widget_type=\"text-editor.default\">\n\t\t\t\t<div class=\"elementor-widget-container\">\n\t\t\t\t\t\t\t<p>Professora Titular da Universidade de S\u00e3o Paulo no Departamento de Psicologia da Faculdade de Filosofia, Ci\u00eancias e Letras de Ribeir\u00e3o Preto (FFCLRP-USP), com gradua\u00e7\u00e3o em Psicologia pela Universidade de S\u00e3o Paulo (1985), Aprimoramento Profissional em Psicologia Cl\u00ednica de Orienta\u00e7\u00e3o Din\u00e2mica (FMRP-USP &#8211; 1988), Mestrado em Filosofia (Epistemologia da Psicologia e da Psican\u00e1lise) pela Universidade Federal de S\u00e3o Carlos (1993), Doutorado em Ci\u00eancias (Sa\u00fade Mental) pela Universidade de S\u00e3o Paulo (1998), Livre-Doc\u00eancia pela Universidade de S\u00e3o Paulo (2011). Coordenadora do Centro de Pesquisas em Psicodiagn\u00f3stico na FFCLRP\/USP. Presidente da Comiss\u00e3o de P\u00f3s-Gradua\u00e7\u00e3o da FFCLRP-USP (2016-2020), Membro titular do Conselho de P\u00f3s-Gradua\u00e7\u00e3o da Pr\u00f3-Reitoria de P\u00f3s-Gradua\u00e7\u00e3o da USP e de sua C\u00e2mara Curricular (2016-2020), entre outras atividades administrativas. Coordenadora do Programa de P\u00f3s-Gradua\u00e7\u00e3o em Psicologia no per\u00edodo de 2012-2014 e 2014-2016, exercendo a vice-coordena\u00e7\u00e3o do mesmo no per\u00edodo de 2011-2012 e 2016-2017. Membro fundador e s\u00f3cio honor\u00e1rio da Associa\u00e7\u00e3o Brasileira de Rorschach e M\u00e9todos Projetivos (ASBRo), foi Presidente da ASBRo (2007-2008) e membro da Diretoria desde sua cria\u00e7\u00e3o (1993 at\u00e9 o presente), como Conselho Consultivo. Membro do Instituto Brasileiro de Avalia\u00e7\u00e3o Psicol\u00f3gica (IBAP), exerce a fun\u00e7\u00e3o de Editora Associada da Revista Avalia\u00e7\u00e3o Psicol\u00f3gica. Especialista em Psicologia Cl\u00ednica e em Avalia\u00e7\u00e3o Psicol\u00f3gica, tem experi\u00eancia em pesquisas de adapta\u00e7\u00e3o de instrumentos de avalia\u00e7\u00e3o psicol\u00f3gica ao contexto sociocultural brasileiro, investigando especialmente m\u00e9todos projetivos. Trabalha como assessora cient\u00edfica da FAPESP, CNPq, CAPES, Conselho Federal de Psicologia e de v\u00e1rios peri\u00f3dicos nacionais e internacionais.<\/p>\t\t\t\t\t\t<\/div>\n\t\t\t\t<\/div>\n\t\t\t\t\t<\/div>\n\t\t<\/div>\n\t\t\t\t\t<\/div>\n\t\t<\/section>\n\t\t\t\t<\/div>\n\t\t","protected":false},"excerpt":{"rendered":"<p>Sonia Regina Pasian Coordenadora do CPP Professora Titular da Universidade de S\u00e3o Paulo no Departamento [&hellip;]<\/p>\n","protected":false},"author":23286,"featured_media":0,"parent":0,"menu_order":0,"comment_status":"closed","ping_status":"closed","template":"","meta":{"footnotes":"","_links_to":"","_links_to_target":""},"class_list":["post-1232","page","type-page","status-publish","hentry"],"_links":{"self":[{"href":"https:\/\/sites.usp.br\/cpp\/wp-json\/wp\/v2\/pages\/1232","targetHints":{"allow":["GET"]}}],"collection":[{"href":"https:\/\/sites.usp.br\/cpp\/wp-json\/wp\/v2\/pages"}],"about":[{"href":"https:\/\/sites.usp.br\/cpp\/wp-json\/wp\/v2\/types\/page"}],"author":[{"embeddable":true,"href":"https:\/\/sites.usp.br\/cpp\/wp-json\/wp\/v2\/users\/23286"}],"replies":[{"embeddable":true,"href":"https:\/\/sites.usp.br\/cpp\/wp-json\/wp\/v2\/comments?post=1232"}],"version-history":[{"count":4,"href":"https:\/\/sites.usp.br\/cpp\/wp-json\/wp\/v2\/pages\/1232\/revisions"}],"predecessor-version":[{"id":2350,"href":"https:\/\/sites.usp.br\/cpp\/wp-json\/wp\/v2\/pages\/1232\/revisions\/2350"}],"wp:attachment":[{"href":"https:\/\/sites.usp.br\/cpp\/wp-json\/wp\/v2\/media?parent=1232"}],"curies":[{"name":"wp","href":"https:\/\/api.w.org\/{rel}","templated":true}]}}