{"id":1234,"date":"2022-10-10T15:19:12","date_gmt":"2022-10-10T18:19:12","guid":{"rendered":"https:\/\/sites.usp.br\/cpp\/?page_id=1234"},"modified":"2022-10-18T10:40:33","modified_gmt":"2022-10-18T13:40:33","slug":"profa-dra-erika-tiemi-kato-okino","status":"publish","type":"page","link":"https:\/\/sites.usp.br\/cpp\/profa-dra-erika-tiemi-kato-okino\/","title":{"rendered":"Dra. Erika Tiemi Kato Okino"},"content":{"rendered":"\t\t<div data-elementor-type=\"wp-page\" data-elementor-id=\"1234\" class=\"elementor elementor-1234\">\n\t\t\t\t\t\t<section class=\"elementor-section elementor-top-section elementor-element elementor-element-28ff14c elementor-section-boxed elementor-section-height-default elementor-section-height-default\" data-id=\"28ff14c\" data-element_type=\"section\">\n\t\t\t\t\t\t<div class=\"elementor-container elementor-column-gap-default\">\n\t\t\t\t\t<div class=\"elementor-column elementor-col-33 elementor-top-column elementor-element elementor-element-a6c8e13\" data-id=\"a6c8e13\" data-element_type=\"column\">\n\t\t\t<div class=\"elementor-widget-wrap elementor-element-populated\">\n\t\t\t\t\t\t<div class=\"elementor-element elementor-element-cbc57e2 elementor-invisible elementor-widget elementor-widget-image\" data-id=\"cbc57e2\" data-element_type=\"widget\" data-settings=\"{&quot;_animation&quot;:&quot;pulse&quot;}\" data-widget_type=\"image.default\">\n\t\t\t\t<div class=\"elementor-widget-container\">\n\t\t\t\t\t\t\t\t\t\t\t\t\t<img decoding=\"async\" width=\"150\" height=\"150\" src=\"https:\/\/sites.usp.br\/cpp\/wp-content\/uploads\/sites\/151\/2022\/10\/erika-foto-150x150.jpg\" class=\"attachment-thumbnail size-thumbnail wp-image-1166\" alt=\"\" srcset=\"https:\/\/sites.usp.br\/cpp\/wp-content\/uploads\/sites\/151\/2022\/10\/erika-foto-150x150.jpg 150w, https:\/\/sites.usp.br\/cpp\/wp-content\/uploads\/sites\/151\/2022\/10\/erika-foto-45x45.jpg 45w, https:\/\/sites.usp.br\/cpp\/wp-content\/uploads\/sites\/151\/2022\/10\/erika-foto-200x200.jpg 200w\" sizes=\"(max-width: 150px) 100vw, 150px\" \/>\t\t\t\t\t\t\t\t\t\t\t\t\t<\/div>\n\t\t\t\t<\/div>\n\t\t\t\t\t<\/div>\n\t\t<\/div>\n\t\t\t\t<div class=\"elementor-column elementor-col-66 elementor-top-column elementor-element elementor-element-f6b62fa\" data-id=\"f6b62fa\" data-element_type=\"column\">\n\t\t\t<div class=\"elementor-widget-wrap elementor-element-populated\">\n\t\t\t\t\t\t<div class=\"elementor-element elementor-element-680996f elementor-invisible elementor-widget elementor-widget-heading\" data-id=\"680996f\" data-element_type=\"widget\" data-settings=\"{&quot;_animation&quot;:&quot;fadeIn&quot;}\" data-widget_type=\"heading.default\">\n\t\t\t\t<div class=\"elementor-widget-container\">\n\t\t\t<h1 class=\"elementor-heading-title elementor-size-default\"><a href=\"http:\/\/lattes.cnpq.br\/8165095465312791\">Erika Tiemi Kato Okino<\/a><\/h1>\t\t<\/div>\n\t\t\t\t<\/div>\n\t\t\t\t\t<\/div>\n\t\t<\/div>\n\t\t\t\t\t<\/div>\n\t\t<\/section>\n\t\t\t\t<section class=\"elementor-section elementor-top-section elementor-element elementor-element-f35db45 elementor-section-boxed elementor-section-height-default elementor-section-height-default\" data-id=\"f35db45\" data-element_type=\"section\">\n\t\t\t\t\t\t<div class=\"elementor-container elementor-column-gap-default\">\n\t\t\t\t\t<div class=\"elementor-column elementor-col-100 elementor-top-column elementor-element elementor-element-3d82923\" data-id=\"3d82923\" data-element_type=\"column\">\n\t\t\t<div class=\"elementor-widget-wrap elementor-element-populated\">\n\t\t\t\t\t\t<div class=\"elementor-element elementor-element-2437d36 elementor-invisible elementor-widget elementor-widget-text-editor\" data-id=\"2437d36\" data-element_type=\"widget\" data-settings=\"{&quot;_animation&quot;:&quot;fadeIn&quot;}\" data-widget_type=\"text-editor.default\">\n\t\t\t\t<div class=\"elementor-widget-container\">\n\t\t\t\t\t\t\t<p>Possui gradua\u00e7\u00e3o em Psicologia pela Universidade de S\u00e3o Paulo (1993), Mestrado (2002) e Doutorado (2009) em Psicologia pela Faculdade de Filosofia, Ci\u00eancias e Letras de Ribeir\u00e3o Preto da Universidade de S\u00e3o Paulo. \u00c9 psic\u00f3loga do Departamento de Psicologia da FFCLRP da Universidade de S\u00e3o Paulo. Colabora na supervis\u00e3o de atividades pr\u00e1ticas nas disciplinas Avalia\u00e7\u00e3o de Interesses e Habilidades, M\u00e9todos Projetivos, T\u00e9cnicas Projetivas em Psicologia I e II, Psicodiagn\u00f3stico I e II, Avalia\u00e7\u00e3o da Intelig\u00eancia e no est\u00e1gio de Grupo de Socializa\u00e7\u00e3o e promo\u00e7\u00e3o da sa\u00fade para pessoas da terceira idade. \u00c9 consultora ad hoc da Revista Brasileira de Orienta\u00e7\u00e3o Profissional, Paid\u00e9ia, Revista Avalia\u00e7\u00e3o Psicol\u00f3gica, Estudos de Psicologia (Campinas), Revista da SPAGESP. Tem experi\u00eancia na \u00e1rea de Psicologia Cl\u00ednica, com \u00eanfase em Avalia\u00e7\u00e3o Psicol\u00f3gica, atuando principalmente nos seguintes temas: Avalia\u00e7\u00e3o Psicol\u00f3gica, Orienta\u00e7\u00e3o Profissional e Vocacional, Teste de Fotos de Profiss\u00f5es (BBT-Br) e estudos de adapta\u00e7\u00e3o de instrumentos de avalia\u00e7\u00e3o psicol\u00f3gica. Membro da Diretoria da Associa\u00e7\u00e3o Brasileira de Rorschach e M\u00e9todos Projetivos (ASBRo).<\/p>\t\t\t\t\t\t<\/div>\n\t\t\t\t<\/div>\n\t\t\t\t\t<\/div>\n\t\t<\/div>\n\t\t\t\t\t<\/div>\n\t\t<\/section>\n\t\t\t\t<\/div>\n\t\t","protected":false},"excerpt":{"rendered":"<p>Erika Tiemi Kato Okino Possui gradua\u00e7\u00e3o em Psicologia pela Universidade de S\u00e3o Paulo (1993), Mestrado [&hellip;]<\/p>\n","protected":false},"author":23286,"featured_media":0,"parent":0,"menu_order":0,"comment_status":"closed","ping_status":"closed","template":"","meta":{"footnotes":"","_links_to":"","_links_to_target":""},"class_list":["post-1234","page","type-page","status-publish","hentry"],"_links":{"self":[{"href":"https:\/\/sites.usp.br\/cpp\/wp-json\/wp\/v2\/pages\/1234","targetHints":{"allow":["GET"]}}],"collection":[{"href":"https:\/\/sites.usp.br\/cpp\/wp-json\/wp\/v2\/pages"}],"about":[{"href":"https:\/\/sites.usp.br\/cpp\/wp-json\/wp\/v2\/types\/page"}],"author":[{"embeddable":true,"href":"https:\/\/sites.usp.br\/cpp\/wp-json\/wp\/v2\/users\/23286"}],"replies":[{"embeddable":true,"href":"https:\/\/sites.usp.br\/cpp\/wp-json\/wp\/v2\/comments?post=1234"}],"version-history":[{"count":4,"href":"https:\/\/sites.usp.br\/cpp\/wp-json\/wp\/v2\/pages\/1234\/revisions"}],"predecessor-version":[{"id":1873,"href":"https:\/\/sites.usp.br\/cpp\/wp-json\/wp\/v2\/pages\/1234\/revisions\/1873"}],"wp:attachment":[{"href":"https:\/\/sites.usp.br\/cpp\/wp-json\/wp\/v2\/media?parent=1234"}],"curies":[{"name":"wp","href":"https:\/\/api.w.org\/{rel}","templated":true}]}}