{"id":1242,"date":"2022-10-10T15:21:34","date_gmt":"2022-10-10T18:21:34","guid":{"rendered":"https:\/\/sites.usp.br\/cpp\/?page_id=1242"},"modified":"2023-02-02T15:28:20","modified_gmt":"2023-02-02T18:28:20","slug":"publicacoes","status":"publish","type":"page","link":"https:\/\/sites.usp.br\/cpp\/publicacoes\/","title":{"rendered":"Publica\u00e7\u00f5es"},"content":{"rendered":"\t\t<div data-elementor-type=\"wp-page\" data-elementor-id=\"1242\" class=\"elementor elementor-1242\">\n\t\t\t\t\t\t<section class=\"elementor-section elementor-top-section elementor-element elementor-element-e592ff8 elementor-section-boxed elementor-section-height-default elementor-section-height-default\" data-id=\"e592ff8\" data-element_type=\"section\">\n\t\t\t\t\t\t<div class=\"elementor-container elementor-column-gap-default\">\n\t\t\t\t\t<div class=\"elementor-column elementor-col-100 elementor-top-column elementor-element elementor-element-269d799\" data-id=\"269d799\" data-element_type=\"column\">\n\t\t\t<div class=\"elementor-widget-wrap elementor-element-populated\">\n\t\t\t\t\t\t<div class=\"elementor-element elementor-element-c88b28e elementor-widget elementor-widget-text-editor\" data-id=\"c88b28e\" data-element_type=\"widget\" data-widget_type=\"text-editor.default\">\n\t\t\t\t<div class=\"elementor-widget-container\">\n\t\t\t\t\t\t\t<h4 style=\"text-align: left;\"><span style=\"font-weight: normal;\">As publica\u00e7\u00f5es feitas pelos membros do CPP s\u00e3o frutos das pesquisas cient\u00edficas realizadas em associa\u00e7\u00e3o ao nosso laborat\u00f3rio. Conhe\u00e7a nosso trabalho!<\/span><\/h4>\t\t\t\t\t\t<\/div>\n\t\t\t\t<\/div>\n\t\t\t\t\t<\/div>\n\t\t<\/div>\n\t\t\t\t\t<\/div>\n\t\t<\/section>\n\t\t\t\t<section class=\"elementor-section elementor-top-section elementor-element elementor-element-e335079 elementor-section-boxed elementor-section-height-default elementor-section-height-default\" data-id=\"e335079\" data-element_type=\"section\">\n\t\t\t\t\t\t<div class=\"elementor-container elementor-column-gap-default\">\n\t\t\t\t\t<div class=\"elementor-column elementor-col-100 elementor-top-column elementor-element elementor-element-d4d05bf\" data-id=\"d4d05bf\" data-element_type=\"column\">\n\t\t\t<div class=\"elementor-widget-wrap elementor-element-populated\">\n\t\t\t\t\t\t<div class=\"elementor-element elementor-element-4d03cdf elementor-widget elementor-widget-image\" data-id=\"4d03cdf\" data-element_type=\"widget\" data-widget_type=\"image.default\">\n\t\t\t\t<div class=\"elementor-widget-container\">\n\t\t\t\t\t\t\t\t\t\t\t\t\t<img fetchpriority=\"high\" decoding=\"async\" width=\"300\" height=\"200\" src=\"https:\/\/sites.usp.br\/cpp\/wp-content\/uploads\/sites\/151\/2023\/02\/istockphoto-1209683444-612x612-1-300x200.jpg\" class=\"attachment-medium size-medium wp-image-2455\" alt=\"\" srcset=\"https:\/\/sites.usp.br\/cpp\/wp-content\/uploads\/sites\/151\/2023\/02\/istockphoto-1209683444-612x612-1-300x200.jpg 300w, https:\/\/sites.usp.br\/cpp\/wp-content\/uploads\/sites\/151\/2023\/02\/istockphoto-1209683444-612x612-1-400x267.jpg 400w, https:\/\/sites.usp.br\/cpp\/wp-content\/uploads\/sites\/151\/2023\/02\/istockphoto-1209683444-612x612-1.jpg 612w\" sizes=\"(max-width: 300px) 100vw, 300px\" \/>\t\t\t\t\t\t\t\t\t\t\t\t\t<\/div>\n\t\t\t\t<\/div>\n\t\t\t\t\t<\/div>\n\t\t<\/div>\n\t\t\t\t\t<\/div>\n\t\t<\/section>\n\t\t\t\t<\/div>\n\t\t","protected":false},"excerpt":{"rendered":"<p>As publica\u00e7\u00f5es feitas pelos membros do CPP s\u00e3o frutos das pesquisas cient\u00edficas realizadas em associa\u00e7\u00e3o [&hellip;]<\/p>\n","protected":false},"author":23286,"featured_media":0,"parent":0,"menu_order":0,"comment_status":"closed","ping_status":"closed","template":"","meta":{"footnotes":"","_links_to":"","_links_to_target":""},"class_list":["post-1242","page","type-page","status-publish","hentry"],"_links":{"self":[{"href":"https:\/\/sites.usp.br\/cpp\/wp-json\/wp\/v2\/pages\/1242","targetHints":{"allow":["GET"]}}],"collection":[{"href":"https:\/\/sites.usp.br\/cpp\/wp-json\/wp\/v2\/pages"}],"about":[{"href":"https:\/\/sites.usp.br\/cpp\/wp-json\/wp\/v2\/types\/page"}],"author":[{"embeddable":true,"href":"https:\/\/sites.usp.br\/cpp\/wp-json\/wp\/v2\/users\/23286"}],"replies":[{"embeddable":true,"href":"https:\/\/sites.usp.br\/cpp\/wp-json\/wp\/v2\/comments?post=1242"}],"version-history":[{"count":4,"href":"https:\/\/sites.usp.br\/cpp\/wp-json\/wp\/v2\/pages\/1242\/revisions"}],"predecessor-version":[{"id":2476,"href":"https:\/\/sites.usp.br\/cpp\/wp-json\/wp\/v2\/pages\/1242\/revisions\/2476"}],"wp:attachment":[{"href":"https:\/\/sites.usp.br\/cpp\/wp-json\/wp\/v2\/media?parent=1242"}],"curies":[{"name":"wp","href":"https:\/\/api.w.org\/{rel}","templated":true}]}}