{"id":1244,"date":"2022-10-10T15:21:58","date_gmt":"2022-10-10T18:21:58","guid":{"rendered":"https:\/\/sites.usp.br\/cpp\/?page_id=1244"},"modified":"2025-04-18T22:00:09","modified_gmt":"2025-04-19T01:00:09","slug":"artigos-cientificos","status":"publish","type":"page","link":"https:\/\/sites.usp.br\/cpp\/artigos-cientificos\/","title":{"rendered":"Artigos cient\u00edficos"},"content":{"rendered":"\t\t<div data-elementor-type=\"wp-page\" data-elementor-id=\"1244\" class=\"elementor elementor-1244\">\n\t\t\t\t\t\t<section class=\"elementor-section elementor-top-section elementor-element elementor-element-aa189d8 elementor-section-boxed elementor-section-height-default elementor-section-height-default\" data-id=\"aa189d8\" data-element_type=\"section\">\n\t\t\t\t\t\t<div class=\"elementor-container elementor-column-gap-default\">\n\t\t\t\t\t<div class=\"elementor-column elementor-col-100 elementor-top-column elementor-element elementor-element-29f8acb\" data-id=\"29f8acb\" data-element_type=\"column\">\n\t\t\t<div class=\"elementor-widget-wrap elementor-element-populated\">\n\t\t\t\t\t\t<div class=\"elementor-element elementor-element-b538f8a elementor-widget elementor-widget-text-editor\" data-id=\"b538f8a\" data-element_type=\"widget\" data-widget_type=\"text-editor.default\">\n\t\t\t\t<div class=\"elementor-widget-container\">\n\t\t\t\t\t\t\t<ol><li><a href=\"https:\/\/sisbib.emnuvens.com.br\/direitosegarantias\/article\/view\/2352\">Maruschi, M. C., Cardozo, R. S., &amp; Pasian, S. R. (2025). Medidas Socioeducativas em Adolescentes do Brasil: Reflex\u00f5es sobre sua aplica\u00e7\u00e3o. Revista De Direitos E Garantias Fundamentais, 25(3), 61\u201394.\u00a0 \u00a0 \u00a0<\/a> \u00a0 \u00a0 \u00a0 \u00a0 \u00a0 \u00a0 \u00a0 \u00a0 \u00a0 \u00a0 \u00a0 \u00a0 \u00a0<\/li><li><a href=\"https:\/\/sites.usp.br\/cpp\/artigos-cientificos\/\">Antonechen, A. C., Belot, R. A., &amp; Pasian, S. R.(2024). Indicadores do Teste das Pir\u00e2mides Coloridas<\/a><br \/>de Pfister em emerg\u00eancia cardiol\u00f3gica. Avalia\u00e7\u00e3o Psicol\u00f3gica, 2024, 23(4), pp. 447-4<\/li><li><a href=\"https:\/\/doi.org\/10.1590\/1413-82712021260202\">Pinto, A. L. &amp; Pasian, S. R. (2021). Transcultural adaptation of the following affective states test (FAST) for the Brazilian context. <em>Psico-USF, 26<\/em>(2), 215\u2013228.\u00a0<\/a><\/li><li><a href=\"https:\/\/doi.org\/10.1007\/s12207-021-09403-3\">Carvalho, L. D. F., Reis, A., Colombarolli, M. S., Pasian, S. R., Miguel, F. K., Erdodi, L. A., Viglione, D. J. &amp; Giromini, L. (2021). Discriminating feigned from credible PTSD symptoms: A validation of a Brazilian version of the inventory of problems-29 (IOP-29). <em>Psychological Injury and Law, 14<\/em>(1), 58\u201370.\u00a0<\/a><\/li><li><a href=\"https:\/\/doi.org\/10.47626\/2237-6089-2020-0015\">Pinto, A. L. C. B., Pasian, S. R. &amp; Malloy-Diniz, L. F. (2021). Gender invariance and psychometric properties of a Brazilian version of the Emotion Regulation Questionnaire (ERQ). <em>Trends in Psychiatry and Psychotherapy.<\/em> <em>43<\/em>(2). 92-100<\/a><\/li><li><a href=\"doi:10.5935\/1980-6906\/ePTPC1913976\">Scortegagna, S. A., Lima, E. S., Pasian, S. R. &amp; Amparo, D. M. (2021). <\/a><a href=\"doi:10.5935\/1980-6906\/ePTPC1913976\">Mental health in health professionals facing Covid-19: A systematic review. <em>Psicologia: <\/em><\/a><em>Teoria e Pr\u00e1tica,<\/em> <em>23<\/em>(1), 1\u201323.<\/li><li><a href=\"https:\/\/dx.doi.org\/10.15689\/ap.2021.2001.19555.09\">Mulle, R. L. D. &amp; Pasian, S. R. (2021). Envelhecimento e Afetividade a partir do Teste de Pfister. <em>Avalia\u00e7\u00e3o Psicol\u00f3gica, 20<\/em>(1), 80-88.\u00a0<\/a><\/li><li><a href=\"file:\/\/\/C:\/Users\/CPP\/Downloads\/Dialnet-AdaptacaoTransculturalDeInstrumentosAvaliativosEmC-8041263.pdf\">Arruda-Colli, M.N.F., Mulle, R.L.D., Pasian, S. R. &amp; Santos, M. A. D. (2021). Adapta\u00e7\u00e3o Transcultural de Instrumentos de Avalia\u00e7\u00e3o em Cuidados Paliativos: Revis\u00e3o integrativa da literatura. <em>Avalia\u00e7\u00e3o Psicol\u00f3gica, 20, <\/em>191-200.<\/a><\/li><li><a href=\"https:\/\/doi.org\/10.1002\/jclp.23213\">Pinto, A. L. C. B., Pasian, S. R. &amp; Malloy\u2010Diniz, L. (2021). Identifying and validating emotion regulation latent profiles and their relationship with affective variables. <em>Journal of Clinical Psychology, 78<\/em>(2), 249\u2013265.\u00a0<\/a><\/li><li><a href=\"https:\/\/doi.org\/10.1016\/j.crbeha.2021.100039\">Mouta, G. S., Pinto, A. L. C. B., Malloy-Diniz, L. F. &amp; Pasian, S. R. (2021). Cross-cultural adaptation, and factor structure of the decision styles scale for Brazil. <em>Current Research in Behavioral Sciences, 2<\/em>,<\/a><\/li><li><a href=\"https:\/\/dx.doi.org\/10.15689\/ap.2020.1902.08\">Guimar\u00e3es-Eboli, N. M. &amp; Pasian, S. R. (2020). Evid\u00eancias Psicom\u00e9tricas do Question\u00e1rio Desiderativo em Adultos. <em>Avalia\u00e7\u00e3o Psicol\u00f3gica, 19<\/em>(2), 179-188.\u00a0<\/a><\/li><li><a href=\"https:\/\/dx.doi.org\/10.15689\/ap.2020.1902.05\">Faria, M. R. G. V. D., Zanini, D. S. &amp; Pasian, S. R. (2020). Apoio Social Como Fator de Prote\u00e7\u00e3o para Vitimiza\u00e7\u00f5es e Desempenho Escolar. <em>Avalia\u00e7\u00e3o Psicol\u00f3gica, 19(<\/em>2), 152-158.\u00a0<\/a><\/li><li><a href=\"https:\/\/dx.doi.org\/10.15689\/ap.2020.1902.ed\">Pasian, S. R.(2020). Editorial. <em>Avalia\u00e7\u00e3o Psicol\u00f3gica, 19<\/em>(2), 113-221.<\/a><\/li><li><a href=\"https:\/\/doi.org\/10.1590\/1982-4327e2932\">Pizeta, F. A., Silva-Rodrigues, A. P., Loureiro, S. R., Pasian, S. R. &amp; Fontaine, A. M. (2019). Inventory \u201cfamily organization and negative beliefs\u201d in maternal depression: Development and psychometrics indicators. <i>Paid\u00e9ia (Ribeir\u00e3o Preto)<\/i>, <i>29<\/i>.<\/a><\/li><li><a href=\"https:\/\/doi.org\/10.3389\/fpsyg.2019.00338\">Sinval, J., Queir\u00f3s, C., Pasian, S. &amp; Mar\u00f4co, J. (2019). Transcultural adaptation of the Oldenburg Burnout Inventory (OLBI) for Brazil and Portugal. <i>Frontiers in Psychology<\/i>, <i>10<\/i>.\u00a0<\/a><\/li><li><a href=\"https:\/\/dx.doi.org\/10.15689\/ap.2019.1801.13512.10\">Teixeira, C. R., Scortegagna, S. A., Portella, M. R. &amp; Pasian, Sonia, S. R. (2019). Bem-Estar Subjetivo de Longevos Institucionalizados e N\u00e3o Institucionalizados por meio do PfisterBienestar Subjetivo de Ancianos Institucionalizados y no Institucionalizados por meio del Pfister. <i>Avalia\u00e7\u00e3o Psicol\u00f3gica<\/i>,\u00a0<i>18<\/i>(1), 86-95.<\/a><\/li><li><a href=\"https:\/\/dx.doi.org\/10.26707\/1984-7270\/2017v18n2p233\">Resende, G. C. &amp; Pasian, S. R. (2017). Inclina\u00e7\u00f5es motivacionais de adolescentes concluintes do ensino fundamental em Manaus a partir do BBT-Br. <i>Revista Brasileira de Orienta\u00e7\u00e3o Profissional<\/i>,\u00a0<i>18<\/i>(2), 232-247.\u00a0<\/a><\/li><li><a href=\"doi:10.1017\/sjp.2018.36\">Freitas, F. &amp; Pasian, S. (2018). Reassessment (after 15 Years) of Non-Patient Adults by the Rorschach Method. <i>The Spanish Journal of Psychology,<\/i>\u00a0<i>21<\/i><\/a><\/li><li><a href=\"https:\/\/doi.org\/10.3389\/fpsyg.2018.00353\">Sinval, J., Pasian, S., Queir\u00f3s, C. &amp; Mar\u00f4co, J. (2018). Brazil-Portugal transcultural adaptation of the UWES-9: Internal consistency, dimensionality, and measurement invariance. <i>Frontiers in Psychology<\/i>, <i>9<\/i>.\u00a0<\/a><\/li><li><a href=\"https:\/\/doi.org\/10.1007\/s10826-018-1023-6\">Pizeta, F. A., Loureiro, S. R. &amp; Pasian, S. R. (2018). Maternal depression, social vulnerability and gender: Prediction of emotional problems among schoolchildren. <i>Journal of Child and Family Studies<\/i>, <i>27<\/i>(6), 1981\u20131991.\u00a0<\/a><\/li><li><a href=\"https:\/\/doi.org\/10.1590\/1982-3703000208761\">Pasian, S. R. &amp; Okino, E. T. K. (2018). Professor Andr\u00e9 Jacquemin: Reconhecimento a sua Trajet\u00f3ria Profissional. <em>Psicologia: Ci\u00eancia e Profiss\u00e3o, 38<\/em>, 207-213.<\/a><\/li><li><a href=\"https:\/\/doi.org\/10.1590\/1413-82712016210204\">Muniz, M., Gomes, C. M. &amp; Pasian, S. R. (2016). Factor structure of Raven&#8217;s coloured progressive matrices. <i>Psico-USF<\/i>, <i>21<\/i>(2), 259\u2013272.\u00a0<\/a><\/li><li><a href=\"https:\/\/doi.org\/10.1152\/advan.00019.2016\">Rochelle, A. B., Pasian, S. R., Silva, R. H. &amp; Rocha, M. J. (2016). Perceptions of undergraduate students on the use of animals in practical classes. <i>Advances in Physiology Education<\/i>, <i>40<\/i>(3), 422\u2013424.\u00a0<\/a><\/li><li><a href=\"https:\/\/dialnet.unirioja.es\/servlet\/articulo?codigo=5429450\">Eboli, N. M. G., Santos, P. L. D., Carvalho, A. M. P. &amp; Pasian, S. R. (2015). Parentalidade adotiva e psicopatologia infantil: uma revis\u00e3o de literatura. <i>Revista da SPAGESP<\/i>,\u00a0<i>16<\/i>(1), 122-134.<\/a><\/li><li><a href=\"https:\/\/doi.org\/10.1590\/1413-82712015200314\">Xavier, G. S., Pasian, S. R. &amp; Almeida, S. S. (2015). Assessment of body image: Instruments available in Brazil. <i>Psico-USF<\/i>, <i>20<\/i>(3), 529\u2013545.<\/a><\/li><li><a href=\"https:\/\/doi.org\/10.1590\/1982-43272562201507\">Jardim-Maran, M. L., Pasian, S. R. &amp; Okino, E. T. (2015). Normative Study of rorschach (Parisian school) for Brazilian adolescents. <i>Paid\u00e9ia (Ribeir\u00e3o Preto)<\/i>, <i>25<\/i>(62), 333\u2013342.\u00a0<\/a><\/li><li><a href=\"http:\/\/www.scielo.org.ar\/scielo.php?script=sci_arttext&amp;pid=S1852-73102015000100005&amp;lng=es&amp;tlng=es.\">Cardoso, C. L., Oliveira-Cardoso, E. A. D. &amp; Pasian, S. R. (2015). Projective assessment of aging method (PAAM) en ancianas Brasile\u00f1as. <i>Subjetividad y procesos cognitivos<\/i>,\u00a0<i>19<\/i>(1), 63-78.\u00a0<\/a><\/li><li><a href=\"http:\/\/pepsic.bvsalud.org\/scielo.php?script=sci_arttext&amp;pid=S1679-33902015000200005&amp;lng=pt&amp;tlng=pt.\">Okino, E. T. K. &amp; Pasian, S. R. (2015). Converg\u00eancia entre interesses do SDS e inclina\u00e7\u00f5es motivacionais do BBT-BR no Brasil. <i>Revista Brasileira de Orienta\u00e7\u00e3o Profissional<\/i>,\u00a0<i>16<\/i>(2), 137-148.\u00a0\u00a0<\/a><\/li><li><a href=\"https:\/\/doi.org\/10.1590\/1678-7153.201528112\">Pasian, M. S., Bazon, M. R., Pasian, S. R. &amp; Lacharit\u00e9, C. (2015). Neglig\u00eancia infantil a partir do child neglect index aplicado no Brasil. <em>Psicologia: Reflex\u00e3o e Cr\u00edtica, 28<\/em>(1), 106\u2013115.\u00a0<\/a><\/li><li><a href=\"http:\/\/pepsic.bvsalud.org\/scielo.php?script=sci_arttext&amp;pid=S1677-29702013000200008&amp;lng=pt&amp;tlng=pt.\">Silva-Filho, J. H., Pasian, S. R. &amp; Barboza, L. L. (2013). Potencial informativo e desafios t\u00e9cnicos do Teste Wisconsin de classifica\u00e7\u00e3o de cartas. <i>Revista da SPAGESP<\/i>,\u00a0<i>14<\/i>(2), 102-113.\u00a0<\/a><\/li><li><a href=\"http:\/\/pepsic.bvsalud.org\/scielo.php?script=sci_arttext&amp;pid=S1413-389X2012000100011&amp;lng=pt&amp;tlng=en.\">Flores-Mendoza, C., Widaman, K. F., Mansur-Alves, M., Silva-Filho, J. H., Pasian, S. R. &amp; Schlottfeldt, C. G. M. F. (2012). Considerations about IQ and human capital in Brazil. <i>Temas em Psicologia<\/i>,\u00a0<i>20<\/i>(1), 133-154.<\/a><\/li><li><a href=\"http:\/\/pepsic.bvsalud.org\/scielo.php?script=sci_arttext&amp;pid=S1677-04712012000300010&amp;lng=pt&amp;tlng=pt.\">Bastos-Formighieri, M. S. &amp; Pasian, S. R. (2012). O Teste de Pfister em idosos. <i>Avalia\u00e7\u00e3o Psicol\u00f3gica<\/i>,\u00a0<i>11<\/i>(3), 435-448.\u00a0<\/a><\/li><li><a href=\"https:\/\/doi.org\/10.1590\/s1413-82712011000100012\">Silva-Filho, J. H., Pasian, S. R. &amp; Humberto, J. S. (2011). Teste Wisconsin de Classifica\u00e7\u00e3o de Cartas: Uma revis\u00e3o sistem\u00e1tica de 1952 a 2009. <i>Psico-USF<\/i>, <i>16<\/i>(1), 107\u2013116.\u00a0<\/a><\/li><li><a href=\"https:\/\/doi.org\/10.1027\/1192-5604\/a000022\">Raspantini, R. L., Fernandes, S. &amp; Pasian, S. R. (2011). The Rorschach in Brazilian children. <i>Rorschachiana<\/i>, <i>32<\/i>(2), 199\u2013222.\u00a0<\/a><\/li><li><a href=\"https:\/\/www.scielo.br\/j\/prc\/a\/NhPggjnLv5tYdVt8pcjjJmc\/abstract\/?lang=pt#ModalArticles\">Sante, A.B. &amp; Pasian, S. R. (2011). Body image and personality traits of women seeking aesthetic plastic surgery. <em>Psicologia-Reflexao e Critica, 24(3)<\/em>, 421-429.<\/a><\/li><li><a href=\"https:\/\/doi.org\/10.1590\/s1413-82712011000300013\">Manzi-Oliveira, A. B., Balarini, F. B., Marques, L. A. &amp; Pasian, S. R. (2011). Adapta\u00e7\u00e3o transcultural de instrumentos de avalia\u00e7\u00e3o psicol\u00f3gica: Levantamento dos Estudos Realizados no brasil de 2000 a 2010. <em>Psico-USF, 16(3)<\/em>, 367\u2013381.\u00a0<\/a><\/li><li><a href=\"https:\/\/doi.org\/10.1590\/s1413-82712011000300013\">Manzi-Oliveira, A. B., Balarini, F. B., Marques, L. A. &amp; Pasian, S. R. (2011). Adapta\u00e7\u00e3o transcultural de instrumentos de avalia\u00e7\u00e3o psicol\u00f3gica: Levantamento dos Estudos Realizados no brasil de 2000 a 2010. <i>Psico-USF<\/i>, <i>16<\/i>(3), 367\u2013381.\u00a0<\/a><\/li><li><a href=\"https:\/\/doi.org\/10.1590\/s1806-37132010000600015\">Souza, E. S., Crippa, J. A., Pasian, S. R. &amp; Martinez, J. A. (2010). Escala Raz\u00f5es Para Fumar da Universidade de S\u00e3o Paulo: Um novo instrumento para avaliar a Motiva\u00e7\u00e3o Para Fumar. <i>Jornal Brasileiro De Pneumologia<\/i>, <i>36<\/i>(6), 768\u2013778.<\/a><\/li><li><a href=\"https:\/\/www.scielo.br\/j\/pe\/a\/9WRbQrmYKf6mHh4vhhbw83b\/?lang=pt#\">Saur, A. M., Pasian, S. R. &amp; Loureiro, S. R. (2010). Desenho da figura humana e a avalia\u00e7\u00e3o da imagem corporal. <em>Psicologia em Estudo (impresso), 15<\/em>(3), 497-507.<\/a><\/li><li><a href=\"https:\/\/doi.org\/10.1177\/0143034310377165\">Wechsler, S. M., Nunes, C. S., Schelini, P. W., Pasian, S. R., Homsi, S. V., Moretti, L. &amp; Anache, A. A. (2010). Brazilian Adaptation of the Woodcock-Johnson III Cognitive Tests. <em>School Psychology International, 31<\/em>(4), 409\u2013421.<\/a><\/li><li><a href=\"https:\/\/www.redalyc.org\/articulo.oa?id=203016888004\">Okino, E. T. K. &amp; Pasian, S. R. (2010). Evid\u00eancias de precis\u00e3o e validade do Teste de Fotos de Profiss\u00f5es (BBT-Br). <em>Revista Brasileira de Orienta\u00e7\u00e3o Profissional<\/em>, 11, 23-35.<\/a><\/li><li><a href=\"https:\/\/dialnet.unirioja.es\/servlet\/articulo?codigo=5115924\">B\u00e9rgamo, L. P. D., Pasian, S. R., Mello, I. M. A. M. &amp; Bazon, M. R. (2009). O Invent\u00e1rio de Potencial de Maus-tratos Infantil: estudo de precis\u00e3o e validade. <em>Avalia\u00e7\u00e3o Psicol\u00f3gica<\/em>, 8, 425-435.<\/a><\/li><li><a href=\"https:\/\/doi.org\/10.1590\/s0104-42302009000500019\">Souza, E. S., Crippa, J. A., Pasian, S. R. &amp; Martinez, J. A. (2009). Estrutura Fatorial da Vers\u00e3o Brasileira da escala raz\u00f5es Para Fumar modificada. <em>Revista Da Associa\u00e7\u00e3o M\u00e9dica Brasileira, 55<\/em>(5), 557\u2013562.<\/a><\/li><li><a href=\"https:\/\/doi.org\/10.1590\/s1806-37132009000700010\">Souza, E. S., Crippa, J. A., Pasian, S. R. &amp; Martinez, J. A. (2009). Escala Raz\u00f5es Para Fumar modificada: Tradu\u00e7\u00e3o E Adapta\u00e7\u00e3o Cultural Para o Portugu\u00eas para uso no brasil E avalia\u00e7\u00e3o da confiabilidade Teste-Reteste. <em>Jornal Brasileiro De Pneumologia, 35<\/em>(7), 683\u2013689.<\/a><\/li><li><a href=\"https:\/\/doi.org\/10.1590\/s0102-37722009000300008\">Guimar\u00e3es, N. M. &amp; Pasian, S. R. (2009). Adequa\u00e7\u00e3o ao Real de Adolescentes: Possibilidades Informativas do Question\u00e1rio Desiderativo. <em>Psicologia: Teoria e Pesquisa, 25<\/em>(3), 347\u2013355.\u00a0<\/a><\/li><li><a href=\"doi:10.1017\/S1138741600004339\">Melo-Silva, L., Pasian, S., Assoni, R. &amp; Bonfim, T. (2008). Assessment of Vocational Guidance: The Berufsbilder Test. <em>The Spanish Journal of Psychology, 11<\/em>(1), 301-309.<\/a><\/li><li><a href=\"https:\/\/www.redalyc.org\/articulo.oa?id=203016830006\">Pasian, S. R. &amp; Jardim-Maran, M. L. C. (2008). Padr\u00f5es normativos do BBT-Br em adolescentes: uma verifica\u00e7\u00e3o da atualidade das normas dispon\u00edveis. <em>Revista Brasileira de Orienta\u00e7\u00e3o Profissional<\/em>, 9, 61-74.<\/a><\/li><li><a href=\"https:\/\/www.redalyc.org\/articulo.oa?id=335027183013\">Pasian, S. R. &amp; Okino, E. T. K. (2008). Teste de Fotos de Profiss\u00f5es (BBT-Br): Possibilidades t\u00e9cnicas e padr\u00f5es avaliativos no Brasil. <em>Avalia\u00e7\u00e3o Psicol\u00f3gica, 7<\/em>, 109-111.<\/a><\/li><li><a href=\"https:\/\/www.redalyc.org\/articulo.oa?id=335027184011\">Saur, A. M. &amp; Pasian, S. R. (2008). Satisfa\u00e7\u00e3o com a Imagem Corporal em adultos de diferentes pesos corporais. <em>Avalia\u00e7\u00e3o Psicol\u00f3gica, 7<\/em>, 199-209.<\/a><\/li><li><a href=\"https:\/\/docplayer.com.br\/71867901-Atualizacao-de-normas-do-raven-avancado-discussao-de-modelos-normativos-e-desenvolvimento-do-modelo-ponderado-de-normatizacao-de-escores-via-tri.html\">Menezes, I. G., Pasian, S. R. &amp; Silva, J. H. Filho. (2008). Atualiza\u00e7\u00e3o de normas do Raven Avan\u00e7ado: discuss\u00e3o de modelos normativos e desenvolvimento do modelo ponderado de normatiza\u00e7\u00e3o de escores TRI. <em>Dial\u00f3gica (Manaus), 1<\/em>, 1-5.<\/a><\/li><li><a href=\"https:\/\/doi.org\/10.1590\/s1980-57642008dn10200011\">Silva-Filho, J. H., Pasian, S. R. &amp; Vale, F. de. (2007). Typical performance of elderly patients with alzheimer disease on the Wisconsin Card Sorting Test (WCST). <em>Dementia &amp; Neuropsychologia, 1<\/em>(2), 181\u2013189.<\/a><\/li><li><a href=\"https:\/\/doi.org\/10.1590\/s1413-82712007000200006\">Pasian, S. R., Okino, E. T. &amp; Melo-Silva, L. L. (2007). O teste de fotos de profiss\u00f5es (BBT) De Achtnich: Hist\u00f3rico e Pesquisas Desenvolvidas no Brasil.<em> Psico-USF, 12<\/em>(2), 173\u2013187.\u00a0<\/a><\/li><li><a href=\"https:\/\/revistaseletronicas.pucrs.br\/index.php\/revistapsico\/article\/view\/1532\">Pagliuso, L. &amp; Pasian, S. R. (2007). As Figuras Complexas de Rey: normas preliminares com crian\u00e7as de 9 e 10 anos. <em>Psico, 38<\/em>(2), 149-157.<\/a><\/li><li><a href=\"https:\/\/doi.org\/10.1590\/s1413-73722006000100011\">Guimar\u00e3es, N. M. &amp; Pasian, S. R. (2006). Agressividade na Adolesc\u00eancia: Experi\u00eancia e Express\u00e3o da Raiva. <em>Psicologia Em Estudo, 11<\/em>(1).\u00a0<\/a><\/li><li>Silva, J. H. Filho, Pasian, S. R. &amp; Vale, F. A. C. (2006). Desempenho no WCST de pacientes com doen\u00e7a de Alzeimer: dados preliminares. Arquivos de Neuro-Psiquiatria, 64, 1-16.<\/li><li><a href=\"https:\/\/doi.org\/10.1590\/s0103-863x2006000300007\">Guimar\u00e3es, N. M., Pasian, S. R. &amp; Barbieri, V. (2006). A Equa\u00e7\u00e3o Simb\u00f3lica como recurso terap\u00eautico: Contribui\u00e7\u00f5es para an\u00e1lise do question\u00e1rio desiderativo. <em>Paid\u00e9ia (Ribeir\u00e3o Preto), 16<\/em>(35), 365\u2013376.<\/a><\/li><li><a href=\"https:\/\/doi.org\/10.1590\/s1413-73722005000100005\">Almeida, G. A., Santos, J. E., Pasian, S. R. &amp; Loureiro, S. R. (2005). Percep\u00e7\u00e3o de Tamanho e Forma Corporal de Mulheres: Estudo Explorat\u00f3rio. <em>Psicologia Em Estudo, 10<\/em>(1), 27\u201335.<\/a><\/li><li><a href=\"http:\/\/pepsic.bvsalud.org\/scielo.php?script=sci_arttext&amp;pid=S1679-33902003000100008\">Okino, E. T. K., Noce, M. A., Assoni, R. F., Corlatti, C. T., Pasian, S. R. &amp; Jacquemin, A. (2003). A adapta\u00e7\u00e3o do BBT (Teste de Fotos de Profiss\u00f5es) para o contexto s\u00f3ciocultural brasileiro. <em>Revista de Orienta\u00e7\u00e3o Profissional<\/em>, Ribeir\u00e3o Preto, 4(1), 87-96.<\/a><\/li><li>Corlatti, C. T., Okino, E. T. K., Assoni, R. F., Noce, M. A., Pasian, S. R. &amp; Jacquemin, A. (2003). Processo de Adapta\u00e7\u00e3o da forma feminina do BBT-Br (Teste de Fotos de Profiss\u00f5es) para o contexto cultural brasileiro. <em>Revista Brasileira de Orienta\u00e7\u00e3o Profissional<\/em>, 4(1), 97-96.<\/li><li><a href=\"https:\/\/pesquisa.bvsalud.org\/portal\/resource\/pt\/lil-308422\">Bacci, A. V. F., Cardoso, C. L. &amp; Pasian, S. R. (2002). Locus de controle em estudantes de Odontologia: uma contribui\u00e7\u00e3o para o estudo de aspectos da personalidade. <em>Revista da APCD, 56(1), <\/em>36-41.<\/a><\/li><li><a href=\"https:\/\/www.researchgate.net\/profile\/Sonia-Pasian\/publication\/237265813_Atualizacoes_sobre_o_psicodiagnostico_de_Rorschach_no_Brasil_breve_panorama_historico\/links\/0deec525c2e46f22cf000000\/Atualizacoes-sobre-o-psicodiagnostico-de-Rorschach-no-Brasil-breve-panorama-historico.pdf\">Pasian, S. R. (2002). Atualiza\u00e7\u00f5es sobre o Psicodiagn\u00f3stico de Rorschach no Brasil: breve panorama hist\u00f3rico.<em> Psico-USF, 7<\/em>(1), 43-52.<\/a><\/li><li><a href=\"https:\/\/doi.org\/10.1590\/s1413-294x2002000100007\">Marques, S. L., Pasian, S. R., Franco, M. A., Panosso, I. R., Viana, A. B. &amp; Oliveira, D. A. (2002). Fidedignidade do Sistema Goodenough de Avalia\u00e7\u00e3o Cognitiva: Uma Vis\u00e3o do Contexto Atual. <em>Estudos De Psicologia (Natal), 7<\/em>(1), 57\u201364.<\/a><\/li><li><a href=\"https:\/\/doi.org\/10.1590\/s1413-294x2002000100007\">Marques, S. L., Pasian, S. R., Franco, M. A., Panosso, I. R., Viana, A. B. &amp; Oliveira, D. A. (2002). Fidedignidade do Sistema Goodenough de Avalia\u00e7\u00e3o Cognitiva: Uma Vis\u00e3o do Contexto Atual. <em>Estudos De Psicologia (Natal), 7<\/em>(1), 57\u201364.<\/a><\/li><li><a href=\"https:\/\/doi.org\/10.1590\/s0103-863x2002000200001\">Pasian, S. R. &amp; Silva, J. A. (2002). Editorial &#8211; Intelig\u00eancia Humana: Contribui\u00e7\u00f5es Luso-Brasileiras. <em>Paid\u00e9ia (Ribeir\u00e3o Preto), 12<\/em>(23), 3\u20134.<\/a><\/li><li><a href=\"https:\/\/doi.org\/10.1590\/s1414-98932001000100008\">Oliveira, E. A., Pasian, S. R. &amp; Jacquemin, A. (2001). A Viv\u00eancia Afetiva em idosos. <em>Psicologia: Ci\u00eancia e Profiss\u00e3o, 21<\/em>(1), 68\u201383.\u00a0<\/a><\/li><li>Oliveira, E. A., Pasian, S. R. &amp; Jacquemin, A. (2000). Auto-avalia\u00e7\u00e3o sobre etapas de vida na perspectiva de idosas institucionalizadas e n\u00e3o institucionalizadas. <em>Psico, 31<\/em>(2), 7-30.<\/li><li><a href=\"https:\/\/doi.org\/10.1590\/s0103-863x1999000200006\">Pasian, S. R., &amp; Jacquemin, A. (1999). O auto-retrato em crian\u00e7as institucionalizadas. Paid\u00e9ia (Ribeir\u00e3o Preto), 9(17), 50\u201360.<\/a><\/li><li>Pasian, S. R. &amp; Jacquemin, A. (1997). A Influ\u00eancia do n\u00edvel s\u00f3cio-cultural sobre a produtividade na T\u00e9cnica de Rorschach. <em>Avalia\u00e7\u00e3o Psicol\u00f3gica Formas e Contextos, Braga (Portugal), 1<\/em>, p. 591-597.<\/li><li><a href=\"https:\/\/pesquisa.bvsalud.org\/portal\/resource\/pt\/lil-197690\">Pasian, S. R. &amp; Jacquemin, A. (1997). O Psicodiagnostico de Rorschach: Consideracoes Sobre A Classificacao das Respostas. <em>Estudos em Sa\u00fade Mental (Ribeir\u00e3o Preto), 1<\/em>, 88-106.<\/a><\/li><li><a href=\"https:\/\/pesquisa.bvsalud.org\/portal\/resource\/pt\/lil-139726\">Santos, M. A., Moura, L., Pasian, S. R. &amp; RIBEIRO, P. L. L. (1993). Caracteriza\u00e7\u00e3o da Clientela de Adolescentes e Adultos de Uma Clinica-Escola de Psicologia. <em>Psicologia: Teoria e Pesquisa<\/em> (UNB),\u00a0<em>9<\/em>(1), 123-144.<\/a><\/li><li><a href=\"https:\/\/doi.org\/10.1590\/2237-6089-2019-0032\">Donadon, M. F., Chagas, M. H. N., Apolin\u00e1rio-da-Silva, T. D., Okino, E. T. K., Hallak, J. E. C., Nicoletti, E. A., Pereira-Lima, K., Degan, E. A., Santos, R. G., Machado-de-Sousa, J. P., Simei, J. L. Q., Oliveira, L. M., Pontes, H. M. &amp; Os\u00f3rio, F. L. (2020). Cross-cultural adaptation of the Internet Gaming Disorder Scale &#8211; Short Form (IGDS9-SF) to the Brazilian context. <em>Trends in Psychiatry and Psychotherapy<\/em>. v. epub, p. &#8212;<\/a><\/li><li><a href=\"https:\/\/doi.org\/10.1590\/S0103-863X2011000200017\">Okino, E. T. K. (2011). Princ\u00edpios te\u00f3ricos e possibilidades do Rorschach no Brasil. <em>Paid\u00e9ia.<\/em> (USP. RIBEIRAO PRETO.), <em>21<\/em>, 285-287.<\/a><\/li><li><a href=\"http:\/\/pepsic.bvsalud.org\/scielo.php?script=sci_arttext&amp;pid=S1677-04712008000300012&amp;lng=pt&amp;nrm=iso\">Nunes, M.F. O, Okino, E. T. K., Noce, M. A. &amp; Jardim-Maran, M. L. C. (2008). Interesses profissionais: perspectivas te\u00f3ricas e instrumentos de avalia\u00e7\u00e3o. <em>Avalia\u00e7\u00e3o Psicol\u00f3gica, 7<\/em>(3), 403-414.<\/a><\/li><li><a href=\"https:\/\/www.redalyc.org\/articulo.oa?id=459645446004\">P\u00e9rez, R. S. , Santos, M. A. D., Rodrigues, A. M. &amp; Okino, E. T. K. (2007). T\u00e9cnicas projetivas no contexto hospitalar: relato de uma experi\u00eancia com o House-Tree-Person (HTP). <em>Revista Iberoamericana de Diagn\u00f3stico y Evaluaci\u00f3n Psicol\u00f3gica,<\/em> <em>1<\/em>(23), 41-62.<\/a><\/li><li>\u00a0<\/li><\/ol>\t\t\t\t\t\t<\/div>\n\t\t\t\t<\/div>\n\t\t\t\t\t<\/div>\n\t\t<\/div>\n\t\t\t\t\t<\/div>\n\t\t<\/section>\n\t\t\t\t<\/div>\n\t\t","protected":false},"excerpt":{"rendered":"<p>Maruschi, M. C., Cardozo, R. S., &amp; Pasian, S. R. (2025). Medidas Socioeducativas em Adolescentes [&hellip;]<\/p>\n","protected":false},"author":23286,"featured_media":0,"parent":0,"menu_order":0,"comment_status":"closed","ping_status":"closed","template":"","meta":{"footnotes":"","_links_to":"","_links_to_target":""},"class_list":["post-1244","page","type-page","status-publish","hentry"],"_links":{"self":[{"href":"https:\/\/sites.usp.br\/cpp\/wp-json\/wp\/v2\/pages\/1244","targetHints":{"allow":["GET"]}}],"collection":[{"href":"https:\/\/sites.usp.br\/cpp\/wp-json\/wp\/v2\/pages"}],"about":[{"href":"https:\/\/sites.usp.br\/cpp\/wp-json\/wp\/v2\/types\/page"}],"author":[{"embeddable":true,"href":"https:\/\/sites.usp.br\/cpp\/wp-json\/wp\/v2\/users\/23286"}],"replies":[{"embeddable":true,"href":"https:\/\/sites.usp.br\/cpp\/wp-json\/wp\/v2\/comments?post=1244"}],"version-history":[{"count":4,"href":"https:\/\/sites.usp.br\/cpp\/wp-json\/wp\/v2\/pages\/1244\/revisions"}],"predecessor-version":[{"id":2672,"href":"https:\/\/sites.usp.br\/cpp\/wp-json\/wp\/v2\/pages\/1244\/revisions\/2672"}],"wp:attachment":[{"href":"https:\/\/sites.usp.br\/cpp\/wp-json\/wp\/v2\/media?parent=1244"}],"curies":[{"name":"wp","href":"https:\/\/api.w.org\/{rel}","templated":true}]}}