{"id":1246,"date":"2022-10-10T15:22:32","date_gmt":"2022-10-10T18:22:32","guid":{"rendered":"https:\/\/sites.usp.br\/cpp\/?page_id=1246"},"modified":"2023-01-31T10:29:39","modified_gmt":"2023-01-31T13:29:39","slug":"livros","status":"publish","type":"page","link":"https:\/\/sites.usp.br\/cpp\/livros\/","title":{"rendered":"Livros"},"content":{"rendered":"\t\t<div data-elementor-type=\"wp-page\" data-elementor-id=\"1246\" class=\"elementor elementor-1246\">\n\t\t\t\t\t\t<section class=\"elementor-section elementor-top-section elementor-element elementor-element-e301b58 elementor-section-boxed elementor-section-height-default elementor-section-height-default\" data-id=\"e301b58\" data-element_type=\"section\">\n\t\t\t\t\t\t<div class=\"elementor-container elementor-column-gap-default\">\n\t\t\t\t\t<div class=\"elementor-column elementor-col-100 elementor-top-column elementor-element elementor-element-906ef3e\" data-id=\"906ef3e\" data-element_type=\"column\">\n\t\t\t<div class=\"elementor-widget-wrap elementor-element-populated\">\n\t\t\t\t\t\t<div class=\"elementor-element elementor-element-d688510 elementor-widget elementor-widget-text-editor\" data-id=\"d688510\" data-element_type=\"widget\" data-widget_type=\"text-editor.default\">\n\t\t\t\t<div class=\"elementor-widget-container\">\n\t\t\t\t\t\t\t<div class=\"layout-cell layout-cell-1 text-align-right\"><div class=\"layout-cell-pad-5 text-align-right\"><span style=\"color: #000000;\"><b>1.<\/b><\/span><\/div><\/div><div class=\"layout-cell layout-cell-11\"><div class=\"layout-cell-pad-5\"><span style=\"color: #000000;\">Pasian, S. R., Silva, A. P. S., Corradi-Webster, C. M., Sticca, M. G., Zanini, D. S. &amp; Grubits, S. (2020). Identidade e vulnerabilidade humana em diferentes contextos: contribui\u00e7\u00f5es da Psicologia (Vol. 1). CRV: Curitiba.<\/span><\/div><\/div><div class=\"layout-cell layout-cell-1 text-align-right\"><div class=\"layout-cell-pad-5 text-align-right\"><span style=\"color: #000000;\"><b>2.<\/b><\/span><\/div><\/div><div class=\"layout-cell layout-cell-11\"><div class=\"layout-cell-pad-5\"><span style=\"color: #000000;\">Amparo, D.M., Barbieri, V., Pasian, S. R., Souza, M. A., Sola, T. &amp; Bruno, L. (Orgs.) (2019). <em>5\u00e8me Colloque R\u00e9seau International de Recherche M\u00e9thodes Projectives et Psychanalyse: Psychopathologies contemporaines et diversit\u00e9s culturelles.<\/em> (Vol. 1). (1\u00aa ed.) Bras\u00edlia: Associa\u00e7\u00e3o Brasileira de Rorschach e M\u00e9todos Projetivos (ASBRo).<\/span><\/div><\/div><div class=\"layout-cell layout-cell-1 text-align-right\"><div class=\"layout-cell-pad-5 text-align-right\"><span style=\"color: #000000;\"><b>3.<\/b><\/span><\/div><\/div><div class=\"layout-cell layout-cell-11\"><div class=\"layout-cell-pad-5\"><span style=\"color: #000000;\">Castro, P. F. (Org.), Okino, E. T. K. (Org.), Resende, A. C. (Org.), Freitas, F. R. (Org.), Cardoso, L. M. (Org.), Ribeiro, R. K. S. M. (Org.), Pasian, S. R. (Org.) &amp; Villemor-Amaral, A. E. (Org.) (2018). <em>Fundamentos e constru\u00e7\u00f5es contempor\u00e2neas dos m\u00e9todos projetivos.<\/em> (Vol. 1) (1\u00aa ed.) Ribeir\u00e3o Preto: ASBRo.<\/span><\/div><\/div><div class=\"layout-cell layout-cell-1 text-align-right\"><div class=\"layout-cell-pad-5 text-align-right\"><span style=\"color: #000000;\"><strong>4<\/strong>.<\/span><\/div><\/div><div class=\"layout-cell layout-cell-11\"><div class=\"layout-cell-pad-5\"><span style=\"color: #000000;\">Okino, E. T. K. (Org.), Castro. P. F. (Org.), Os\u00f3rio, F. L. (Org.), Pasian, S. R. (Org.), Scortegagna, S. A. (Org.), Cardoso, L. M. (Org.), Freitas, F. R. (Org.) &amp; Villemor-Amaral, A. E. (Org.) (2016). M\u00e9todos projetivos e suas demandas na Psicologia contempor\u00e2nea. (Vol. 1) (1\u00aa ed.). Florian\u00f3polis (SC): ASBRo.<\/span><\/div><\/div><div class=\"layout-cell layout-cell-1 text-align-right\"><div class=\"layout-cell-pad-5 text-align-right\"><span style=\"color: #000000;\"><strong>5.<\/strong><\/span><\/div><\/div><div class=\"layout-cell layout-cell-11\"><div class=\"layout-cell-pad-5\"><span style=\"color: #000000;\">Pasian, S. R., Okino, E. T. K.(Org.), Amparo, D.M. (Org.), Os\u00f3rio, F. L. (Org.), Freitas, F. R. (Org.) &amp; Loureiro, S. R. (Org.) (2014). <em>Desafios para a pr\u00e1tica \u00e9tica da avalia\u00e7\u00e3o psicol\u00f3gica.<\/em> (Vol. 1) (1\u00aa ed.). Ribeir\u00e3o Preto: ASBRo<\/span><\/div><\/div><div class=\"layout-cell layout-cell-1 text-align-right\"><div class=\"layout-cell-pad-5 text-align-right\"><span style=\"color: #000000;\"><strong>6.<\/strong><\/span><\/div><\/div><div class=\"layout-cell layout-cell-11\"><div class=\"layout-cell-pad-5\"><span style=\"color: #000000;\">Pasian, S. R., Okino, E. T. K. (Org.), Amparo, D. M. (Org.), Os\u00f3rio, F. L. (Org.), Freitas, F. R. (Org.) &amp; Loureiro, S. R. (Org.) (2014). Livro de programa e resumos do VII Congresso da Associa\u00e7\u00e3o Brasileira de Rorschach e M\u00e9todos Projetivos. (Vol. 1) (1\u00aa ed.). Ribeir\u00e3o Preto (SP): ASBRo.\u00a0<\/span><\/div><\/div><div class=\"layout-cell layout-cell-1 text-align-right\"><div class=\"layout-cell-pad-5 text-align-right\"><span style=\"color: #000000;\"><strong>7.<\/strong><\/span><\/div><\/div><div class=\"layout-cell layout-cell-11\"><div class=\"layout-cell-pad-5\"><span style=\"color: #000000;\">Pasian, S. R. (2010)<em>. Avan\u00e7os do Rorschach no Brasil. <\/em>(Vol. 1) (1\u00aa ed.). S\u00e3o Paulo: Casa do Psic\u00f3logo<\/span><\/div><div><span style=\"color: #000000;\"><strong>8.<\/strong><\/span><\/div><\/div><div class=\"layout-cell layout-cell-11\"><div class=\"layout-cell-pad-5\"><span style=\"color: #000000;\">Pasian, S. R., Romanelli, G. (Org.) &amp; Cunha, M.V. (Org.) (2009). <em>Investiga\u00e7\u00e3o em Psicologia: Aplica\u00e7\u00f5es atuais em Sa\u00fade.<\/em> (Vol. 1.) (1\u00aa ed.). S\u00e3o Paulo: Vetor Editora.<\/span><\/div><\/div><div class=\"layout-cell layout-cell-1 text-align-right\"><div class=\"layout-cell-pad-5 text-align-right\"><span style=\"color: #000000;\"><strong>9.<\/strong><\/span><\/div><\/div><div class=\"layout-cell layout-cell-11\"><div class=\"layout-cell-pad-5\"><span style=\"color: #000000;\">Cunha, M.V. (Org.), Pasian, S. R. (Org.) &amp; Romanelli, G. (Org.) (2009). <em>Pesquisas em Psicologia: Multiplas abordagens.<\/em> (Vol. 1) (1\u00aa ed.). S\u00e3o Paulo: Vetor Editora.<\/span><\/div><\/div><div class=\"layout-cell layout-cell-1 text-align-right\"><div class=\"layout-cell-pad-5 text-align-right\"><span style=\"color: #000000;\"><strong>10.<\/strong><\/span><\/div><\/div><div class=\"layout-cell layout-cell-11\"><div class=\"layout-cell-pad-5\"><span style=\"color: #000000;\">Pasian, S. R., Okino, E. T. K. (Org.), Loureiro, S. R. (Org.) &amp; Os\u00f3rio, F. L. (Org.) (2008). <em>Avalia\u00e7\u00e3o de Personalidade: T\u00e9cnicas e contextos diversos. <\/em>(Vol. 1) (1\u00aa ed.). Ribeir\u00e3o Preto: Associa\u00e7\u00e3o Brasileira de Rorschach e M\u00e9todos Projetivos (ASBRo).<\/span><\/div><\/div><div class=\"layout-cell layout-cell-1 text-align-right\"><div class=\"layout-cell-pad-5 text-align-right\"><span style=\"color: #000000;\"><strong>11.<\/strong><\/span><\/div><\/div><div class=\"layout-cell layout-cell-11\"><div class=\"layout-cell-pad-5\"><span style=\"color: #000000;\">Pasian, S. R., Okino, E. T. K., Loureiro, S. R. &amp; Os\u00f3rio, F. L. (2008). <em>Livro de Programas e Resumos do V Encontro da Associa\u00e7\u00e3o Brasileira de Rorschach e M\u00e9todos Projetivos<\/em>. (Vol. 1) (1\u00aa ed.) Ribeir\u00e3o Preto: Herograf Editora.<\/span><\/div><\/div><div class=\"layout-cell layout-cell-1 text-align-right\"><div class=\"layout-cell-pad-5 text-align-right\"><span style=\"color: #000000;\"><strong>12.<\/strong><\/span><\/div><\/div><div class=\"layout-cell layout-cell-11\"><div class=\"layout-cell-pad-5\"><span style=\"color: #000000;\">Jacquemin, A., Okino. E. K. T., Noce, M. A., Assoni, R. F. &amp; Pasian, S. R. (2006). <em>O BBT-Br Feminino &#8211; Teste de Fotos de Profiss\u00f5es: adapta\u00e7\u00e3o brasileira, normas e estudos de caso.<\/em> (Vol. 1 (1\u00aa ed). S\u00e3o Paulo: Centro Editor de Testes e Pesquisas em Psicologia.<\/span><\/div><\/div><div class=\"layout-cell layout-cell-1 text-align-right\"><div class=\"layout-cell-pad-5 text-align-right\"><span style=\"color: #000000;\"><strong>13.<\/strong><\/span><\/div><\/div><div class=\"layout-cell layout-cell-11\"><div class=\"layout-cell-pad-5\"><span style=\"color: #000000;\">Wechsler S. M., Ferreira, A.A., Pereira D.A.P., Witter, G.P., Schelini, P. W., Homsi, S.H.V. &amp; Pasian, S. R. (2006). <em>Como encontrar e desenvolver talentos na escola.<\/em>\u00a0(Vol. 1) (1\u00aa ed.). Campinas: FAPESP.<\/span><\/div><\/div><div class=\"layout-cell layout-cell-1 text-align-right\"><div class=\"layout-cell-pad-5 text-align-right\"><span style=\"color: #000000;\"><strong>14.<\/strong><\/span><\/div><\/div><div class=\"layout-cell layout-cell-11\"><div class=\"layout-cell-pad-5\"><span style=\"color: #000000;\">Okino. E. T. K. (Org.), Pasian, S. R. (Org.), Petean, E. B. L. (Org.) &amp; Santos, L. A. (Org.) (2011). <em>Andr\u00e9 Jacquemin: Uma homenagem<\/em>. (Vol. 1) (1\u00aa ed.). S\u00e3o Paulo: VETOR, Casa do Psic\u00f3logo e CETEPP.<\/span><\/div><\/div><div class=\"layout-cell layout-cell-1 text-align-right\"><div class=\"layout-cell-pad-5 text-align-right\"><span style=\"color: #000000;\"><strong>15.<\/strong><\/span><\/div><\/div><div class=\"layout-cell layout-cell-11\"><div class=\"layout-cell-pad-5\"><span style=\"color: #000000;\">Pasian, S. R. (2000).\u00a0<em>O Psicodiagn\u00f3stico de Rorschach em adultos: Atlas, normas e reflex\u00f5es.<\/em>\u00a0(Vol. 1) (1\u00aa ed.) S\u00e3o Paulo: Casa do Psic\u00f3logo.<\/span><\/div><\/div><div class=\"layout-cell layout-cell-1 text-align-right\"><div class=\"layout-cell-pad-5 text-align-right\"><span style=\"color: #000000;\"><strong>16.<\/strong><\/span><\/div><\/div><div class=\"layout-cell layout-cell-11\"><div class=\"layout-cell-pad-5\"><span style=\"color: #000000;\">Jacquemin, A. (Org.), Okino, E. T. K. (Org.), Noce, M. A.(Org.) &amp; Pasian, S. R. (Org.) (2000). <em>III Encontro da SBRo<\/em>. (Vol. 1) (1\u00aa ed.). Ribeir\u00e3o Preto (SP): Sociedade Brasileira de Rorschach e outros m\u00e9todos projetivos (SBRo).<\/span><\/div><\/div>\t\t\t\t\t\t<\/div>\n\t\t\t\t<\/div>\n\t\t\t\t\t<\/div>\n\t\t<\/div>\n\t\t\t\t\t<\/div>\n\t\t<\/section>\n\t\t\t\t<\/div>\n\t\t","protected":false},"excerpt":{"rendered":"<p>1.Pasian, S. R., Silva, A. P. S., Corradi-Webster, C. M., Sticca, M. G., Zanini, D. [&hellip;]<\/p>\n","protected":false},"author":23286,"featured_media":0,"parent":0,"menu_order":0,"comment_status":"closed","ping_status":"closed","template":"","meta":{"footnotes":"","_links_to":"","_links_to_target":""},"class_list":["post-1246","page","type-page","status-publish","hentry"],"_links":{"self":[{"href":"https:\/\/sites.usp.br\/cpp\/wp-json\/wp\/v2\/pages\/1246","targetHints":{"allow":["GET"]}}],"collection":[{"href":"https:\/\/sites.usp.br\/cpp\/wp-json\/wp\/v2\/pages"}],"about":[{"href":"https:\/\/sites.usp.br\/cpp\/wp-json\/wp\/v2\/types\/page"}],"author":[{"embeddable":true,"href":"https:\/\/sites.usp.br\/cpp\/wp-json\/wp\/v2\/users\/23286"}],"replies":[{"embeddable":true,"href":"https:\/\/sites.usp.br\/cpp\/wp-json\/wp\/v2\/comments?post=1246"}],"version-history":[{"count":4,"href":"https:\/\/sites.usp.br\/cpp\/wp-json\/wp\/v2\/pages\/1246\/revisions"}],"predecessor-version":[{"id":2297,"href":"https:\/\/sites.usp.br\/cpp\/wp-json\/wp\/v2\/pages\/1246\/revisions\/2297"}],"wp:attachment":[{"href":"https:\/\/sites.usp.br\/cpp\/wp-json\/wp\/v2\/media?parent=1246"}],"curies":[{"name":"wp","href":"https:\/\/api.w.org\/{rel}","templated":true}]}}