{"id":1431,"date":"2022-10-14T08:45:32","date_gmt":"2022-10-14T11:45:32","guid":{"rendered":"https:\/\/sites.usp.br\/cpp\/?page_id=1431"},"modified":"2025-05-09T15:34:48","modified_gmt":"2025-05-09T18:34:48","slug":"a-ffclrp","status":"publish","type":"page","link":"https:\/\/sites.usp.br\/cpp\/a-ffclrp\/","title":{"rendered":"A FFCLRP"},"content":{"rendered":"\t\t<div data-elementor-type=\"wp-page\" data-elementor-id=\"1431\" class=\"elementor elementor-1431\">\n\t\t\t\t\t\t<section class=\"elementor-section elementor-top-section elementor-element elementor-element-202f20a elementor-section-boxed elementor-section-height-default elementor-section-height-default\" data-id=\"202f20a\" data-element_type=\"section\">\n\t\t\t\t\t\t<div class=\"elementor-container elementor-column-gap-default\">\n\t\t\t\t\t<div class=\"elementor-column elementor-col-100 elementor-top-column elementor-element elementor-element-113de00b\" data-id=\"113de00b\" data-element_type=\"column\">\n\t\t\t<div class=\"elementor-widget-wrap elementor-element-populated\">\n\t\t\t\t\t\t<div class=\"elementor-element elementor-element-a4c1272 elementor-widget elementor-widget-text-editor\" data-id=\"a4c1272\" data-element_type=\"widget\" data-widget_type=\"text-editor.default\">\n\t\t\t\t<div class=\"elementor-widget-container\">\n\t\t\t\t\t\t\t<p style=\"text-align: justify;\"><span style=\"color: #000000;\">\u00a0 \u00a0Atualmente, a FFCLRP-USP est\u00e1 estruturada em sete Departamentos: Departamento de F\u00edsica, Departamento de Biologia, Departamento de Qu\u00edmica, Departamento de Psicologia, Departamento de Computa\u00e7\u00e3o e Matem\u00e1tica, Departamento de Educa\u00e7\u00e3o, Informa\u00e7\u00e3o e Comunica\u00e7\u00e3o e Departamento de M\u00fasica.<\/span><\/p><p style=\"text-align: justify;\"><span style=\"color: #000000;\">\u00a0 \u00a0 \u00a0Estes Departamentos formam Licenciados e Bachar\u00e9is em Biologia, Psicologia, Pedagogia e Qu\u00edmica, bem como Bachar\u00e9is Ci\u00eancias da Informa\u00e7\u00e3o e da Documenta\u00e7\u00e3o, em F\u00edsica M\u00e9dica, em Inform\u00e1tica Biom\u00e9dica, em Matem\u00e1tica Aplicada a Neg\u00f3cios, em Bacharelado com Habilita\u00e7\u00e3o em Qu\u00edmica Tecnol\u00f3gica, Biotecnologia e Agroind\u00fastria, Bacharelado com Atribui\u00e7\u00f5es em Qu\u00edmica Tecnol\u00f3gica, Bacharelado em Qu\u00edmica Forense e Psic\u00f3logos; Licenciados em Educa\u00e7\u00e3o Art\u00edstica com Habilita\u00e7\u00e3o em M\u00fasica, Bachar\u00e9is em M\u00fasica com Habilita\u00e7\u00e3o em Canto e Arte L\u00edrica e em Instrumento.<\/span><\/p><p style=\"text-align: justify;\"><span style=\"color: #000000;\">\u00a0 \u00a0 \u00a0 \u00a0 Para mais informa\u00e7\u00f5es acessar: <a href=\"http:\/\/www.ffclrp.usp.br\/\">http:\/\/www.ffclrp.usp.br\/<\/a><\/span><\/p><p><a href=\"https:\/\/sites.usp.br\/cpp\/wp-content\/uploads\/sites\/151\/2022\/10\/logo-FFCLRP.png\"><img decoding=\"async\" class=\"size-full wp-image-1434 aligncenter\" style=\"filter: invert(0);\" src=\"https:\/\/sites.usp.br\/cpp\/wp-content\/uploads\/sites\/151\/2022\/10\/logo-FFCLRP.png\" alt=\"\" width=\"260\" height=\"90\" data-id=\"1434\" \/><\/a><\/p>\t\t\t\t\t\t<\/div>\n\t\t\t\t<\/div>\n\t\t\t\t\t<\/div>\n\t\t<\/div>\n\t\t\t\t\t<\/div>\n\t\t<\/section>\n\t\t\t\t<\/div>\n\t\t","protected":false},"excerpt":{"rendered":"<p>\u00a0 \u00a0Atualmente, a FFCLRP-USP est\u00e1 estruturada em sete Departamentos: Departamento de F\u00edsica, Departamento de Biologia, [&hellip;]<\/p>\n","protected":false},"author":23289,"featured_media":0,"parent":0,"menu_order":0,"comment_status":"closed","ping_status":"closed","template":"","meta":{"footnotes":"","_links_to":"","_links_to_target":""},"class_list":["post-1431","page","type-page","status-publish","hentry"],"_links":{"self":[{"href":"https:\/\/sites.usp.br\/cpp\/wp-json\/wp\/v2\/pages\/1431","targetHints":{"allow":["GET"]}}],"collection":[{"href":"https:\/\/sites.usp.br\/cpp\/wp-json\/wp\/v2\/pages"}],"about":[{"href":"https:\/\/sites.usp.br\/cpp\/wp-json\/wp\/v2\/types\/page"}],"author":[{"embeddable":true,"href":"https:\/\/sites.usp.br\/cpp\/wp-json\/wp\/v2\/users\/23289"}],"replies":[{"embeddable":true,"href":"https:\/\/sites.usp.br\/cpp\/wp-json\/wp\/v2\/comments?post=1431"}],"version-history":[{"count":4,"href":"https:\/\/sites.usp.br\/cpp\/wp-json\/wp\/v2\/pages\/1431\/revisions"}],"predecessor-version":[{"id":2746,"href":"https:\/\/sites.usp.br\/cpp\/wp-json\/wp\/v2\/pages\/1431\/revisions\/2746"}],"wp:attachment":[{"href":"https:\/\/sites.usp.br\/cpp\/wp-json\/wp\/v2\/media?parent=1431"}],"curies":[{"name":"wp","href":"https:\/\/api.w.org\/{rel}","templated":true}]}}