{"id":153,"date":"2014-05-13T12:33:15","date_gmt":"2014-05-13T15:33:15","guid":{"rendered":"http:\/\/sites.usp.brpadrao2\/?page_id=153"},"modified":"2022-10-25T08:38:14","modified_gmt":"2022-10-25T11:38:14","slug":"sobrenos","status":"publish","type":"page","link":"https:\/\/sites.usp.br\/cpp\/sobrenos\/","title":{"rendered":"Sobre o CPP"},"content":{"rendered":"\t\t<div data-elementor-type=\"wp-page\" data-elementor-id=\"153\" class=\"elementor elementor-153\">\n\t\t\t\t\t\t<section class=\"elementor-section elementor-top-section elementor-element elementor-element-ab43532 elementor-section-boxed elementor-section-height-default elementor-section-height-default\" data-id=\"ab43532\" data-element_type=\"section\">\n\t\t\t\t\t\t<div class=\"elementor-container elementor-column-gap-default\">\n\t\t\t\t\t<div class=\"elementor-column elementor-col-100 elementor-top-column elementor-element elementor-element-21f42c7\" data-id=\"21f42c7\" data-element_type=\"column\">\n\t\t\t<div class=\"elementor-widget-wrap elementor-element-populated\">\n\t\t\t\t\t\t<div class=\"elementor-element elementor-element-a16549d elementor-widget elementor-widget-text-editor\" data-id=\"a16549d\" data-element_type=\"widget\" data-widget_type=\"text-editor.default\">\n\t\t\t\t<div class=\"elementor-widget-container\">\n\t\t\t\t\t\t\t<p>\u00a0 \u00a0 O Centro de Pesquisas em Psicodiagn\u00f3stico (CPP) foi criado pelo Prof. Dr. Andr\u00e9 Jacquemin em 1975, sendo por ele coordenado at\u00e9 2001. Desde ent\u00e3o sua coordena\u00e7\u00e3o ficou a cargo da Profa. Dra. Sonia Regina Pasian e, mais atualmente, em parceria com a Profa. Dra. Lucy Leal Melo-Silva. Este centro de pesquisa tem conseguido estimular estudantes de gradua\u00e7\u00e3o, p\u00f3s-gradua\u00e7\u00e3o e aprimoramento profissional, em projetos de investiga\u00e7\u00e3o cient\u00edfica sobre instrumentos de avalia\u00e7\u00e3o psicol\u00f3gica em seus diferentes campos de aplica\u00e7\u00e3o, com a miss\u00e3o de formar pesquisadores, docentes e profissionais especializados nesse campo de trabalho.<\/p><p>\u00a0 \u00a0 O Centro de Pesquisas em Psicodiagn\u00f3stico agrega pesquisadores com linhas investigativas diferenciadas e complementares, vinculados ao Departamento de Psicologia da Faculdade de Filosofia, Ci\u00eancias e Letras de Ribeir\u00e3o Preto da Universidade de S\u00e3o Paulo (FFCLRP \u2013 USP) e de outras institui\u00e7\u00f5es educacionais e da rede de Sa\u00fade, convergindo em torno do uso de instrumentos de Avalia\u00e7\u00e3o Psicol\u00f3gica em sua pr\u00e1tica cl\u00ednica e\/ou acad\u00eamica. As consequ\u00eancias sociais dos processos de avalia\u00e7\u00e3o psicol\u00f3gica em v\u00e1rias \u00e1reas da Psicologia acompanham a crescente demanda por investiga\u00e7\u00f5es cient\u00edficas que objetivam o aprimoramento de seus instrumentos e t\u00e9cnicas, em termos de valida\u00e7\u00e3o, fidedignidade e padroniza\u00e7\u00e3o \u00e0 realidade sociocultural do Brasil. Esse aprimoramento visa tamb\u00e9m a capacita\u00e7\u00e3o de alunos de gradua\u00e7\u00e3o e de p\u00f3s-gradua\u00e7\u00e3o para a utiliza\u00e7\u00e3o e a revis\u00e3o t\u00e9cnica de diversos m\u00e9todos de exame psicol\u00f3gico.<\/p><p>\u00a0 \u00a0Nas diretrizes norteadoras do CPP encontram-se projetos de aplica\u00e7\u00e3o de instrumentos de avalia\u00e7\u00e3o em diferentes contextos, como centros hospitalares, centros de aten\u00e7\u00e3o b\u00e1sica \u00e0 sa\u00fade, grupos de reabilita\u00e7\u00e3o ps\u00edquica, programas de sa\u00fade da fam\u00edlia, grupos de orienta\u00e7\u00e3o profissional e processos psicoter\u00e1picos. Objetiva-se, portanto, verificar a aplicabilidade e a possibilidade de aux\u00edlio compreensivo na elabora\u00e7\u00e3o de estrat\u00e9gias de interven\u00e7\u00e3o nesses diferentes campos de aplica\u00e7\u00e3o da Psicologia, a partir de indicadores dos instrumentos de avalia\u00e7\u00e3o psicol\u00f3gica (observa\u00e7\u00e3o, entrevistas, escalas, invent\u00e1rios e testes psicol\u00f3gicos, com destaque para os m\u00e9todos projetivos) e complementares.<\/p>\t\t\t\t\t\t<\/div>\n\t\t\t\t<\/div>\n\t\t\t\t\t<\/div>\n\t\t<\/div>\n\t\t\t\t\t<\/div>\n\t\t<\/section>\n\t\t\t\t<section class=\"elementor-section elementor-top-section elementor-element elementor-element-9c56441 elementor-section-boxed elementor-section-height-default elementor-section-height-default\" data-id=\"9c56441\" data-element_type=\"section\">\n\t\t\t\t\t\t<div class=\"elementor-container elementor-column-gap-default\">\n\t\t\t\t\t<div class=\"elementor-column elementor-col-50 elementor-top-column elementor-element elementor-element-e449f19\" data-id=\"e449f19\" data-element_type=\"column\">\n\t\t\t<div class=\"elementor-widget-wrap elementor-element-populated\">\n\t\t\t\t\t\t<div class=\"elementor-element elementor-element-f78945c elementor-widget elementor-widget-image\" data-id=\"f78945c\" data-element_type=\"widget\" data-widget_type=\"image.default\">\n\t\t\t\t<div class=\"elementor-widget-container\">\n\t\t\t\t\t\t\t\t\t\t<figure class=\"wp-caption\">\n\t\t\t\t\t\t\t\t\t\t<img fetchpriority=\"high\" decoding=\"async\" width=\"310\" height=\"174\" src=\"https:\/\/sites.usp.br\/cpp\/wp-content\/uploads\/sites\/151\/2022\/10\/jacquemin-cortado-310x174.jpg\" class=\"attachment-featured size-featured wp-image-2059\" alt=\"\" \/>\t\t\t\t\t\t\t\t\t\t\t<figcaption class=\"widget-image-caption wp-caption-text\">Prof. Dr. Andr\u00e9 Jacquemin<\/figcaption>\n\t\t\t\t\t\t\t\t\t\t<\/figure>\n\t\t\t\t\t\t\t<\/div>\n\t\t\t\t<\/div>\n\t\t\t\t\t<\/div>\n\t\t<\/div>\n\t\t\t\t<div class=\"elementor-column elementor-col-50 elementor-top-column elementor-element elementor-element-faf25cb\" data-id=\"faf25cb\" data-element_type=\"column\">\n\t\t\t<div class=\"elementor-widget-wrap elementor-element-populated\">\n\t\t\t\t\t\t<div class=\"elementor-element elementor-element-6155975 elementor-widget elementor-widget-image\" data-id=\"6155975\" data-element_type=\"widget\" data-widget_type=\"image.default\">\n\t\t\t\t<div class=\"elementor-widget-container\">\n\t\t\t\t\t\t\t\t\t\t<figure class=\"wp-caption\">\n\t\t\t\t\t\t\t\t\t\t<img decoding=\"async\" width=\"155\" height=\"155\" src=\"https:\/\/sites.usp.br\/cpp\/wp-content\/uploads\/sites\/151\/2022\/10\/sonia.jpg\" class=\"attachment-banner-do-topo-hp-941-241 size-banner-do-topo-hp-941-241 wp-image-1257\" alt=\"\" srcset=\"https:\/\/sites.usp.br\/cpp\/wp-content\/uploads\/sites\/151\/2022\/10\/sonia.jpg 155w, https:\/\/sites.usp.br\/cpp\/wp-content\/uploads\/sites\/151\/2022\/10\/sonia-150x150.jpg 150w, https:\/\/sites.usp.br\/cpp\/wp-content\/uploads\/sites\/151\/2022\/10\/sonia-64x64.jpg 64w, https:\/\/sites.usp.br\/cpp\/wp-content\/uploads\/sites\/151\/2022\/10\/sonia-45x45.jpg 45w\" sizes=\"(max-width: 155px) 100vw, 155px\" \/>\t\t\t\t\t\t\t\t\t\t\t<figcaption class=\"widget-image-caption wp-caption-text\">Profa. Dra. Sonia Regina Pasian<\/figcaption>\n\t\t\t\t\t\t\t\t\t\t<\/figure>\n\t\t\t\t\t\t\t<\/div>\n\t\t\t\t<\/div>\n\t\t\t\t\t<\/div>\n\t\t<\/div>\n\t\t\t\t\t<\/div>\n\t\t<\/section>\n\t\t\t\t<\/div>\n\t\t","protected":false},"excerpt":{"rendered":"<p>\u00a0 \u00a0 O Centro de Pesquisas em Psicodiagn\u00f3stico (CPP) foi criado pelo Prof. Dr. Andr\u00e9 [&hellip;]<\/p>\n","protected":false},"author":1,"featured_media":571,"parent":0,"menu_order":0,"comment_status":"closed","ping_status":"closed","template":"","meta":{"footnotes":"","_links_to":"","_links_to_target":""},"class_list":["post-153","page","type-page","status-publish","has-post-thumbnail","hentry"],"_links":{"self":[{"href":"https:\/\/sites.usp.br\/cpp\/wp-json\/wp\/v2\/pages\/153","targetHints":{"allow":["GET"]}}],"collection":[{"href":"https:\/\/sites.usp.br\/cpp\/wp-json\/wp\/v2\/pages"}],"about":[{"href":"https:\/\/sites.usp.br\/cpp\/wp-json\/wp\/v2\/types\/page"}],"author":[{"embeddable":true,"href":"https:\/\/sites.usp.br\/cpp\/wp-json\/wp\/v2\/users\/1"}],"replies":[{"embeddable":true,"href":"https:\/\/sites.usp.br\/cpp\/wp-json\/wp\/v2\/comments?post=153"}],"version-history":[{"count":4,"href":"https:\/\/sites.usp.br\/cpp\/wp-json\/wp\/v2\/pages\/153\/revisions"}],"predecessor-version":[{"id":2065,"href":"https:\/\/sites.usp.br\/cpp\/wp-json\/wp\/v2\/pages\/153\/revisions\/2065"}],"wp:featuredmedia":[{"embeddable":true,"href":"https:\/\/sites.usp.br\/cpp\/wp-json\/wp\/v2\/media\/571"}],"wp:attachment":[{"href":"https:\/\/sites.usp.br\/cpp\/wp-json\/wp\/v2\/media?parent=153"}],"curies":[{"name":"wp","href":"https:\/\/api.w.org\/{rel}","templated":true}]}}