{"id":157,"date":"2014-05-13T12:34:27","date_gmt":"2014-05-13T15:34:27","guid":{"rendered":"http:\/\/sites.usp.brpadrao2\/?page_id=157"},"modified":"2022-10-11T15:05:50","modified_gmt":"2022-10-11T18:05:50","slug":"programa-de-apoio-aos-novos-docentes","status":"publish","type":"page","link":"https:\/\/sites.usp.br\/cpp\/programa-de-apoio-aos-novos-docentes\/","title":{"rendered":"Orienta\u00e7\u00e3o profissional, educa\u00e7\u00e3o e desenvolvimento de carreira: Diagn\u00f3stico e interven\u00e7\u00e3o"},"content":{"rendered":"\t\t<div data-elementor-type=\"wp-page\" data-elementor-id=\"157\" class=\"elementor elementor-157\">\n\t\t\t\t\t\t<section class=\"elementor-section elementor-top-section elementor-element elementor-element-0d14d26 elementor-section-boxed elementor-section-height-default elementor-section-height-default\" data-id=\"0d14d26\" data-element_type=\"section\">\n\t\t\t\t\t\t<div class=\"elementor-container elementor-column-gap-default\">\n\t\t\t\t\t<div class=\"elementor-column elementor-col-100 elementor-top-column elementor-element elementor-element-b8898cd\" data-id=\"b8898cd\" data-element_type=\"column\">\n\t\t\t<div class=\"elementor-widget-wrap elementor-element-populated\">\n\t\t\t\t\t\t<div class=\"elementor-element elementor-element-5ef5fe5 elementor-widget elementor-widget-text-editor\" data-id=\"5ef5fe5\" data-element_type=\"widget\" data-widget_type=\"text-editor.default\">\n\t\t\t\t<div class=\"elementor-widget-container\">\n\t\t\t\t\t\t\t<h3>Dados da linha de pesquisa<\/h3>\t\t\t\t\t\t<\/div>\n\t\t\t\t<\/div>\n\t\t\t\t\t<\/div>\n\t\t<\/div>\n\t\t\t\t\t<\/div>\n\t\t<\/section>\n\t\t\t\t<section class=\"elementor-section elementor-top-section elementor-element elementor-element-b51b70e elementor-section-boxed elementor-section-height-default elementor-section-height-default\" data-id=\"b51b70e\" data-element_type=\"section\">\n\t\t\t\t\t\t<div class=\"elementor-container elementor-column-gap-default\">\n\t\t\t\t\t<div class=\"elementor-column elementor-col-100 elementor-top-column elementor-element elementor-element-228257b\" data-id=\"228257b\" data-element_type=\"column\">\n\t\t\t<div class=\"elementor-widget-wrap elementor-element-populated\">\n\t\t\t\t\t\t<div class=\"elementor-element elementor-element-e4fe0b6 elementor-widget elementor-widget-text-editor\" data-id=\"e4fe0b6\" data-element_type=\"widget\" data-widget_type=\"text-editor.default\">\n\t\t\t\t<div class=\"elementor-widget-container\">\n\t\t\t\t\t\t\t<p>Avaliar processos e resultados de procedimentos de interven\u00e7\u00e3o em orienta\u00e7\u00e3o profissional, nas modalidades de atendimento individual e em grupo. 2. Avaliar instrumentos e m\u00e9todos. 3. Analisar o desenvolvimento da carreira. 4. Analisar t\u00f3picos espec\u00edficos relativos ao acesso e perman\u00eancia na universidade<\/p>\t\t\t\t\t\t<\/div>\n\t\t\t\t<\/div>\n\t\t\t\t\t<\/div>\n\t\t<\/div>\n\t\t\t\t\t<\/div>\n\t\t<\/section>\n\t\t\t\t<section class=\"elementor-section elementor-top-section elementor-element elementor-element-dda1b8b elementor-section-boxed elementor-section-height-default elementor-section-height-default\" data-id=\"dda1b8b\" data-element_type=\"section\">\n\t\t\t\t\t\t<div class=\"elementor-container elementor-column-gap-default\">\n\t\t\t\t\t<div class=\"elementor-column elementor-col-100 elementor-top-column elementor-element elementor-element-6d47757\" data-id=\"6d47757\" data-element_type=\"column\">\n\t\t\t<div class=\"elementor-widget-wrap elementor-element-populated\">\n\t\t\t\t\t\t<div class=\"elementor-element elementor-element-b381219 elementor-widget elementor-widget-text-editor\" data-id=\"b381219\" data-element_type=\"widget\" data-widget_type=\"text-editor.default\">\n\t\t\t\t<div class=\"elementor-widget-container\">\n\t\t\t\t\t\t\t<p><strong>Palavras chave<\/strong><\/p><ul><li>Avalia\u00e7\u00e3o de programas<\/li><li>Orienta\u00e7\u00e3o vocacional<\/li><li>Orienta\u00e7\u00e3o e aconselhamento<\/li><li>Orienta\u00e7\u00e3o profissional<\/li><li>Avalia\u00e7\u00e3o de instrumentos<\/li><li>Desenvolvimento de carreira<\/li><\/ul>\t\t\t\t\t\t<\/div>\n\t\t\t\t<\/div>\n\t\t\t\t\t<\/div>\n\t\t<\/div>\n\t\t\t\t\t<\/div>\n\t\t<\/section>\n\t\t\t\t<section class=\"elementor-section elementor-top-section elementor-element elementor-element-691edeb elementor-section-boxed elementor-section-height-default elementor-section-height-default\" data-id=\"691edeb\" data-element_type=\"section\">\n\t\t\t\t\t\t<div class=\"elementor-container elementor-column-gap-default\">\n\t\t\t\t\t<div class=\"elementor-column elementor-col-100 elementor-top-column elementor-element elementor-element-e15db8a\" data-id=\"e15db8a\" data-element_type=\"column\">\n\t\t\t<div class=\"elementor-widget-wrap elementor-element-populated\">\n\t\t\t\t\t\t<div class=\"elementor-element elementor-element-04271e2 elementor-widget elementor-widget-text-editor\" data-id=\"04271e2\" data-element_type=\"widget\" data-widget_type=\"text-editor.default\">\n\t\t\t\t<div class=\"elementor-widget-container\">\n\t\t\t\t\t\t\t<p><strong>\u00c1reas do Conhecimento<\/strong><\/p><ul><li>Ci\u00eancias Humanas \u2192\u00a0 Psicologia \u2192 Psicologia Organizacional e do Trabalho \u2192 Treinamento e Avalia\u00e7\u00e3o<\/li><li>Ci\u00eancias Humanas \u2192 Psicologia \u2192 Fundamentos e Medidas da Psicologia<\/li><li>Ci\u00eancias Humanas \u2192 Psicologia \u2192 Fundamentos e Medidas da Psicologia \u2192 Orienta\u00e7\u00e3o Profissional<\/li><\/ul>\t\t\t\t\t\t<\/div>\n\t\t\t\t<\/div>\n\t\t\t\t\t<\/div>\n\t\t<\/div>\n\t\t\t\t\t<\/div>\n\t\t<\/section>\n\t\t\t\t<\/div>\n\t\t","protected":false},"excerpt":{"rendered":"<p>Dados da linha de pesquisa Avaliar processos e resultados de procedimentos de interven\u00e7\u00e3o em orienta\u00e7\u00e3o [&hellip;]<\/p>\n","protected":false},"author":1,"featured_media":0,"parent":0,"menu_order":0,"comment_status":"closed","ping_status":"closed","template":"","meta":{"footnotes":"","_links_to":"","_links_to_target":""},"class_list":["post-157","page","type-page","status-publish","hentry"],"_links":{"self":[{"href":"https:\/\/sites.usp.br\/cpp\/wp-json\/wp\/v2\/pages\/157","targetHints":{"allow":["GET"]}}],"collection":[{"href":"https:\/\/sites.usp.br\/cpp\/wp-json\/wp\/v2\/pages"}],"about":[{"href":"https:\/\/sites.usp.br\/cpp\/wp-json\/wp\/v2\/types\/page"}],"author":[{"embeddable":true,"href":"https:\/\/sites.usp.br\/cpp\/wp-json\/wp\/v2\/users\/1"}],"replies":[{"embeddable":true,"href":"https:\/\/sites.usp.br\/cpp\/wp-json\/wp\/v2\/comments?post=157"}],"version-history":[{"count":4,"href":"https:\/\/sites.usp.br\/cpp\/wp-json\/wp\/v2\/pages\/157\/revisions"}],"predecessor-version":[{"id":1373,"href":"https:\/\/sites.usp.br\/cpp\/wp-json\/wp\/v2\/pages\/157\/revisions\/1373"}],"wp:attachment":[{"href":"https:\/\/sites.usp.br\/cpp\/wp-json\/wp\/v2\/media?parent=157"}],"curies":[{"name":"wp","href":"https:\/\/api.w.org\/{rel}","templated":true}]}}