{"id":159,"date":"2014-05-13T12:34:53","date_gmt":"2014-05-13T15:34:53","guid":{"rendered":"http:\/\/sites.usp.brpadrao2\/?page_id=159"},"modified":"2022-10-11T14:51:51","modified_gmt":"2022-10-11T17:51:51","slug":"bioterios","status":"publish","type":"page","link":"https:\/\/sites.usp.br\/cpp\/bioterios\/","title":{"rendered":"Avalia\u00e7\u00e3o Psicol\u00f3gica: Fundamentos t\u00e9cnicos e aplica\u00e7\u00f5es"},"content":{"rendered":"\t\t<div data-elementor-type=\"wp-post\" data-elementor-id=\"159\" class=\"elementor elementor-159\">\n\t\t\t\t\t\t<section class=\"elementor-section elementor-top-section elementor-element elementor-element-11981cd elementor-section-boxed elementor-section-height-default elementor-section-height-default\" data-id=\"11981cd\" data-element_type=\"section\">\n\t\t\t\t\t\t<div class=\"elementor-container elementor-column-gap-default\">\n\t\t\t\t\t<div class=\"elementor-column elementor-col-100 elementor-top-column elementor-element elementor-element-a939247\" data-id=\"a939247\" data-element_type=\"column\">\n\t\t\t<div class=\"elementor-widget-wrap elementor-element-populated\">\n\t\t\t\t\t\t<div class=\"elementor-element elementor-element-be48865 elementor-widget elementor-widget-text-editor\" data-id=\"be48865\" data-element_type=\"widget\" data-widget_type=\"text-editor.default\">\n\t\t\t\t<div class=\"elementor-widget-container\">\n\t\t\t\t\t\t\t<h3>Dados da linha de pesquisa<\/h3>\t\t\t\t\t\t<\/div>\n\t\t\t\t<\/div>\n\t\t\t\t\t<\/div>\n\t\t<\/div>\n\t\t\t\t\t<\/div>\n\t\t<\/section>\n\t\t\t\t<section class=\"elementor-section elementor-top-section elementor-element elementor-element-ca3355a elementor-section-boxed elementor-section-height-default elementor-section-height-default\" data-id=\"ca3355a\" data-element_type=\"section\">\n\t\t\t\t\t\t<div class=\"elementor-container elementor-column-gap-default\">\n\t\t\t\t\t<div class=\"elementor-column elementor-col-100 elementor-top-column elementor-element elementor-element-f89cdc6\" data-id=\"f89cdc6\" data-element_type=\"column\">\n\t\t\t<div class=\"elementor-widget-wrap elementor-element-populated\">\n\t\t\t\t\t\t<div class=\"elementor-element elementor-element-a15859d elementor-widget elementor-widget-text-editor\" data-id=\"a15859d\" data-element_type=\"widget\" data-widget_type=\"text-editor.default\">\n\t\t\t\t<div class=\"elementor-widget-container\">\n\t\t\t\t\t\t\t<p>Essa linha de pesquisa tem, por objetivo geral, desenvolver estudos voltados \u00e0 adapta\u00e7\u00e3o e \u00e0 an\u00e1lise psicom\u00e9trica e cl\u00ednica de instrumentos de avalia\u00e7\u00e3o psicol\u00f3gica dentro do contexto s\u00f3cio cultural brasileiro, elaborando-se referenciais normativos e evid\u00eancias de validade e precis\u00e3o para os mesmos, com destaque para m\u00e9todos projetivos de avalia\u00e7\u00e3o psicol\u00f3gica, aplicados a diferentes faixas et\u00e1rias e com espec\u00edficos objetivos te\u00f3rico-t\u00e9cnicos.<\/p>\t\t\t\t\t\t<\/div>\n\t\t\t\t<\/div>\n\t\t\t\t\t<\/div>\n\t\t<\/div>\n\t\t\t\t\t<\/div>\n\t\t<\/section>\n\t\t\t\t<section class=\"elementor-section elementor-top-section elementor-element elementor-element-887afd6 elementor-section-boxed elementor-section-height-default elementor-section-height-default\" data-id=\"887afd6\" data-element_type=\"section\">\n\t\t\t\t\t\t<div class=\"elementor-container elementor-column-gap-default\">\n\t\t\t\t\t<div class=\"elementor-column elementor-col-100 elementor-top-column elementor-element elementor-element-d40bd01\" data-id=\"d40bd01\" data-element_type=\"column\">\n\t\t\t<div class=\"elementor-widget-wrap elementor-element-populated\">\n\t\t\t\t\t\t<div class=\"elementor-element elementor-element-f040150 elementor-widget elementor-widget-text-editor\" data-id=\"f040150\" data-element_type=\"widget\" data-widget_type=\"text-editor.default\">\n\t\t\t\t<div class=\"elementor-widget-container\">\n\t\t\t\t\t\t\t<p><strong>Palavras-chave<\/strong><\/p><ul><li>Personalidade<\/li><li>Avalia\u00e7\u00e3o psicol\u00f3gica<\/li><li>Psicometria<\/li><li>M\u00e9todos projetivos<\/li><li>Psicodiagn\u00f3stico<\/li><\/ul>\t\t\t\t\t\t<\/div>\n\t\t\t\t<\/div>\n\t\t\t\t\t<\/div>\n\t\t<\/div>\n\t\t\t\t\t<\/div>\n\t\t<\/section>\n\t\t\t\t<section class=\"elementor-section elementor-top-section elementor-element elementor-element-c7986eb elementor-section-boxed elementor-section-height-default elementor-section-height-default\" data-id=\"c7986eb\" data-element_type=\"section\">\n\t\t\t\t\t\t<div class=\"elementor-container elementor-column-gap-default\">\n\t\t\t\t\t<div class=\"elementor-column elementor-col-100 elementor-top-column elementor-element elementor-element-a668232\" data-id=\"a668232\" data-element_type=\"column\">\n\t\t\t<div class=\"elementor-widget-wrap elementor-element-populated\">\n\t\t\t\t\t\t<div class=\"elementor-element elementor-element-0fde574 elementor-widget elementor-widget-text-editor\" data-id=\"0fde574\" data-element_type=\"widget\" data-widget_type=\"text-editor.default\">\n\t\t\t\t<div class=\"elementor-widget-container\">\n\t\t\t\t\t\t\t<p><strong>\u00c1reas do conhecimento<\/strong><\/p><ul><li>Ci\u00eancias Humanas &gt; Psicologia &gt; Fundamentos e Medidas da Psicologia &gt; Metodologia, Instrumenta\u00e7\u00e3o e Equipamento em Psicologia<\/li><li>Ci\u00eancias Humanas &gt; Psicologia &gt; Psicologia do Desenvolvimento Humano<\/li><li>Ci\u00eancias Humanas &gt; Psicologia &gt; Psicologia do Desenvolvimento Humano &gt; Avalia\u00e7\u00e3o Psicol\u00f3gica<\/li><\/ul>\t\t\t\t\t\t<\/div>\n\t\t\t\t<\/div>\n\t\t\t\t\t<\/div>\n\t\t<\/div>\n\t\t\t\t\t<\/div>\n\t\t<\/section>\n\t\t\t\t<\/div>\n\t\t","protected":false},"excerpt":{"rendered":"<p>Dados da linha de pesquisa Essa linha de pesquisa tem, por objetivo geral, desenvolver estudos [&hellip;]<\/p>\n","protected":false},"author":1,"featured_media":0,"parent":0,"menu_order":0,"comment_status":"closed","ping_status":"closed","template":"","meta":{"footnotes":"","_links_to":"","_links_to_target":""},"class_list":["post-159","page","type-page","status-publish","hentry"],"_links":{"self":[{"href":"https:\/\/sites.usp.br\/cpp\/wp-json\/wp\/v2\/pages\/159","targetHints":{"allow":["GET"]}}],"collection":[{"href":"https:\/\/sites.usp.br\/cpp\/wp-json\/wp\/v2\/pages"}],"about":[{"href":"https:\/\/sites.usp.br\/cpp\/wp-json\/wp\/v2\/types\/page"}],"author":[{"embeddable":true,"href":"https:\/\/sites.usp.br\/cpp\/wp-json\/wp\/v2\/users\/1"}],"replies":[{"embeddable":true,"href":"https:\/\/sites.usp.br\/cpp\/wp-json\/wp\/v2\/comments?post=159"}],"version-history":[{"count":4,"href":"https:\/\/sites.usp.br\/cpp\/wp-json\/wp\/v2\/pages\/159\/revisions"}],"predecessor-version":[{"id":1360,"href":"https:\/\/sites.usp.br\/cpp\/wp-json\/wp\/v2\/pages\/159\/revisions\/1360"}],"wp:attachment":[{"href":"https:\/\/sites.usp.br\/cpp\/wp-json\/wp\/v2\/media?parent=159"}],"curies":[{"name":"wp","href":"https:\/\/api.w.org\/{rel}","templated":true}]}}