{"id":163,"date":"2014-05-13T12:35:57","date_gmt":"2014-05-13T15:35:57","guid":{"rendered":"http:\/\/sites.usp.brpadrao2\/?page_id=163"},"modified":"2022-10-11T15:08:01","modified_gmt":"2022-10-11T18:08:01","slug":"procontes","status":"publish","type":"page","link":"https:\/\/sites.usp.br\/cpp\/procontes\/","title":{"rendered":"Pr\u00e1ticas de aten\u00e7\u00e3o em Sa\u00fade e vari\u00e1veis psicossociais"},"content":{"rendered":"\t\t<div data-elementor-type=\"wp-page\" data-elementor-id=\"163\" class=\"elementor elementor-163\">\n\t\t\t\t\t\t<section class=\"elementor-section elementor-top-section elementor-element elementor-element-f594a07 elementor-section-boxed elementor-section-height-default elementor-section-height-default\" data-id=\"f594a07\" data-element_type=\"section\">\n\t\t\t\t\t\t<div class=\"elementor-container elementor-column-gap-default\">\n\t\t\t\t\t<div class=\"elementor-column elementor-col-100 elementor-top-column elementor-element elementor-element-8ed9372\" data-id=\"8ed9372\" data-element_type=\"column\">\n\t\t\t<div class=\"elementor-widget-wrap elementor-element-populated\">\n\t\t\t\t\t\t<div class=\"elementor-element elementor-element-3a9acad elementor-widget elementor-widget-text-editor\" data-id=\"3a9acad\" data-element_type=\"widget\" data-widget_type=\"text-editor.default\">\n\t\t\t\t<div class=\"elementor-widget-container\">\n\t\t\t\t\t\t\t<h3>Dados da linha de pesquisa<\/h3>\t\t\t\t\t\t<\/div>\n\t\t\t\t<\/div>\n\t\t\t\t\t<\/div>\n\t\t<\/div>\n\t\t\t\t\t<\/div>\n\t\t<\/section>\n\t\t\t\t<section class=\"elementor-section elementor-top-section elementor-element elementor-element-41acf0b9 elementor-section-boxed elementor-section-height-default elementor-section-height-default\" data-id=\"41acf0b9\" data-element_type=\"section\">\n\t\t\t\t\t\t<div class=\"elementor-container elementor-column-gap-default\">\n\t\t\t\t\t<div class=\"elementor-column elementor-col-100 elementor-top-column elementor-element elementor-element-13c7c690\" data-id=\"13c7c690\" data-element_type=\"column\">\n\t\t\t<div class=\"elementor-widget-wrap elementor-element-populated\">\n\t\t\t\t\t\t<div class=\"elementor-element elementor-element-267be324 elementor-widget elementor-widget-text-editor\" data-id=\"267be324\" data-element_type=\"widget\" data-widget_type=\"text-editor.default\">\n\t\t\t\t<div class=\"elementor-widget-container\">\n\t\t\t\t\t\t\t<div id=\"linhaPesquisa\">\n<p><span style=\"color: var( --e-global-color-text );\">Pesquisa e Interven\u00e7\u00e3o em Aspectos Psicossociais da Sa\u00fade, atuando principalmente nos seguintes temas: psicologia da sa\u00fade, programa de sa\u00fade da fam\u00edlia, sa\u00fade mental, promo\u00e7\u00e3o da sa\u00fade, contribui\u00e7\u00f5es da psicologia a odontologia e odontopediatria.<\/span><\/p>\n<\/div>\n<div id=\"areaConhecimento\">\n<ul>\n<\/ul>\n<\/div>\t\t\t\t\t\t<\/div>\n\t\t\t\t<\/div>\n\t\t\t\t\t<\/div>\n\t\t<\/div>\n\t\t\t\t\t<\/div>\n\t\t<\/section>\n\t\t\t\t<section class=\"elementor-section elementor-top-section elementor-element elementor-element-f53ed29 elementor-section-boxed elementor-section-height-default elementor-section-height-default\" data-id=\"f53ed29\" data-element_type=\"section\">\n\t\t\t\t\t\t<div class=\"elementor-container elementor-column-gap-default\">\n\t\t\t\t\t<div class=\"elementor-column elementor-col-100 elementor-top-column elementor-element elementor-element-b7113dc\" data-id=\"b7113dc\" data-element_type=\"column\">\n\t\t\t<div class=\"elementor-widget-wrap elementor-element-populated\">\n\t\t\t\t\t\t<div class=\"elementor-element elementor-element-4d38461 elementor-widget elementor-widget-text-editor\" data-id=\"4d38461\" data-element_type=\"widget\" data-widget_type=\"text-editor.default\">\n\t\t\t\t<div class=\"elementor-widget-container\">\n\t\t\t\t\t\t\t<p><strong>Palavras-chave<\/strong><\/p><ul><li>Personalidade<\/li><li>Avalia\u00e7\u00e3o psicol\u00f3gica<\/li><li>Psicometria<\/li><li>M\u00e9todos projetivos<\/li><li>Psicodiagn\u00f3stico<\/li><\/ul>\t\t\t\t\t\t<\/div>\n\t\t\t\t<\/div>\n\t\t\t\t\t<\/div>\n\t\t<\/div>\n\t\t\t\t\t<\/div>\n\t\t<\/section>\n\t\t\t\t<section class=\"elementor-section elementor-top-section elementor-element elementor-element-daf74f2 elementor-section-boxed elementor-section-height-default elementor-section-height-default\" data-id=\"daf74f2\" data-element_type=\"section\">\n\t\t\t\t\t\t<div class=\"elementor-container elementor-column-gap-default\">\n\t\t\t\t\t<div class=\"elementor-column elementor-col-100 elementor-top-column elementor-element elementor-element-f8e0a26\" data-id=\"f8e0a26\" data-element_type=\"column\">\n\t\t\t<div class=\"elementor-widget-wrap elementor-element-populated\">\n\t\t\t\t\t\t<div class=\"elementor-element elementor-element-4e360b8 elementor-widget elementor-widget-text-editor\" data-id=\"4e360b8\" data-element_type=\"widget\" data-widget_type=\"text-editor.default\">\n\t\t\t\t<div class=\"elementor-widget-container\">\n\t\t\t\t\t\t\t<p><strong>\u00c1reas do conhecimento<\/strong><\/p><ul><li>Ci\u00eancias Humanas \u2192 Psicologia \u2192 Fundamentos e Medidas da Psicologia \u2192 Metodologia, Instrumenta\u00e7\u00e3o e Equipamento em Psicologia<\/li><li>Ci\u00eancias Humanas \u2192 Psicologia \u2192 Psicologia do Desenvolvimento Humano<\/li><li>Ci\u00eancias Humanas \u2192 Psicologia \u2192 Psicologia do Desenvolvimento Humano \u2192 Avalia\u00e7\u00e3o Psicol\u00f3gica<\/li><\/ul>\t\t\t\t\t\t<\/div>\n\t\t\t\t<\/div>\n\t\t\t\t\t<\/div>\n\t\t<\/div>\n\t\t\t\t\t<\/div>\n\t\t<\/section>\n\t\t\t\t<\/div>\n\t\t","protected":false},"excerpt":{"rendered":"<p>Dados da linha de pesquisa Pesquisa e Interven\u00e7\u00e3o em Aspectos Psicossociais da Sa\u00fade, atuando principalmente [&hellip;]<\/p>\n","protected":false},"author":1,"featured_media":0,"parent":0,"menu_order":0,"comment_status":"closed","ping_status":"closed","template":"","meta":{"footnotes":"","_links_to":"","_links_to_target":""},"class_list":["post-163","page","type-page","status-publish","hentry"],"_links":{"self":[{"href":"https:\/\/sites.usp.br\/cpp\/wp-json\/wp\/v2\/pages\/163","targetHints":{"allow":["GET"]}}],"collection":[{"href":"https:\/\/sites.usp.br\/cpp\/wp-json\/wp\/v2\/pages"}],"about":[{"href":"https:\/\/sites.usp.br\/cpp\/wp-json\/wp\/v2\/types\/page"}],"author":[{"embeddable":true,"href":"https:\/\/sites.usp.br\/cpp\/wp-json\/wp\/v2\/users\/1"}],"replies":[{"embeddable":true,"href":"https:\/\/sites.usp.br\/cpp\/wp-json\/wp\/v2\/comments?post=163"}],"version-history":[{"count":4,"href":"https:\/\/sites.usp.br\/cpp\/wp-json\/wp\/v2\/pages\/163\/revisions"}],"predecessor-version":[{"id":1379,"href":"https:\/\/sites.usp.br\/cpp\/wp-json\/wp\/v2\/pages\/163\/revisions\/1379"}],"wp:attachment":[{"href":"https:\/\/sites.usp.br\/cpp\/wp-json\/wp\/v2\/media?parent=163"}],"curies":[{"name":"wp","href":"https:\/\/api.w.org\/{rel}","templated":true}]}}