{"id":165,"date":"2014-05-13T12:36:29","date_gmt":"2014-05-13T15:36:29","guid":{"rendered":"http:\/\/sites.usp.brpadrao2\/?page_id=165"},"modified":"2022-10-11T15:13:21","modified_gmt":"2022-10-11T18:13:21","slug":"projeto-1","status":"publish","type":"page","link":"https:\/\/sites.usp.br\/cpp\/projeto-1\/","title":{"rendered":"Psicodiagn\u00f3stico Interventivo"},"content":{"rendered":"\t\t<div data-elementor-type=\"wp-page\" data-elementor-id=\"165\" class=\"elementor elementor-165\">\n\t\t\t\t\t\t<section class=\"elementor-section elementor-top-section elementor-element elementor-element-a0c694e elementor-section-boxed elementor-section-height-default elementor-section-height-default\" data-id=\"a0c694e\" data-element_type=\"section\">\n\t\t\t\t\t\t<div class=\"elementor-container elementor-column-gap-default\">\n\t\t\t\t\t<div class=\"elementor-column elementor-col-100 elementor-top-column elementor-element elementor-element-80803d5\" data-id=\"80803d5\" data-element_type=\"column\">\n\t\t\t<div class=\"elementor-widget-wrap elementor-element-populated\">\n\t\t\t\t\t\t<div class=\"elementor-element elementor-element-4f943cc elementor-widget elementor-widget-text-editor\" data-id=\"4f943cc\" data-element_type=\"widget\" data-widget_type=\"text-editor.default\">\n\t\t\t\t<div class=\"elementor-widget-container\">\n\t\t\t\t\t\t\t<h3>Dados da linha de pesquisa<\/h3>\t\t\t\t\t\t<\/div>\n\t\t\t\t<\/div>\n\t\t\t\t\t<\/div>\n\t\t<\/div>\n\t\t\t\t\t<\/div>\n\t\t<\/section>\n\t\t\t\t<section class=\"elementor-section elementor-top-section elementor-element elementor-element-a884a7a elementor-section-boxed elementor-section-height-default elementor-section-height-default\" data-id=\"a884a7a\" data-element_type=\"section\">\n\t\t\t\t\t\t<div class=\"elementor-container elementor-column-gap-default\">\n\t\t\t\t\t<div class=\"elementor-column elementor-col-100 elementor-top-column elementor-element elementor-element-e514425\" data-id=\"e514425\" data-element_type=\"column\">\n\t\t\t<div class=\"elementor-widget-wrap elementor-element-populated\">\n\t\t\t\t\t\t<div class=\"elementor-element elementor-element-9bb62dd elementor-widget elementor-widget-text-editor\" data-id=\"9bb62dd\" data-element_type=\"widget\" data-widget_type=\"text-editor.default\">\n\t\t\t\t<div class=\"elementor-widget-container\">\n\t\t\t\t\t\t\t<div class=\"control-group\">\n<div class=\"controls\">Psicodiagn\u00f3stico Interventivo de orienta\u00e7\u00e3o psicanal\u00edtica (abordagem winnicottiana), abordando Personalidade e Psicopatologia Infantil, desenvolvendo pesquisas nos seguintes temas: psicodinamismos familiares e desenvolvimento emocional infantil na normalidade e na patologia, transtornos antissociais, transtornos alimentares, obesidade, experi\u00eancia da parentalidade em diferentes culturas e configura\u00e7\u00f5es familiares.<\/div><\/div>\t\t\t\t\t\t<\/div>\n\t\t\t\t<\/div>\n\t\t\t\t\t<\/div>\n\t\t<\/div>\n\t\t\t\t\t<\/div>\n\t\t<\/section>\n\t\t\t\t<section class=\"elementor-section elementor-top-section elementor-element elementor-element-a82cb5b elementor-section-boxed elementor-section-height-default elementor-section-height-default\" data-id=\"a82cb5b\" data-element_type=\"section\">\n\t\t\t\t\t\t<div class=\"elementor-container elementor-column-gap-default\">\n\t\t\t\t\t<div class=\"elementor-column elementor-col-100 elementor-top-column elementor-element elementor-element-35b4775\" data-id=\"35b4775\" data-element_type=\"column\">\n\t\t\t<div class=\"elementor-widget-wrap elementor-element-populated\">\n\t\t\t\t\t\t<div class=\"elementor-element elementor-element-5be464b elementor-widget elementor-widget-text-editor\" data-id=\"5be464b\" data-element_type=\"widget\" data-widget_type=\"text-editor.default\">\n\t\t\t\t<div class=\"elementor-widget-container\">\n\t\t\t\t\t\t\t<p><strong>Palavras-chave<\/strong><\/p><ul><li>Psicodiagn\u00f3stico<\/li><li>Personalidade<\/li><li>Psicodiagn\u00f3stico interventivo<\/li><li>Psicopatologia infantil<\/li><\/ul>\t\t\t\t\t\t<\/div>\n\t\t\t\t<\/div>\n\t\t\t\t\t<\/div>\n\t\t<\/div>\n\t\t\t\t\t<\/div>\n\t\t<\/section>\n\t\t\t\t<section class=\"elementor-section elementor-top-section elementor-element elementor-element-e16e136 elementor-section-boxed elementor-section-height-default elementor-section-height-default\" data-id=\"e16e136\" data-element_type=\"section\">\n\t\t\t\t\t\t<div class=\"elementor-container elementor-column-gap-default\">\n\t\t\t\t\t<div class=\"elementor-column elementor-col-100 elementor-top-column elementor-element elementor-element-9d75dcd\" data-id=\"9d75dcd\" data-element_type=\"column\">\n\t\t\t<div class=\"elementor-widget-wrap elementor-element-populated\">\n\t\t\t\t\t\t<div class=\"elementor-element elementor-element-b06ee2f elementor-widget elementor-widget-text-editor\" data-id=\"b06ee2f\" data-element_type=\"widget\" data-widget_type=\"text-editor.default\">\n\t\t\t\t<div class=\"elementor-widget-container\">\n\t\t\t\t\t\t\t<p><strong>\u00c1reas do conhecimento<\/strong><\/p><ul><li>Ci\u00eancias Humanas &gt; Psicologia &gt; Psicologia do Desenvolvimento Humano &gt; Desenvolvimento Social e da Personalidade<\/li><li>Ci\u00eancias Humanas &gt; Psicologia &gt; Fundamentos e Medidas da Psicologia &gt; Metodologia, Instrumenta\u00e7\u00e3o e Equipamento em Psicologia<\/li><\/ul>\t\t\t\t\t\t<\/div>\n\t\t\t\t<\/div>\n\t\t\t\t\t<\/div>\n\t\t<\/div>\n\t\t\t\t\t<\/div>\n\t\t<\/section>\n\t\t\t\t<\/div>\n\t\t","protected":false},"excerpt":{"rendered":"<p>Dados da linha de pesquisa Psicodiagn\u00f3stico Interventivo de orienta\u00e7\u00e3o psicanal\u00edtica (abordagem winnicottiana), abordando Personalidade e [&hellip;]<\/p>\n","protected":false},"author":1,"featured_media":0,"parent":0,"menu_order":0,"comment_status":"closed","ping_status":"closed","template":"","meta":{"footnotes":"","_links_to":"","_links_to_target":""},"class_list":["post-165","page","type-page","status-publish","hentry"],"_links":{"self":[{"href":"https:\/\/sites.usp.br\/cpp\/wp-json\/wp\/v2\/pages\/165","targetHints":{"allow":["GET"]}}],"collection":[{"href":"https:\/\/sites.usp.br\/cpp\/wp-json\/wp\/v2\/pages"}],"about":[{"href":"https:\/\/sites.usp.br\/cpp\/wp-json\/wp\/v2\/types\/page"}],"author":[{"embeddable":true,"href":"https:\/\/sites.usp.br\/cpp\/wp-json\/wp\/v2\/users\/1"}],"replies":[{"embeddable":true,"href":"https:\/\/sites.usp.br\/cpp\/wp-json\/wp\/v2\/comments?post=165"}],"version-history":[{"count":4,"href":"https:\/\/sites.usp.br\/cpp\/wp-json\/wp\/v2\/pages\/165\/revisions"}],"predecessor-version":[{"id":1388,"href":"https:\/\/sites.usp.br\/cpp\/wp-json\/wp\/v2\/pages\/165\/revisions\/1388"}],"wp:attachment":[{"href":"https:\/\/sites.usp.br\/cpp\/wp-json\/wp\/v2\/media?parent=165"}],"curies":[{"name":"wp","href":"https:\/\/api.w.org\/{rel}","templated":true}]}}