{"id":873,"date":"2019-05-16T10:41:48","date_gmt":"2019-05-16T13:41:48","guid":{"rendered":"http:\/\/sites.usp.br\/cpp\/?page_id=873"},"modified":"2019-05-16T10:42:27","modified_gmt":"2019-05-16T13:42:27","slug":"acervo-cpp","status":"publish","type":"page","link":"https:\/\/sites.usp.br\/cpp\/acervo-cpp\/","title":{"rendered":"Acervo CPP"},"content":{"rendered":"<p style=\"text-align: center\"><span style=\"color: #000000\"><strong><span style=\"color: #000000\"><\/span><a href=\"https:\/\/sites.usp.br\/cpp\/acervo\/\">Acervo<\/a> do CPP est\u00e1 dispon\u00edvel para aqueles que est\u00e3o vinculadas ao grupo. <\/strong><\/span><\/p>\n<p style=\"text-align: center\"><span style=\"color: #000000\"><strong>Contamos com um n\u00famero singular de materiais de pesquisa, como revistas, Anais de Congressos, Trabalhos publicados (Mestrados, Doutorados), entre outros.<\/strong><\/span><\/p>\n<p style=\"text-align: center\">\n<p style=\"text-align: center\">\n<p style=\"text-align: center\">\n<p style=\"text-align: center\">\n<p style=\"text-align: center\">\n<p style=\"text-align: center\">\n<p style=\"text-align: center\">\n<p style=\"text-align: center\">\n","protected":false},"excerpt":{"rendered":"<p>Acervo do CPP est\u00e1 dispon\u00edvel para aqueles que est\u00e3o vinculadas ao grupo. Contamos com um [&hellip;]<\/p>\n","protected":false},"author":273,"featured_media":0,"parent":0,"menu_order":0,"comment_status":"closed","ping_status":"closed","template":"","meta":{"footnotes":"","_links_to":"","_links_to_target":""},"class_list":["post-873","page","type-page","status-publish","hentry"],"_links":{"self":[{"href":"https:\/\/sites.usp.br\/cpp\/wp-json\/wp\/v2\/pages\/873","targetHints":{"allow":["GET"]}}],"collection":[{"href":"https:\/\/sites.usp.br\/cpp\/wp-json\/wp\/v2\/pages"}],"about":[{"href":"https:\/\/sites.usp.br\/cpp\/wp-json\/wp\/v2\/types\/page"}],"author":[{"embeddable":true,"href":"https:\/\/sites.usp.br\/cpp\/wp-json\/wp\/v2\/users\/273"}],"replies":[{"embeddable":true,"href":"https:\/\/sites.usp.br\/cpp\/wp-json\/wp\/v2\/comments?post=873"}],"version-history":[{"count":2,"href":"https:\/\/sites.usp.br\/cpp\/wp-json\/wp\/v2\/pages\/873\/revisions"}],"predecessor-version":[{"id":878,"href":"https:\/\/sites.usp.br\/cpp\/wp-json\/wp\/v2\/pages\/873\/revisions\/878"}],"wp:attachment":[{"href":"https:\/\/sites.usp.br\/cpp\/wp-json\/wp\/v2\/media?parent=873"}],"curies":[{"name":"wp","href":"https:\/\/api.w.org\/{rel}","templated":true}]}}