{"id":2855,"date":"2022-11-28T15:46:43","date_gmt":"2022-11-28T18:46:43","guid":{"rendered":"https:\/\/sites.usp.br\/craft\/?page_id=2855"},"modified":"2022-11-29T14:49:32","modified_gmt":"2022-11-29T17:49:32","slug":"pesquisa","status":"publish","type":"page","link":"https:\/\/sites.usp.br\/craft\/pesquisa\/","title":{"rendered":"Pesquisa"},"content":{"rendered":"\t\t<div data-elementor-type=\"wp-page\" data-elementor-id=\"2855\" class=\"elementor elementor-2855\" data-elementor-post-type=\"page\">\n\t\t\t\t\t\t<section class=\"elementor-section elementor-top-section elementor-element elementor-element-29deee8 elementor-section-boxed elementor-section-height-default elementor-section-height-default\" data-id=\"29deee8\" data-element_type=\"section\">\n\t\t\t\t\t\t<div class=\"elementor-container elementor-column-gap-default\">\n\t\t\t\t\t<div class=\"elementor-column elementor-col-50 elementor-top-column elementor-element elementor-element-0d0115f\" data-id=\"0d0115f\" data-element_type=\"column\">\n\t\t\t<div class=\"elementor-widget-wrap elementor-element-populated\">\n\t\t\t\t\t\t<div class=\"elementor-element elementor-element-c6fe644 elementor-widget elementor-widget-image\" data-id=\"c6fe644\" data-element_type=\"widget\" data-widget_type=\"image.default\">\n\t\t\t\t<div class=\"elementor-widget-container\">\n\t\t\t\t\t\t\t\t\t\t\t\t\t<img fetchpriority=\"high\" decoding=\"async\" width=\"919\" height=\"631\" src=\"https:\/\/sites.usp.br\/craft\/wp-content\/uploads\/sites\/1214\/2022\/11\/TcDHODH_Figure.png\" class=\"attachment-large size-large wp-image-2865\" alt=\"\" srcset=\"https:\/\/sites.usp.br\/craft\/wp-content\/uploads\/sites\/1214\/2022\/11\/TcDHODH_Figure.png 919w, https:\/\/sites.usp.br\/craft\/wp-content\/uploads\/sites\/1214\/2022\/11\/TcDHODH_Figure-300x206.png 300w, https:\/\/sites.usp.br\/craft\/wp-content\/uploads\/sites\/1214\/2022\/11\/TcDHODH_Figure-768x527.png 768w, https:\/\/sites.usp.br\/craft\/wp-content\/uploads\/sites\/1214\/2022\/11\/TcDHODH_Figure-400x275.png 400w\" sizes=\"(max-width: 919px) 100vw, 919px\" \/>\t\t\t\t\t\t\t\t\t\t\t\t\t<\/div>\n\t\t\t\t<\/div>\n\t\t\t\t\t<\/div>\n\t\t<\/div>\n\t\t\t\t<div class=\"elementor-column elementor-col-50 elementor-top-column elementor-element elementor-element-9f4ef41\" data-id=\"9f4ef41\" data-element_type=\"column\">\n\t\t\t<div class=\"elementor-widget-wrap elementor-element-populated\">\n\t\t\t\t\t\t<div class=\"elementor-element elementor-element-a0af9b7 elementor-widget elementor-widget-text-editor\" data-id=\"a0af9b7\" data-element_type=\"widget\" data-widget_type=\"text-editor.default\">\n\t\t\t\t<div class=\"elementor-widget-container\">\n\t\t\t\t\t\t\t<p>Estudos estruturais de enzimas e seus complexos com inibidores<\/p>\t\t\t\t\t\t<\/div>\n\t\t\t\t<\/div>\n\t\t\t\t\t<\/div>\n\t\t<\/div>\n\t\t\t\t\t<\/div>\n\t\t<\/section>\n\t\t\t\t<section class=\"elementor-section elementor-top-section elementor-element elementor-element-7b73f06 elementor-section-boxed elementor-section-height-default elementor-section-height-default\" data-id=\"7b73f06\" data-element_type=\"section\">\n\t\t\t\t\t\t<div class=\"elementor-container elementor-column-gap-default\">\n\t\t\t\t\t<div class=\"elementor-column elementor-col-50 elementor-top-column elementor-element elementor-element-5f4a5af\" data-id=\"5f4a5af\" data-element_type=\"column\">\n\t\t\t<div class=\"elementor-widget-wrap\">\n\t\t\t\t\t\t\t<\/div>\n\t\t<\/div>\n\t\t\t\t<div class=\"elementor-column elementor-col-50 elementor-top-column elementor-element elementor-element-2ec42ed\" data-id=\"2ec42ed\" data-element_type=\"column\">\n\t\t\t<div class=\"elementor-widget-wrap elementor-element-populated\">\n\t\t\t\t\t\t<div class=\"elementor-element elementor-element-3751fea elementor-widget elementor-widget-text-editor\" data-id=\"3751fea\" data-element_type=\"widget\" data-widget_type=\"text-editor.default\">\n\t\t\t\t<div class=\"elementor-widget-container\">\n\t\t\t\t\t\t\t<p>S\u00edntese de mol\u00e9culas org\u00e2nicas com potencial atividade biol\u00f3gica<\/p>\t\t\t\t\t\t<\/div>\n\t\t\t\t<\/div>\n\t\t\t\t\t<\/div>\n\t\t<\/div>\n\t\t\t\t\t<\/div>\n\t\t<\/section>\n\t\t\t\t<section class=\"elementor-section elementor-top-section elementor-element elementor-element-9b227d5 elementor-section-boxed elementor-section-height-default elementor-section-height-default\" data-id=\"9b227d5\" data-element_type=\"section\">\n\t\t\t\t\t\t<div class=\"elementor-container elementor-column-gap-default\">\n\t\t\t\t\t<div class=\"elementor-column elementor-col-50 elementor-top-column elementor-element elementor-element-7c32c0f\" data-id=\"7c32c0f\" data-element_type=\"column\">\n\t\t\t<div class=\"elementor-widget-wrap\">\n\t\t\t\t\t\t\t<\/div>\n\t\t<\/div>\n\t\t\t\t<div class=\"elementor-column elementor-col-50 elementor-top-column elementor-element elementor-element-3ac1896\" data-id=\"3ac1896\" data-element_type=\"column\">\n\t\t\t<div class=\"elementor-widget-wrap elementor-element-populated\">\n\t\t\t\t\t\t<div class=\"elementor-element elementor-element-45be5e8 elementor-widget elementor-widget-text-editor\" data-id=\"45be5e8\" data-element_type=\"widget\" data-widget_type=\"text-editor.default\">\n\t\t\t\t<div class=\"elementor-widget-container\">\n\t\t\t\t\t\t\t<p>Desenho e modelamento de mol\u00e9culas org\u00e2nicas com potencial medicinal<\/p>\t\t\t\t\t\t<\/div>\n\t\t\t\t<\/div>\n\t\t\t\t\t<\/div>\n\t\t<\/div>\n\t\t\t\t\t<\/div>\n\t\t<\/section>\n\t\t\t\t<\/div>\n\t\t","protected":false},"excerpt":{"rendered":"<p>Estudos estruturais de enzimas e seus complexos com inibidores S\u00edntese de mol\u00e9culas org\u00e2nicas com potencial atividade biol\u00f3gica Desenho e modelamento de mol\u00e9culas org\u00e2nicas com potencial medicinal<\/p>\n","protected":false},"author":23346,"featured_media":0,"parent":0,"menu_order":0,"comment_status":"closed","ping_status":"closed","template":"","meta":{"_monsterinsights_skip_tracking":false,"_monsterinsights_sitenote_active":false,"_monsterinsights_sitenote_note":"","_monsterinsights_sitenote_category":0,"footnotes":"","_links_to":"","_links_to_target":""},"class_list":["post-2855","page","type-page","status-publish","hentry","entry"],"_links":{"self":[{"href":"https:\/\/sites.usp.br\/craft\/wp-json\/wp\/v2\/pages\/2855","targetHints":{"allow":["GET"]}}],"collection":[{"href":"https:\/\/sites.usp.br\/craft\/wp-json\/wp\/v2\/pages"}],"about":[{"href":"https:\/\/sites.usp.br\/craft\/wp-json\/wp\/v2\/types\/page"}],"author":[{"embeddable":true,"href":"https:\/\/sites.usp.br\/craft\/wp-json\/wp\/v2\/users\/23346"}],"replies":[{"embeddable":true,"href":"https:\/\/sites.usp.br\/craft\/wp-json\/wp\/v2\/comments?post=2855"}],"version-history":[{"count":4,"href":"https:\/\/sites.usp.br\/craft\/wp-json\/wp\/v2\/pages\/2855\/revisions"}],"predecessor-version":[{"id":2885,"href":"https:\/\/sites.usp.br\/craft\/wp-json\/wp\/v2\/pages\/2855\/revisions\/2885"}],"wp:attachment":[{"href":"https:\/\/sites.usp.br\/craft\/wp-json\/wp\/v2\/media?parent=2855"}],"curies":[{"name":"wp","href":"https:\/\/api.w.org\/{rel}","templated":true}]}}