{"id":191,"date":"2019-09-12T17:07:20","date_gmt":"2019-09-12T19:07:20","guid":{"rendered":"https:\/\/sites.usp.br\/ctsi\/?page_id=191"},"modified":"2019-09-12T17:49:05","modified_gmt":"2019-09-12T19:49:05","slug":"links-de-interesse","status":"publish","type":"page","link":"https:\/\/sites.usp.br\/ctsi\/links-de-interesse\/","title":{"rendered":"Links de Interesse"},"content":{"rendered":"<p><strong>Rede de C\u00e1tedras CTS+i da Organiza\u00e7\u00e3o dos Estados Iberoamericanos (OEI)<\/strong><\/p>\n<p>site: <a href=\"https:\/\/www.oei.es\/historico\/cienciayuniversidad\/spip.php?article5678\">https:\/\/www.oei.es\/historico\/cienciayuniversidad\/spip.php?article5678<\/a><\/p>\n<p><strong>Instituto de Estudios de la Ciencia y la Tecnolog\u00eda &#8211; Universidad de Salamanca<\/strong><\/p>\n<p>site: <a href=\"http:\/\/ecyt.usal.es\/\">http:\/\/ecyt.usal.es\/<\/a><\/p>\n<p><strong>Grupo de Investigaci\u00f3n de Estudios Sociales de la Ciencia &#8211; Universidad de Oviedo<\/strong><\/p>\n<p>site: <a href=\"http:\/\/cts.grupos.uniovi.es\/\">http:\/\/cts.grupos.uniovi.es\/<\/a><\/p>\n<p><strong>STS Program &#8211; Harvard University<\/strong><\/p>\n<p>site: <a href=\"http:\/\/sts.hks.harvard.edu\/\">http:\/\/sts.hks.harvard.edu\/<\/a><\/p>\n<p><strong>STS Program &#8211; Massachusetts Institute of Technology<\/strong><\/p>\n<p>site: <a href=\"https:\/\/sts-program.mit.edu\/\">https:\/\/sts-program.mit.edu\/<\/a><\/p>\n<p><strong>STS Program &#8211; Stanford University<\/strong><\/p>\n<p>site: <a href=\"https:\/\/sts.stanford.edu\/\">https:\/\/sts.stanford.edu\/<\/a><\/p>\n<p><strong>Department of Science\u00a0 and Technology Studies &#8211; University of Vienna<\/strong><\/p>\n<p>site: <a href=\"https:\/\/sts.univie.ac.at\/en\/\">https:\/\/sts.univie.ac.at\/en\/<\/a><\/p>\n<p><strong>Institute for Science, Innovation and Society &#8211; Oxford University<\/strong><\/p>\n<p>site: <a href=\"https:\/\/sts.univie.ac.at\/en\/\">https:\/\/sts.univie.ac.at\/en\/<\/a><\/p>\n<p>&nbsp;<\/p>\n<p>&nbsp;<\/p>\n","protected":false},"excerpt":{"rendered":"<p>Rede de C\u00e1tedras CTS+i da Organiza\u00e7\u00e3o dos Estados Iberoamericanos (OEI) site: https:\/\/www.oei.es\/historico\/cienciayuniversidad\/spip.php?article5678 Instituto de Estudios de la Ciencia y la Tecnolog\u00eda &#8211; Universidad de Salamanca site: http:\/\/ecyt.usal.es\/ Grupo de Investigaci\u00f3n de Estudios Sociales de la Ciencia &#8211; Universidad de Oviedo site: http:\/\/cts.grupos.uniovi.es\/ STS Program &#8211; Harvard University site: http:\/\/sts.hks.harvard.edu\/ STS Program &#8211; Massachusetts Institute of [&hellip;]<\/p>\n","protected":false},"author":1121,"featured_media":0,"parent":0,"menu_order":0,"comment_status":"closed","ping_status":"closed","template":"","meta":{"footnotes":"","_links_to":"","_links_to_target":""},"class_list":["post-191","page","type-page","status-publish","hentry"],"_links":{"self":[{"href":"https:\/\/sites.usp.br\/ctsi\/wp-json\/wp\/v2\/pages\/191","targetHints":{"allow":["GET"]}}],"collection":[{"href":"https:\/\/sites.usp.br\/ctsi\/wp-json\/wp\/v2\/pages"}],"about":[{"href":"https:\/\/sites.usp.br\/ctsi\/wp-json\/wp\/v2\/types\/page"}],"author":[{"embeddable":true,"href":"https:\/\/sites.usp.br\/ctsi\/wp-json\/wp\/v2\/users\/1121"}],"replies":[{"embeddable":true,"href":"https:\/\/sites.usp.br\/ctsi\/wp-json\/wp\/v2\/comments?post=191"}],"version-history":[{"count":4,"href":"https:\/\/sites.usp.br\/ctsi\/wp-json\/wp\/v2\/pages\/191\/revisions"}],"predecessor-version":[{"id":199,"href":"https:\/\/sites.usp.br\/ctsi\/wp-json\/wp\/v2\/pages\/191\/revisions\/199"}],"wp:attachment":[{"href":"https:\/\/sites.usp.br\/ctsi\/wp-json\/wp\/v2\/media?parent=191"}],"curies":[{"name":"wp","href":"https:\/\/api.w.org\/{rel}","templated":true}]}}