{"id":62,"date":"2014-02-12T11:28:30","date_gmt":"2014-02-12T13:28:30","guid":{"rendered":"http:\/\/sites.usp.br\/ctsi\/?page_id=62"},"modified":"2020-10-02T15:38:59","modified_gmt":"2020-10-02T17:38:59","slug":"pagina-1","status":"publish","type":"page","link":"https:\/\/sites.usp.br\/ctsi\/pagina-1\/","title":{"rendered":"Integrantes"},"content":{"rendered":"<p style=\"text-align: left;\"><img loading=\"lazy\" decoding=\"async\" class=\" wp-image-132 alignleft\" src=\"https:\/\/sites.usp.br\/ctsi\/wp-content\/uploads\/sites\/586\/2019\/08\/s200_elio_carlos.ricardo.jpg\" alt=\"\" width=\"173\" height=\"173\" srcset=\"https:\/\/sites.usp.br\/ctsi\/wp-content\/uploads\/sites\/586\/2019\/08\/s200_elio_carlos.ricardo.jpg 200w, https:\/\/sites.usp.br\/ctsi\/wp-content\/uploads\/sites\/586\/2019\/08\/s200_elio_carlos.ricardo-150x150.jpg 150w, https:\/\/sites.usp.br\/ctsi\/wp-content\/uploads\/sites\/586\/2019\/08\/s200_elio_carlos.ricardo-45x45.jpg 45w\" sizes=\"auto, (max-width: 173px) 100vw, 173px\" \/><\/p>\n<p>&nbsp;<\/p>\n<p>&nbsp;<\/p>\n<p>&nbsp;<\/p>\n<p><strong><br \/>\nProf. Dr. Elio Carlos Ricardo<\/strong><br \/>\nCoordenador do Centro de Estudos CTS+i<br \/>\nFaculdade de Educa\u00e7\u00e3o \u2013 Universidade de S\u00e3o Paulo<br \/>\nResearchgate:\u00a0<a href=\"https:\/\/www.researchgate.net\/profile\/Elio_Ricardo\">https:\/\/www.researchgate.net\/profile\/Elio_Ricardo<\/a><br \/>\nAcademia: <a href=\"https:\/\/usp-br.academia.edu\/ElioCarlosRicardo\">https:\/\/usp-br.academia.edu\/ElioCarlosRicardo<\/a><br \/>\nCurr\u00edculo Plataforma Lattes: <a href=\"http:\/\/lattes.cnpq.br\/8168423053411248\">http:\/\/lattes.cnpq.br\/8168423053411248<\/a><br \/>\nContato: <a href=\"mailto:elioricardo@usp.br\">elioricardo@usp.br<\/a><\/p>\n<p><a href=\"https:\/\/sites.usp.br\/ctsi\/wp-content\/uploads\/sites\/586\/2019\/11\/foto-angie.jpg\"><img loading=\"lazy\" decoding=\"async\" class=\"alignnone wp-image-289\" src=\"https:\/\/sites.usp.br\/ctsi\/wp-content\/uploads\/sites\/586\/2019\/11\/foto-angie-300x300.jpg\" alt=\"\" width=\"176\" height=\"176\" srcset=\"https:\/\/sites.usp.br\/ctsi\/wp-content\/uploads\/sites\/586\/2019\/11\/foto-angie-300x300.jpg 300w, https:\/\/sites.usp.br\/ctsi\/wp-content\/uploads\/sites\/586\/2019\/11\/foto-angie-150x150.jpg 150w, https:\/\/sites.usp.br\/ctsi\/wp-content\/uploads\/sites\/586\/2019\/11\/foto-angie-45x45.jpg 45w, https:\/\/sites.usp.br\/ctsi\/wp-content\/uploads\/sites\/586\/2019\/11\/foto-angie-200x200.jpg 200w, https:\/\/sites.usp.br\/ctsi\/wp-content\/uploads\/sites\/586\/2019\/11\/foto-angie-400x400.jpg 400w, https:\/\/sites.usp.br\/ctsi\/wp-content\/uploads\/sites\/586\/2019\/11\/foto-angie.jpg 600w\" sizes=\"auto, (max-width: 176px) 100vw, 176px\" \/><\/a><br \/>\n<strong>Dra. Angiebelk Y. Monsalve Garc\u00eda<\/strong><br \/>\nDoutora em Estudios Sociales de la Ciencia y la Tecnolog\u00eda pelo<br \/>\nInstituto de Estudios de la Ciencia y la Tecnolog\u00eda &#8211; Universidad de Salamanca<\/p>\n<p><a href=\"https:\/\/sites.usp.br\/ctsi\/wp-content\/uploads\/sites\/586\/2019\/10\/FOFOFOFOFOF.png\"><img loading=\"lazy\" decoding=\"async\" class=\"wp-image-280 alignnone\" src=\"https:\/\/sites.usp.br\/ctsi\/wp-content\/uploads\/sites\/586\/2019\/10\/FOFOFOFOFOF-300x270.png\" alt=\"\" width=\"183\" height=\"165\" srcset=\"https:\/\/sites.usp.br\/ctsi\/wp-content\/uploads\/sites\/586\/2019\/10\/FOFOFOFOFOF-300x270.png 300w, https:\/\/sites.usp.br\/ctsi\/wp-content\/uploads\/sites\/586\/2019\/10\/FOFOFOFOFOF-768x692.png 768w, https:\/\/sites.usp.br\/ctsi\/wp-content\/uploads\/sites\/586\/2019\/10\/FOFOFOFOFOF-1024x923.png 1024w, https:\/\/sites.usp.br\/ctsi\/wp-content\/uploads\/sites\/586\/2019\/10\/FOFOFOFOFOF-400x361.png 400w, https:\/\/sites.usp.br\/ctsi\/wp-content\/uploads\/sites\/586\/2019\/10\/FOFOFOFOFOF.png 1117w\" sizes=\"auto, (max-width: 183px) 100vw, 183px\" \/><\/a><br \/>\n<strong>Profa. Dra. Anna Lucia Villavicencio<br \/>\n<\/strong>Instituto de Pesquisas Energ\u00e9ticas e Nucleares &#8211; IPEN [<a href=\"http:\/\/www.ipen.br\/\" target=\"_blank\" rel=\"noopener noreferrer\" data-saferedirecturl=\"https:\/\/www.google.com\/url?q=http:\/\/www.ipen.br&amp;source=gmail&amp;ust=1571444615102000&amp;usg=AFQjCNGKiV0eNJawHr1FVr8lvLx0oKeugw\">www.ipen.br<\/a>]\nCurr\u00edculo Plataforma Lattes: <a href=\"http:\/\/lattes.cnpq.br\/8974044978238265\" target=\"_blank\" rel=\"noopener noreferrer\" data-saferedirecturl=\"https:\/\/www.google.com\/url?q=http:\/\/lattes.cnpq.br\/8974044978238265&amp;source=gmail&amp;ust=1571444615102000&amp;usg=AFQjCNHor1ZjiPN_xbm48VRU3ddGbLnPcg\">http:\/\/lattes.cnpq.br\/<wbr \/>8974044978238265<\/a><\/p>\n<p><a href=\"https:\/\/sites.usp.br\/ctsi\/wp-content\/uploads\/sites\/586\/2019\/10\/lattes.jpg\"><img loading=\"lazy\" decoding=\"async\" class=\"alignnone wp-image-286\" src=\"https:\/\/sites.usp.br\/ctsi\/wp-content\/uploads\/sites\/586\/2019\/10\/lattes.jpg\" alt=\"\" width=\"182\" height=\"188\" srcset=\"https:\/\/sites.usp.br\/ctsi\/wp-content\/uploads\/sites\/586\/2019\/10\/lattes.jpg 250w, https:\/\/sites.usp.br\/ctsi\/wp-content\/uploads\/sites\/586\/2019\/10\/lattes-45x45.jpg 45w\" sizes=\"auto, (max-width: 182px) 100vw, 182px\" \/><\/a><br \/>\n<strong>Profa. Dra. Denise Levy<br \/>\n<\/strong>Instituto de Pesquisas Energ\u00e9ticas e Nucleares &#8211; IPEN [<a href=\"http:\/\/www.ipen.br\/\" target=\"_blank\" rel=\"noopener noreferrer\" data-saferedirecturl=\"https:\/\/www.google.com\/url?q=http:\/\/www.ipen.br&amp;source=gmail&amp;ust=1571444615102000&amp;usg=AFQjCNGKiV0eNJawHr1FVr8lvLx0oKeugw\">www.ipen.br<\/a>]\nCurr\u00edculo Plataforma Lattes: <a href=\"http:\/\/lattes.cnpq.br\/4926521187064724\" target=\"_blank\" rel=\"noopener noreferrer\" data-saferedirecturl=\"https:\/\/www.google.com\/url?q=http:\/\/lattes.cnpq.br\/4926521187064724&amp;source=gmail&amp;ust=1571485390416000&amp;usg=AFQjCNEwPyGsbnI_uBIMwMpIWUEgI0isxw\">http:\/\/lattes.cnpq.br\/<wbr \/>4926521187064724<\/a><\/p>\n<p style=\"text-align: left;\"><strong><a href=\"https:\/\/sites.usp.br\/ctsi\/wp-content\/uploads\/sites\/586\/2019\/10\/fotofoto.jpg\"><img loading=\"lazy\" decoding=\"async\" class=\"wp-image-271 alignleft\" src=\"https:\/\/sites.usp.br\/ctsi\/wp-content\/uploads\/sites\/586\/2019\/10\/fotofoto-300x276.jpg\" alt=\"\" width=\"181\" height=\"167\" srcset=\"https:\/\/sites.usp.br\/ctsi\/wp-content\/uploads\/sites\/586\/2019\/10\/fotofoto-300x276.jpg 300w, https:\/\/sites.usp.br\/ctsi\/wp-content\/uploads\/sites\/586\/2019\/10\/fotofoto-768x706.jpg 768w, https:\/\/sites.usp.br\/ctsi\/wp-content\/uploads\/sites\/586\/2019\/10\/fotofoto-400x368.jpg 400w, https:\/\/sites.usp.br\/ctsi\/wp-content\/uploads\/sites\/586\/2019\/10\/fotofoto.jpg 985w\" sizes=\"auto, (max-width: 181px) 100vw, 181px\" \/><\/a><\/strong><\/p>\n<p>&nbsp;<\/p>\n<p>&nbsp;<\/p>\n<p>&nbsp;<\/p>\n<p>&nbsp;<\/p>\n<p><strong>Profa. Dra. Erika Hingst Zaher<\/strong><br \/>\nInstituto Butantan: [<a href=\"http:\/\/www.butantan.gov.br\/\" target=\"_blank\" rel=\"noopener noreferrer\" data-saferedirecturl=\"https:\/\/www.google.com\/url?q=http:\/\/www.butantan.gov.br&amp;source=gmail&amp;ust=1571444615086000&amp;usg=AFQjCNG6oQE4SExwyOjr8tEz1MeWfKvAuw\">www.butantan.gov.br<\/a>]\nCurr\u00edculo Plataforma Lattes:<br \/>\n<a href=\"http:\/\/lattes.cnpq.br\/6794651802807812\" target=\"_blank\" rel=\"noopener noreferrer\" data-saferedirecturl=\"https:\/\/www.google.com\/url?q=http:\/\/lattes.cnpq.br\/6794651802807812&amp;source=gmail&amp;ust=1571444615086000&amp;usg=AFQjCNErFo0PYu2UerVa9IT25Jah_HXdQA\">http:\/\/lattes.cnpq.br\/<wbr \/>6794651802807812<\/a><\/p>\n<p><a href=\"https:\/\/sites.usp.br\/ctsi\/wp-content\/uploads\/sites\/586\/2019\/09\/IMG-20190915-WA0007-e1568729360812.jpg\"><img loading=\"lazy\" decoding=\"async\" class=\"alignnone wp-image-207\" src=\"https:\/\/sites.usp.br\/ctsi\/wp-content\/uploads\/sites\/586\/2019\/09\/IMG-20190915-WA0007-e1568729360812-300x286.jpg\" alt=\"\" width=\"179\" height=\"170\" srcset=\"https:\/\/sites.usp.br\/ctsi\/wp-content\/uploads\/sites\/586\/2019\/09\/IMG-20190915-WA0007-e1568729360812-300x286.jpg 300w, https:\/\/sites.usp.br\/ctsi\/wp-content\/uploads\/sites\/586\/2019\/09\/IMG-20190915-WA0007-e1568729360812-768x732.jpg 768w, https:\/\/sites.usp.br\/ctsi\/wp-content\/uploads\/sites\/586\/2019\/09\/IMG-20190915-WA0007-e1568729360812-400x381.jpg 400w, https:\/\/sites.usp.br\/ctsi\/wp-content\/uploads\/sites\/586\/2019\/09\/IMG-20190915-WA0007-e1568729360812.jpg 883w\" sizes=\"auto, (max-width: 179px) 100vw, 179px\" \/><\/a><br \/>\n<strong>Prof\u00aa. Glaucileide da Silva Oliveira<br \/>\n<\/strong>Aluna de p\u00f3s-gradua\u00e7\u00e3o da Faculdade de Educa\u00e7\u00e3o da USP<strong><br \/>\n<\/strong>Curr\u00edculo Plataforma Lattes:<br \/>\n<a href=\"http:\/\/lattes.cnpq.br\/6244904534106600\">http:\/\/lattes.cnpq.br\/6244904534106600<\/a><\/p>\n<p><a href=\"https:\/\/sites.usp.br\/ctsi\/wp-content\/uploads\/sites\/586\/2019\/09\/FOTO-SITE.jpg\"><img loading=\"lazy\" decoding=\"async\" class=\"alignnone wp-image-160\" src=\"https:\/\/sites.usp.br\/ctsi\/wp-content\/uploads\/sites\/586\/2019\/09\/FOTO-SITE-300x275.jpg\" alt=\"\" width=\"170\" height=\"156\" srcset=\"https:\/\/sites.usp.br\/ctsi\/wp-content\/uploads\/sites\/586\/2019\/09\/FOTO-SITE-300x275.jpg 300w, https:\/\/sites.usp.br\/ctsi\/wp-content\/uploads\/sites\/586\/2019\/09\/FOTO-SITE-400x366.jpg 400w, https:\/\/sites.usp.br\/ctsi\/wp-content\/uploads\/sites\/586\/2019\/09\/FOTO-SITE.jpg 521w\" sizes=\"auto, (max-width: 170px) 100vw, 170px\" \/><\/a><br \/>\n<strong><span style=\"font-family: arial, helvetica, sans-serif;\">Prof\u00aa. Hadassa Harumi Castelo Onisaki<\/span><br \/>\n<\/strong>Aluna de p\u00f3s-gradua\u00e7\u00e3o da Faculdade de Educa\u00e7\u00e3o da USP<br \/>\nCurr\u00edculo Plataforma Lattes:<br \/>\n<a href=\"http:\/\/lattes.cnpq.br\/8426129188472901\">http:\/\/lattes.cnpq.br\/8426129188472901<\/a><\/p>\n<div><a href=\"https:\/\/sites.usp.br\/ctsi\/wp-content\/uploads\/sites\/586\/2020\/10\/Raynara.jpg\"><img loading=\"lazy\" decoding=\"async\" class=\"alignnone  wp-image-296\" src=\"https:\/\/sites.usp.br\/ctsi\/wp-content\/uploads\/sites\/586\/2020\/10\/Raynara-300x273.jpg\" alt=\"\" width=\"171\" height=\"156\" srcset=\"https:\/\/sites.usp.br\/ctsi\/wp-content\/uploads\/sites\/586\/2020\/10\/Raynara-300x273.jpg 300w, https:\/\/sites.usp.br\/ctsi\/wp-content\/uploads\/sites\/586\/2020\/10\/Raynara.jpg 347w\" sizes=\"auto, (max-width: 171px) 100vw, 171px\" \/><\/a><\/div>\n<div><\/div>\n<div><strong><span style=\"font-family: arial, sans-serif;\">Me.\u00a0<span class=\"il\">Raynara<\/span>\u00a0Maria Silva Jacovone<\/span><\/strong><\/div>\n<div>\n<div><span style=\"font-family: arial, sans-serif;\">Instituto de Pesquisas Energ\u00e9ticas e Nucleares \u2013 IPEN\u00a0<\/span><\/div>\n<div>Curr\u00edculo Plataforma Lattes:<\/div>\n<div><a href=\"http:\/\/lattes.cnpq.br\/4364307348552912\" target=\"_blank\" rel=\"noopener noreferrer\" data-saferedirecturl=\"https:\/\/www.google.com\/url?q=http:\/\/lattes.cnpq.br\/4364307348552912&amp;source=gmail&amp;ust=1601744972092000&amp;usg=AFQjCNFTXso3b1Lgcp_ZoT6tdFuQW3Z09g\">http:\/\/lattes.cnpq.<wbr \/>br\/4364307348552912<\/a><\/div>\n<\/div>\n<div><\/div>\n<div><a href=\"https:\/\/sites.usp.br\/ctsi\/wp-content\/uploads\/sites\/586\/2020\/10\/Solange.jpeg\"><img loading=\"lazy\" decoding=\"async\" class=\"alignnone  wp-image-297\" src=\"https:\/\/sites.usp.br\/ctsi\/wp-content\/uploads\/sites\/586\/2020\/10\/Solange-300x300.jpeg\" alt=\"\" width=\"188\" height=\"188\" srcset=\"https:\/\/sites.usp.br\/ctsi\/wp-content\/uploads\/sites\/586\/2020\/10\/Solange-300x300.jpeg 300w, https:\/\/sites.usp.br\/ctsi\/wp-content\/uploads\/sites\/586\/2020\/10\/Solange-150x150.jpeg 150w, https:\/\/sites.usp.br\/ctsi\/wp-content\/uploads\/sites\/586\/2020\/10\/Solange-45x45.jpeg 45w, https:\/\/sites.usp.br\/ctsi\/wp-content\/uploads\/sites\/586\/2020\/10\/Solange-200x200.jpeg 200w, https:\/\/sites.usp.br\/ctsi\/wp-content\/uploads\/sites\/586\/2020\/10\/Solange-400x400.jpeg 400w, https:\/\/sites.usp.br\/ctsi\/wp-content\/uploads\/sites\/586\/2020\/10\/Solange.jpeg 768w\" sizes=\"auto, (max-width: 188px) 100vw, 188px\" \/><\/a><\/div>\n<div><\/div>\n<div>\n<div><strong><span style=\"font-family: arial, sans-serif;\">Profa. Dra. Solange Kazumi Sakata<\/span><\/strong><\/div>\n<div><span style=\"font-family: arial, sans-serif;\">Instituto de Pesquisas Energ\u00e9ticas e Nucleares \u2013 IPEN\u00a0<\/span><\/div>\n<div><span style=\"font-family: arial, sans-serif;\">Lattes:\u00a0<\/span><a href=\"http:\/\/lattes.cnpq.br\/7715634436402530\" target=\"_blank\" rel=\"noopener noreferrer\" data-saferedirecturl=\"https:\/\/www.google.com\/url?q=http:\/\/lattes.cnpq.br\/7715634436402530&amp;source=gmail&amp;ust=1601744972092000&amp;usg=AFQjCNE4Op5TIXuACXjE0-lqrKlNhFfmkw\">http:\/\/lattes.cnpq.br\/<wbr \/>7715634436402530<\/a><\/div>\n<\/div>\n<div><\/div>\n<div><\/div>\n<div><\/div>\n<div><\/div>\n<div><\/div>\n<div><\/div>\n<div><\/div>\n<div><\/div>\n<div><\/div>\n<div><\/div>\n<div><\/div>\n<div><\/div>\n<div><\/div>\n<div><\/div>\n<div><\/div>\n<div>\n<div><\/div>\n<div><\/div>\n<div><\/div>\n<div><\/div>\n<\/div>\n<div><\/div>\n<div><\/div>\n<div><\/div>\n<div><\/div>\n<div><\/div>\n<div><\/div>\n<div><\/div>\n<div><\/div>\n<div><\/div>\n<p>&nbsp;<\/p>\n","protected":false},"excerpt":{"rendered":"<p>&nbsp; &nbsp; &nbsp; Prof. Dr. Elio Carlos Ricardo Coordenador do Centro de Estudos CTS+i Faculdade de Educa\u00e7\u00e3o \u2013 Universidade de S\u00e3o Paulo Researchgate:\u00a0https:\/\/www.researchgate.net\/profile\/Elio_Ricardo Academia: https:\/\/usp-br.academia.edu\/ElioCarlosRicardo Curr\u00edculo Plataforma Lattes: http:\/\/lattes.cnpq.br\/8168423053411248 Contato: elioricardo@usp.br Dra. Angiebelk Y. Monsalve Garc\u00eda Doutora em Estudios Sociales de la Ciencia y la Tecnolog\u00eda pelo Instituto de Estudios de la Ciencia y la [&hellip;]<\/p>\n","protected":false},"author":1,"featured_media":0,"parent":0,"menu_order":0,"comment_status":"closed","ping_status":"closed","template":"","meta":{"footnotes":"","_links_to":"","_links_to_target":""},"class_list":["post-62","page","type-page","status-publish","hentry"],"_links":{"self":[{"href":"https:\/\/sites.usp.br\/ctsi\/wp-json\/wp\/v2\/pages\/62","targetHints":{"allow":["GET"]}}],"collection":[{"href":"https:\/\/sites.usp.br\/ctsi\/wp-json\/wp\/v2\/pages"}],"about":[{"href":"https:\/\/sites.usp.br\/ctsi\/wp-json\/wp\/v2\/types\/page"}],"author":[{"embeddable":true,"href":"https:\/\/sites.usp.br\/ctsi\/wp-json\/wp\/v2\/users\/1"}],"replies":[{"embeddable":true,"href":"https:\/\/sites.usp.br\/ctsi\/wp-json\/wp\/v2\/comments?post=62"}],"version-history":[{"count":4,"href":"https:\/\/sites.usp.br\/ctsi\/wp-json\/wp\/v2\/pages\/62\/revisions"}],"predecessor-version":[{"id":299,"href":"https:\/\/sites.usp.br\/ctsi\/wp-json\/wp\/v2\/pages\/62\/revisions\/299"}],"wp:attachment":[{"href":"https:\/\/sites.usp.br\/ctsi\/wp-json\/wp\/v2\/media?parent=62"}],"curies":[{"name":"wp","href":"https:\/\/api.w.org\/{rel}","templated":true}]}}