{"id":64,"date":"2014-02-12T11:28:54","date_gmt":"2014-02-12T13:28:54","guid":{"rendered":"http:\/\/sites.usp.br\/ctsi\/?page_id=64"},"modified":"2019-09-23T11:01:54","modified_gmt":"2019-09-23T13:01:54","slug":"pagina-2","status":"publish","type":"page","link":"https:\/\/sites.usp.br\/ctsi\/pagina-2\/","title":{"rendered":"Eventos"},"content":{"rendered":"<p style=\"text-align: justify;\"><span style=\"font-size: 18pt; color: #3366ff;\"><strong>Eventos Futuros<\/strong><\/span><\/p>\n<p style=\"text-align: justify;\"><strong>I Jornada Tem\u00e1tica CTS+i: projetos de comunica\u00e7\u00e3o social da ci\u00eancia e da tecnologia<\/strong><\/p>\n<p style=\"text-align: justify;\">Local: Anfiteatro do IO-USP &#8211; Capital<\/p>\n<p style=\"text-align: justify;\">Data: 26 setembro de 2019<\/p>\n<p style=\"text-align: justify;\">Hor\u00e1rio: 09:00 &#8211; 12:00<\/p>\n<p style=\"text-align: justify;\">Objetivo: reunir docentes e pesquisadores da Universidade de S\u00e3o Paulo (USP), do Instituto Butantan (IB), do Instituto de Pesquisas Energ\u00e9ticas e Nucleares (IPEN) e outros Institutos de Pesquisa da Grande S\u00e3o Paulo para compartilhar projetos relacionados \u00e0 Comunica\u00e7\u00e3o Social da Ci\u00eancia e da Tecnologia, \u00e0 Difus\u00e3o do Conhecimento, \u00e0 Produ\u00e7\u00e3o de Materiais Did\u00e1ticos e a Projetos de aproxima\u00e7\u00e3o entre as Institui\u00e7\u00f5es de Pesquisa e a Sociedade, em especial, crian\u00e7as e adolescentes.<\/p>\n<p>Template para envio de trabalhos: [download id=&#8221;202&#8243; template=&#8221;TEMPLATE&#8221;]\n<p>Programa\u00e7\u00e3o do evento: [download id=&#8221;235&#8243;]\n<p><strong>VII Congreso de Comunicaci\u00f3n Social de la Ciencia 2019 &#8211; Burgos\/Espa\u00f1a<\/strong><\/p>\n<p>site do evento: <a href=\"https:\/\/www3.ubu.es\/ccsc2019\/\">https:\/\/www3.ubu.es\/ccsc2019\/<\/a><\/p>\n<p><strong>Congreso Cultura Cient\u00edfica y Tecnol\u00f3gica en la Sociedad Digital\u00a0 2019 &#8211; Oviedo\/Espa\u00f1a<\/strong><\/p>\n<p>site do evento: <a href=\"http:\/\/cts.grupos.uniovi.es\/actualidad\/-\/blogs\/congreso-cultura-cientifica-y-tecnologica-en-la-sociedad-digital\">http:\/\/cts.grupos.uniovi.es\/actualidad\/-\/blogs\/congreso-cultura-cientifica-y-tecnologica-en-la-sociedad-digital<\/a><\/p>\n<p><strong><span style=\"font-size: 18pt; color: #3366ff;\">Eventos Anteriores<\/span><\/strong><\/p>\n<p><strong>VI Congreso de Comunicaci\u00f3n Social de la Ciencia 2017 &#8211; Cordoba\/Espa\u00f1a<\/strong><\/p>\n<p>Atas [download id=&#8221;176&#8243;]\u00a0 \u00a0 [download id=&#8221;180&#8243;]\n<p><strong>Foro Iberoamericano de Ingenier\u00eda y Sociedad Digital 2018 &#8211; Oviedo\/Espa\u00f1a<\/strong><\/p>\n<p>site do evento: <a href=\"https:\/\/www.oei.es\/historico\/foroingenieriaysociedaddigital\/\">https:\/\/www.oei.es\/historico\/foroingenieriaysociedaddigital\/<\/a><\/p>\n","protected":false},"excerpt":{"rendered":"<p>Eventos Futuros I Jornada Tem\u00e1tica CTS+i: projetos de comunica\u00e7\u00e3o social da ci\u00eancia e da tecnologia Local: Anfiteatro do IO-USP &#8211; Capital Data: 26 setembro de 2019 Hor\u00e1rio: 09:00 &#8211; 12:00 Objetivo: reunir docentes e pesquisadores da Universidade de S\u00e3o Paulo (USP), do Instituto Butantan (IB), do Instituto de Pesquisas Energ\u00e9ticas e Nucleares (IPEN) e outros [&hellip;]<\/p>\n","protected":false},"author":1,"featured_media":0,"parent":0,"menu_order":0,"comment_status":"closed","ping_status":"closed","template":"","meta":{"footnotes":"","_links_to":"","_links_to_target":""},"class_list":["post-64","page","type-page","status-publish","hentry"],"_links":{"self":[{"href":"https:\/\/sites.usp.br\/ctsi\/wp-json\/wp\/v2\/pages\/64","targetHints":{"allow":["GET"]}}],"collection":[{"href":"https:\/\/sites.usp.br\/ctsi\/wp-json\/wp\/v2\/pages"}],"about":[{"href":"https:\/\/sites.usp.br\/ctsi\/wp-json\/wp\/v2\/types\/page"}],"author":[{"embeddable":true,"href":"https:\/\/sites.usp.br\/ctsi\/wp-json\/wp\/v2\/users\/1"}],"replies":[{"embeddable":true,"href":"https:\/\/sites.usp.br\/ctsi\/wp-json\/wp\/v2\/comments?post=64"}],"version-history":[{"count":5,"href":"https:\/\/sites.usp.br\/ctsi\/wp-json\/wp\/v2\/pages\/64\/revisions"}],"predecessor-version":[{"id":237,"href":"https:\/\/sites.usp.br\/ctsi\/wp-json\/wp\/v2\/pages\/64\/revisions\/237"}],"wp:attachment":[{"href":"https:\/\/sites.usp.br\/ctsi\/wp-json\/wp\/v2\/media?parent=64"}],"curies":[{"name":"wp","href":"https:\/\/api.w.org\/{rel}","templated":true}]}}