{"id":170,"date":"2022-03-12T01:36:17","date_gmt":"2022-03-12T04:36:17","guid":{"rendered":"https:\/\/sites.usp.br\/cybersec\/?page_id=170"},"modified":"2022-03-12T01:36:34","modified_gmt":"2022-03-12T04:36:34","slug":"sobre-o-autor","status":"publish","type":"page","link":"https:\/\/sites.usp.br\/cybersec\/sobre-o-autor\/","title":{"rendered":"Sobre o Autor"},"content":{"rendered":"<p><a href=\"https:\/\/sites.usp.br\/cybersec\/wp-content\/uploads\/sites\/1085\/2022\/03\/headshot-OK.png\"><img loading=\"lazy\" decoding=\"async\" class=\"size-medium wp-image-171 aligncenter\" src=\"https:\/\/sites.usp.br\/cybersec\/wp-content\/uploads\/sites\/1085\/2022\/03\/headshot-OK-289x300.png\" alt=\"Marcos A. Simplicio Jr.\" width=\"289\" height=\"300\" srcset=\"https:\/\/sites.usp.br\/cybersec\/wp-content\/uploads\/sites\/1085\/2022\/03\/headshot-OK-289x300.png 289w, https:\/\/sites.usp.br\/cybersec\/wp-content\/uploads\/sites\/1085\/2022\/03\/headshot-OK-987x1024.png 987w, https:\/\/sites.usp.br\/cybersec\/wp-content\/uploads\/sites\/1085\/2022\/03\/headshot-OK-768x797.png 768w, https:\/\/sites.usp.br\/cybersec\/wp-content\/uploads\/sites\/1085\/2022\/03\/headshot-OK-1481x1536.png 1481w, https:\/\/sites.usp.br\/cybersec\/wp-content\/uploads\/sites\/1085\/2022\/03\/headshot-OK-1975x2048.png 1975w, https:\/\/sites.usp.br\/cybersec\/wp-content\/uploads\/sites\/1085\/2022\/03\/headshot-OK-400x415.png 400w\" sizes=\"auto, (max-width: 289px) 100vw, 289px\" \/><\/a><\/p>\n<p style=\"text-align: center;\"><em>Prof. Dr. Marcos Antonio Simplicio Junior<\/em><br \/>\n<em>Escola Polit\u00e9cnica, Universidade de S\u00e3o Paulo (EP-USP)<\/em><\/p>\n<p style=\"text-align: center;\"><em>Endere\u00e7o: Av. Prof. Luciano Gualberto, travessa 3, n.158, sala C2-46<\/em><br \/>\n<em>Edif\u00edcio de Engenharia El\u00e9trica, Cidade Universit\u00e1ria, S\u00e3o Paulo-SP<\/em><br \/>\n<em>CEP 05508-010<\/em><\/p>\n<p>Possui gradua\u00e7\u00e3o em Engenharia El\u00e9trica (2006), com \u00canfase em Computa\u00e7\u00e3o, pela Escola Polit\u00e9cnica da Universidade de S\u00e3o Paulo (Poli-USP). Possui o t\u00edtulo de Master of Science (2006) pela Ecole Centrale Paris (Fran\u00e7a, 2006) e de Mestre (2008), Doutor (2010) e Livre Docente (2017) em Engenharia El\u00e9trica\/Sistemas Digitais, pela Poli-USP. Atua em projetos relacionados com cyber-seguran\u00e7a desde 2007, cobrindo aspectos de projeto e an\u00e1lise de primitivas de seguran\u00e7a, protocolos seguros e sistemas de seguran\u00e7a em geral. Atualmente, \u00e9 Professor Associado (n\u00edvel MS-5.3) e pesquisador na Poli-USP, onde participa de projetos de pesquisa e inova\u00e7\u00e3o em parceria com a iniciativa privada e com ag\u00eancias de fomento oficiais. Seus interesses de pesquisa e foco de projetos que coordena incluem seguran\u00e7a de redes e criptografia, em especial solu\u00e7\u00f5es voltadas a cen\u00e1rios com restri\u00e7\u00e3o de recursos (e.g., Internet das Coisas) e sistemas distribu\u00eddos (e.g., computa\u00e7\u00e3o em nuvem, sistemas peer-to-peer, blockchain e redes veiculares).<\/p>\n<p>Para maiores informa\u00e7\u00f5es e curr\u00edculo acad\u00eamico completo:<\/p>\n<ul>\n<li>Currr\u00edculo Lattes: <a href=\"http:\/\/lattes.cnpq.br\/6874544707185541\">http:\/\/lattes.cnpq.br\/6874544707185541<\/a>.<\/li>\n<li>Researchgate: <a href=\"https:\/\/www.researchgate.net\/profile\/Marcos_Simplicio\">https:\/\/www.researchgate.net\/profile\/Marcos_Simplicio<\/a><\/li>\n<li>Google Scholar: <a href=\"https:\/\/scholar.google.com\/citations?user=E7n_ohsAAAAJ&amp;hl=en\">https:\/\/scholar.google.com\/citations?user=E7n_ohsAAAAJ&amp;hl=en<\/a><\/li>\n<\/ul>\n","protected":false},"excerpt":{"rendered":"<p>Prof. Dr. Marcos Antonio Simplicio Junior Escola Polit\u00e9cnica, Universidade de S\u00e3o Paulo (EP-USP) Endere\u00e7o: Av. Prof. Luciano Gualberto, travessa 3, n.158, sala C2-46 Edif\u00edcio de Engenharia El\u00e9trica, Cidade Universit\u00e1ria, S\u00e3o Paulo-SP CEP 05508-010 Possui gradua\u00e7\u00e3o em Engenharia El\u00e9trica (2006), com \u00canfase em Computa\u00e7\u00e3o, pela Escola Polit\u00e9cnica da Universidade de S\u00e3o Paulo (Poli-USP). Possui o t\u00edtulo [&hellip;]<\/p>\n","protected":false},"author":22273,"featured_media":0,"parent":0,"menu_order":0,"comment_status":"closed","ping_status":"closed","template":"","meta":{"footnotes":"","_links_to":"","_links_to_target":""},"class_list":["post-170","page","type-page","status-publish","hentry"],"_links":{"self":[{"href":"https:\/\/sites.usp.br\/cybersec\/wp-json\/wp\/v2\/pages\/170","targetHints":{"allow":["GET"]}}],"collection":[{"href":"https:\/\/sites.usp.br\/cybersec\/wp-json\/wp\/v2\/pages"}],"about":[{"href":"https:\/\/sites.usp.br\/cybersec\/wp-json\/wp\/v2\/types\/page"}],"author":[{"embeddable":true,"href":"https:\/\/sites.usp.br\/cybersec\/wp-json\/wp\/v2\/users\/22273"}],"replies":[{"embeddable":true,"href":"https:\/\/sites.usp.br\/cybersec\/wp-json\/wp\/v2\/comments?post=170"}],"version-history":[{"count":2,"href":"https:\/\/sites.usp.br\/cybersec\/wp-json\/wp\/v2\/pages\/170\/revisions"}],"predecessor-version":[{"id":173,"href":"https:\/\/sites.usp.br\/cybersec\/wp-json\/wp\/v2\/pages\/170\/revisions\/173"}],"wp:attachment":[{"href":"https:\/\/sites.usp.br\/cybersec\/wp-json\/wp\/v2\/media?parent=170"}],"curies":[{"name":"wp","href":"https:\/\/api.w.org\/{rel}","templated":true}]}}