{"id":62,"date":"2014-02-12T11:28:30","date_gmt":"2014-02-12T13:28:30","guid":{"rendered":"http:\/\/sites.usp.br\/cybersec\/?page_id=62"},"modified":"2024-06-18T12:38:08","modified_gmt":"2024-06-18T15:38:08","slug":"industria","status":"publish","type":"page","link":"https:\/\/sites.usp.br\/cybersec\/industria\/","title":{"rendered":"Empresas"},"content":{"rendered":"<h2><a href=\"https:\/\/cipher.com\/pt\/company\/#WORKWITH\"><span style=\"text-decoration: underline;\">Cipher<\/span><\/a><\/h2>\n<p>Fundada no ano 2000, e adquirida pelo grupo Prosegur em Fevereiro de 2019, o portf\u00f3lio da Cipher inclui produtos e servi\u00e7os de seguran\u00e7a da informa\u00e7\u00e3o como: Managed Detection and Response (MDR), Managed Security Services (MSS), Cyber Intelligence Services (CIS), Red Team Services (RTS), Governance, Risk and Compliance (GRC) e Cyber Technology Integration (CTI). A empresa busca profissionais dedicados, colaborativos, comprometidos e que se identificam com o assunto seguran\u00e7a da informa\u00e7\u00e3o.<\/p>\n<p><strong>Link para vagas:\u00a0 <a href=\"https:\/\/cipher.com\/pt\/company\/#WORKWITH\">https:\/\/cipher.com\/pt\/company\/#WORKWITH<\/a><\/strong><\/p>\n<h2><a href=\"https:\/\/dxc.com\/us\/en\/careers\"><span style=\"text-decoration: underline;\">DXC Technology<\/span><\/a><\/h2>\n<p>Fundada em 2017 a partir da jun\u00e7\u00e3o da HPE (HP Enterprise), CSC (Computer Science Corporation) e EDS (Electronic Data Systems), a DXC Technology \u00e9 uma empresa lider na \u00e1rea de tecnologia da informa\u00e7\u00e3o (TI). Seu papel atual \u00e9 auxiliar clientes a operar sistemas de miss\u00e3o cr\u00edtica e a modernizar suas arquiteturas de TI com seguran\u00e7a e escalabilidade, usando nuvens p\u00fablicas, privadas ou h\u00edbridas. Contando com mais de 130 mil funcion\u00e1rios em mais de 70 pa\u00edses, a empresa busca criar uma cultura onde aprendizado, diversidade e inclus\u00e3o se une a um forte senso de \u00e9tica e cidadania.<\/p>\n<p><strong>Link para vagas:\u00a0 <a href=\"https:\/\/dxc.com\/us\/en\/careers\">https:\/\/dxc.com\/us\/en\/careers<\/a>\u00a0<\/strong><\/p>\n<h2><a href=\"https:\/\/www.forcepoint.com\/pt-br\/company\/careers\"><span style=\"text-decoration: underline;\">Forcepoint<\/span><\/a><\/h2>\n<p>Fundada em 1994,\u00a0 a Forcepoint fornece solu\u00e7\u00f5es de ciberseguran\u00e7a para prote\u00e7\u00e3o de usu\u00e1rios e dados, com a miss\u00e3o de proteger as organiza\u00e7\u00f5es ao impulsionar transforma\u00e7\u00e3o digital e crescimento. Sua miss\u00e3o \u00e9 fomentar ambientes seguros e confi\u00e1veis com uma solu\u00e7\u00e3o de seguran\u00e7a abrangente que entende as identidades digitais e seus comportamentos no ambiente digital, protegendo funcion\u00e1rios e dados cr\u00edticos em todos os lugares. Para isso, ela conta com uma equipe din\u00e2mica global, combinando ideias inovadoras e vontade de vencer.<\/p>\n<p><strong>Link para vagas: <a href=\"https:\/\/www.forcepoint.com\/pt-br\/company\/careers\">https:\/\/www.forcepoint.com\/pt-br\/company\/careers<\/a> \u00a0<\/strong><\/p>\n<h2><a href=\"https:\/\/techdevguide.withgoogle.com\/?_ga=2.192704426.1022682451.1718706235-649890267.1718706235&amp;_gl=1*5tn94l*careers_ga*NjQ5ODkwMjY3LjE3MTg3MDYyMzU.*careers_ga_41NEC9ZD62*MTcxODcwNjIzNS4xLjAuMTcxODcwNjIzOS4wLjAuMA..\"><span style=\"text-decoration: underline;\">Google<\/span><\/a><\/h2>\n<p>Criado em 1998, a miss\u00e3o do Google \u00e9 organizar as informa\u00e7\u00f5es do mundo para que sejam universalmente acess\u00edveis e \u00fateis para todos. Em 2024, o Google e o Governo de S\u00e3o Paulo anunciaram uma parceria para instalar um novo centro de engenharia da empresa no IPT (Instituto de Pesquisas Tecnol\u00f3gicas). Este centro tem como um dos focos projetos de pesquisa, desenvolvimento e inova\u00e7\u00e3o em Privacidade e Confiabilidade (Safety) e Ciberseguran\u00e7a, ampliando o leque de oportunidades para que estudantes e profissionais formados possam se candidatar a vagas na empresa. Para se preparar para o processo seletivo, \u00e9 recomendado\u00a0 acessar o <a href=\"https:\/\/techdevguide.withgoogle.com\/?_ga=2.192704426.1022682451.1718706235-649890267.1718706235&amp;_gl=1*5tn94l*careers_ga*NjQ5ODkwMjY3LjE3MTg3MDYyMzU.*careers_ga_41NEC9ZD62*MTcxODcwNjIzNS4xLjAuMTcxODcwNjIzOS4wLjAuMA\">material disponibilizado pela empresa neste link<\/a>.<\/p>\n<p><strong>Link para vagas (utilize os filtros adequados para seu est\u00e1gio da carreira): <a href=\"https:\/\/www.google.com\/about\/careers\/applications\/jobs\/results?location=Sao%20Paulo%2C%20Brazil&amp;skills=computer%20programming&amp;target_level=INTERN_AND_APPRENTICE#!t=jo&amp;jid=127025001&amp;\">https:\/\/www.google.com\/about\/careers\/applications\/jobs\/<\/a><\/strong><\/p>\n<h2><a href=\"https:\/\/ishtecnologia.gupy.io\"><span style=\"text-decoration: underline;\">ISH Tecnologia<\/span><\/a><\/h2>\n<p>Fundada em 1996, a ISH Tecnologia \u00e9 uma empresa brasileira que oferece solu\u00e7\u00f5es integradas e inovadoras de seguran\u00e7a e infraestrutura cibern\u00e9ticas, atendendo em todo o Brasil e Am\u00e9rica Latina. Com servi\u00e7os personalizados \u00e0s necessidades dos clientes, sua nossa miss\u00e3o \u00e9 tornar o mundo digital mais seguro e acess\u00edvel para as organiza\u00e7\u00f5es. Na ISH, voc\u00ea encontra um ambiente de extrema velocidade e volatilidade, onde se respira inova\u00e7\u00e3o em um espa\u00e7o voltado a desenvolver ao m\u00e1ximo o potencial de seus colaboradores e construir times de alto desempenho.<\/p>\n<p><strong>Link para vagas: <a href=\"https:\/\/ishtecnologia.gupy.io\">https:\/\/ishtecnologia.gupy.io<\/a><\/strong><\/p>\n<h2><a href=\"https:\/\/www.tempest.com.br\/estagio\/index.html\"><span style=\"text-decoration: underline;\">Tempest<\/span><\/a><\/h2>\n<p>Fundada em 2000, a Tempest Security Intelligence \u00e9 uma empresa brasileira especializada em ciberseguran\u00e7a e preven\u00e7\u00e3o a fraudes digitais. A empresa conta com um time de mais de 400 profissionais em escrit\u00f3rios no Brasil e Reino Unido. A empresa atua na pesquisa e cria\u00e7\u00e3o de novas solu\u00e7\u00f5es de prote\u00e7\u00e3o digital, aliando expertise t\u00e9cnica, s\u00f3lida metodologia e alta tecnologia para entregar solu\u00e7\u00f5es diversas, incluindo Consultorias, Managed Security Services (MSS), Integra\u00e7\u00e3o de Softwares de Seguran\u00e7a e Identidade Digital.<\/p>\n<p><strong>Link para vagas: <a href=\"https:\/\/www.tempest.com.br\/estagio\/index.html\">https:\/\/www.tempest.com.br\/estagio\/index.html<\/a><\/strong><\/p>\n","protected":false},"excerpt":{"rendered":"<p>Cipher Fundada no ano 2000, e adquirida pelo grupo Prosegur em Fevereiro de 2019, o portf\u00f3lio da Cipher inclui produtos e servi\u00e7os de seguran\u00e7a da informa\u00e7\u00e3o como: Managed Detection and Response (MDR), Managed Security Services (MSS), Cyber Intelligence Services (CIS), Red Team Services (RTS), Governance, Risk and Compliance (GRC) e Cyber Technology Integration (CTI). A [&hellip;]<\/p>\n","protected":false},"author":1,"featured_media":0,"parent":0,"menu_order":0,"comment_status":"closed","ping_status":"closed","template":"","meta":{"footnotes":"","_links_to":"","_links_to_target":""},"class_list":["post-62","page","type-page","status-publish","hentry"],"_links":{"self":[{"href":"https:\/\/sites.usp.br\/cybersec\/wp-json\/wp\/v2\/pages\/62","targetHints":{"allow":["GET"]}}],"collection":[{"href":"https:\/\/sites.usp.br\/cybersec\/wp-json\/wp\/v2\/pages"}],"about":[{"href":"https:\/\/sites.usp.br\/cybersec\/wp-json\/wp\/v2\/types\/page"}],"author":[{"embeddable":true,"href":"https:\/\/sites.usp.br\/cybersec\/wp-json\/wp\/v2\/users\/1"}],"replies":[{"embeddable":true,"href":"https:\/\/sites.usp.br\/cybersec\/wp-json\/wp\/v2\/comments?post=62"}],"version-history":[{"count":4,"href":"https:\/\/sites.usp.br\/cybersec\/wp-json\/wp\/v2\/pages\/62\/revisions"}],"predecessor-version":[{"id":200,"href":"https:\/\/sites.usp.br\/cybersec\/wp-json\/wp\/v2\/pages\/62\/revisions\/200"}],"wp:attachment":[{"href":"https:\/\/sites.usp.br\/cybersec\/wp-json\/wp\/v2\/media?parent=62"}],"curies":[{"name":"wp","href":"https:\/\/api.w.org\/{rel}","templated":true}]}}