{"id":79,"date":"2014-02-24T16:51:20","date_gmt":"2014-02-24T18:51:20","guid":{"rendered":"http:\/\/sites.usp.br\/cybersec\/?page_id=79"},"modified":"2022-03-13T18:24:41","modified_gmt":"2022-03-13T21:24:41","slug":"pagina-inicial","status":"publish","type":"page","link":"https:\/\/sites.usp.br\/cybersec\/","title":{"rendered":"Ciberseguran\u00e7a"},"content":{"rendered":"<p>Com a crescente preocupa\u00e7\u00e3o com incidentes de seguran\u00e7a e vazamento de dados no Brasil e no mundo, a \u00e1rea de ciberseguran\u00e7a vem ganhando destaque, com diversas possibilidades de atua\u00e7\u00e3o. Para quem est\u00e1 ingressando nesse universo, por\u00e9m, nem sempre \u00e9 f\u00e1cil encontrar vagas voltadas a um perfil mais junior, uma barreira que acaba desmotivando alguns estudantes procurando oportunidades na \u00e1rea.<\/p>\n<p>O resultado costuma ser bastante negativo: alunos com perfil para ciberseguran\u00e7a acabam percorrendo caminhos mais &#8220;f\u00e1ceis&#8221;, enquanto empresas que precisam desses profissionais n\u00e3o conseguem atra\u00ed-los. Ao menos na USP, isso n\u00e3o impede a constru\u00e7\u00e3o de uma carreira s\u00f3lida na \u00e1rea de ciberseguran\u00e7a: temos laborat\u00f3rios que, em coopera\u00e7\u00e3o com empresas ou entidades p\u00fablicas, costumam ter vagas de est\u00e1gio e inicia\u00e7\u00e3o cient\u00edfica na \u00e1rea (em especial, veja o <strong>Laborat\u00f3rio de Arquitetura e Redes de Computadores &#8212; <a href=\"https:\/\/www.larc.usp.br\">www.larc.usp.br<\/a><\/strong>). Entretanto, como o est\u00e1gio fora da academia \u00e9 tamb\u00e9m importante do curr\u00edculo, faz sentido auxiliarmos esse contato entre estudantes e empresas.<\/p>\n<p>O objetivo desta p\u00e1gina \u00e9, assim, listar algumas empresas que atuam na \u00e1rea de ciberseguran\u00e7a e t\u00eam ofertas regulares de vagas em v\u00e1rios n\u00edveis, inclusive para iniciantes. Se sua empresa tem essas caracter\u00edsticas, fique \u00e0 vontade para entrar em <a href=\"https:\/\/sites.usp.br\/cybersec\/contato\/\">contato<\/a> solicitando sua inclus\u00e3o aqui: o \u00fanico requisito \u00e9 que exista uma p\u00e1gina fixa com essas oportunidades, que possa ser referenciada; idealmente, envie tamb\u00e9m um texto curto que descreve a empresa e a sua vis\u00e3o sobre est\u00e1gios, de modo similar \u00e0s outras entradas <a href=\"https:\/\/sites.usp.br\/cybersec\/industria\/\">presentes na p\u00e1gina<\/a>.<\/p>\n<p>Importante: n\u00e3o se tem aqui qualquer pretens\u00e3o de prover uma lista &#8220;completa&#8221;, nem de referenciar as &#8220;principais empresas&#8221; ou as &#8220;melhores empresas&#8221; do setor de ciberseguran\u00e7a. Logo, a presen\u00e7a ou aus\u00eancia nessa lista n\u00e3o configura qualquer tipo de endosso ou desaprova\u00e7\u00e3o de uma empresa.<\/p>\n\r\n\t<div class=\"slideshow_container slideshow_container_style-light\" style=\"height: 292px; \" data-slideshow-id=\"82\" data-style-name=\"style-light\" data-style-version=\"2.3.1\" >\r\n\r\n\t\t\t\t\t<div class=\"slideshow_loading_icon\"><\/div>\r\n\t\t\r\n\t\t<div class=\"slideshow_content\" style=\"display: none;\">\r\n\r\n\t\t\t<div class=\"slideshow_view\">\r\n\t\t\t\t<div class=\"slideshow_slide slideshow_slide_image\">\r\n\t\t\t\t\t\t\t\t\t\t\t<img src=\"https:\/\/sites.usp.br\/cybersec\/wp-content\/uploads\/sites\/1085\/2014\/09\/usp-fotos-historicas-3.jpg\" alt=\"usp-fotos-historicas-3\" width=\"940\" height=\"292\" \/>\r\n\t\t\t\t\t\t\t\t\t\t<div class=\"slideshow_description_box slideshow_transparent\">\r\n\t\t\t\t\t\t<div class=\"slideshow_title\">usp-fotos-historicas-3<\/div>\t\t\t\t\t\t\t\t\t\t\t<\/div>\r\n\t\t\t\t<\/div>\r\n\r\n\t\t\t\t\t\t<div style=\"clear: both;\"><\/div><\/div><div class=\"slideshow_view\">\r\n\t\t\t\t<div class=\"slideshow_slide slideshow_slide_image\">\r\n\t\t\t\t\t\t\t\t\t\t\t<img src=\"https:\/\/sites.usp.br\/cybersec\/wp-content\/uploads\/sites\/1085\/2014\/09\/usp-fotos-historicas-2.jpg\" alt=\"usp-fotos-historicas-2\" width=\"940\" height=\"292\" \/>\r\n\t\t\t\t\t\t\t\t\t\t<div class=\"slideshow_description_box slideshow_transparent\">\r\n\t\t\t\t\t\t<div class=\"slideshow_title\">usp-fotos-historicas-2<\/div>\t\t\t\t\t\t\t\t\t\t\t<\/div>\r\n\t\t\t\t<\/div>\r\n\r\n\t\t\t\t\t\t<div style=\"clear: both;\"><\/div><\/div><div class=\"slideshow_view\">\r\n\t\t\t\t<div class=\"slideshow_slide slideshow_slide_image\">\r\n\t\t\t\t\t\t\t\t\t\t\t<img src=\"https:\/\/sites.usp.br\/cybersec\/wp-content\/uploads\/sites\/1085\/2014\/09\/usp-fotos-historicas.jpg\" alt=\"usp-fotos-historicas\" width=\"940\" height=\"292\" \/>\r\n\t\t\t\t\t\t\t\t\t\t<div class=\"slideshow_description_box slideshow_transparent\">\r\n\t\t\t\t\t\t<div class=\"slideshow_title\">usp-fotos-historicas<\/div>\t\t\t\t\t\t\t\t\t\t\t<\/div>\r\n\t\t\t\t<\/div>\r\n\r\n\t\t\t\t\t\t<div style=\"clear: both;\"><\/div><\/div>\r\n\t\t<\/div>\r\n\r\n\t\t<div class=\"slideshow_controlPanel slideshow_transparent\" style=\"display: none;\"><ul><li class=\"slideshow_togglePlay\" data-play-text=\"Acionar\" data-pause-text=\"Pausar\"><\/li><\/ul><\/div>\r\n\r\n\t\t<div class=\"slideshow_button slideshow_previous slideshow_transparent\" role=\"button\" data-previous-text=\"Anterior\" style=\"display: none;\"><\/div>\r\n\t\t<div class=\"slideshow_button slideshow_next slideshow_transparent\" role=\"button\" data-next-text=\"Pr\u00f3ximo\" style=\"display: none;\"><\/div>\r\n\r\n\t\t<div class=\"slideshow_pagination\" style=\"display: none;\" data-go-to-text=\"Ir para o slide\"><div class=\"slideshow_pagination_center\"><\/div><\/div>\r\n\r\n\t\t<!-- WordPress Slideshow Version 2.3.1 -->\r\n\r\n\t\t\t<\/div>\r\n\r\n\n","protected":false},"excerpt":{"rendered":"<p>Com a crescente preocupa\u00e7\u00e3o com incidentes de seguran\u00e7a e vazamento de dados no Brasil e no mundo, a \u00e1rea de ciberseguran\u00e7a vem ganhando destaque, com diversas possibilidades de atua\u00e7\u00e3o. Para quem est\u00e1 ingressando nesse universo, por\u00e9m, nem sempre \u00e9 f\u00e1cil encontrar vagas voltadas a um perfil mais junior, uma barreira que acaba desmotivando alguns estudantes [&hellip;]<\/p>\n","protected":false},"author":1,"featured_media":0,"parent":0,"menu_order":0,"comment_status":"closed","ping_status":"closed","template":"","meta":{"footnotes":"","_links_to":"","_links_to_target":""},"class_list":["post-79","page","type-page","status-publish","hentry"],"_links":{"self":[{"href":"https:\/\/sites.usp.br\/cybersec\/wp-json\/wp\/v2\/pages\/79","targetHints":{"allow":["GET"]}}],"collection":[{"href":"https:\/\/sites.usp.br\/cybersec\/wp-json\/wp\/v2\/pages"}],"about":[{"href":"https:\/\/sites.usp.br\/cybersec\/wp-json\/wp\/v2\/types\/page"}],"author":[{"embeddable":true,"href":"https:\/\/sites.usp.br\/cybersec\/wp-json\/wp\/v2\/users\/1"}],"replies":[{"embeddable":true,"href":"https:\/\/sites.usp.br\/cybersec\/wp-json\/wp\/v2\/comments?post=79"}],"version-history":[{"count":4,"href":"https:\/\/sites.usp.br\/cybersec\/wp-json\/wp\/v2\/pages\/79\/revisions"}],"predecessor-version":[{"id":196,"href":"https:\/\/sites.usp.br\/cybersec\/wp-json\/wp\/v2\/pages\/79\/revisions\/196"}],"wp:attachment":[{"href":"https:\/\/sites.usp.br\/cybersec\/wp-json\/wp\/v2\/media?parent=79"}],"curies":[{"name":"wp","href":"https:\/\/api.w.org\/{rel}","templated":true}]}}