{"id":1454,"date":"2023-08-12T12:44:43","date_gmt":"2023-08-12T15:44:43","guid":{"rendered":"https:\/\/sites.usp.br\/damateria\/?page_id=1454"},"modified":"2025-04-14T16:01:02","modified_gmt":"2025-04-14T19:01:02","slug":"papelao-sulfite","status":"publish","type":"page","link":"https:\/\/sites.usp.br\/damateria\/papelao-sulfite\/","title":{"rendered":"Papel sulfite"},"content":{"rendered":"\t\t<div data-elementor-type=\"wp-page\" data-elementor-id=\"1454\" class=\"elementor elementor-1454\" data-elementor-post-type=\"page\">\n\t\t\t\t<div class=\"elementor-element elementor-element-652e407 e-flex e-con-boxed e-con e-parent\" data-id=\"652e407\" data-element_type=\"container\" data-settings=\"{&quot;background_background&quot;:&quot;slideshow&quot;,&quot;background_slideshow_gallery&quot;:[{&quot;id&quot;:3492,&quot;url&quot;:&quot;https:\\\/\\\/sites.usp.br\\\/damateria\\\/wp-content\\\/uploads\\\/sites\\\/1042\\\/2025\\\/03\\\/papel-sulfite.png&quot;}],&quot;shape_divider_bottom&quot;:&quot;waves&quot;,&quot;background_slideshow_loop&quot;:&quot;yes&quot;,&quot;background_slideshow_slide_duration&quot;:5000,&quot;background_slideshow_slide_transition&quot;:&quot;fade&quot;,&quot;background_slideshow_transition_duration&quot;:500}\">\n\t\t\t\t\t<div class=\"e-con-inner\">\n\t\t\t\t<div class=\"elementor-shape elementor-shape-bottom\" data-negative=\"false\">\n\t\t\t<svg xmlns=\"http:\/\/www.w3.org\/2000\/svg\" viewBox=\"0 0 1000 100\" preserveAspectRatio=\"none\">\n\t<path class=\"elementor-shape-fill\" d=\"M421.9,6.5c22.6-2.5,51.5,0.4,75.5,5.3c23.6,4.9,70.9,23.5,100.5,35.7c75.8,32.2,133.7,44.5,192.6,49.7\n\tc23.6,2.1,48.7,3.5,103.4-2.5c54.7-6,106.2-25.6,106.2-25.6V0H0v30.3c0,0,72,32.6,158.4,30.5c39.2-0.7,92.8-6.7,134-22.4\n\tc21.2-8.1,52.2-18.2,79.7-24.2C399.3,7.9,411.6,7.5,421.9,6.5z\"\/>\n<\/svg>\t\t<\/div>\n\t\t<div class=\"elementor-element elementor-element-58698ad e-con-full e-flex e-con e-child\" data-id=\"58698ad\" data-element_type=\"container\">\n\t\t\t\t<div class=\"elementor-element elementor-element-6e2a789 elementor-widget elementor-widget-spacer\" data-id=\"6e2a789\" data-element_type=\"widget\" data-widget_type=\"spacer.default\">\n\t\t\t\t<div class=\"elementor-widget-container\">\n\t\t\t\t\t<div class=\"elementor-spacer\">\n\t\t\t<div class=\"elementor-spacer-inner\"><\/div>\n\t\t<\/div>\n\t\t\t\t<\/div>\n\t\t\t\t<\/div>\n\t\t\t\t\t\t\t<div data-eael_duration=\"{&quot;transitionDuration&quot;:1000}\" data-eael_easing=\"{&quot;transitionEasing&quot;:&quot;ease&quot;}\" data-eael_contrast_hover_effect=\"{&quot;contrast&quot;:220}\" data-eael_hover_duration=\"{&quot;transitionDuration&quot;:1000}\" data-eael_hover_easing=\"{&quot;transitionEasing&quot;:&quot;ease&quot;}\" class=\"eael_hover_effect elementor-element elementor-element-c3e3bc4 elementor-widget elementor-widget-heading\" data-id=\"c3e3bc4\" data-element_type=\"widget\" data-settings=\"{&quot;eael_hover_effect_contrast_hover&quot;:{&quot;unit&quot;:&quot;%&quot;,&quot;size&quot;:220,&quot;sizes&quot;:[]},&quot;eael_hover_effect_general_settings_easing&quot;:&quot;ease&quot;,&quot;eael_hover_effect_general_settings_hover_easing&quot;:&quot;ease&quot;}\" data-widget_type=\"heading.default\">\n\t\t\t\t<div class=\"elementor-widget-container\">\n\t\t\t<h2 class=\"elementor-heading-title elementor-size-default\">Papel Sulfite<\/h2>\t\t<\/div>\n\t\t\t\t<\/div>\n\t\t\t\t<\/div>\n\t\t\t\t\t<\/div>\n\t\t\t\t<\/div>\n\t\t<div class=\"elementor-element elementor-element-447236d e-flex e-con-boxed e-con e-parent\" data-id=\"447236d\" data-element_type=\"container\" data-settings=\"{&quot;background_background&quot;:&quot;slideshow&quot;,&quot;background_slideshow_gallery&quot;:[],&quot;background_slideshow_loop&quot;:&quot;yes&quot;,&quot;background_slideshow_slide_duration&quot;:5000,&quot;background_slideshow_slide_transition&quot;:&quot;fade&quot;,&quot;background_slideshow_transition_duration&quot;:500}\">\n\t\t\t\t\t<div class=\"e-con-inner\">\n\t\t\t\t<div class=\"elementor-element elementor-element-618ba2c elementor-widget elementor-widget-spacer\" data-id=\"618ba2c\" data-element_type=\"widget\" data-widget_type=\"spacer.default\">\n\t\t\t\t<div class=\"elementor-widget-container\">\n\t\t\t\t\t<div class=\"elementor-spacer\">\n\t\t\t<div class=\"elementor-spacer-inner\"><\/div>\n\t\t<\/div>\n\t\t\t\t<\/div>\n\t\t\t\t<\/div>\n\t\t<div class=\"elementor-element elementor-element-b367c5b e-con-full e-flex e-con e-child\" data-id=\"b367c5b\" data-element_type=\"container\">\n\t\t\t\t<div class=\"elementor-element elementor-element-a1dbfe3 elementor-widget elementor-widget-text-editor\" data-id=\"a1dbfe3\" data-element_type=\"widget\" data-widget_type=\"text-editor.default\">\n\t\t\t\t<div class=\"elementor-widget-container\">\n\t\t\t\t\t\t\t<p><strong>Defini\u00e7\u00e3o<\/strong><br \/>O termo papel \u00e9 dado a uma folha formada, seca e acabada, de uma suspens\u00e3o de fibras vegetais, as quais foram desintegradas, refinadas e depuradas e tiveram ou n\u00e3o a adi\u00e7\u00e3o de outros ingredientes, para dar ao produto final, caracter\u00edsticas de utiliza\u00e7\u00e3o. Tamb\u00e9m chamado de papel &#8220;of\u00edcio\u201d, \u201capergaminado&#8221; ou &#8220;offset&#8221;, o papel sulfite \u00e9 o papel mais comum do mercado. Trata-se de uma folha retangular, lisa e porosa que apresenta excelente ader\u00eancia \u00e0 tinta de impressoras, canetas, canetinhas assim como aos pigmentos do l\u00e1pis preto e de colorir. O nome sulfite tem sua origem em um dos elementos presentes em sua composi\u00e7\u00e3o, o sulfito de s\u00f3dio, conservante resultante da rea\u00e7\u00e3o entre di\u00f3xido de enxofre e carbonato de s\u00f3dio ou hidr\u00f3xido de s\u00f3dio. Contudo, sua mat\u00e9ria-prima principal \u00e9 a celulose extra\u00edda de esp\u00e9cies vegetais como \u00e1rvores de eucalipto, pinheiro, algod\u00e3o e bambu.<\/p><p><strong>Principais aplica\u00e7\u00f5es<\/strong><br \/>Uma de suas principais utilidades \u00e9 a impress\u00e3o de documentos em impressoras a laser ou jato de tinta. Sua superf\u00edcie lisa e a capacidade de absor\u00e7\u00e3o de tinta garantem uma excelente qualidade de impress\u00e3o.<br \/>Para escrever \u00e0 m\u00e3o, ele tamb\u00e9m \u00e9 uma \u00f3tima op\u00e7\u00e3o. Isso porque sua textura suave torna a escrita confort\u00e1vel. Al\u00e9m disso, absorve a tinta da caneta de forma eficiente, evitando borr\u00f5es e manchas. Por essa raz\u00e3o, \u00e9 um material que est\u00e1 presente em escrit\u00f3rios, escolas, resid\u00eancias e \u00e9 usado para anota\u00e7\u00f5es, rascunhos, cartas e outros tipos de documentos.<\/p><p><strong>Propriedades<\/strong><br \/>\u00c9 poss\u00edvel adquiri-lo com as seguintes gramaturas: 56g\/m2, 75g\/m2, 90g\/m2, 120g\/m2, 180g\/m2 at\u00e9 300g\/m2. A partir do tratamento da sua superf\u00edcie pode-se obter outros tipos de papel como couch\u00ea (tratando sua superf\u00edcie com caulim), duplex, triplex, supremo etc.<\/p>\t\t\t\t\t\t<\/div>\n\t\t\t\t<\/div>\n\t\t\t\t<div class=\"elementor-element elementor-element-60da1d9 elementor-widget elementor-widget-image\" data-id=\"60da1d9\" data-element_type=\"widget\" data-widget_type=\"image.default\">\n\t\t\t\t<div class=\"elementor-widget-container\">\n\t\t\t\t\t\t\t\t\t\t<figure class=\"wp-caption\">\n\t\t\t\t\t\t\t\t\t\t<img fetchpriority=\"high\" decoding=\"async\" width=\"1024\" height=\"576\" src=\"https:\/\/sites.usp.br\/damateria\/wp-content\/uploads\/sites\/1042\/2023\/08\/EXIMPORT-1024x576.jpeg\" class=\"attachment-large size-large wp-image-1461\" alt=\"\" srcset=\"https:\/\/sites.usp.br\/damateria\/wp-content\/uploads\/sites\/1042\/2023\/08\/EXIMPORT-1024x576.jpeg 1024w, https:\/\/sites.usp.br\/damateria\/wp-content\/uploads\/sites\/1042\/2023\/08\/EXIMPORT-300x169.jpeg 300w, https:\/\/sites.usp.br\/damateria\/wp-content\/uploads\/sites\/1042\/2023\/08\/EXIMPORT-768x432.jpeg 768w, https:\/\/sites.usp.br\/damateria\/wp-content\/uploads\/sites\/1042\/2023\/08\/EXIMPORT-800x450.jpeg 800w, https:\/\/sites.usp.br\/damateria\/wp-content\/uploads\/sites\/1042\/2023\/08\/EXIMPORT-310x174.jpeg 310w, https:\/\/sites.usp.br\/damateria\/wp-content\/uploads\/sites\/1042\/2023\/08\/EXIMPORT.jpeg 1280w\" sizes=\"(max-width: 1024px) 100vw, 1024px\" \/>\t\t\t\t\t\t\t\t\t\t\t<figcaption class=\"widget-image-caption wp-caption-text\">M\u00e1quina de papel. Fonte: https:\/\/tissueonline.com.br\/entenda-a-importancia-da-lubrificacao-em-maquinas-de-papel\/<\/figcaption>\n\t\t\t\t\t\t\t\t\t\t<\/figure>\n\t\t\t\t\t\t\t<\/div>\n\t\t\t\t<\/div>\n\t\t\t\t<div class=\"elementor-element elementor-element-c0e1bb7 elementor-widget elementor-widget-text-editor\" data-id=\"c0e1bb7\" data-element_type=\"widget\" data-widget_type=\"text-editor.default\">\n\t\t\t\t<div class=\"elementor-widget-container\">\n\t\t\t\t\t\t\t<p><strong>Fabrica\u00e7\u00e3o<\/strong><br \/>A celulose sintetizada naturalmente pelos diversos tipos de vegetais passa por uma s\u00e9rie de processos para ser utilizada pela ind\u00fastria de papel sulfite. Esses processos se dividem nas etapas:<\/p><ul><li>florestal;<\/li><li>de prepara\u00e7\u00e3o da madeira;<\/li><li>de obten\u00e7\u00e3o de celulose;<\/li><li>de secagem;<\/li><li>de acabamento.<\/li><\/ul><p>O processo de produ\u00e7\u00e3o de celulose se inicia com o plantio de sementes dos vegetais, que servem de fonte de celulose.\u00a0Ap\u00f3s o corte desses vegetais crescidos, as toras s\u00e3o encaminhadas para f\u00e1bricas, onde s\u00e3o descascadas e levadas at\u00e9 picadores para serem transformadas em cavacos, que s\u00e3o pequenos peda\u00e7os de madeira.<\/p><p>Os cavacos s\u00e3o transportados at\u00e9 os digestores, onde se inicia o cozimento ou polpa\u00e7\u00e3o. A polpa\u00e7\u00e3o serve para amolecer a madeira e facilitar o desfibramento e a deslignifica\u00e7\u00e3o \u2013 que consiste em separar a lignina \u2013 respons\u00e1vel pela cor e resist\u00eancia das fibras da madeira. Ap\u00f3s a separa\u00e7\u00e3o da lignina, \u00e9 feita uma opera\u00e7\u00e3o de lavagem e peneira\u00e7\u00e3o para retirar impurezas, que ser\u00e3o reutilizadas no processo.<\/p><p><strong>Fontes<\/strong><\/p><p><strong>Papel sulfite:<\/strong> entenda a diferen\u00e7a entre os tipos de folhas. Blog Kalunga. Dispon\u00edvel em: <a href=\"https:\/\/blog.kalunga.com.br\/papel-sulfite-entenda-a-diferenca-entre-os-tipos-de-folhas\/\">https:\/\/blog.kalunga.com.br\/papel-sulfite-entenda-a-diferenca-entre-os-tipos-de-folhas\/<\/a>. Acesso em 13\/08\/2023<br \/><strong>VALLE, Paulo.<\/strong>\u00a0Papel offset e sulfite.\u00a0Cardquali,\u00a02013. Dispon\u00edvel em:\u00a0<a href=\"https:\/\/cardquali.com\/papel-offset-sulfite\/\">https:\/\/cardquali.com\/papel-offset-sulfite\/<\/a>.\u00a0Acesso em 13\/08\/2023<br \/><strong>KLOCK, Umberto &amp; ANDRADE, Alan S. de.<\/strong> Fabrica\u00e7\u00e3o do papel. Dispon\u00edvel em: <a href=\"http:\/\/www.madeira.ufpr.br\/disciplinasklock\/polpaepapel\/fabricadepapel.pdf\">http:\/\/www.madeira.ufpr.br\/disciplinasklock\/polpaepapel\/fabricadepapel.pdf<\/a>. Acesso em 13\/08\/2023<br \/><strong>Papel e papel\u00e3o:<\/strong> tudo o que voc\u00ea precisa saber sobre o papel sulfite. eCycle. Dispon\u00edvel em: <a href=\"https:\/\/www.ecycle.com.br\/papel-sulfite\/\">https:\/\/www.ecycle.com.br\/papel-sulfite\/<\/a>. Acesso em: 13\/08\/2023<br \/><strong>Entenda a import\u00e2ncia da lubrifica\u00e7\u00e3o em m\u00e1quinas de papel.<\/strong> Tissue online, 2021. Dispon\u00edvel em: <a href=\"https:\/\/tissueonline.com.br\/entenda-a-importancia-da-lubrificacao-em-maquinas-de-papel\/\">https:\/\/tissueonline.com.br\/entenda-a-importancia-da-lubrificacao-em-maquinas-de-papel\/<\/a>. Acesso em 13\/08\/2023<\/p>\t\t\t\t\t\t<\/div>\n\t\t\t\t<\/div>\n\t\t\t\t<div class=\"elementor-element elementor-element-46f094e elementor-widget elementor-widget-spacer\" data-id=\"46f094e\" data-element_type=\"widget\" data-widget_type=\"spacer.default\">\n\t\t\t\t<div class=\"elementor-widget-container\">\n\t\t\t\t\t<div class=\"elementor-spacer\">\n\t\t\t<div class=\"elementor-spacer-inner\"><\/div>\n\t\t<\/div>\n\t\t\t\t<\/div>\n\t\t\t\t<\/div>\n\t\t\t\t<\/div>\n\t\t\t\t\t<\/div>\n\t\t\t\t<\/div>\n\t\t\t\t<\/div>\n\t\t","protected":false},"excerpt":{"rendered":"<p>Papel Sulfite Defini\u00e7\u00e3oO termo papel \u00e9 dado a uma folha formada, seca e acabada, de uma suspens\u00e3o de fibras vegetais, as quais foram desintegradas, refinadas e depuradas e tiveram ou n\u00e3o a adi\u00e7\u00e3o de outros ingredientes, para dar ao produto final, caracter\u00edsticas de utiliza\u00e7\u00e3o. Tamb\u00e9m chamado de papel &#8220;of\u00edcio\u201d, \u201capergaminado&#8221; ou &#8220;offset&#8221;, o papel sulfite [&hellip;]<\/p>\n","protected":false},"author":23025,"featured_media":0,"parent":0,"menu_order":0,"comment_status":"closed","ping_status":"closed","template":"elementor_header_footer","meta":{"footnotes":"","_links_to":"","_links_to_target":""},"class_list":["post-1454","page","type-page","status-publish","hentry","entry"],"_links":{"self":[{"href":"https:\/\/sites.usp.br\/damateria\/wp-json\/wp\/v2\/pages\/1454","targetHints":{"allow":["GET"]}}],"collection":[{"href":"https:\/\/sites.usp.br\/damateria\/wp-json\/wp\/v2\/pages"}],"about":[{"href":"https:\/\/sites.usp.br\/damateria\/wp-json\/wp\/v2\/types\/page"}],"author":[{"embeddable":true,"href":"https:\/\/sites.usp.br\/damateria\/wp-json\/wp\/v2\/users\/23025"}],"replies":[{"embeddable":true,"href":"https:\/\/sites.usp.br\/damateria\/wp-json\/wp\/v2\/comments?post=1454"}],"version-history":[{"count":5,"href":"https:\/\/sites.usp.br\/damateria\/wp-json\/wp\/v2\/pages\/1454\/revisions"}],"predecessor-version":[{"id":4268,"href":"https:\/\/sites.usp.br\/damateria\/wp-json\/wp\/v2\/pages\/1454\/revisions\/4268"}],"wp:attachment":[{"href":"https:\/\/sites.usp.br\/damateria\/wp-json\/wp\/v2\/media?parent=1454"}],"curies":[{"name":"wp","href":"https:\/\/api.w.org\/{rel}","templated":true}]}}