{"id":1475,"date":"2023-08-12T17:04:13","date_gmt":"2023-08-12T20:04:13","guid":{"rendered":"https:\/\/sites.usp.br\/damateria\/?page_id=1475"},"modified":"2025-04-14T15:49:37","modified_gmt":"2025-04-14T18:49:37","slug":"papelao-triplex","status":"publish","type":"page","link":"https:\/\/sites.usp.br\/damateria\/papelao-triplex\/","title":{"rendered":"Papel triplex e duplex"},"content":{"rendered":"\t\t<div data-elementor-type=\"wp-page\" data-elementor-id=\"1475\" class=\"elementor elementor-1475\" data-elementor-post-type=\"page\">\n\t\t\t\t<div class=\"elementor-element elementor-element-7b8c80f e-flex e-con-boxed e-con e-parent\" data-id=\"7b8c80f\" data-element_type=\"container\" data-settings=\"{&quot;background_background&quot;:&quot;slideshow&quot;,&quot;background_slideshow_gallery&quot;:[{&quot;id&quot;:3917,&quot;url&quot;:&quot;https:\\\/\\\/sites.usp.br\\\/damateria\\\/wp-content\\\/uploads\\\/sites\\\/1042\\\/2025\\\/04\\\/triplex-papel.jpg&quot;}],&quot;shape_divider_bottom&quot;:&quot;waves&quot;,&quot;background_slideshow_loop&quot;:&quot;yes&quot;,&quot;background_slideshow_slide_duration&quot;:5000,&quot;background_slideshow_slide_transition&quot;:&quot;fade&quot;,&quot;background_slideshow_transition_duration&quot;:500}\">\n\t\t\t\t\t<div class=\"e-con-inner\">\n\t\t\t\t<div class=\"elementor-shape elementor-shape-bottom\" data-negative=\"false\">\n\t\t\t<svg xmlns=\"http:\/\/www.w3.org\/2000\/svg\" viewBox=\"0 0 1000 100\" preserveAspectRatio=\"none\">\n\t<path class=\"elementor-shape-fill\" d=\"M421.9,6.5c22.6-2.5,51.5,0.4,75.5,5.3c23.6,4.9,70.9,23.5,100.5,35.7c75.8,32.2,133.7,44.5,192.6,49.7\n\tc23.6,2.1,48.7,3.5,103.4-2.5c54.7-6,106.2-25.6,106.2-25.6V0H0v30.3c0,0,72,32.6,158.4,30.5c39.2-0.7,92.8-6.7,134-22.4\n\tc21.2-8.1,52.2-18.2,79.7-24.2C399.3,7.9,411.6,7.5,421.9,6.5z\"\/>\n<\/svg>\t\t<\/div>\n\t\t<div class=\"elementor-element elementor-element-fd2819c e-con-full e-flex e-con e-child\" data-id=\"fd2819c\" data-element_type=\"container\">\n\t\t\t\t<div class=\"elementor-element elementor-element-93679b8 elementor-widget elementor-widget-spacer\" data-id=\"93679b8\" data-element_type=\"widget\" data-widget_type=\"spacer.default\">\n\t\t\t\t<div class=\"elementor-widget-container\">\n\t\t\t\t\t<div class=\"elementor-spacer\">\n\t\t\t<div class=\"elementor-spacer-inner\"><\/div>\n\t\t<\/div>\n\t\t\t\t<\/div>\n\t\t\t\t<\/div>\n\t\t\t\t\t\t\t<div data-eael_duration=\"{&quot;transitionDuration&quot;:1000}\" data-eael_easing=\"{&quot;transitionEasing&quot;:&quot;ease&quot;}\" data-eael_contrast_hover_effect=\"{&quot;contrast&quot;:220}\" data-eael_hover_duration=\"{&quot;transitionDuration&quot;:1000}\" data-eael_hover_easing=\"{&quot;transitionEasing&quot;:&quot;ease&quot;}\" class=\"eael_hover_effect elementor-element elementor-element-160949a elementor-widget elementor-widget-heading\" data-id=\"160949a\" data-element_type=\"widget\" data-settings=\"{&quot;eael_hover_effect_contrast_hover&quot;:{&quot;unit&quot;:&quot;%&quot;,&quot;size&quot;:220,&quot;sizes&quot;:[]},&quot;eael_hover_effect_general_settings_easing&quot;:&quot;ease&quot;,&quot;eael_hover_effect_general_settings_hover_easing&quot;:&quot;ease&quot;}\" data-widget_type=\"heading.default\">\n\t\t\t\t<div class=\"elementor-widget-container\">\n\t\t\t<h2 class=\"elementor-heading-title elementor-size-default\">Papel Triplex e Duplex<\/h2>\t\t<\/div>\n\t\t\t\t<\/div>\n\t\t\t\t<\/div>\n\t\t\t\t\t<\/div>\n\t\t\t\t<\/div>\n\t\t<div class=\"elementor-element elementor-element-2ad9744 e-flex e-con-boxed e-con e-parent\" data-id=\"2ad9744\" data-element_type=\"container\">\n\t\t\t\t\t<div class=\"e-con-inner\">\n\t\t<div class=\"elementor-element elementor-element-66ad42b e-con-full e-flex e-con e-child\" data-id=\"66ad42b\" data-element_type=\"container\">\n\t\t\t\t<div class=\"elementor-element elementor-element-3feea24 elementor-widget elementor-widget-spacer\" data-id=\"3feea24\" data-element_type=\"widget\" data-widget_type=\"spacer.default\">\n\t\t\t\t<div class=\"elementor-widget-container\">\n\t\t\t\t\t<div class=\"elementor-spacer\">\n\t\t\t<div class=\"elementor-spacer-inner\"><\/div>\n\t\t<\/div>\n\t\t\t\t<\/div>\n\t\t\t\t<\/div>\n\t\t\t\t<div class=\"elementor-element elementor-element-f8da1fc elementor-widget elementor-widget-text-editor\" data-id=\"f8da1fc\" data-element_type=\"widget\" data-widget_type=\"text-editor.default\">\n\t\t\t\t<div class=\"elementor-widget-container\">\n\t\t\t\t\t\t\t<p><strong>Defini\u00e7\u00e3o<\/strong><br \/>Ambos os pap\u00e9is cart\u00e3o triplex e duplex s\u00e3o confeccionado pela uni\u00e3o de camadas de celulose branca, miolo de celulose pr\u00e9-branqueada e revestimento de coat em um (no caso do papel duplex) ou dois lados (triplex). Visualmente assemelham-se a um papel couch\u00e9 brilhante, por\u00e9m, muito mais r\u00edgidos. Possuem maior resist\u00eancia, melhor apar\u00eancia e possibilidade de impress\u00e3o sobre o revestimento de coat.<\/p><p>O papel duplex se diferencia por possuir camada de revestimento em apenas um dos lados, sendo apropriado para impress\u00e3o em um dos lados.<\/p><p><strong>Principais aplica\u00e7\u00f5es<\/strong><br \/>Ambos s\u00e3o utilizados para confec\u00e7\u00e3o de embalagens, pois se destacam pela espessura, diferindo seu uso pela aplica\u00e7\u00e3o de t\u00e9cnicas de impress\u00e3o em um ou dois lados. S\u00e3o excelentes mat\u00e9rias primas para confec\u00e7\u00e3o de modelos em escala em design industrial, muito utilizado nas etapas iniciais de desenvolvimento de projeto.<\/p><p><strong>Propriedades<\/strong><br \/>Suas gramaturas variam de 180g a 400g aproximadamente, variando de um fornecedor para outro. O papel triplex \u00e9 revestido de ambos os lados, contendo tr\u00eas camadas de papel (o miolo e os dois revestimentos, um de cada lado), j\u00e1 o duplex \u00e9 composto por duas camadas (miolo e um revestimento).<\/p><p><strong>Fontes<\/strong><br \/>Cart\u00e3o triplex c2s. Kgpel. Dispon\u00edvel em: https:\/\/kgepel.com.br\/linha-especial\/cartao-triplex-c2s\/. Acesso em 13\/08\/2023.<br \/>Papel duplex vs papel triplex \u2013 entenda quais s\u00e3o os seus principais diferenciais. Onpaper, 2020. Dispon\u00edvel em: https:\/\/onpaper.com.br\/2020\/09\/10\/papel-duplex-x-papel-triplex-entenda-quais-sao-os-seus-principais-diferenciais\/. Acesso em 13\/08\/2023<\/p>\t\t\t\t\t\t<\/div>\n\t\t\t\t<\/div>\n\t\t\t\t<div class=\"elementor-element elementor-element-f99954d elementor-widget elementor-widget-spacer\" data-id=\"f99954d\" data-element_type=\"widget\" data-widget_type=\"spacer.default\">\n\t\t\t\t<div class=\"elementor-widget-container\">\n\t\t\t\t\t<div class=\"elementor-spacer\">\n\t\t\t<div class=\"elementor-spacer-inner\"><\/div>\n\t\t<\/div>\n\t\t\t\t<\/div>\n\t\t\t\t<\/div>\n\t\t\t\t<\/div>\n\t\t\t\t\t<\/div>\n\t\t\t\t<\/div>\n\t\t\t\t<\/div>\n\t\t","protected":false},"excerpt":{"rendered":"<p>Papel Triplex e Duplex Defini\u00e7\u00e3oAmbos os pap\u00e9is cart\u00e3o triplex e duplex s\u00e3o confeccionado pela uni\u00e3o de camadas de celulose branca, miolo de celulose pr\u00e9-branqueada e revestimento de coat em um (no caso do papel duplex) ou dois lados (triplex). Visualmente assemelham-se a um papel couch\u00e9 brilhante, por\u00e9m, muito mais r\u00edgidos. Possuem maior resist\u00eancia, melhor apar\u00eancia [&hellip;]<\/p>\n","protected":false},"author":23025,"featured_media":0,"parent":0,"menu_order":0,"comment_status":"closed","ping_status":"closed","template":"elementor_header_footer","meta":{"footnotes":"","_links_to":"","_links_to_target":""},"class_list":["post-1475","page","type-page","status-publish","hentry","entry"],"_links":{"self":[{"href":"https:\/\/sites.usp.br\/damateria\/wp-json\/wp\/v2\/pages\/1475","targetHints":{"allow":["GET"]}}],"collection":[{"href":"https:\/\/sites.usp.br\/damateria\/wp-json\/wp\/v2\/pages"}],"about":[{"href":"https:\/\/sites.usp.br\/damateria\/wp-json\/wp\/v2\/types\/page"}],"author":[{"embeddable":true,"href":"https:\/\/sites.usp.br\/damateria\/wp-json\/wp\/v2\/users\/23025"}],"replies":[{"embeddable":true,"href":"https:\/\/sites.usp.br\/damateria\/wp-json\/wp\/v2\/comments?post=1475"}],"version-history":[{"count":4,"href":"https:\/\/sites.usp.br\/damateria\/wp-json\/wp\/v2\/pages\/1475\/revisions"}],"predecessor-version":[{"id":3920,"href":"https:\/\/sites.usp.br\/damateria\/wp-json\/wp\/v2\/pages\/1475\/revisions\/3920"}],"wp:attachment":[{"href":"https:\/\/sites.usp.br\/damateria\/wp-json\/wp\/v2\/media?parent=1475"}],"curies":[{"name":"wp","href":"https:\/\/api.w.org\/{rel}","templated":true}]}}