{"id":1525,"date":"2023-08-13T14:28:15","date_gmt":"2023-08-13T17:28:15","guid":{"rendered":"https:\/\/sites.usp.br\/damateria\/?page_id=1525"},"modified":"2023-08-15T15:47:23","modified_gmt":"2023-08-15T18:47:23","slug":"mdf-2","status":"publish","type":"page","link":"https:\/\/sites.usp.br\/damateria\/mdf-2\/","title":{"rendered":"MDF e MDP"},"content":{"rendered":"\t\t<div data-elementor-type=\"wp-page\" data-elementor-id=\"1525\" class=\"elementor elementor-1525\" data-elementor-post-type=\"page\">\n\t\t\t\t<div class=\"elementor-element elementor-element-93d122f e-flex e-con-boxed e-con e-parent\" data-id=\"93d122f\" data-element_type=\"container\">\n\t\t\t\t\t<div class=\"e-con-inner\">\n\t\t\t\t<div class=\"elementor-element elementor-element-82b003b elementor-widget__width-inherit elementor-widget elementor-widget-heading\" data-id=\"82b003b\" data-element_type=\"widget\" data-widget_type=\"heading.default\">\n\t\t\t\t<div class=\"elementor-widget-container\">\n\t\t\t<h1 class=\"elementor-heading-title elementor-size-default\">MDF e MDP<\/h1>\t\t<\/div>\n\t\t\t\t<\/div>\n\t\t\t\t<div class=\"elementor-element elementor-element-25692f3 elementor-widget__width-inherit elementor-widget-divider--view-line elementor-widget elementor-widget-divider\" data-id=\"25692f3\" data-element_type=\"widget\" data-widget_type=\"divider.default\">\n\t\t\t\t<div class=\"elementor-widget-container\">\n\t\t\t\t\t<div class=\"elementor-divider\">\n\t\t\t<span class=\"elementor-divider-separator\">\n\t\t\t\t\t\t<\/span>\n\t\t<\/div>\n\t\t\t\t<\/div>\n\t\t\t\t<\/div>\n\t\t<div class=\"elementor-element elementor-element-4d61f7f e-con-full e-flex e-con e-parent\" data-id=\"4d61f7f\" data-element_type=\"container\" data-settings=\"{&quot;background_background&quot;:&quot;classic&quot;}\">\n\t\t\t\t<div class=\"elementor-element elementor-element-22b0dea elementor-widget__width-inherit elementor-widget elementor-widget-heading\" data-id=\"22b0dea\" data-element_type=\"widget\" data-widget_type=\"heading.default\">\n\t\t\t\t<div class=\"elementor-widget-container\">\n\t\t\t<h2 class=\"elementor-heading-title elementor-size-default\">Informa\u00e7\u00f5es do material<\/h2>\t\t<\/div>\n\t\t\t\t<\/div>\n\t\t\t\t<\/div>\n\t\t<div class=\"elementor-element elementor-element-db5a7e2 e-con-full e-flex e-con e-parent\" data-id=\"db5a7e2\" data-element_type=\"container\">\n\t\t\t\t<div class=\"elementor-element elementor-element-848b0e2 elementor-widget__width-inherit elementor-widget elementor-widget-heading\" data-id=\"848b0e2\" data-element_type=\"widget\" data-widget_type=\"heading.default\">\n\t\t\t\t<div class=\"elementor-widget-container\">\n\t\t\t<h3 class=\"elementor-heading-title elementor-size-default\">Defini\u00e7\u00e3o<\/h3>\t\t<\/div>\n\t\t\t\t<\/div>\n\t\t\t\t<div class=\"elementor-element elementor-element-69eb0b3 elementor-widget__width-inherit elementor-widget elementor-widget-text-editor\" data-id=\"69eb0b3\" data-element_type=\"widget\" data-widget_type=\"text-editor.default\">\n\t\t\t\t<div class=\"elementor-widget-container\">\n\t\t\t\t\t\t\t<p>O MDF e MDP s\u00e3o produtos muito similares, por\u00e9m com propriedades que os tornam adequadas para usos diferentes.<\/p><p>O MDF (Medium Density Fiberboard) \u00e9 o nome dado a chapa fabricada a partida aglutina\u00e7\u00e3o de\u00a0fibras de madeira com resinas sint\u00e9ticas e a\u00e7\u00e3o conjunta de temperatura e press\u00e3o. \u00c9 considerado\u00a0um produto ecologicamente correto, vers\u00e1til, com maior resist\u00eancia ao fogo quando se associa algum\u00a0tipo de retardante de chamas e permite aproveitamento integral da \u00e1rvore.<\/p><p>Quanto ao MDP (Medium Density Particleboard), este possui fabrica\u00e7\u00e3o muito similar, por\u00e9m, este estrutura-se em tr\u00eas camadas: uma mais grossa no miolo e duas finas nas superf\u00edcies. Essa composi\u00e7\u00e3o torna o material mais robusto e bem estruturado, pronto para receber maior carga de peso que o MDF (apesar de ser mais leve).<\/p><p>Vale ressaltar que o MDF e MDP s\u00e3o diferente em muitos aspectos do painel aglomerado (material muito utilizado em mobili\u00e1rio, por\u00e9m que caiu em desuso), sendo o primeiro dele a qualidade.<\/p>\t\t\t\t\t\t<\/div>\n\t\t\t\t<\/div>\n\t\t\t\t<div class=\"elementor-element elementor-element-ef4c21d elementor-widget__width-inherit elementor-widget elementor-widget-heading\" data-id=\"ef4c21d\" data-element_type=\"widget\" data-widget_type=\"heading.default\">\n\t\t\t\t<div class=\"elementor-widget-container\">\n\t\t\t<h3 class=\"elementor-heading-title elementor-size-default\">Principais aplica\u00e7\u00f5es<\/h3>\t\t<\/div>\n\t\t\t\t<\/div>\n\t\t\t\t<div class=\"elementor-element elementor-element-7296b05 elementor-widget__width-inherit elementor-widget elementor-widget-text-editor\" data-id=\"7296b05\" data-element_type=\"widget\" data-widget_type=\"text-editor.default\">\n\t\t\t\t<div class=\"elementor-widget-container\">\n\t\t\t\t\t\t\t<p>Os pain\u00e9is de MDF e MDP s\u00e3o muito utilizados na ind\u00fastria mobili\u00e1ria devido ao seu acabamento de alta qualidade e sua possibilidade de cortes mais abrangente.<\/p>\t\t\t\t\t\t<\/div>\n\t\t\t\t<\/div>\n\t\t\t\t<div class=\"elementor-element elementor-element-38c0f06 elementor-widget__width-inherit elementor-widget elementor-widget-heading\" data-id=\"38c0f06\" data-element_type=\"widget\" data-widget_type=\"heading.default\">\n\t\t\t\t<div class=\"elementor-widget-container\">\n\t\t\t<h3 class=\"elementor-heading-title elementor-size-default\">Propriedades<\/h3>\t\t<\/div>\n\t\t\t\t<\/div>\n\t\t\t\t<div class=\"elementor-element elementor-element-2260165 elementor-widget__width-inherit elementor-widget elementor-widget-text-editor\" data-id=\"2260165\" data-element_type=\"widget\" data-widget_type=\"text-editor.default\">\n\t\t\t\t<div class=\"elementor-widget-container\">\n\t\t\t\t\t\t\t<p>Ambos possuem uma superf\u00edcie completamente homog\u00eanea e lisa, capaz de receber revestimentos de diversas naturezas, mesmo que a sua composi\u00e7\u00e3o inclua fibras soltas. Logo, MDF e MDP possibilitam um acabamento de excelente qualidade, bem como cortes em sentidos distintos.<\/p>\t\t\t\t\t\t<\/div>\n\t\t\t\t<\/div>\n\t\t\t\t<div class=\"elementor-element elementor-element-e713d9e elementor-widget__width-inherit elementor-widget elementor-widget-heading\" data-id=\"e713d9e\" data-element_type=\"widget\" data-widget_type=\"heading.default\">\n\t\t\t\t<div class=\"elementor-widget-container\">\n\t\t\t<h3 class=\"elementor-heading-title elementor-size-default\">Fabrica\u00e7\u00e3o<\/h3>\t\t<\/div>\n\t\t\t\t<\/div>\n\t\t\t\t<div class=\"elementor-element elementor-element-8e8ee09 elementor-widget__width-inherit elementor-widget elementor-widget-text-editor\" data-id=\"8e8ee09\" data-element_type=\"widget\" data-widget_type=\"text-editor.default\">\n\t\t\t\t<div class=\"elementor-widget-container\">\n\t\t\t\t\t\t\t<p>O primeiro passo para fabrica\u00e7\u00e3o \u00e9 o corte da madeira de \u00e1rvores como eucalipto ou pinus, que s\u00e3o cultivadas em regi\u00f5es de reflorestamento. Ao atingirem aproximadamente 28 m de altura, as \u00e1rvores s\u00e3o cortadas e levadas \u00e0s f\u00e1bricas, na forma de toras de cerca de 6 m. Ent\u00e3o, \u00e9 realizado o processamento das toras em uma m\u00e1quina, que as pica com o intuito de transform\u00e1-las em lascas de madeiras, tamb\u00e9m conhecidas como cavacos.<\/p>\n<p>O pr\u00f3ximo passo da fabrica\u00e7\u00e3o \u00e9 cozinhar os cavacos, que s\u00e3o enviadas para a desfibra\u00e7\u00e3o, onde uma m\u00e1quina separa as fibras de madeira por meio de discos, ap\u00f3s o amolecimento da lignina durante a etapa de cozimento. Lignina \u00e9 a cola natural da madeira.&nbsp;<\/p>\n<p><span style=\"font-size: 16px; color: var( --e-global-color-1e37f7f ); letter-spacing: var( --e-global-typography-text-letter-spacing ); text-align: var(--text-align);\">Em seguida, as fibras de eucalipto, que possuem em torno de 1 mm de comprimento, e as de pinus, que t\u00eam m\u00e9dia de 2,2 mm de comprimento, s\u00e3o devidamente separadas e colocadas junto de uma resina sint\u00e9tica. Depois disso, elas s\u00e3o secadas a partir de uma tubula\u00e7\u00e3o com ar aquecido.<\/span><\/p>\n<p><span style=\"text-align: var(--text-align);\">A nova etapa \u00e9 a moldagem das fibras, que ocorre na m\u00e1quina formadora. As fibras s\u00e3o moldadas em colch\u00f5es homog\u00eaneos. Em uma pr\u00e9-prensa, as fibras passam por um processo em que o ar acumulado entre elas \u00e9 removido. Al\u00e9m disso, a altura final dos colch\u00f5es acaba reduzindo em rela\u00e7\u00e3o \u00e0 altura inicial, podendo diminuir de sete a 10 vezes.<br><\/span><\/p>\n<p><span style=\"text-align: var(--text-align);\">Outra fase \u00e9 a prensagem dos colch\u00f5es, que ficam submetidos a altas temperaturas e press\u00f5es elevados durante um tempo espec\u00edfico, o que faz a resina colar as fibras, gerando a chapa de MDF. Ao sair da prensa, a chapa \u00e9 resfriada e encaminhada para a lixadeira.<br><\/span><\/p>\n<p><span style=\"text-align: var(--text-align);\">Quando est\u00e1 na lixadeira, a chapa de MDF passa por um polimento, que serve para equilibrar a espessura de v\u00e1rios pontos do painel. O m\u00e1ximo de diferen\u00e7a de espessura entre um ponto e outro do item deve ser 1\/10 de mil\u00edmetro.<br><\/span><\/p>\n<p><span style=\"text-align: var(--text-align);\">Aqui, a chapa \u00e9 cortada no tamanho desejado, conforme a sua fun\u00e7\u00e3o no mercado. Depois do corte, o produto \u00e9 embalado e entregue aos distribuidores. E ainda h\u00e1 a possibilidade de que as chapas de MDF crus recebam revestimentos ap\u00f3s o encerramento da produ\u00e7\u00e3o.<br><\/span><\/p>\n<p><\/p>\t\t\t\t\t\t<\/div>\n\t\t\t\t<\/div>\n\t\t\t\t<div class=\"elementor-element elementor-element-dfe2e41 elementor-widget__width-initial elementor-widget elementor-widget-image\" data-id=\"dfe2e41\" data-element_type=\"widget\" data-widget_type=\"image.default\">\n\t\t\t\t<div class=\"elementor-widget-container\">\n\t\t\t\t\t\t\t\t\t\t<figure class=\"wp-caption\">\n\t\t\t\t\t\t\t\t\t\t<img fetchpriority=\"high\" decoding=\"async\" width=\"1024\" height=\"682\" src=\"https:\/\/sites.usp.br\/damateria\/wp-content\/uploads\/sites\/1042\/2023\/08\/mdf-1024x682.jpg\" class=\"attachment-large size-large wp-image-1528\" alt=\"\" srcset=\"https:\/\/sites.usp.br\/damateria\/wp-content\/uploads\/sites\/1042\/2023\/08\/mdf-1024x682.jpg 1024w, https:\/\/sites.usp.br\/damateria\/wp-content\/uploads\/sites\/1042\/2023\/08\/mdf-300x200.jpg 300w, https:\/\/sites.usp.br\/damateria\/wp-content\/uploads\/sites\/1042\/2023\/08\/mdf-768x512.jpg 768w, https:\/\/sites.usp.br\/damateria\/wp-content\/uploads\/sites\/1042\/2023\/08\/mdf-1536x1024.jpg 1536w, https:\/\/sites.usp.br\/damateria\/wp-content\/uploads\/sites\/1042\/2023\/08\/mdf.jpg 2000w\" sizes=\"(max-width: 1024px) 100vw, 1024px\" \/>\t\t\t\t\t\t\t\t\t\t\t<figcaption class=\"widget-image-caption wp-caption-text\">Secagem e estocagem de MDF. Fonte: https:\/\/emobile.com.br\/site\/industria\/a-evolucao-dos-paineis-de-madeira-no-mobiliario\/<\/figcaption>\n\t\t\t\t\t\t\t\t\t\t<\/figure>\n\t\t\t\t\t\t\t<\/div>\n\t\t\t\t<\/div>\n\t\t\t\t<div class=\"elementor-element elementor-element-c797a71 elementor-widget__width-inherit elementor-widget elementor-widget-heading\" data-id=\"c797a71\" data-element_type=\"widget\" data-widget_type=\"heading.default\">\n\t\t\t\t<div class=\"elementor-widget-container\">\n\t\t\t<h3 class=\"elementor-heading-title elementor-size-default\">Fontes<\/h3>\t\t<\/div>\n\t\t\t\t<\/div>\n\t\t\t\t<div class=\"elementor-element elementor-element-635276d elementor-widget__width-inherit elementor-widget elementor-widget-text-editor\" data-id=\"635276d\" data-element_type=\"widget\" data-widget_type=\"text-editor.default\">\n\t\t\t\t<div class=\"elementor-widget-container\">\n\t\t\t\t\t\t\t<ul><li><span style=\"text-align: var(--text-align);\">FIORIO, Vivian. Como \u00e9 feito o MDF. Industria Hoje, 2015. Dispon\u00edvel em: <a href=\"https:\/\/industriahoje.com.br\/como-e-feito-o-mdf\">https:\/\/industriahoje.com.br\/como-e-feito-o-mdf<\/a>. Acesso em 13\/08\/2023<\/span><\/li><li>RODRIGO, Thiago. A evolu\u00e7\u00e3o dos pain\u00e9is de madeira no mobili\u00e1rio. Emobile, 2022. Dispon\u00edvel em: <a href=\"https:\/\/emobile.com.br\/site\/industria\/a-evolucao-dos-paineis-de-madeira-no-mobiliario\/\"><span style=\"text-align: var(--text-align);\">https:\/\/emobile.com.br\/site\/industria\/a-evolucao-dos-paineis-de-madeira-no-mobiliario\/<\/span><\/a>. Acesso em 13\/08\/2023<\/li><li><span style=\"text-align: var(--text-align);\">MDF ou MDP &#8211; conhe\u00e7a as diferen\u00e7as. Madeiramadeira, 2018. Dispon\u00edvel em: <a href=\"https:\/\/www.madeiramadeira.com.br\/central-de-dicas\/artigos\/mdf-ou-mdp-conheca-as-diferencas?utm&amp;origem=search&amp;utm_source=google&amp;utm_medium=cpc&amp;utm_content=b&amp;utm_term=mdp%20ou%20mdf&amp;utm_id=12231778931&amp;gclid=CjwKCAjw_uGmBhBREiwAeOfsdzrtuOdfNOR7ID9puDWyqddsEyEUpfe3VIyrUm0bc85CLLdA9lPywRoCOrAQAvD_BwE\">https:\/\/www.madeiramadeira.com.br\/central-de-dicas\/artigos\/mdf-ou-mdp-conheca-as-diferencas?utm&amp;origem=search&amp;utm_source=google&amp;utm_medium=cpc&amp;utm_content=b&amp;utm_term=mdp%20ou%20mdf&amp;utm_id=12231778931&amp;gclid=CjwKCAjw_uGmBhBREiwAeOfsdzrtuOdfNOR7ID9puDWyqddsEyEUpfe3VIyrUm0bc85CLLdA9lPywRoCOrAQAvD_BwE<\/a>. Acesso em 13\/08\/2023<\/span><\/li><\/ul>\t\t\t\t\t\t<\/div>\n\t\t\t\t<\/div>\n\t\t\t\t<\/div>\n\t\t\t\t\t<\/div>\n\t\t\t\t<\/div>\n\t\t\t\t<\/div>\n\t\t","protected":false},"excerpt":{"rendered":"<p>MDF e MDP Informa\u00e7\u00f5es do material Defini\u00e7\u00e3o O MDF e MDP s\u00e3o produtos muito similares, por\u00e9m com propriedades que os tornam adequadas para usos diferentes. O MDF (Medium Density Fiberboard) \u00e9 o nome dado a chapa fabricada a partida aglutina\u00e7\u00e3o de\u00a0fibras de madeira com resinas sint\u00e9ticas e a\u00e7\u00e3o conjunta de temperatura e press\u00e3o. \u00c9 considerado\u00a0um [&hellip;]<\/p>\n","protected":false},"author":23025,"featured_media":0,"parent":0,"menu_order":0,"comment_status":"closed","ping_status":"closed","template":"elementor_header_footer","meta":{"footnotes":"","_links_to":"","_links_to_target":""},"class_list":["post-1525","page","type-page","status-publish","hentry","entry"],"_links":{"self":[{"href":"https:\/\/sites.usp.br\/damateria\/wp-json\/wp\/v2\/pages\/1525","targetHints":{"allow":["GET"]}}],"collection":[{"href":"https:\/\/sites.usp.br\/damateria\/wp-json\/wp\/v2\/pages"}],"about":[{"href":"https:\/\/sites.usp.br\/damateria\/wp-json\/wp\/v2\/types\/page"}],"author":[{"embeddable":true,"href":"https:\/\/sites.usp.br\/damateria\/wp-json\/wp\/v2\/users\/23025"}],"replies":[{"embeddable":true,"href":"https:\/\/sites.usp.br\/damateria\/wp-json\/wp\/v2\/comments?post=1525"}],"version-history":[{"count":4,"href":"https:\/\/sites.usp.br\/damateria\/wp-json\/wp\/v2\/pages\/1525\/revisions"}],"predecessor-version":[{"id":2044,"href":"https:\/\/sites.usp.br\/damateria\/wp-json\/wp\/v2\/pages\/1525\/revisions\/2044"}],"wp:attachment":[{"href":"https:\/\/sites.usp.br\/damateria\/wp-json\/wp\/v2\/media?parent=1525"}],"curies":[{"name":"wp","href":"https:\/\/api.w.org\/{rel}","templated":true}]}}