{"id":5485,"date":"2026-01-30T02:06:18","date_gmt":"2026-01-30T05:06:18","guid":{"rendered":"https:\/\/sites.usp.br\/damateria\/?page_id=5485"},"modified":"2026-01-30T02:18:05","modified_gmt":"2026-01-30T05:18:05","slug":"disciplinas","status":"publish","type":"page","link":"https:\/\/sites.usp.br\/damateria\/disciplinas\/","title":{"rendered":"Disciplinas"},"content":{"rendered":"\t\t<div data-elementor-type=\"wp-page\" data-elementor-id=\"5485\" class=\"elementor elementor-5485\" data-elementor-post-type=\"page\">\n\t\t\t\t<div class=\"elementor-element elementor-element-aa69d1a e-flex e-con-boxed e-con e-parent\" data-id=\"aa69d1a\" data-element_type=\"container\" data-settings=\"{&quot;background_background&quot;:&quot;slideshow&quot;,&quot;background_slideshow_gallery&quot;:[{&quot;id&quot;:5443,&quot;url&quot;:&quot;https:\\\/\\\/sites.usp.br\\\/damateria\\\/wp-content\\\/uploads\\\/sites\\\/1042\\\/2026\\\/01\\\/AP_AT2_Andressa_Bryan_Carlos_Gabriel_Gustavo_Victor_compressed_page-0017-scaled.jpg&quot;},{&quot;id&quot;:5390,&quot;url&quot;:&quot;https:\\\/\\\/sites.usp.br\\\/damateria\\\/wp-content\\\/uploads\\\/sites\\\/1042\\\/2026\\\/01\\\/POLIMEROS_20251125_185112_0000_page-0007-scaled.jpg&quot;},{&quot;id&quot;:5357,&quot;url&quot;:&quot;https:\\\/\\\/sites.usp.br\\\/damateria\\\/wp-content\\\/uploads\\\/sites\\\/1042\\\/2026\\\/01\\\/Tatu_page-0008-1-scaled.jpg&quot;}],&quot;shape_divider_bottom&quot;:&quot;waves&quot;,&quot;background_slideshow_loop&quot;:&quot;yes&quot;,&quot;background_slideshow_slide_duration&quot;:5000,&quot;background_slideshow_slide_transition&quot;:&quot;fade&quot;,&quot;background_slideshow_transition_duration&quot;:500}\">\n\t\t\t\t\t<div class=\"e-con-inner\">\n\t\t\t\t<div class=\"elementor-shape elementor-shape-bottom\" data-negative=\"false\">\n\t\t\t<svg xmlns=\"http:\/\/www.w3.org\/2000\/svg\" viewBox=\"0 0 1000 100\" preserveAspectRatio=\"none\">\n\t<path class=\"elementor-shape-fill\" d=\"M421.9,6.5c22.6-2.5,51.5,0.4,75.5,5.3c23.6,4.9,70.9,23.5,100.5,35.7c75.8,32.2,133.7,44.5,192.6,49.7\n\tc23.6,2.1,48.7,3.5,103.4-2.5c54.7-6,106.2-25.6,106.2-25.6V0H0v30.3c0,0,72,32.6,158.4,30.5c39.2-0.7,92.8-6.7,134-22.4\n\tc21.2-8.1,52.2-18.2,79.7-24.2C399.3,7.9,411.6,7.5,421.9,6.5z\"\/>\n<\/svg>\t\t<\/div>\n\t\t\t\t<div class=\"elementor-element elementor-element-c553c66 elementor-widget elementor-widget-spacer\" data-id=\"c553c66\" data-element_type=\"widget\" data-widget_type=\"spacer.default\">\n\t\t\t\t<div class=\"elementor-widget-container\">\n\t\t\t\t\t<div class=\"elementor-spacer\">\n\t\t\t<div class=\"elementor-spacer-inner\"><\/div>\n\t\t<\/div>\n\t\t\t\t<\/div>\n\t\t\t\t<\/div>\n\t\t\t\t<div class=\"elementor-element elementor-element-2a4dd86 animated-slow elementor-invisible elementor-widget elementor-widget-heading\" data-id=\"2a4dd86\" data-element_type=\"widget\" data-settings=\"{&quot;_animation&quot;:&quot;slideInUp&quot;}\" data-widget_type=\"heading.default\">\n\t\t\t\t<div class=\"elementor-widget-container\">\n\t\t\t<h2 class=\"elementor-heading-title elementor-size-default\"><p style=\"color:#ffffff;font-weight:800;margin:0;line-height:1.4\">\n  Disciplinas\n<\/p>\n\n<\/h2>\t\t<\/div>\n\t\t\t\t<\/div>\n\t\t\t\t\t<\/div>\n\t\t\t\t<\/div>\n\t\t<div class=\"elementor-element elementor-element-e06a9b9 e-flex e-con-boxed e-con e-parent\" data-id=\"e06a9b9\" data-element_type=\"container\">\n\t\t\t\t\t<div class=\"e-con-inner\">\n\t\t\t\t<div class=\"elementor-element elementor-element-62746707 elementor-widget__width-inherit elementor-widget-divider--view-line elementor-widget elementor-widget-divider\" data-id=\"62746707\" data-element_type=\"widget\" data-widget_type=\"divider.default\">\n\t\t\t\t<div class=\"elementor-widget-container\">\n\t\t\t\t\t<div class=\"elementor-divider\">\n\t\t\t<span class=\"elementor-divider-separator\">\n\t\t\t\t\t\t<\/span>\n\t\t<\/div>\n\t\t\t\t<\/div>\n\t\t\t\t<\/div>\n\t\t\t\t\t<\/div>\n\t\t\t\t<\/div>\n\t\t<div class=\"elementor-element elementor-element-1fa68d9 e-flex e-con-boxed e-con e-parent\" data-id=\"1fa68d9\" data-element_type=\"container\">\n\t\t\t\t\t<div class=\"e-con-inner\">\n\t\t\t\t<div class=\"elementor-element elementor-element-774c62a4 elementor-widget elementor-widget-text-editor\" data-id=\"774c62a4\" data-element_type=\"widget\" data-widget_type=\"text-editor.default\">\n\t\t\t\t<div class=\"elementor-widget-container\">\n\t\t\t\t\t\t\t<p>Durante a trajet\u00f3ria no curso de Design, os estudantes desenvolvem repert\u00f3rio t\u00e9cnico e pr\u00e1tico por meio da articula\u00e7\u00e3o entre teoria e experimenta\u00e7\u00e3o, aprofundando a compreens\u00e3o dos processos de materializa\u00e7\u00e3o das ideias. Esta se\u00e7\u00e3o re\u00fane as disciplinas relacionadas a materiais e processos de produ\u00e7\u00e3o, com breves descri\u00e7\u00f5es de suas propostas e os resultados obtidos por turmas anteriores.<\/p>\t\t\t\t\t\t<\/div>\n\t\t\t\t<\/div>\n\t\t\t\t\t<\/div>\n\t\t\t\t<\/div>\n\t\t<div class=\"elementor-element elementor-element-63a2eed e-flex e-con-boxed e-con e-parent\" data-id=\"63a2eed\" data-element_type=\"container\">\n\t\t\t\t\t<div class=\"e-con-inner\">\n\t\t\t\t<div class=\"elementor-element elementor-element-175128c elementor-widget-divider--view-line elementor-widget elementor-widget-divider\" data-id=\"175128c\" data-element_type=\"widget\" data-widget_type=\"divider.default\">\n\t\t\t\t<div class=\"elementor-widget-container\">\n\t\t\t\t\t<div class=\"elementor-divider\">\n\t\t\t<span class=\"elementor-divider-separator\">\n\t\t\t\t\t\t<\/span>\n\t\t<\/div>\n\t\t\t\t<\/div>\n\t\t\t\t<\/div>\n\t\t\t\t\t<\/div>\n\t\t\t\t<\/div>\n\t\t<div class=\"elementor-element elementor-element-ebb8d89 e-flex e-con-boxed e-con e-parent\" data-id=\"ebb8d89\" data-element_type=\"container\">\n\t\t\t\t\t<div class=\"e-con-inner\">\n\t\t<div class=\"elementor-element elementor-element-698f0f0 e-con-full e-flex e-con e-child\" data-id=\"698f0f0\" data-element_type=\"container\" data-settings=\"{&quot;background_background&quot;:&quot;classic&quot;}\">\n\t\t\t\t\t\t\t<div data-eael_opacity=\"{&quot;opacity&quot;:1}\" data-eael_easing=\"{&quot;transitionEasing&quot;:&quot;ease&quot;}\" data-eael_opacity_hover=\"{&quot;opacity&quot;:0.48}\" data-eael_hover_easing=\"{&quot;transitionEasing&quot;:&quot;ease&quot;}\" class=\"eael_hover_effect elementor-element elementor-element-60966ef elementor-widget elementor-widget-heading\" data-id=\"60966ef\" data-element_type=\"widget\" data-settings=\"{&quot;eael_hover_effect_opacity_popover_hover&quot;:&quot;yes&quot;,&quot;eael_hover_effect_opacity_hover&quot;:{&quot;unit&quot;:&quot;px&quot;,&quot;size&quot;:0.48,&quot;sizes&quot;:[]},&quot;eael_hover_effect_general_settings_easing&quot;:&quot;ease&quot;,&quot;eael_hover_effect_general_settings_hover_easing&quot;:&quot;ease&quot;}\" data-widget_type=\"heading.default\">\n\t\t\t\t<div class=\"elementor-widget-container\">\n\t\t\t<h2 class=\"elementor-heading-title elementor-size-default\"><a href=\"https:\/\/sites.usp.br\/damateria\/aut2518-materiais-e-processos-i\/\">AUT2518 \u2013 Materiais e Processos de Produ\u00e7\u00e3o I<\/a><\/h2>\t\t<\/div>\n\t\t\t\t<\/div>\n\t\t\t\t<\/div>\n\t\t\t\t\t<\/div>\n\t\t\t\t<\/div>\n\t\t<div class=\"elementor-element elementor-element-fc4b9a8 e-flex e-con-boxed e-con e-parent\" data-id=\"fc4b9a8\" data-element_type=\"container\">\n\t\t\t\t\t<div class=\"e-con-inner\">\n\t\t\t\t<div class=\"elementor-element elementor-element-03f4faa elementor-widget-divider--view-line elementor-widget elementor-widget-divider\" data-id=\"03f4faa\" data-element_type=\"widget\" data-widget_type=\"divider.default\">\n\t\t\t\t<div class=\"elementor-widget-container\">\n\t\t\t\t\t<div class=\"elementor-divider\">\n\t\t\t<span class=\"elementor-divider-separator\">\n\t\t\t\t\t\t<\/span>\n\t\t<\/div>\n\t\t\t\t<\/div>\n\t\t\t\t<\/div>\n\t\t\t\t\t<\/div>\n\t\t\t\t<\/div>\n\t\t<div class=\"elementor-element elementor-element-8bbf7c5 e-flex e-con-boxed e-con e-parent\" data-id=\"8bbf7c5\" data-element_type=\"container\">\n\t\t\t\t\t<div class=\"e-con-inner\">\n\t\t<div class=\"elementor-element elementor-element-b461ea1 e-con-full e-flex e-con e-child\" data-id=\"b461ea1\" data-element_type=\"container\" data-settings=\"{&quot;background_background&quot;:&quot;classic&quot;}\">\n\t\t\t\t\t\t\t<div data-eael_opacity=\"{&quot;opacity&quot;:0.86}\" data-eael_easing=\"{&quot;transitionEasing&quot;:&quot;ease&quot;}\" data-eael_opacity_hover=\"{&quot;opacity&quot;:0.48}\" data-eael_hover_easing=\"{&quot;transitionEasing&quot;:&quot;ease&quot;}\" class=\"eael_hover_effect elementor-element elementor-element-94672b5 elementor-widget elementor-widget-heading\" data-id=\"94672b5\" data-element_type=\"widget\" data-settings=\"{&quot;eael_hover_effect_opacity_popover_hover&quot;:&quot;yes&quot;,&quot;eael_hover_effect_opacity_hover&quot;:{&quot;unit&quot;:&quot;px&quot;,&quot;size&quot;:0.48,&quot;sizes&quot;:[]},&quot;eael_hover_effect_general_settings_easing&quot;:&quot;ease&quot;,&quot;eael_hover_effect_general_settings_hover_easing&quot;:&quot;ease&quot;}\" data-widget_type=\"heading.default\">\n\t\t\t\t<div class=\"elementor-widget-container\">\n\t\t\t<h2 class=\"elementor-heading-title elementor-size-default\"><a href=\"https:\/\/sites.usp.br\/damateria\/aut2518-materiais-e-processos-ii\/\">AUT2518 \u2013 Materiais e Processos de Produ\u00e7\u00e3o II<\/a><\/h2>\t\t<\/div>\n\t\t\t\t<\/div>\n\t\t\t\t<\/div>\n\t\t\t\t\t<\/div>\n\t\t\t\t<\/div>\n\t\t<div class=\"elementor-element elementor-element-0d22b25 e-flex e-con-boxed e-con e-parent\" data-id=\"0d22b25\" data-element_type=\"container\">\n\t\t\t\t\t<div class=\"e-con-inner\">\n\t\t\t\t<div class=\"elementor-element elementor-element-e9ffc27 elementor-widget elementor-widget-spacer\" data-id=\"e9ffc27\" data-element_type=\"widget\" data-widget_type=\"spacer.default\">\n\t\t\t\t<div class=\"elementor-widget-container\">\n\t\t\t\t\t<div class=\"elementor-spacer\">\n\t\t\t<div class=\"elementor-spacer-inner\"><\/div>\n\t\t<\/div>\n\t\t\t\t<\/div>\n\t\t\t\t<\/div>\n\t\t\t\t\t<\/div>\n\t\t\t\t<\/div>\n\t\t\t\t<\/div>\n\t\t","protected":false},"excerpt":{"rendered":"<p>Disciplinas Durante a trajet\u00f3ria no curso de Design, os estudantes desenvolvem repert\u00f3rio t\u00e9cnico e pr\u00e1tico por meio da articula\u00e7\u00e3o entre teoria e experimenta\u00e7\u00e3o, aprofundando a compreens\u00e3o dos processos de materializa\u00e7\u00e3o das ideias. Esta se\u00e7\u00e3o re\u00fane as disciplinas relacionadas a materiais e processos de produ\u00e7\u00e3o, com breves descri\u00e7\u00f5es de suas propostas e os resultados obtidos por [&hellip;]<\/p>\n","protected":false},"author":23859,"featured_media":0,"parent":0,"menu_order":0,"comment_status":"closed","ping_status":"closed","template":"elementor_canvas","meta":{"footnotes":"","_links_to":"","_links_to_target":""},"class_list":["post-5485","page","type-page","status-publish","hentry","entry"],"_links":{"self":[{"href":"https:\/\/sites.usp.br\/damateria\/wp-json\/wp\/v2\/pages\/5485","targetHints":{"allow":["GET"]}}],"collection":[{"href":"https:\/\/sites.usp.br\/damateria\/wp-json\/wp\/v2\/pages"}],"about":[{"href":"https:\/\/sites.usp.br\/damateria\/wp-json\/wp\/v2\/types\/page"}],"author":[{"embeddable":true,"href":"https:\/\/sites.usp.br\/damateria\/wp-json\/wp\/v2\/users\/23859"}],"replies":[{"embeddable":true,"href":"https:\/\/sites.usp.br\/damateria\/wp-json\/wp\/v2\/comments?post=5485"}],"version-history":[{"count":4,"href":"https:\/\/sites.usp.br\/damateria\/wp-json\/wp\/v2\/pages\/5485\/revisions"}],"predecessor-version":[{"id":5492,"href":"https:\/\/sites.usp.br\/damateria\/wp-json\/wp\/v2\/pages\/5485\/revisions\/5492"}],"wp:attachment":[{"href":"https:\/\/sites.usp.br\/damateria\/wp-json\/wp\/v2\/media?parent=5485"}],"curies":[{"name":"wp","href":"https:\/\/api.w.org\/{rel}","templated":true}]}}