{"id":140,"date":"2024-11-07T13:45:14","date_gmt":"2024-11-07T15:45:14","guid":{"rendered":"https:\/\/sites.usp.br\/dbf\/?page_id=140"},"modified":"2025-03-16T20:28:18","modified_gmt":"2025-03-16T22:28:18","slug":"stramenopila","status":"publish","type":"page","link":"https:\/\/sites.usp.br\/dbf\/stramenopila\/","title":{"rendered":"Stramenopila"},"content":{"rendered":"<p>Refer\u00eancias<\/p>\n<p><a href=\"http:\/\/eaulas.usp.br\/portal\/video.action;jsessionid=FE973F2D8F3E3C7B13E3A317E5C6330A?idItem=1624\">Diatom\u00e1ceas 1<\/a><\/p>\n<p><a href=\"http:\/\/eaulas.usp.br\/portal\/video.action;jsessionid=FE973F2D8F3E3C7B13E3A317E5C6330A?idItem=1832\">Diatom\u00e1ceas 2<\/a><\/p>\n","protected":false},"excerpt":{"rendered":"<p>Refer\u00eancias Diatom\u00e1ceas 1 Diatom\u00e1ceas 2<\/p>\n","protected":false},"author":24390,"featured_media":0,"parent":0,"menu_order":34,"comment_status":"closed","ping_status":"closed","template":"","meta":{"footnotes":"","_links_to":"","_links_to_target":""},"class_list":["post-140","page","type-page","status-publish","hentry"],"_links":{"self":[{"href":"https:\/\/sites.usp.br\/dbf\/wp-json\/wp\/v2\/pages\/140","targetHints":{"allow":["GET"]}}],"collection":[{"href":"https:\/\/sites.usp.br\/dbf\/wp-json\/wp\/v2\/pages"}],"about":[{"href":"https:\/\/sites.usp.br\/dbf\/wp-json\/wp\/v2\/types\/page"}],"author":[{"embeddable":true,"href":"https:\/\/sites.usp.br\/dbf\/wp-json\/wp\/v2\/users\/24390"}],"replies":[{"embeddable":true,"href":"https:\/\/sites.usp.br\/dbf\/wp-json\/wp\/v2\/comments?post=140"}],"version-history":[{"count":2,"href":"https:\/\/sites.usp.br\/dbf\/wp-json\/wp\/v2\/pages\/140\/revisions"}],"predecessor-version":[{"id":346,"href":"https:\/\/sites.usp.br\/dbf\/wp-json\/wp\/v2\/pages\/140\/revisions\/346"}],"wp:attachment":[{"href":"https:\/\/sites.usp.br\/dbf\/wp-json\/wp\/v2\/media?parent=140"}],"curies":[{"name":"wp","href":"https:\/\/api.w.org\/{rel}","templated":true}]}}